{"id":17868,"date":"2022-04-22T17:44:12","date_gmt":"2022-04-22T14:44:12","guid":{"rendered":"https:\/\/yvesfouquet.com\/o-nas\/"},"modified":"2023-01-05T14:22:36","modified_gmt":"2023-01-05T11:22:36","slug":"o-nas","status":"publish","type":"page","link":"https:\/\/yvesfouquet.com\/fr\/o-nas\/","title":{"rendered":"A propos"},"content":{"rendered":"\t\t<div data-elementor-type=\"wp-page\" data-elementor-id=\"17868\" class=\"elementor elementor-17868 elementor-845\">\n\t\t\t\t\t\t<div class=\"elementor-inner\">\n\t\t\t\t<div class=\"elementor-section-wrap\">\n\t\t\t\t\t\t\t\t\t<section class=\"elementor-section elementor-top-section elementor-element elementor-element-9817348 wd-section-stretch elementor-section-boxed elementor-section-height-default elementor-section-height-default\" data-id=\"9817348\" data-element_type=\"section\" data-settings=\"{&quot;background_background&quot;:&quot;classic&quot;}\">\n\t\t\t\t\t\t<div class=\"elementor-container elementor-column-gap-no\">\n\t\t\t\t\t\t\t<div class=\"elementor-row\">\n\t\t\t\t\t<div class=\"elementor-column elementor-col-100 elementor-top-column elementor-element elementor-element-4499090\" data-id=\"4499090\" data-element_type=\"column\">\n\t\t\t<div class=\"elementor-column-wrap elementor-element-populated\">\n\t\t\t\t\t\t\t<div class=\"elementor-widget-wrap\">\n\t\t\t\t\t\t<div class=\"elementor-element elementor-element-82e0bbf color-scheme-light text-center elementor-widget__width-auto elementor-hidden-tablet elementor-hidden-phone elementor-widget elementor-widget-text-editor\" data-id=\"82e0bbf\" data-element_type=\"widget\" data-widget_type=\"text-editor.default\">\n\t\t\t\t<div class=\"elementor-widget-container\">\n\t\t\t\t\t\t\t\t<div class=\"elementor-text-editor elementor-clearfix\">\n\t\t\t\t<p>YVES FOUQUET<\/p>\t\t\t\t\t<\/div>\n\t\t\t\t\t\t<\/div>\n\t\t\t\t<\/div>\n\t\t\t\t<div class=\"elementor-element elementor-element-392279 elementor-widget elementor-widget-wd_title\" data-id=\"392279\" data-element_type=\"widget\" data-widget_type=\"wd_title.default\">\n\t\t\t\t<div class=\"elementor-widget-container\">\n\t\t\t\t\t<div class=\"title-wrapper set-mb-s reset-last-child wd-title-color-white wd-title-style-default wd-title-size-extra-large text-center\">\n\n\t\t\t\n\t\t\t<div class=\"liner-continer\">\n\t\t\t\t<h4 class=\"woodmart-title-container title wd-fontsize-xxxl\">A propos<\/h4> \n\t\t\t\t\t\t\t<\/div>\n\n\t\t\t\t\t\t\t<div class=\"title-after_title set-cont-mb-s reset-last-child wd-fontsize-s\">\n\t\t\t\t\t<p><span style=\"font-family: Lora, Arial, Helvetica, sans-serif;font-size: 16px;font-style: normal;font-weight: 600\">Manufacture of French antique furniture. <br><\/span>Notre histoire, nos secrets de fabrication et nos valeurs fondamentales<\/p>\t\t\t\t<\/div>\n\t\t\t\t\t<\/div>\n\t\t\t\t<\/div>\n\t\t\t\t<\/div>\n\t\t\t\t<div class=\"elementor-element elementor-element-8642235 elementor-widget__width-auto elementor-widget elementor-widget-wd_button\" data-id=\"8642235\" data-element_type=\"widget\" data-widget_type=\"wd_button.default\">\n\t\t\t\t<div class=\"elementor-widget-container\">\n\t\t\t\t\t<div class=\"wd-button-wrapper text-center\" >\n\t\t\t<a class=\"btn btn-style-default btn-style-rectangle btn-size-default btn-color-white btn-icon-pos-right\"  href=\"\/portfolio\/.\">\n\t\t\t\t<span class=\"wd-btn-text\" data-elementor-setting-key=\"text\">\n\t\t\t\t\tnotre travail\t\t\t\t<\/span>\n\n\t\t\t\t\t\t\t<\/a>\n\t\t<\/div>\n\t\t\t\t<\/div>\n\t\t\t\t<\/div>\n\t\t\t\t<div class=\"elementor-element elementor-element-3236458 elementor-widget__width-auto elementor-widget elementor-widget-wd_button\" data-id=\"3236458\" data-element_type=\"widget\" data-widget_type=\"wd_button.default\">\n\t\t\t\t<div class=\"elementor-widget-container\">\n\t\t\t\t\t<div class=\"wd-button-wrapper text-center\" >\n\t\t\t<a class=\"btn btn-style-bordered btn-style-rectangle btn-size-default btn-color-white btn-icon-pos-right\"  href=\"\/boutique\/.\">\n\t\t\t\t<span class=\"wd-btn-text\" data-elementor-setting-key=\"text\">\n\t\t\t\t\tcatalogue\t\t\t\t<\/span>\n\n\t\t\t\t\t\t\t<\/a>\n\t\t<\/div>\n\t\t\t\t<\/div>\n\t\t\t\t<\/div>\n\t\t\t\t\t\t<\/div>\n\t\t\t\t\t<\/div>\n\t\t<\/div>\n\t\t\t\t\t\t\t\t<\/div>\n\t\t\t\t\t<\/div>\n\t\t<\/section>\n\t\t\t\t<section class=\"elementor-section elementor-top-section elementor-element elementor-element-a72c96b elementor-section-boxed elementor-section-height-default elementor-section-height-default wd-section-disabled\" data-id=\"a72c96b\" data-element_type=\"section\">\n\t\t\t\t\t\t<div class=\"elementor-container elementor-column-gap-default\">\n\t\t\t\t\t\t\t<div class=\"elementor-row\">\n\t\t\t\t\t<div class=\"elementor-column elementor-col-100 elementor-top-column elementor-element elementor-element-296564f\" data-id=\"296564f\" data-element_type=\"column\">\n\t\t\t<div class=\"elementor-column-wrap elementor-element-populated\">\n\t\t\t\t\t\t\t<div class=\"elementor-widget-wrap\">\n\t\t\t\t\t\t<div class=\"elementor-element elementor-element-3859792 elementor-widget elementor-widget-wd_title\" data-id=\"3859792\" data-element_type=\"widget\" data-widget_type=\"wd_title.default\">\n\t\t\t\t<div class=\"elementor-widget-container\">\n\t\t\t\t\t<div class=\"title-wrapper set-mb-s reset-last-child wd-title-color-default wd-title-style-default wd-title-size-medium text-left\">\n\n\t\t\t\n\t\t\t<div class=\"liner-continer\">\n\t\t\t\t<h4 class=\"woodmart-title-container title wd-fontsize-xl\">YVES FOUQUET<\/h4> \n\t\t\t\t\t\t\t<\/div>\n\n\t\t\t\t\t<\/div>\n\t\t\t\t<\/div>\n\t\t\t\t<\/div>\n\t\t\t\t<div class=\"elementor-element elementor-element-fb52407 elementor-hidden-tablet elementor-hidden-phone color-scheme-inherit text-left elementor-widget elementor-widget-text-editor\" data-id=\"fb52407\" data-element_type=\"widget\" data-widget_type=\"text-editor.default\">\n\t\t\t\t<div class=\"elementor-widget-container\">\n\t\t\t\t\t\t\t\t<div class=\"elementor-text-editor elementor-clearfix\">\n\t\t\t\t<p>production de meubles depuis 1999<\/p>\t\t\t\t\t<\/div>\n\t\t\t\t\t\t<\/div>\n\t\t\t\t<\/div>\n\t\t\t\t<div class=\"elementor-element elementor-element-6ecb262 color-scheme-inherit text-left elementor-widget elementor-widget-text-editor\" data-id=\"6ecb262\" data-element_type=\"widget\" data-widget_type=\"text-editor.default\">\n\t\t\t\t<div class=\"elementor-widget-container\">\n\t\t\t\t\t\t\t\t<div class=\"elementor-text-editor elementor-clearfix\">\n\t\t\t\t<p>\u00ab\u00a0&#8230;La noblesse nous lie, messieurs !\u00a0\u00bb Cette phrase a \u00e9t\u00e9 prononc\u00e9e par le Duc de <span style=\"font-size: 22px;\">Levy, mais elle est toujours<\/span>d&rsquo;actualit\u00e9.<span style=\"font-size: 22px;\">. Pour les personnes  <\/span><span style=\"font-size: 22px;\">la connaissance et le choix du style, y compris en mati\u00e8re de mobilier, deviennent tout simplement une n\u00e9cessit\u00e9. <\/span><span style=\"font-size: 22px;\">\u00e9l\u00e9ment de culture g\u00e9n\u00e9rale et de la\u00efcit\u00e9.<\/span><\/p>\t\t\t\t\t<\/div>\n\t\t\t\t\t\t<\/div>\n\t\t\t\t<\/div>\n\t\t\t\t<div class=\"elementor-element elementor-element-8c0e11f color-scheme-inherit text-left elementor-widget elementor-widget-text-editor\" data-id=\"8c0e11f\" data-element_type=\"widget\" data-widget_type=\"text-editor.default\">\n\t\t\t\t<div class=\"elementor-widget-container\">\n\t\t\t\t\t\t\t\t<div class=\"elementor-text-editor elementor-clearfix\">\n\t\t\t\t<p>L&rsquo;un des styles les plus en vogue en Europe aujourd&rsquo;hui est le vintage.  <span style=\"font-size: 14px;\">le style. Des meubles fabriqu\u00e9s selon des techniques de reproduction originales  <\/span><span style=\"font-size: 14px;\">les mod\u00e8les vintage avec les derni\u00e8res techniques de \u00ab\u00a0vieillissement\u00a0\u00bb sont consid\u00e9r\u00e9s comme \u00e9tant <\/span><span style=\"font-size: 14px;\">vintage. <\/span><span style=\"font-size: 14px;\">Copies de meubles fran\u00e7ais anciens des styles des rois Louis XIV, Louis XV <\/span><span style=\"font-size: 14px;\">(R\u00e9gence), Louis XVI, Directoire, etc., sont reproduits \u00e0 l&rsquo;identique, <\/span><span style=\"font-size: 14px;\">Ils peuvent \u00e9galement \u00eatre adapt\u00e9s aux besoins des int\u00e9rieurs modernes ou aux modes mixtes d&rsquo;aujourd&rsquo;hui. <\/span><span style=\"font-size: 14px;\">La tendance de la mode actuelle est \u00e0 la fusion des styles.<\/span><\/p><p><span style=\"font-size: 15.4px;\">L&rsquo;usine Yves Fouquet est unique en Ukraine. Reproduction de mod\u00e8les anciens  <\/span><span style=\"font-size: 15.4px;\">Le mobilier en tant qu&rsquo;\u0153uvre d&rsquo;art &#8211; un effort commun de ses artisans, auxquels Yves Fouquet, descendant talentueux de la g\u00e9n\u00e9ration fran\u00e7aise mondialement connue de l&rsquo;industrie de l&rsquo;ameublement, a apport\u00e9 sa contribution. <\/span><span style=\"font-size: 15.4px;\">La g\u00e9n\u00e9ration des \u00e9b\u00e9nistes fran\u00e7ais de Fouquet, <\/span><span style=\"font-size: 15.4px;\">a transmis une comp\u00e9tence pr\u00e9cieuse.<\/span><\/p><p><span style=\"font-size: 15.4px;\">Tous les produits fabriqu\u00e9s dans l&rsquo;usine sont faits \u00e0 partir de 100%.  <\/span><span style=\"font-size: 15.4px;\">bois de cerisier naturel, sans utilisation de contreplaqu\u00e9 ou de placage. Pour  <\/span><span style=\"font-size: 15.4px;\">La couche de protection sup\u00e9rieure pour les meubles est faite de gummilac (laque)  <\/span><span style=\"font-size: 15.4px;\">de r\u00e9sine fossile naturelle). Les meubles finis sont couverts  <\/span><span style=\"font-size: 15.4px;\">Les accessoires sont en bronze ou en laiton et sont d\u00e9cor\u00e9s avec de la cire naturelle,  <\/span><span style=\"font-size: 15.4px;\">fournis par la France. Comme \u00e9l\u00e9ments de liaison  <\/span><span style=\"font-size: 15.4px;\">utiliser des clous en bois. Tous sculpt\u00e9s  <\/span><span style=\"font-size: 15.4px;\">\u00e9l\u00e9ments &#8211; faits \u00e0 la main. <\/span><span style=\"font-size: 15.4px;\">Pendant le processus de fabrication des meubles, afin d&rsquo;obtenir la qualit\u00e9 n\u00e9cessaire, <\/span><span style=\"font-size: 15.4px;\">L&rsquo;accent est mis sur une finition manuelle hautement professionnelle.<\/span><\/p><p><span style=\"font-size: 15.4px;\">L&rsquo;utilisation de mat\u00e9riaux naturels et respectueux de l&rsquo;environnement, ainsi que les secrets de l&rsquo;utilisation de l&rsquo;eau et de l&rsquo;\u00e9nergie. <\/span><span style=\"font-size: 15.4px;\">de la transformation finale des produits, la sensation de mati\u00e8re vivante est conserv\u00e9e, <\/span> <span style=\"font-size: 15.4px;\">la profondeur et la chaleur du bois naturel. Une garniture lisse comme de la soie donne de l&rsquo;amour  <\/span><span style=\"font-size: 15.4px;\">L&rsquo;engagement des artisans envers leur travail et leur attention respectueuse de chaque d\u00e9tail.<\/span><\/p><p><span style=\"font-size: 15.4px;\">C&rsquo;est ce qui fait de chaque mod\u00e8le une \u0153uvre d&rsquo;art.<\/span><\/p>\t\t\t\t\t<\/div>\n\t\t\t\t\t\t<\/div>\n\t\t\t\t<\/div>\n\t\t\t\t\t\t<\/div>\n\t\t\t\t\t<\/div>\n\t\t<\/div>\n\t\t\t\t\t\t\t\t<\/div>\n\t\t\t\t\t<\/div>\n\t\t<\/section>\n\t\t\t\t<section class=\"wd-negative-gap elementor-section elementor-top-section elementor-element elementor-element-8465511 wd-section-stretch elementor-section-boxed elementor-section-height-default elementor-section-height-default\" data-id=\"8465511\" data-element_type=\"section\" data-settings=\"{&quot;background_background&quot;:&quot;classic&quot;}\">\n\t\t\t\t\t\t<div class=\"elementor-container elementor-column-gap-default\">\n\t\t\t\t\t\t\t<div class=\"elementor-row\">\n\t\t\t\t\t<div class=\"elementor-column elementor-col-100 elementor-top-column elementor-element elementor-element-1565201\" data-id=\"1565201\" data-element_type=\"column\">\n\t\t\t<div class=\"elementor-column-wrap elementor-element-populated\">\n\t\t\t\t\t\t\t<div class=\"elementor-widget-wrap\">\n\t\t\t\t\t\t<div class=\"elementor-element elementor-element-8814fad color-scheme-light text-center elementor-widget__width-auto elementor-hidden-tablet elementor-hidden-phone elementor-widget elementor-widget-text-editor\" data-id=\"8814fad\" data-element_type=\"widget\" data-widget_type=\"text-editor.default\">\n\t\t\t\t<div class=\"elementor-widget-container\">\n\t\t\t\t\t\t\t\t<div class=\"elementor-text-editor elementor-clearfix\">\n\t\t\t\t\t\t\t\t\t<\/div>\n\t\t\t\t\t\t<\/div>\n\t\t\t\t<\/div>\n\t\t\t\t<div class=\"elementor-element elementor-element-8598967 elementor-widget elementor-widget-wd_title\" data-id=\"8598967\" data-element_type=\"widget\" data-widget_type=\"wd_title.default\">\n\t\t\t\t<div class=\"elementor-widget-container\">\n\t\t\t\t\t<div class=\"title-wrapper set-mb-s reset-last-child wd-title-color-white wd-title-style-default wd-title-size-extra-large text-center\">\n\n\t\t\t\n\t\t\t<div class=\"liner-continer\">\n\t\t\t\t<h4 class=\"woodmart-title-container title wd-fontsize-xxxl\">Processus cr\u00e9atif<\/h4> \n\t\t\t\t\t\t\t<\/div>\n\n\t\t\t\t\t\t\t<div class=\"title-after_title set-cont-mb-s reset-last-child wd-fontsize-s\">\n\t\t\t\t\t<p>Trouvez l'inspiration pour cr\u00e9er des meubles uniques<\/p>\t\t\t\t<\/div>\n\t\t\t\t\t<\/div>\n\t\t\t\t<\/div>\n\t\t\t\t<\/div>\n\t\t\t\t<section class=\"wd-negative-gap elementor-section elementor-inner-section elementor-element elementor-element-8820243 elementor-section-boxed elementor-section-height-default elementor-section-height-default wd-section-disabled\" data-id=\"8820243\" data-element_type=\"section\">\n\t\t\t\t\t\t<div class=\"elementor-container elementor-column-gap-extended\">\n\t\t\t\t\t\t\t<div class=\"elementor-row\">\n\t\t\t\t\t<div class=\"elementor-column elementor-col-50 elementor-inner-column elementor-element elementor-element-6259497\" data-id=\"6259497\" data-element_type=\"column\">\n\t\t\t<div class=\"elementor-column-wrap elementor-element-populated\">\n\t\t\t\t\t\t\t<div class=\"elementor-widget-wrap\">\n\t\t\t\t\t\t<div class=\"elementor-element elementor-element-2854802 wd-video-theme-style elementor-widget elementor-widget-video\" data-id=\"2854802\" data-element_type=\"widget\" data-settings=\"{&quot;show_image_overlay&quot;:&quot;yes&quot;,&quot;image_overlay&quot;:{&quot;url&quot;:&quot;https:\\\/\\\/new.yvesfouquet.com\\\/wp-content\\\/uploads\\\/2020\\\/10\\\/photo_2020-10-28_17-56-58.jpg&quot;,&quot;id&quot;:16940,&quot;size&quot;:&quot;&quot;},&quot;youtube_url&quot;:&quot;https:\\\/\\\/youtu.be\\\/Iunc5XZVAGg&quot;,&quot;video_type&quot;:&quot;youtube&quot;,&quot;controls&quot;:&quot;yes&quot;}\" data-widget_type=\"video.default\">\n\t\t\t\t<div class=\"elementor-widget-container\">\n\t\t\t\t\t<div class=\"elementor-wrapper elementor-open-inline\">\n\t\t\t<div class=\"elementor-video\"><\/div>\t\t\t\t<div class=\"elementor-custom-embed-image-overlay\" style=\"background-image: url(https:\/\/yvesfouquet.com\/wp-content\/uploads\/2020\/10\/photo_2020-10-28_17-56-58.jpg);\">\n\t\t\t\t\t\t\t\t\t\t\t\t\t\t\t\t<div class=\"elementor-custom-embed-play\" role=\"button\" aria-label=\"Lire la vid\u00e9o\" tabindex=\"0\">\n\t\t\t\t\t\t\t<i aria-hidden=\"true\" class=\"eicon-play\"><\/i>\t\t\t\t\t\t\t<span class=\"elementor-screen-only\">Lire la vid\u00e9o<\/span>\n\t\t\t\t\t\t<\/div>\n\t\t\t\t\t\t\t\t\t<\/div>\n\t\t\t\t\t<\/div>\n\t\t\t\t<\/div>\n\t\t\t\t<\/div>\n\t\t\t\t<div class=\"elementor-element elementor-element-7565694 elementor-widget elementor-widget-wd_title\" data-id=\"7565694\" data-element_type=\"widget\" data-widget_type=\"wd_title.default\">\n\t\t\t\t<div class=\"elementor-widget-container\">\n\t\t\t\t\t<div class=\"title-wrapper set-mb-s reset-last-child wd-title-color-white wd-title-style-default wd-title-size-small text-center\">\n\n\t\t\t\n\t\t\t<div class=\"liner-continer\">\n\t\t\t\t<h4 class=\"woodmart-title-container title wd-fontsize-m\">Une journ\u00e9e \u00e0 l'usine<\/h4> \n\t\t\t\t\t\t\t<\/div>\n\n\t\t\t\t\t<\/div>\n\t\t\t\t<\/div>\n\t\t\t\t<\/div>\n\t\t\t\t<div class=\"elementor-element elementor-element-8178279 elementor-widget elementor-widget-wd_button\" data-id=\"8178279\" data-element_type=\"widget\" data-widget_type=\"wd_button.default\">\n\t\t\t\t<div class=\"elementor-widget-container\">\n\t\t\t\t\t<div class=\"wd-button-wrapper text-center\" >\n\t\t\t<a class=\"btn btn-style-link btn-style- btn-size-default btn-color-white btn-icon-pos-right\"  href=\"\/boutique\/.\">\n\t\t\t\t<span class=\"wd-btn-text\" data-elementor-setting-key=\"text\">\n\t\t\t\t\tAfficher plus\t\t\t\t<\/span>\n\n\t\t\t\t\t\t\t<\/a>\n\t\t<\/div>\n\t\t\t\t<\/div>\n\t\t\t\t<\/div>\n\t\t\t\t\t\t<\/div>\n\t\t\t\t\t<\/div>\n\t\t<\/div>\n\t\t\t\t<div class=\"elementor-column elementor-col-50 elementor-top-column elementor-element elementor-element-8345872\" data-id=\"8345872\" data-element_type=\"column\">\n\t\t\t<div class=\"elementor-column-wrap elementor-element-populated\">\n\t\t\t\t\t\t\t<div class=\"elementor-widget-wrap\">\n\t\t\t\t\t\t<div class=\"elementor-element elementor-element-4455672 wd-video-theme-style elementor-widget elementor-widget-video\" data-id=\"4455672\" data-element_type=\"widget\" data-settings=\"{&quot;show_image_overlay&quot;:&quot;yes&quot;,&quot;image_overlay&quot;:{&quot;url&quot;:&quot;https:\\\/\\\/new.yvesfouquet.com\\\/wp-content\\\/uploads\\\/2020\\\/10\\\/1-133.jpg&quot;,&quot;id&quot;:16858,&quot;size&quot;:&quot;&quot;},&quot;youtube_url&quot;:&quot;https:\\\/\\\/youtu.be\\\/cNVwXty3sVw&quot;,&quot;video_type&quot;:&quot;youtube&quot;,&quot;controls&quot;:&quot;yes&quot;}\" data-widget_type=\"video.default\">\n\t\t\t\t<div class=\"elementor-widget-container\">\n\t\t\t\t\t<div class=\"elementor-wrapper elementor-open-inline\">\n\t\t\t<div class=\"elementor-video\"><\/div>\t\t\t\t<div class=\"elementor-custom-embed-image-overlay\" style=\"background-image: url(https:\/\/yvesfouquet.com\/wp-content\/uploads\/2020\/10\/1-133.jpg);\">\n\t\t\t\t\t\t\t\t\t\t\t\t\t\t\t\t<div class=\"elementor-custom-embed-play\" role=\"button\" aria-label=\"Lire la vid\u00e9o\" tabindex=\"0\">\n\t\t\t\t\t\t\t<i aria-hidden=\"true\" class=\"eicon-play\"><\/i>\t\t\t\t\t\t\t<span class=\"elementor-screen-only\">Lire la vid\u00e9o<\/span>\n\t\t\t\t\t\t<\/div>\n\t\t\t\t\t\t\t\t\t<\/div>\n\t\t\t\t\t<\/div>\n\t\t\t\t<\/div>\n\t\t\t\t<\/div>\n\t\t\t\t<div class=\"elementor-element elementor-element-5502613 elementor-widget elementor-widget-wd_title\" data-id=\"5502613\" data-element_type=\"widget\" data-widget_type=\"wd_title.default\">\n\t\t\t\t<div class=\"elementor-widget-container\">\n\t\t\t\t\t<div class=\"title-wrapper set-mb-s reset-last-child wd-title-color-white wd-title-style-default wd-title-size-small text-center\">\n\n\t\t\t\n\t\t\t<div class=\"liner-continer\">\n\t\t\t\t<h4 class=\"woodmart-title-container title wd-fontsize-m\">Une journ\u00e9e dans la salle d'exposition<\/h4> \n\t\t\t\t\t\t\t<\/div>\n\n\t\t\t\t\t<\/div>\n\t\t\t\t<\/div>\n\t\t\t\t<\/div>\n\t\t\t\t<div class=\"elementor-element elementor-element-5197554 elementor-widget elementor-widget-wd_button\" data-id=\"5197554\" data-element_type=\"widget\" data-widget_type=\"wd_button.default\">\n\t\t\t\t<div class=\"elementor-widget-container\">\n\t\t\t\t\t<div class=\"wd-button-wrapper text-center\" >\n\t\t\t<a class=\"btn btn-style-link btn-style- btn-size-default btn-color-white btn-icon-pos-right\"  href=\"\/boutique\/.\">\n\t\t\t\t<span class=\"wd-btn-text\" data-elementor-setting-key=\"text\">\n\t\t\t\t\tCatalogue de la salle d&#039;exposition\t\t\t\t<\/span>\n\n\t\t\t\t\t\t\t<\/a>\n\t\t<\/div>\n\t\t\t\t<\/div>\n\t\t\t\t<\/div>\n\t\t\t\t\t\t<\/div>\n\t\t\t\t\t<\/div>\n\t\t<\/div>\n\t\t\t\t\t\t\t\t<\/div>\n\t\t\t\t\t<\/div>\n\t\t<\/section>\n\t\t\t\t\t\t<\/div>\n\t\t\t\t\t<\/div>\n\t\t<\/div>\n\t\t\t\t\t\t\t\t<\/div>\n\t\t\t\t\t<\/div>\n\t\t<\/section>\n\t\t\t\t\t\t\t\t\t<\/div>\n\t\t\t<\/div>\n\t\t\t\t\t<\/div>\n\t\t","protected":false},"excerpt":{"rendered":"<p>YVES FOUQUET A propos Manufacture of French antique furniture. Notre histoire, nos secrets de fabrication et nos valeurs fondamentales notre<\/p>\n","protected":false},"author":1,"featured_media":0,"parent":0,"menu_order":0,"comment_status":"closed","ping_status":"closed","template":"","meta":[],"yoast_head":"<!-- This site is optimized with the Yoast SEO Premium plugin v20.7 (Yoast SEO v20.8) - https:\/\/yoast.com\/wordpress\/plugins\/seo\/ -->\n<title>Yves Fouquet - Meubles en bois de luxe fran\u00e7ais - A propos<\/title>\n<meta name=\"description\" content=\"Yves Fouquet est une entreprise franco-ukrainienne qui produit des meubles de luxe en bois. Technologie antique, fait \u00e0 la main, bois naturel.\" \/>\n<meta name=\"robots\" content=\"index, follow, max-snippet:-1, max-image-preview:large, max-video-preview:-1\" \/>\n<link rel=\"canonical\" href=\"https:\/\/yvesfouquet.com\/fr\/o-nas\/\" \/>\n<meta property=\"og:locale\" content=\"fr_FR\" \/>\n<meta property=\"og:type\" content=\"article\" \/>\n<meta property=\"og:title\" content=\"A propos\" \/>\n<meta property=\"og:description\" content=\"Yves Fouquet est une entreprise franco-ukrainienne qui produit des meubles de luxe en bois. Technologie antique, fait \u00e0 la main, bois naturel.\" \/>\n<meta property=\"og:url\" content=\"https:\/\/yvesfouquet.com\/fr\/o-nas\/\" \/>\n<meta property=\"og:site_name\" content=\"Yves Fouquet\" \/>\n<meta property=\"article:publisher\" content=\"https:\/\/www.facebook.com\/boutiueyvesfouquet\" \/>\n<meta property=\"article:modified_time\" content=\"2023-01-05T11:22:36+00:00\" \/>\n<meta name=\"twitter:card\" content=\"summary_large_image\" \/>\n<meta name=\"twitter:label1\" content=\"Dur\u00e9e de lecture estim\u00e9e\" \/>\n\t<meta name=\"twitter:data1\" content=\"3 minutes\" \/>\n<script type=\"application\/ld+json\" class=\"yoast-schema-graph\">{\"@context\":\"https:\/\/schema.org\",\"@graph\":[{\"@type\":\"WebPage\",\"@id\":\"https:\/\/yvesfouquet.com\/fr\/o-nas\/\",\"url\":\"https:\/\/yvesfouquet.com\/fr\/o-nas\/\",\"name\":\"Yves Fouquet - Meubles en bois de luxe fran\u00e7ais - A propos\",\"isPartOf\":{\"@id\":\"https:\/\/yvesfouquet.com\/#website\"},\"datePublished\":\"2022-04-22T14:44:12+00:00\",\"dateModified\":\"2023-01-05T11:22:36+00:00\",\"description\":\"Yves Fouquet est une entreprise franco-ukrainienne qui produit des meubles de luxe en bois. Technologie antique, fait \u00e0 la main, bois naturel.\",\"breadcrumb\":{\"@id\":\"https:\/\/yvesfouquet.com\/fr\/o-nas\/#breadcrumb\"},\"inLanguage\":\"fr-FR\",\"potentialAction\":[{\"@type\":\"ReadAction\",\"target\":[\"https:\/\/yvesfouquet.com\/fr\/o-nas\/\"]}]},{\"@type\":\"BreadcrumbList\",\"@id\":\"https:\/\/yvesfouquet.com\/fr\/o-nas\/#breadcrumb\",\"itemListElement\":[{\"@type\":\"ListItem\",\"position\":1,\"name\":\"\u0413\u043b\u0430\u0432\u043d\u0430\u044f\",\"item\":\"https:\/\/yvesfouquet.com\/fr\/\"},{\"@type\":\"ListItem\",\"position\":2,\"name\":\"A propos\"}]},{\"@type\":\"WebSite\",\"@id\":\"https:\/\/yvesfouquet.com\/#website\",\"url\":\"https:\/\/yvesfouquet.com\/\",\"name\":\"Yves Fouquet\",\"description\":\"\u0424\u0440\u0430\u043d\u0446\u0443\u0437\u0441\u043a\u0430\u044f \u043c\u0435\u0431\u0435\u043b\u044c\",\"potentialAction\":[{\"@type\":\"SearchAction\",\"target\":{\"@type\":\"EntryPoint\",\"urlTemplate\":\"https:\/\/yvesfouquet.com\/?s={search_term_string}\"},\"query-input\":\"required name=search_term_string\"}],\"inLanguage\":\"fr-FR\"}]}<\/script>\n<!-- \/ Yoast SEO Premium plugin. -->","yoast_head_json":{"title":"Yves Fouquet - Meubles en bois de luxe fran\u00e7ais - A propos","description":"Yves Fouquet est une entreprise franco-ukrainienne qui produit des meubles de luxe en bois. Technologie antique, fait \u00e0 la main, bois naturel.","robots":{"index":"index","follow":"follow","max-snippet":"max-snippet:-1","max-image-preview":"max-image-preview:large","max-video-preview":"max-video-preview:-1"},"canonical":"https:\/\/yvesfouquet.com\/fr\/o-nas\/","og_locale":"fr_FR","og_type":"article","og_title":"A propos","og_description":"Yves Fouquet est une entreprise franco-ukrainienne qui produit des meubles de luxe en bois. Technologie antique, fait \u00e0 la main, bois naturel.","og_url":"https:\/\/yvesfouquet.com\/fr\/o-nas\/","og_site_name":"Yves Fouquet","article_publisher":"https:\/\/www.facebook.com\/boutiueyvesfouquet","article_modified_time":"2023-01-05T11:22:36+00:00","twitter_card":"summary_large_image","twitter_misc":{"Dur\u00e9e de lecture estim\u00e9e":"3 minutes"},"schema":{"@context":"https:\/\/schema.org","@graph":[{"@type":"WebPage","@id":"https:\/\/yvesfouquet.com\/fr\/o-nas\/","url":"https:\/\/yvesfouquet.com\/fr\/o-nas\/","name":"Yves Fouquet - Meubles en bois de luxe fran\u00e7ais - A propos","isPartOf":{"@id":"https:\/\/yvesfouquet.com\/#website"},"datePublished":"2022-04-22T14:44:12+00:00","dateModified":"2023-01-05T11:22:36+00:00","description":"Yves Fouquet est une entreprise franco-ukrainienne qui produit des meubles de luxe en bois. Technologie antique, fait \u00e0 la main, bois naturel.","breadcrumb":{"@id":"https:\/\/yvesfouquet.com\/fr\/o-nas\/#breadcrumb"},"inLanguage":"fr-FR","potentialAction":[{"@type":"ReadAction","target":["https:\/\/yvesfouquet.com\/fr\/o-nas\/"]}]},{"@type":"BreadcrumbList","@id":"https:\/\/yvesfouquet.com\/fr\/o-nas\/#breadcrumb","itemListElement":[{"@type":"ListItem","position":1,"name":"\u0413\u043b\u0430\u0432\u043d\u0430\u044f","item":"https:\/\/yvesfouquet.com\/fr\/"},{"@type":"ListItem","position":2,"name":"A propos"}]},{"@type":"WebSite","@id":"https:\/\/yvesfouquet.com\/#website","url":"https:\/\/yvesfouquet.com\/","name":"Yves Fouquet","description":"\u0424\u0440\u0430\u043d\u0446\u0443\u0437\u0441\u043a\u0430\u044f \u043c\u0435\u0431\u0435\u043b\u044c","potentialAction":[{"@type":"SearchAction","target":{"@type":"EntryPoint","urlTemplate":"https:\/\/yvesfouquet.com\/?s={search_term_string}"},"query-input":"required name=search_term_string"}],"inLanguage":"fr-FR"}]}},"_links":{"self":[{"href":"https:\/\/yvesfouquet.com\/fr\/wp-json\/wp\/v2\/pages\/17868"}],"collection":[{"href":"https:\/\/yvesfouquet.com\/fr\/wp-json\/wp\/v2\/pages"}],"about":[{"href":"https:\/\/yvesfouquet.com\/fr\/wp-json\/wp\/v2\/types\/page"}],"author":[{"embeddable":true,"href":"https:\/\/yvesfouquet.com\/fr\/wp-json\/wp\/v2\/users\/1"}],"replies":[{"embeddable":true,"href":"https:\/\/yvesfouquet.com\/fr\/wp-json\/wp\/v2\/comments?post=17868"}],"version-history":[{"count":13,"href":"https:\/\/yvesfouquet.com\/fr\/wp-json\/wp\/v2\/pages\/17868\/revisions"}],"predecessor-version":[{"id":20039,"href":"https:\/\/yvesfouquet.com\/fr\/wp-json\/wp\/v2\/pages\/17868\/revisions\/20039"}],"wp:attachment":[{"href":"https:\/\/yvesfouquet.com\/fr\/wp-json\/wp\/v2\/media?parent=17868"}],"curies":[{"name":"wp","href":"https:\/\/api.w.org\/{rel}","templated":true}]}}