{"id":17915,"date":"2020-10-26T21:06:10","date_gmt":"2022-04-22T17:07:11","guid":{"rendered":"https:\/\/yvesfouquet.com\/dos-d-ane-louis-xv-ew220\/"},"modified":"2022-04-22T20:07:11","modified_gmt":"2022-04-22T17:07:11","slug":"sekreter-dos-dane-louis-xv-ew220-2","status":"publish","type":"product","link":"https:\/\/yvesfouquet.com\/fr\/produit\/sekreter-dos-dane-louis-xv-ew220-2\/","title":{"rendered":"Dos d&rsquo;ane Louis XV EW220"},"content":{"rendered":"<p>Le meuble de style Louis <span lang=\"en-US\">XV<\/span> se caract\u00e9rise par sa taille compacte et l&rsquo;attention port\u00e9e \u00e0 la d\u00e9coration. Ce meuble s&rsquo;int\u00e8gre parfaitement \u00e0 tout environnement, en optimisant l&rsquo;espace. L&rsquo;\u00e9tag\u00e8re int\u00e9rieure et le tiroir vous permettent de ranger des ustensiles d&rsquo;\u00e9criture ou des documents dans la m\u00e8che, tandis que la surface articul\u00e9e offre un confort d&rsquo;\u00e9criture.<\/p>\n<p>La commode est fabriqu\u00e9e en acier inoxydable :<\/p>\n<p>-en bois de cerisier sauvage 100% massif ;<\/p>\n<p>-avec des raccords en bronze de qualit\u00e9 ;<\/p>\n<p>-dans le respect des anciennes techniques fran\u00e7aises.<\/p>\n<p>Toutes les sculptures sont faites \u00e0 la main par des artisans exp\u00e9riment\u00e9s. Les pieds cambr\u00e9s et la forme diminutive d\u00e9gagent une \u00e9l\u00e9gante l\u00e9g\u00e8ret\u00e9, transformant la pi\u00e8ce \u00e0 la fran\u00e7aise. Vous souhaitez redessiner et commander un secretaire unique ? Yves Fouquet est heureux de partager ce processus cr\u00e9atif avec vous et de r\u00e9pondre \u00e0 tous vos souhaits individuels.<\/p>\n","protected":false},"excerpt":{"rendered":"<p><strong>Dimensions :<\/strong> L900 x H1030 x D500<\/p>\n<p><strong>Description :<\/strong> Couvercle \u00e0 charni\u00e8re avec surface d&rsquo;\u00e9criture, 1 \u00e9tag\u00e8re int\u00e9rieure et 1 tiroir.<\/p>\n","protected":false},"featured_media":16502,"template":"","meta":[],"product_cat":[140,150],"product_tag":[],"yoast_head":"<!-- This site is optimized with the Yoast SEO Premium plugin v20.7 (Yoast SEO v20.8) - https:\/\/yoast.com\/wordpress\/plugins\/seo\/ -->\n<title>Dos d&#039;ane Louis XV EW220 - Yves Fouquet<\/title>\n<meta name=\"robots\" content=\"index, follow, max-snippet:-1, max-image-preview:large, max-video-preview:-1\" \/>\n<link rel=\"canonical\" href=\"https:\/\/yvesfouquet.com\/fr\/produit\/sekreter-dos-dane-louis-xv-ew220-2\/\" \/>\n<meta property=\"og:locale\" content=\"fr_FR\" \/>\n<meta property=\"og:type\" content=\"article\" \/>\n<meta property=\"og:title\" content=\"Dos d&#039;ane Louis XV EW220\" \/>\n<meta property=\"og:description\" content=\"Dimensions : L900 x H1030 x D500 Description : Couvercle \u00e0 charni\u00e8re avec surface d&#039;\u00e9criture, 1 \u00e9tag\u00e8re int\u00e9rieure et 1 tiroir.\" \/>\n<meta property=\"og:url\" content=\"https:\/\/yvesfouquet.com\/fr\/produit\/sekreter-dos-dane-louis-xv-ew220-2\/\" \/>\n<meta property=\"og:site_name\" content=\"Yves Fouquet\" \/>\n<meta property=\"article:publisher\" content=\"https:\/\/www.facebook.com\/boutiueyvesfouquet\" \/>\n<meta property=\"og:image\" content=\"https:\/\/yvesfouquet.com\/wp-content\/uploads\/2020\/10\/ew220_1-1.png\" \/>\n\t<meta property=\"og:image:width\" content=\"1000\" \/>\n\t<meta property=\"og:image:height\" content=\"1000\" \/>\n\t<meta property=\"og:image:type\" content=\"image\/png\" \/>\n<meta name=\"twitter:card\" content=\"summary_large_image\" \/>\n<meta name=\"twitter:label1\" content=\"Prix\" \/>\n\t<meta name=\"twitter:data1\" content=\"\" \/>\n\t<meta name=\"twitter:label2\" content=\"Disponibilit\u00e9\" \/>\n\t<meta name=\"twitter:data2\" content=\"En stock\" \/>\n<script type=\"application\/ld+json\" class=\"yoast-schema-graph\">{\"@context\":\"https:\/\/schema.org\",\"@graph\":[{\"@type\":[\"WebPage\",\"ItemPage\"],\"@id\":\"https:\/\/yvesfouquet.com\/fr\/produit\/sekreter-dos-dane-louis-xv-ew220-2\/\",\"url\":\"https:\/\/yvesfouquet.com\/fr\/produit\/sekreter-dos-dane-louis-xv-ew220-2\/\",\"name\":\"Dos d'ane Louis XV EW220 - Yves Fouquet\",\"isPartOf\":{\"@id\":\"https:\/\/yvesfouquet.com\/#website\"},\"datePublished\":\"2022-04-22T17:07:11+00:00\",\"dateModified\":\"2022-04-22T17:07:11+00:00\",\"breadcrumb\":{\"@id\":\"https:\/\/yvesfouquet.com\/fr\/produit\/sekreter-dos-dane-louis-xv-ew220-2\/#breadcrumb\"},\"inLanguage\":\"fr-FR\",\"potentialAction\":[{\"@type\":\"ReadAction\",\"target\":[\"https:\/\/yvesfouquet.com\/fr\/produit\/sekreter-dos-dane-louis-xv-ew220-2\/\"]}]},{\"@type\":\"BreadcrumbList\",\"@id\":\"https:\/\/yvesfouquet.com\/fr\/produit\/sekreter-dos-dane-louis-xv-ew220-2\/#breadcrumb\",\"itemListElement\":[{\"@type\":\"ListItem\",\"position\":1,\"name\":\"\u0413\u043b\u0430\u0432\u043d\u0430\u044f\",\"item\":\"https:\/\/yvesfouquet.com\/fr\/\"},{\"@type\":\"ListItem\",\"position\":2,\"name\":\"Collections\",\"item\":\"https:\/\/yvesfouquet.com\/fr\/collections\/\"},{\"@type\":\"ListItem\",\"position\":3,\"name\":\"Dos d&#8217;ane Louis XV EW220\"}]},{\"@type\":\"WebSite\",\"@id\":\"https:\/\/yvesfouquet.com\/#website\",\"url\":\"https:\/\/yvesfouquet.com\/\",\"name\":\"Yves Fouquet\",\"description\":\"\u0424\u0440\u0430\u043d\u0446\u0443\u0437\u0441\u043a\u0430\u044f \u043c\u0435\u0431\u0435\u043b\u044c\",\"potentialAction\":[{\"@type\":\"SearchAction\",\"target\":{\"@type\":\"EntryPoint\",\"urlTemplate\":\"https:\/\/yvesfouquet.com\/?s={search_term_string}\"},\"query-input\":\"required name=search_term_string\"}],\"inLanguage\":\"fr-FR\"}]}<\/script>\n<meta property=\"product:price:amount\" content=\"0\" \/>\n<meta property=\"product:price:currency\" content=\"EUR\" \/>\n<meta property=\"og:availability\" content=\"instock\" \/>\n<meta property=\"product:availability\" content=\"instock\" \/>\n<meta property=\"product:retailer_item_id\" content=\"EW220\" \/>\n<meta property=\"product:condition\" content=\"new\" \/>\n<!-- \/ Yoast SEO Premium plugin. -->","yoast_head_json":{"title":"Dos d'ane Louis XV EW220 - Yves Fouquet","robots":{"index":"index","follow":"follow","max-snippet":"max-snippet:-1","max-image-preview":"max-image-preview:large","max-video-preview":"max-video-preview:-1"},"canonical":"https:\/\/yvesfouquet.com\/fr\/produit\/sekreter-dos-dane-louis-xv-ew220-2\/","og_locale":"fr_FR","og_type":"article","og_title":"Dos d'ane Louis XV EW220","og_description":"Dimensions : L900 x H1030 x D500 Description : Couvercle \u00e0 charni\u00e8re avec surface d'\u00e9criture, 1 \u00e9tag\u00e8re int\u00e9rieure et 1 tiroir.","og_url":"https:\/\/yvesfouquet.com\/fr\/produit\/sekreter-dos-dane-louis-xv-ew220-2\/","og_site_name":"Yves Fouquet","article_publisher":"https:\/\/www.facebook.com\/boutiueyvesfouquet","og_image":[{"width":1000,"height":1000,"url":"https:\/\/yvesfouquet.com\/wp-content\/uploads\/2020\/10\/ew220_1-1.png","type":"image\/png"}],"twitter_card":"summary_large_image","twitter_misc":{"Prix":"","Disponibilit\u00e9":"En stock"},"schema":{"@context":"https:\/\/schema.org","@graph":[{"@type":["WebPage","ItemPage"],"@id":"https:\/\/yvesfouquet.com\/fr\/produit\/sekreter-dos-dane-louis-xv-ew220-2\/","url":"https:\/\/yvesfouquet.com\/fr\/produit\/sekreter-dos-dane-louis-xv-ew220-2\/","name":"Dos d'ane Louis XV EW220 - Yves Fouquet","isPartOf":{"@id":"https:\/\/yvesfouquet.com\/#website"},"datePublished":"2022-04-22T17:07:11+00:00","dateModified":"2022-04-22T17:07:11+00:00","breadcrumb":{"@id":"https:\/\/yvesfouquet.com\/fr\/produit\/sekreter-dos-dane-louis-xv-ew220-2\/#breadcrumb"},"inLanguage":"fr-FR","potentialAction":[{"@type":"ReadAction","target":["https:\/\/yvesfouquet.com\/fr\/produit\/sekreter-dos-dane-louis-xv-ew220-2\/"]}]},{"@type":"BreadcrumbList","@id":"https:\/\/yvesfouquet.com\/fr\/produit\/sekreter-dos-dane-louis-xv-ew220-2\/#breadcrumb","itemListElement":[{"@type":"ListItem","position":1,"name":"\u0413\u043b\u0430\u0432\u043d\u0430\u044f","item":"https:\/\/yvesfouquet.com\/fr\/"},{"@type":"ListItem","position":2,"name":"Collections","item":"https:\/\/yvesfouquet.com\/fr\/collections\/"},{"@type":"ListItem","position":3,"name":"Dos d&#8217;ane Louis XV EW220"}]},{"@type":"WebSite","@id":"https:\/\/yvesfouquet.com\/#website","url":"https:\/\/yvesfouquet.com\/","name":"Yves Fouquet","description":"\u0424\u0440\u0430\u043d\u0446\u0443\u0437\u0441\u043a\u0430\u044f \u043c\u0435\u0431\u0435\u043b\u044c","potentialAction":[{"@type":"SearchAction","target":{"@type":"EntryPoint","urlTemplate":"https:\/\/yvesfouquet.com\/?s={search_term_string}"},"query-input":"required name=search_term_string"}],"inLanguage":"fr-FR"}]},"product_price_currency":"EUR","og_availability":"instock","product_availability":"instock","product_retailer_item_id":"EW220","product_condition":"new"},"_links":{"self":[{"href":"https:\/\/yvesfouquet.com\/fr\/wp-json\/wp\/v2\/product\/17915"}],"collection":[{"href":"https:\/\/yvesfouquet.com\/fr\/wp-json\/wp\/v2\/product"}],"about":[{"href":"https:\/\/yvesfouquet.com\/fr\/wp-json\/wp\/v2\/types\/product"}],"version-history":[{"count":0,"href":"https:\/\/yvesfouquet.com\/fr\/wp-json\/wp\/v2\/product\/17915\/revisions"}],"wp:featuredmedia":[{"embeddable":true,"href":"https:\/\/yvesfouquet.com\/fr\/wp-json\/wp\/v2\/media\/16502"}],"wp:attachment":[{"href":"https:\/\/yvesfouquet.com\/fr\/wp-json\/wp\/v2\/media?parent=17915"}],"wp:term":[{"taxonomy":"product_cat","embeddable":true,"href":"https:\/\/yvesfouquet.com\/fr\/wp-json\/wp\/v2\/product_cat?post=17915"},{"taxonomy":"product_tag","embeddable":true,"href":"https:\/\/yvesfouquet.com\/fr\/wp-json\/wp\/v2\/product_tag?post=17915"}],"curies":[{"name":"wp","href":"https:\/\/api.w.org\/{rel}","templated":true}]}}