{"id":17927,"date":"2020-10-26T21:05:44","date_gmt":"2022-04-22T20:06:13","guid":{"rendered":"https:\/\/yvesfouquet.com\/facade-cheminee-louis-xv-cs088\/"},"modified":"2022-04-29T23:15:55","modified_gmt":"2022-04-29T20:15:55","slug":"fasad-kamina-louis-xv-cs088","status":"publish","type":"product","link":"https:\/\/yvesfouquet.com\/fr\/produit\/fasad-kamina-louis-xv-cs088\/","title":{"rendered":"Fa\u00e7ade chemin\u00e9e Louis XV CS088"},"content":{"rendered":"<p>Une d\u00e9coration d\u00e9corative lumineuse de l\u2019int\u00e9rieur sera la fausse chemin\u00e9e d\u2019origine sous l\u2019antique du bois naturel. Fabriqu\u00e9 dans le style \u00e9l\u00e9gant de Louis XV, il remplira la pi\u00e8ce d\u2019une saveur historique sp\u00e9ciale, rendra l\u2019atmosph\u00e8re inhabituellement chaleureuse et confortable.<\/p>\n<p>M\u00eame un int\u00e9rieur strictement v\u00e9rifi\u00e9 dans un style vintage ne se passera pas des appareils \u00e9lectrom\u00e9nagers modernes n\u00e9cessaires au confort. Les foyers \u00e9lectriques confortables et s\u00e9curitaires ne sont plus rares dans nos maisons. Observer les canons du style et rendre l\u2019int\u00e9rieur atmosph\u00e9rique aidera un portail d\u00e9coratif pour une chemin\u00e9e \u00e9lectrique pour les antiquit\u00e9s.<\/p>\n<p>Une magnifique chemin\u00e9e d\u00e9corative de l\u2019\u00e9poque Louis deviendra le centre de la situation et une d\u00e9coration aristocratique lumineuse du salon, du bureau, de la biblioth\u00e8que. Fabriqu\u00e9 en bois de haute qualit\u00e9, il est recouvert de vernis soulignant la texture du bois et d\u00e9cor\u00e9 de sculptures artisanales caract\u00e9ristiques. L\u2019\u00e9litisme et le luxe sont ajout\u00e9s au produit par des effets de dorure et de vieillissement.<\/p>\n<p>Dans leur travail, les ma\u00eetres de l\u2019usine Yves Fouquet utilisent des techniques s\u00e9culaires qui donnent aux produits une saveur antique unique. Les meubles d\u2019int\u00e9rieur exclusifs sont assembl\u00e9s exclusivement \u00e0 la main. Pour se conformer pleinement \u00e0 vos int\u00e9rieurs, la couleur, la taille et le design des produits seront fabriqu\u00e9s sous une commande personnelle.<\/p>\n","protected":false},"excerpt":{"rendered":"<p><strong>Dimensions:<\/strong> L1350 x H1030 x P370<\/p>\n","protected":false},"featured_media":16480,"template":"","meta":[],"product_cat":[147,148],"product_tag":[],"yoast_head":"<!-- This site is optimized with the Yoast SEO Premium plugin v20.7 (Yoast SEO v20.8) - https:\/\/yoast.com\/wordpress\/plugins\/seo\/ -->\n<title>Fa\u00e7ade d\u00e9corative de la chemin\u00e9e en bois naturel sur commande - Yves Fouquet<\/title>\n<meta name=\"description\" content=\"Portail en bois pour chemin\u00e9e \u00e9lectrique dans le style ancien. Sculpture \u00e0 la main, meilleur bois, design vintage \u00e9l\u00e9gant. Chemin\u00e9es exclusives sur commande en Ukraine production de l\u2019usine de meubles Yves Fouquet\" \/>\n<meta name=\"robots\" content=\"index, follow, max-snippet:-1, max-image-preview:large, max-video-preview:-1\" \/>\n<link rel=\"canonical\" href=\"https:\/\/yvesfouquet.com\/fr\/produit\/fasad-kamina-louis-xv-cs088\/\" \/>\n<meta property=\"og:locale\" content=\"fr_FR\" \/>\n<meta property=\"og:type\" content=\"article\" \/>\n<meta property=\"og:title\" content=\"Fa\u00e7ade chemin\u00e9e Louis XV CS088\" \/>\n<meta property=\"og:description\" content=\"Portail en bois pour chemin\u00e9e \u00e9lectrique dans le style ancien. Sculpture \u00e0 la main, meilleur bois, design vintage \u00e9l\u00e9gant. Chemin\u00e9es exclusives sur commande en Ukraine production de l\u2019usine de meubles Yves Fouquet\" \/>\n<meta property=\"og:url\" content=\"https:\/\/yvesfouquet.com\/fr\/produit\/fasad-kamina-louis-xv-cs088\/\" \/>\n<meta property=\"og:site_name\" content=\"Yves Fouquet\" \/>\n<meta property=\"article:publisher\" content=\"https:\/\/www.facebook.com\/boutiueyvesfouquet\" \/>\n<meta property=\"article:modified_time\" content=\"2022-04-29T20:15:55+00:00\" \/>\n<meta property=\"og:image\" content=\"https:\/\/yvesfouquet.com\/wp-content\/uploads\/2020\/10\/cs088.png\" \/>\n\t<meta property=\"og:image:width\" content=\"1280\" \/>\n\t<meta property=\"og:image:height\" content=\"1280\" \/>\n\t<meta property=\"og:image:type\" content=\"image\/png\" \/>\n<meta name=\"twitter:card\" content=\"summary_large_image\" \/>\n<meta name=\"twitter:label1\" content=\"Prix\" \/>\n\t<meta name=\"twitter:data1\" content=\"\" \/>\n\t<meta name=\"twitter:label2\" content=\"Disponibilit\u00e9\" \/>\n\t<meta name=\"twitter:data2\" content=\"En stock\" \/>\n<script type=\"application\/ld+json\" class=\"yoast-schema-graph\">{\"@context\":\"https:\/\/schema.org\",\"@graph\":[{\"@type\":[\"WebPage\",\"ItemPage\"],\"@id\":\"https:\/\/yvesfouquet.com\/fr\/produit\/fasad-kamina-louis-xv-cs088\/\",\"url\":\"https:\/\/yvesfouquet.com\/fr\/produit\/fasad-kamina-louis-xv-cs088\/\",\"name\":\"Fa\u00e7ade d\u00e9corative de la chemin\u00e9e en bois naturel sur commande - Yves Fouquet\",\"isPartOf\":{\"@id\":\"https:\/\/yvesfouquet.com\/#website\"},\"datePublished\":\"2022-04-22T20:06:13+00:00\",\"dateModified\":\"2022-04-29T20:15:55+00:00\",\"description\":\"Portail en bois pour chemin\u00e9e \u00e9lectrique dans le style ancien. Sculpture \u00e0 la main, meilleur bois, design vintage \u00e9l\u00e9gant. Chemin\u00e9es exclusives sur commande en Ukraine production de l\u2019usine de meubles Yves Fouquet\",\"breadcrumb\":{\"@id\":\"https:\/\/yvesfouquet.com\/fr\/produit\/fasad-kamina-louis-xv-cs088\/#breadcrumb\"},\"inLanguage\":\"fr-FR\",\"potentialAction\":[{\"@type\":\"ReadAction\",\"target\":[\"https:\/\/yvesfouquet.com\/fr\/produit\/fasad-kamina-louis-xv-cs088\/\"]}]},{\"@type\":\"BreadcrumbList\",\"@id\":\"https:\/\/yvesfouquet.com\/fr\/produit\/fasad-kamina-louis-xv-cs088\/#breadcrumb\",\"itemListElement\":[{\"@type\":\"ListItem\",\"position\":1,\"name\":\"\u0413\u043b\u0430\u0432\u043d\u0430\u044f\",\"item\":\"https:\/\/yvesfouquet.com\/fr\/\"},{\"@type\":\"ListItem\",\"position\":2,\"name\":\"Collections\",\"item\":\"https:\/\/yvesfouquet.com\/fr\/collections\/\"},{\"@type\":\"ListItem\",\"position\":3,\"name\":\"Fa\u00e7ade chemin\u00e9e Louis XV CS088\"}]},{\"@type\":\"WebSite\",\"@id\":\"https:\/\/yvesfouquet.com\/#website\",\"url\":\"https:\/\/yvesfouquet.com\/\",\"name\":\"Yves Fouquet\",\"description\":\"\u0424\u0440\u0430\u043d\u0446\u0443\u0437\u0441\u043a\u0430\u044f \u043c\u0435\u0431\u0435\u043b\u044c\",\"potentialAction\":[{\"@type\":\"SearchAction\",\"target\":{\"@type\":\"EntryPoint\",\"urlTemplate\":\"https:\/\/yvesfouquet.com\/?s={search_term_string}\"},\"query-input\":\"required name=search_term_string\"}],\"inLanguage\":\"fr-FR\"}]}<\/script>\n<meta property=\"product:price:amount\" content=\"0\" \/>\n<meta property=\"product:price:currency\" content=\"EUR\" \/>\n<meta property=\"og:availability\" content=\"instock\" \/>\n<meta property=\"product:availability\" content=\"instock\" \/>\n<meta property=\"product:retailer_item_id\" content=\"CS088\" \/>\n<meta property=\"product:condition\" content=\"new\" \/>\n<!-- \/ Yoast SEO Premium plugin. -->","yoast_head_json":{"title":"Fa\u00e7ade d\u00e9corative de la chemin\u00e9e en bois naturel sur commande - Yves Fouquet","description":"Portail en bois pour chemin\u00e9e \u00e9lectrique dans le style ancien. Sculpture \u00e0 la main, meilleur bois, design vintage \u00e9l\u00e9gant. Chemin\u00e9es exclusives sur commande en Ukraine production de l\u2019usine de meubles Yves Fouquet","robots":{"index":"index","follow":"follow","max-snippet":"max-snippet:-1","max-image-preview":"max-image-preview:large","max-video-preview":"max-video-preview:-1"},"canonical":"https:\/\/yvesfouquet.com\/fr\/produit\/fasad-kamina-louis-xv-cs088\/","og_locale":"fr_FR","og_type":"article","og_title":"Fa\u00e7ade chemin\u00e9e Louis XV CS088","og_description":"Portail en bois pour chemin\u00e9e \u00e9lectrique dans le style ancien. Sculpture \u00e0 la main, meilleur bois, design vintage \u00e9l\u00e9gant. Chemin\u00e9es exclusives sur commande en Ukraine production de l\u2019usine de meubles Yves Fouquet","og_url":"https:\/\/yvesfouquet.com\/fr\/produit\/fasad-kamina-louis-xv-cs088\/","og_site_name":"Yves Fouquet","article_publisher":"https:\/\/www.facebook.com\/boutiueyvesfouquet","article_modified_time":"2022-04-29T20:15:55+00:00","og_image":[{"width":1280,"height":1280,"url":"https:\/\/yvesfouquet.com\/wp-content\/uploads\/2020\/10\/cs088.png","type":"image\/png"}],"twitter_card":"summary_large_image","twitter_misc":{"Prix":"","Disponibilit\u00e9":"En stock"},"schema":{"@context":"https:\/\/schema.org","@graph":[{"@type":["WebPage","ItemPage"],"@id":"https:\/\/yvesfouquet.com\/fr\/produit\/fasad-kamina-louis-xv-cs088\/","url":"https:\/\/yvesfouquet.com\/fr\/produit\/fasad-kamina-louis-xv-cs088\/","name":"Fa\u00e7ade d\u00e9corative de la chemin\u00e9e en bois naturel sur commande - Yves Fouquet","isPartOf":{"@id":"https:\/\/yvesfouquet.com\/#website"},"datePublished":"2022-04-22T20:06:13+00:00","dateModified":"2022-04-29T20:15:55+00:00","description":"Portail en bois pour chemin\u00e9e \u00e9lectrique dans le style ancien. Sculpture \u00e0 la main, meilleur bois, design vintage \u00e9l\u00e9gant. Chemin\u00e9es exclusives sur commande en Ukraine production de l\u2019usine de meubles Yves Fouquet","breadcrumb":{"@id":"https:\/\/yvesfouquet.com\/fr\/produit\/fasad-kamina-louis-xv-cs088\/#breadcrumb"},"inLanguage":"fr-FR","potentialAction":[{"@type":"ReadAction","target":["https:\/\/yvesfouquet.com\/fr\/produit\/fasad-kamina-louis-xv-cs088\/"]}]},{"@type":"BreadcrumbList","@id":"https:\/\/yvesfouquet.com\/fr\/produit\/fasad-kamina-louis-xv-cs088\/#breadcrumb","itemListElement":[{"@type":"ListItem","position":1,"name":"\u0413\u043b\u0430\u0432\u043d\u0430\u044f","item":"https:\/\/yvesfouquet.com\/fr\/"},{"@type":"ListItem","position":2,"name":"Collections","item":"https:\/\/yvesfouquet.com\/fr\/collections\/"},{"@type":"ListItem","position":3,"name":"Fa\u00e7ade chemin\u00e9e Louis XV CS088"}]},{"@type":"WebSite","@id":"https:\/\/yvesfouquet.com\/#website","url":"https:\/\/yvesfouquet.com\/","name":"Yves Fouquet","description":"\u0424\u0440\u0430\u043d\u0446\u0443\u0437\u0441\u043a\u0430\u044f \u043c\u0435\u0431\u0435\u043b\u044c","potentialAction":[{"@type":"SearchAction","target":{"@type":"EntryPoint","urlTemplate":"https:\/\/yvesfouquet.com\/?s={search_term_string}"},"query-input":"required name=search_term_string"}],"inLanguage":"fr-FR"}]},"product_price_currency":"EUR","og_availability":"instock","product_availability":"instock","product_retailer_item_id":"CS088","product_condition":"new"},"_links":{"self":[{"href":"https:\/\/yvesfouquet.com\/fr\/wp-json\/wp\/v2\/product\/17927"}],"collection":[{"href":"https:\/\/yvesfouquet.com\/fr\/wp-json\/wp\/v2\/product"}],"about":[{"href":"https:\/\/yvesfouquet.com\/fr\/wp-json\/wp\/v2\/types\/product"}],"version-history":[{"count":1,"href":"https:\/\/yvesfouquet.com\/fr\/wp-json\/wp\/v2\/product\/17927\/revisions"}],"predecessor-version":[{"id":17931,"href":"https:\/\/yvesfouquet.com\/fr\/wp-json\/wp\/v2\/product\/17927\/revisions\/17931"}],"wp:featuredmedia":[{"embeddable":true,"href":"https:\/\/yvesfouquet.com\/fr\/wp-json\/wp\/v2\/media\/16480"}],"wp:attachment":[{"href":"https:\/\/yvesfouquet.com\/fr\/wp-json\/wp\/v2\/media?parent=17927"}],"wp:term":[{"taxonomy":"product_cat","embeddable":true,"href":"https:\/\/yvesfouquet.com\/fr\/wp-json\/wp\/v2\/product_cat?post=17927"},{"taxonomy":"product_tag","embeddable":true,"href":"https:\/\/yvesfouquet.com\/fr\/wp-json\/wp\/v2\/product_tag?post=17927"}],"curies":[{"name":"wp","href":"https:\/\/api.w.org\/{rel}","templated":true}]}}