{"id":17930,"date":"2020-10-26T18:12:27","date_gmt":"2022-04-22T20:06:18","guid":{"rendered":"https:\/\/yvesfouquet.com\/facade-de-cheminee-che02pin\/"},"modified":"2022-04-22T23:14:16","modified_gmt":"2022-04-22T20:14:16","slug":"fasad-kamina-che02pin","status":"publish","type":"product","link":"https:\/\/yvesfouquet.com\/fr\/produit\/fasad-kamina-che02pin\/","title":{"rendered":"Fa\u00e7ade de chemin\u00e9e CHE02PIN"},"content":{"rendered":"<p>Un foyer \u00e9lectrique moderne cr\u00e9era une atmosph\u00e8re de chaleur et de confort dans votre maison. Et le doter de la saveur de l\u2019antiquit\u00e9 profonde aidera la fa\u00e7ade d\u00e9corative en bois naturel, assembl\u00e9e \u00e0 la main par les ma\u00eetres de l\u2019usine de meubles ukrainienne Yves Fouquet. La d\u00e9coration int\u00e9rieure r\u00e9alis\u00e9e dans le style historique ajoutera encore plus d\u2019authenticit\u00e9 \u00e0 la situation.<\/p>\n<p>De plus en plus souvent, des foyers \u00e9lectriques pratiques et s\u00fbrs apparaissent dans les maisons. Avec l\u2019aide d\u2019un portail d\u00e9coratif en bois, vous pouvez facilement int\u00e9grer harmonieusement un tel appareil moderne dans un ancien int\u00e9rieur sans violer le concept de conception global.<\/p>\n<p>Vous pouvez installer un faux foyer en bois m\u00eame sans l\u2019appareil \u00e9lectrique lui-m\u00eame. Un tel portail aura fi\u00e8re allure en tant qu\u2019\u00e9l\u00e9ment d\u00e9coratif original du salon. Ajoutez quelques gadgets int\u00e9ressants et vous obtiendrez une composition originale dans le style ancien.<\/p>\n<p>Les portails en bois pour chemin\u00e9es \u00e9lectriques sont fabriqu\u00e9s \u00e0 la main en utilisant des technologies d\u2019assemblage anciennes. Gr\u00e2ce \u00e0 l\u2019application habile de divers effets de vieillissement, le produit antique semble en pleine conformit\u00e9 avec l\u2019\u00e9poque historique.<\/p>\n<p>Des meubles en bois exclusifs sont assembl\u00e9s sur des commandes individuelles, de sorte que vous pouvez choisir la couleur, la taille et le d\u00e9cor de la chemin\u00e9e pour votre mobilier.<\/p>\n","protected":false},"excerpt":{"rendered":"<p><strong>Dimensions:<\/strong> L1200 x L 1000 x P200<\/p>\n<p><strong>Pin<\/strong> massif, sur demande de cerise solide<\/p>\n<p><strong>Couleur:<\/strong> gris<\/p>\n","protected":false},"featured_media":16038,"template":"","meta":[],"product_cat":[147,148],"product_tag":[],"yoast_head":"<!-- This site is optimized with the Yoast SEO Premium plugin v20.7 (Yoast SEO v20.8) - https:\/\/yoast.com\/wordpress\/plugins\/seo\/ -->\n<title>Portail en bois pour chemin\u00e9e \u00e9lectrique de style vintage - Yves Fouquet<\/title>\n<meta name=\"description\" content=\"La fausse chemin\u00e9e d\u2019origine en bois \u00e0 acheter \u00e0 la commande. Meubles design faits \u00e0 la main d\u2019\u00e9lite en Ukraine. Production de l\u2019usine Yves Fouquet\" \/>\n<meta name=\"robots\" content=\"index, follow, max-snippet:-1, max-image-preview:large, max-video-preview:-1\" \/>\n<link rel=\"canonical\" href=\"https:\/\/yvesfouquet.com\/fr\/produit\/fasad-kamina-che02pin\/\" \/>\n<meta property=\"og:locale\" content=\"fr_FR\" \/>\n<meta property=\"og:type\" content=\"article\" \/>\n<meta property=\"og:title\" content=\"Fa\u00e7ade de chemin\u00e9e CHE02PIN\" \/>\n<meta property=\"og:description\" content=\"La fausse chemin\u00e9e d\u2019origine en bois \u00e0 acheter \u00e0 la commande. Meubles design faits \u00e0 la main d\u2019\u00e9lite en Ukraine. Production de l\u2019usine Yves Fouquet\" \/>\n<meta property=\"og:url\" content=\"https:\/\/yvesfouquet.com\/fr\/produit\/fasad-kamina-che02pin\/\" \/>\n<meta property=\"og:site_name\" content=\"Yves Fouquet\" \/>\n<meta property=\"article:publisher\" content=\"https:\/\/www.facebook.com\/boutiueyvesfouquet\" \/>\n<meta property=\"article:modified_time\" content=\"2022-04-22T20:14:16+00:00\" \/>\n<meta property=\"og:image\" content=\"https:\/\/yvesfouquet.com\/wp-content\/uploads\/2020\/10\/che02pin.png\" \/>\n\t<meta property=\"og:image:width\" content=\"1280\" \/>\n\t<meta property=\"og:image:height\" content=\"1280\" \/>\n\t<meta property=\"og:image:type\" content=\"image\/png\" \/>\n<meta name=\"twitter:card\" content=\"summary_large_image\" \/>\n<meta name=\"twitter:label1\" content=\"Prix\" \/>\n\t<meta name=\"twitter:data1\" content=\"\" \/>\n\t<meta name=\"twitter:label2\" content=\"Disponibilit\u00e9\" \/>\n\t<meta name=\"twitter:data2\" content=\"En r\u00e9assort\" \/>\n<script type=\"application\/ld+json\" class=\"yoast-schema-graph\">{\"@context\":\"https:\/\/schema.org\",\"@graph\":[{\"@type\":[\"WebPage\",\"ItemPage\"],\"@id\":\"https:\/\/yvesfouquet.com\/fr\/produit\/fasad-kamina-che02pin\/\",\"url\":\"https:\/\/yvesfouquet.com\/fr\/produit\/fasad-kamina-che02pin\/\",\"name\":\"Portail en bois pour chemin\u00e9e \u00e9lectrique de style vintage - Yves Fouquet\",\"isPartOf\":{\"@id\":\"https:\/\/yvesfouquet.com\/#website\"},\"datePublished\":\"2022-04-22T20:06:18+00:00\",\"dateModified\":\"2022-04-22T20:14:16+00:00\",\"description\":\"La fausse chemin\u00e9e d\u2019origine en bois \u00e0 acheter \u00e0 la commande. Meubles design faits \u00e0 la main d\u2019\u00e9lite en Ukraine. Production de l\u2019usine Yves Fouquet\",\"breadcrumb\":{\"@id\":\"https:\/\/yvesfouquet.com\/fr\/produit\/fasad-kamina-che02pin\/#breadcrumb\"},\"inLanguage\":\"fr-FR\",\"potentialAction\":[{\"@type\":\"ReadAction\",\"target\":[\"https:\/\/yvesfouquet.com\/fr\/produit\/fasad-kamina-che02pin\/\"]}]},{\"@type\":\"BreadcrumbList\",\"@id\":\"https:\/\/yvesfouquet.com\/fr\/produit\/fasad-kamina-che02pin\/#breadcrumb\",\"itemListElement\":[{\"@type\":\"ListItem\",\"position\":1,\"name\":\"\u0413\u043b\u0430\u0432\u043d\u0430\u044f\",\"item\":\"https:\/\/yvesfouquet.com\/fr\/\"},{\"@type\":\"ListItem\",\"position\":2,\"name\":\"Collections\",\"item\":\"https:\/\/yvesfouquet.com\/fr\/collections\/\"},{\"@type\":\"ListItem\",\"position\":3,\"name\":\"Fa\u00e7ade de chemin\u00e9e CHE02PIN\"}]},{\"@type\":\"WebSite\",\"@id\":\"https:\/\/yvesfouquet.com\/#website\",\"url\":\"https:\/\/yvesfouquet.com\/\",\"name\":\"Yves Fouquet\",\"description\":\"\u0424\u0440\u0430\u043d\u0446\u0443\u0437\u0441\u043a\u0430\u044f \u043c\u0435\u0431\u0435\u043b\u044c\",\"potentialAction\":[{\"@type\":\"SearchAction\",\"target\":{\"@type\":\"EntryPoint\",\"urlTemplate\":\"https:\/\/yvesfouquet.com\/?s={search_term_string}\"},\"query-input\":\"required name=search_term_string\"}],\"inLanguage\":\"fr-FR\"}]}<\/script>\n<meta property=\"product:price:amount\" content=\"0\" \/>\n<meta property=\"product:price:currency\" content=\"EUR\" \/>\n<meta property=\"og:availability\" content=\"backorder\" \/>\n<meta property=\"product:availability\" content=\"available for order\" \/>\n<meta property=\"product:retailer_item_id\" content=\"CHE02PIN\" \/>\n<meta property=\"product:condition\" content=\"new\" \/>\n<!-- \/ Yoast SEO Premium plugin. -->","yoast_head_json":{"title":"Portail en bois pour chemin\u00e9e \u00e9lectrique de style vintage - Yves Fouquet","description":"La fausse chemin\u00e9e d\u2019origine en bois \u00e0 acheter \u00e0 la commande. Meubles design faits \u00e0 la main d\u2019\u00e9lite en Ukraine. Production de l\u2019usine Yves Fouquet","robots":{"index":"index","follow":"follow","max-snippet":"max-snippet:-1","max-image-preview":"max-image-preview:large","max-video-preview":"max-video-preview:-1"},"canonical":"https:\/\/yvesfouquet.com\/fr\/produit\/fasad-kamina-che02pin\/","og_locale":"fr_FR","og_type":"article","og_title":"Fa\u00e7ade de chemin\u00e9e CHE02PIN","og_description":"La fausse chemin\u00e9e d\u2019origine en bois \u00e0 acheter \u00e0 la commande. Meubles design faits \u00e0 la main d\u2019\u00e9lite en Ukraine. Production de l\u2019usine Yves Fouquet","og_url":"https:\/\/yvesfouquet.com\/fr\/produit\/fasad-kamina-che02pin\/","og_site_name":"Yves Fouquet","article_publisher":"https:\/\/www.facebook.com\/boutiueyvesfouquet","article_modified_time":"2022-04-22T20:14:16+00:00","og_image":[{"width":1280,"height":1280,"url":"https:\/\/yvesfouquet.com\/wp-content\/uploads\/2020\/10\/che02pin.png","type":"image\/png"}],"twitter_card":"summary_large_image","twitter_misc":{"Prix":"","Disponibilit\u00e9":"En r\u00e9assort"},"schema":{"@context":"https:\/\/schema.org","@graph":[{"@type":["WebPage","ItemPage"],"@id":"https:\/\/yvesfouquet.com\/fr\/produit\/fasad-kamina-che02pin\/","url":"https:\/\/yvesfouquet.com\/fr\/produit\/fasad-kamina-che02pin\/","name":"Portail en bois pour chemin\u00e9e \u00e9lectrique de style vintage - Yves Fouquet","isPartOf":{"@id":"https:\/\/yvesfouquet.com\/#website"},"datePublished":"2022-04-22T20:06:18+00:00","dateModified":"2022-04-22T20:14:16+00:00","description":"La fausse chemin\u00e9e d\u2019origine en bois \u00e0 acheter \u00e0 la commande. Meubles design faits \u00e0 la main d\u2019\u00e9lite en Ukraine. Production de l\u2019usine Yves Fouquet","breadcrumb":{"@id":"https:\/\/yvesfouquet.com\/fr\/produit\/fasad-kamina-che02pin\/#breadcrumb"},"inLanguage":"fr-FR","potentialAction":[{"@type":"ReadAction","target":["https:\/\/yvesfouquet.com\/fr\/produit\/fasad-kamina-che02pin\/"]}]},{"@type":"BreadcrumbList","@id":"https:\/\/yvesfouquet.com\/fr\/produit\/fasad-kamina-che02pin\/#breadcrumb","itemListElement":[{"@type":"ListItem","position":1,"name":"\u0413\u043b\u0430\u0432\u043d\u0430\u044f","item":"https:\/\/yvesfouquet.com\/fr\/"},{"@type":"ListItem","position":2,"name":"Collections","item":"https:\/\/yvesfouquet.com\/fr\/collections\/"},{"@type":"ListItem","position":3,"name":"Fa\u00e7ade de chemin\u00e9e CHE02PIN"}]},{"@type":"WebSite","@id":"https:\/\/yvesfouquet.com\/#website","url":"https:\/\/yvesfouquet.com\/","name":"Yves Fouquet","description":"\u0424\u0440\u0430\u043d\u0446\u0443\u0437\u0441\u043a\u0430\u044f \u043c\u0435\u0431\u0435\u043b\u044c","potentialAction":[{"@type":"SearchAction","target":{"@type":"EntryPoint","urlTemplate":"https:\/\/yvesfouquet.com\/?s={search_term_string}"},"query-input":"required name=search_term_string"}],"inLanguage":"fr-FR"}]},"product_price_currency":"EUR","og_availability":"backorder","product_availability":"available for order","product_retailer_item_id":"CHE02PIN","product_condition":"new"},"_links":{"self":[{"href":"https:\/\/yvesfouquet.com\/fr\/wp-json\/wp\/v2\/product\/17930"}],"collection":[{"href":"https:\/\/yvesfouquet.com\/fr\/wp-json\/wp\/v2\/product"}],"about":[{"href":"https:\/\/yvesfouquet.com\/fr\/wp-json\/wp\/v2\/types\/product"}],"version-history":[{"count":1,"href":"https:\/\/yvesfouquet.com\/fr\/wp-json\/wp\/v2\/product\/17930\/revisions"}],"predecessor-version":[{"id":17932,"href":"https:\/\/yvesfouquet.com\/fr\/wp-json\/wp\/v2\/product\/17930\/revisions\/17932"}],"wp:featuredmedia":[{"embeddable":true,"href":"https:\/\/yvesfouquet.com\/fr\/wp-json\/wp\/v2\/media\/16038"}],"wp:attachment":[{"href":"https:\/\/yvesfouquet.com\/fr\/wp-json\/wp\/v2\/media?parent=17930"}],"wp:term":[{"taxonomy":"product_cat","embeddable":true,"href":"https:\/\/yvesfouquet.com\/fr\/wp-json\/wp\/v2\/product_cat?post=17930"},{"taxonomy":"product_tag","embeddable":true,"href":"https:\/\/yvesfouquet.com\/fr\/wp-json\/wp\/v2\/product_tag?post=17930"}],"curies":[{"name":"wp","href":"https:\/\/api.w.org\/{rel}","templated":true}]}}