{"id":17981,"date":"2020-10-26T21:06:09","date_gmt":"2022-04-28T10:54:44","guid":{"rendered":"https:\/\/yvesfouquet.com\/console-cannelures-cs089\/"},"modified":"2022-04-28T13:54:44","modified_gmt":"2022-04-28T10:54:44","slug":"konsol-cannelures-cs089-2","status":"publish","type":"product","link":"https:\/\/yvesfouquet.com\/fr\/produit\/konsol-cannelures-cs089-2\/","title":{"rendered":"Console cannelures CS089"},"content":{"rendered":"<p>L\u2019int\u00e9rieur parfait est une combinaison harmonieuse de style, de bon go\u00fbt et de praticit\u00e9. L\u2019\u00e9l\u00e9gante console en bois naturel avec cannelures a tout ce dont vous avez besoin pour devenir l\u2019un des points forts de votre mobilier. Aristocratique, \u00e9l\u00e9gante et pratique \u2013 la console vintage fabriqu\u00e9e \u00e0 la main par les ma\u00eetres d\u2019Yves Fouquet s\u2019int\u00e9grera parfaitement dans l\u2019int\u00e9rieur design.<\/p>\n<p>Des pieds fins et l\u00e9g\u00e8rement incurv\u00e9s s\u2019\u00e9l\u00e8vent jusqu\u2019\u00e0 la ligne gracieuse des cannelures et reposent sur un plateau laqu\u00e9. La fa\u00e7ade sculpt\u00e9e d\u2019origine de la console en bois est non seulement belle, mais aussi fonctionnelle. Derri\u00e8re elle se trouve un tiroir r\u00e9tractable et des portes \u00e0 charni\u00e8res situ\u00e9es des deux c\u00f4t\u00e9s de celui-ci.<\/p>\n<p>Gr\u00e2ce aux \u00e9l\u00e9gants cannellures, la console aura fi\u00e8re allure dans l\u2019\u00e9clectisme, dans le moderne et dans le style de la fusion. Associ\u00e9s \u00e0 un miroir, les meubles color\u00e9s \u00e0 l\u2019ancienne trouveront leur place dans le couloir ou pourront devenir une coiffeuse confortable dans la chambre \u00e0 coucher. Le mod\u00e8le a quatre pieds stables, de sorte que dans le salon, il peut \u00eatre attach\u00e9 \u00e0 l\u2019arri\u00e8re d\u2019un grand canap\u00e9 ou install\u00e9 pr\u00e8s du mur.<\/p>\n<p>Les meubles design de style antique sont assembl\u00e9s sur commande en fonction de la taille du client. Pour correspondre \u00e0 vos int\u00e9rieurs, vous pouvez apporter des ajustements \u00e0 la couleur, au design et aux accessoires du mod\u00e8le.<\/p>\n","protected":false},"excerpt":{"rendered":"<p><strong>Dimensions:<\/strong> <span class=\"s1\">L1280 x H880 x P460<\/span><\/p>\n<p><strong>Description:<\/strong> 1 tiroir et deux portes sur les c\u00f4t\u00e9s<\/p>\n","protected":false},"featured_media":16494,"template":"","meta":[],"product_cat":[148],"product_tag":[],"yoast_head":"<!-- This site is optimized with the Yoast SEO Premium plugin v20.7 (Yoast SEO v20.8) - https:\/\/yoast.com\/wordpress\/plugins\/seo\/ -->\n<title>Conscol en bois avec cannelures pour commander - Yves Fouquet<\/title>\n<meta name=\"description\" content=\"Meubles anciens exclusifs faits \u00e0 la main. Fran\u00e7ais raccords, montage manuel, sculptures \u00e9l\u00e9gantes. Production en Ukraine usine Yves Fouquet\" \/>\n<meta name=\"robots\" content=\"index, follow, max-snippet:-1, max-image-preview:large, max-video-preview:-1\" \/>\n<link rel=\"canonical\" href=\"https:\/\/yvesfouquet.com\/fr\/produit\/konsol-cannelures-cs089-2\/\" \/>\n<meta property=\"og:locale\" content=\"fr_FR\" \/>\n<meta property=\"og:type\" content=\"article\" \/>\n<meta property=\"og:title\" content=\"Console cannelures CS089\" \/>\n<meta property=\"og:description\" content=\"Meubles anciens exclusifs faits \u00e0 la main. Fran\u00e7ais raccords, montage manuel, sculptures \u00e9l\u00e9gantes. Production en Ukraine usine Yves Fouquet\" \/>\n<meta property=\"og:url\" content=\"https:\/\/yvesfouquet.com\/fr\/produit\/konsol-cannelures-cs089-2\/\" \/>\n<meta property=\"og:site_name\" content=\"Yves Fouquet\" \/>\n<meta property=\"article:publisher\" content=\"https:\/\/www.facebook.com\/boutiueyvesfouquet\" \/>\n<meta property=\"og:image\" content=\"https:\/\/yvesfouquet.com\/wp-content\/uploads\/2020\/10\/38-2.png\" \/>\n\t<meta property=\"og:image:width\" content=\"1080\" \/>\n\t<meta property=\"og:image:height\" content=\"1080\" \/>\n\t<meta property=\"og:image:type\" content=\"image\/png\" \/>\n<meta name=\"twitter:card\" content=\"summary_large_image\" \/>\n<meta name=\"twitter:label1\" content=\"Prix\" \/>\n\t<meta name=\"twitter:data1\" content=\"\" \/>\n\t<meta name=\"twitter:label2\" content=\"Disponibilit\u00e9\" \/>\n\t<meta name=\"twitter:data2\" content=\"En stock\" \/>\n<script type=\"application\/ld+json\" class=\"yoast-schema-graph\">{\"@context\":\"https:\/\/schema.org\",\"@graph\":[{\"@type\":[\"WebPage\",\"ItemPage\"],\"@id\":\"https:\/\/yvesfouquet.com\/fr\/produit\/konsol-cannelures-cs089-2\/\",\"url\":\"https:\/\/yvesfouquet.com\/fr\/produit\/konsol-cannelures-cs089-2\/\",\"name\":\"Conscol en bois avec cannelures pour commander - Yves Fouquet\",\"isPartOf\":{\"@id\":\"https:\/\/yvesfouquet.com\/#website\"},\"datePublished\":\"2022-04-28T10:54:44+00:00\",\"dateModified\":\"2022-04-28T10:54:44+00:00\",\"description\":\"Meubles anciens exclusifs faits \u00e0 la main. Fran\u00e7ais raccords, montage manuel, sculptures \u00e9l\u00e9gantes. Production en Ukraine usine Yves Fouquet\",\"breadcrumb\":{\"@id\":\"https:\/\/yvesfouquet.com\/fr\/produit\/konsol-cannelures-cs089-2\/#breadcrumb\"},\"inLanguage\":\"fr-FR\",\"potentialAction\":[{\"@type\":\"ReadAction\",\"target\":[\"https:\/\/yvesfouquet.com\/fr\/produit\/konsol-cannelures-cs089-2\/\"]}]},{\"@type\":\"BreadcrumbList\",\"@id\":\"https:\/\/yvesfouquet.com\/fr\/produit\/konsol-cannelures-cs089-2\/#breadcrumb\",\"itemListElement\":[{\"@type\":\"ListItem\",\"position\":1,\"name\":\"\u0413\u043b\u0430\u0432\u043d\u0430\u044f\",\"item\":\"https:\/\/yvesfouquet.com\/fr\/\"},{\"@type\":\"ListItem\",\"position\":2,\"name\":\"Collections\",\"item\":\"https:\/\/yvesfouquet.com\/fr\/collections\/\"},{\"@type\":\"ListItem\",\"position\":3,\"name\":\"Console cannelures CS089\"}]},{\"@type\":\"WebSite\",\"@id\":\"https:\/\/yvesfouquet.com\/#website\",\"url\":\"https:\/\/yvesfouquet.com\/\",\"name\":\"Yves Fouquet\",\"description\":\"\u0424\u0440\u0430\u043d\u0446\u0443\u0437\u0441\u043a\u0430\u044f \u043c\u0435\u0431\u0435\u043b\u044c\",\"potentialAction\":[{\"@type\":\"SearchAction\",\"target\":{\"@type\":\"EntryPoint\",\"urlTemplate\":\"https:\/\/yvesfouquet.com\/?s={search_term_string}\"},\"query-input\":\"required name=search_term_string\"}],\"inLanguage\":\"fr-FR\"}]}<\/script>\n<meta property=\"product:price:amount\" content=\"0\" \/>\n<meta property=\"product:price:currency\" content=\"EUR\" \/>\n<meta property=\"og:availability\" content=\"instock\" \/>\n<meta property=\"product:availability\" content=\"instock\" \/>\n<meta property=\"product:retailer_item_id\" content=\"CS089\" \/>\n<meta property=\"product:condition\" content=\"new\" \/>\n<!-- \/ Yoast SEO Premium plugin. -->","yoast_head_json":{"title":"Conscol en bois avec cannelures pour commander - Yves Fouquet","description":"Meubles anciens exclusifs faits \u00e0 la main. Fran\u00e7ais raccords, montage manuel, sculptures \u00e9l\u00e9gantes. Production en Ukraine usine Yves Fouquet","robots":{"index":"index","follow":"follow","max-snippet":"max-snippet:-1","max-image-preview":"max-image-preview:large","max-video-preview":"max-video-preview:-1"},"canonical":"https:\/\/yvesfouquet.com\/fr\/produit\/konsol-cannelures-cs089-2\/","og_locale":"fr_FR","og_type":"article","og_title":"Console cannelures CS089","og_description":"Meubles anciens exclusifs faits \u00e0 la main. Fran\u00e7ais raccords, montage manuel, sculptures \u00e9l\u00e9gantes. Production en Ukraine usine Yves Fouquet","og_url":"https:\/\/yvesfouquet.com\/fr\/produit\/konsol-cannelures-cs089-2\/","og_site_name":"Yves Fouquet","article_publisher":"https:\/\/www.facebook.com\/boutiueyvesfouquet","og_image":[{"width":1080,"height":1080,"url":"https:\/\/yvesfouquet.com\/wp-content\/uploads\/2020\/10\/38-2.png","type":"image\/png"}],"twitter_card":"summary_large_image","twitter_misc":{"Prix":"","Disponibilit\u00e9":"En stock"},"schema":{"@context":"https:\/\/schema.org","@graph":[{"@type":["WebPage","ItemPage"],"@id":"https:\/\/yvesfouquet.com\/fr\/produit\/konsol-cannelures-cs089-2\/","url":"https:\/\/yvesfouquet.com\/fr\/produit\/konsol-cannelures-cs089-2\/","name":"Conscol en bois avec cannelures pour commander - Yves Fouquet","isPartOf":{"@id":"https:\/\/yvesfouquet.com\/#website"},"datePublished":"2022-04-28T10:54:44+00:00","dateModified":"2022-04-28T10:54:44+00:00","description":"Meubles anciens exclusifs faits \u00e0 la main. Fran\u00e7ais raccords, montage manuel, sculptures \u00e9l\u00e9gantes. Production en Ukraine usine Yves Fouquet","breadcrumb":{"@id":"https:\/\/yvesfouquet.com\/fr\/produit\/konsol-cannelures-cs089-2\/#breadcrumb"},"inLanguage":"fr-FR","potentialAction":[{"@type":"ReadAction","target":["https:\/\/yvesfouquet.com\/fr\/produit\/konsol-cannelures-cs089-2\/"]}]},{"@type":"BreadcrumbList","@id":"https:\/\/yvesfouquet.com\/fr\/produit\/konsol-cannelures-cs089-2\/#breadcrumb","itemListElement":[{"@type":"ListItem","position":1,"name":"\u0413\u043b\u0430\u0432\u043d\u0430\u044f","item":"https:\/\/yvesfouquet.com\/fr\/"},{"@type":"ListItem","position":2,"name":"Collections","item":"https:\/\/yvesfouquet.com\/fr\/collections\/"},{"@type":"ListItem","position":3,"name":"Console cannelures CS089"}]},{"@type":"WebSite","@id":"https:\/\/yvesfouquet.com\/#website","url":"https:\/\/yvesfouquet.com\/","name":"Yves Fouquet","description":"\u0424\u0440\u0430\u043d\u0446\u0443\u0437\u0441\u043a\u0430\u044f \u043c\u0435\u0431\u0435\u043b\u044c","potentialAction":[{"@type":"SearchAction","target":{"@type":"EntryPoint","urlTemplate":"https:\/\/yvesfouquet.com\/?s={search_term_string}"},"query-input":"required name=search_term_string"}],"inLanguage":"fr-FR"}]},"product_price_currency":"EUR","og_availability":"instock","product_availability":"instock","product_retailer_item_id":"CS089","product_condition":"new"},"_links":{"self":[{"href":"https:\/\/yvesfouquet.com\/fr\/wp-json\/wp\/v2\/product\/17981"}],"collection":[{"href":"https:\/\/yvesfouquet.com\/fr\/wp-json\/wp\/v2\/product"}],"about":[{"href":"https:\/\/yvesfouquet.com\/fr\/wp-json\/wp\/v2\/types\/product"}],"version-history":[{"count":0,"href":"https:\/\/yvesfouquet.com\/fr\/wp-json\/wp\/v2\/product\/17981\/revisions"}],"wp:featuredmedia":[{"embeddable":true,"href":"https:\/\/yvesfouquet.com\/fr\/wp-json\/wp\/v2\/media\/16494"}],"wp:attachment":[{"href":"https:\/\/yvesfouquet.com\/fr\/wp-json\/wp\/v2\/media?parent=17981"}],"wp:term":[{"taxonomy":"product_cat","embeddable":true,"href":"https:\/\/yvesfouquet.com\/fr\/wp-json\/wp\/v2\/product_cat?post=17981"},{"taxonomy":"product_tag","embeddable":true,"href":"https:\/\/yvesfouquet.com\/fr\/wp-json\/wp\/v2\/product_tag?post=17981"}],"curies":[{"name":"wp","href":"https:\/\/api.w.org\/{rel}","templated":true}]}}