{"id":17982,"date":"2020-10-26T21:05:15","date_gmt":"2022-04-28T10:54:46","guid":{"rendered":"https:\/\/yvesfouquet.com\/console-louis-xvii-cs086\/"},"modified":"2022-04-28T13:54:46","modified_gmt":"2022-04-28T10:54:46","slug":"konsol-louis-xvii-cs086-2","status":"publish","type":"product","link":"https:\/\/yvesfouquet.com\/fr\/produit\/konsol-louis-xvii-cs086-2\/","title":{"rendered":"Console Louis XVII CS086"},"content":{"rendered":"<p>Si vous souhaitez diversifier votre design d\u2019int\u00e9rieur avec un meuble ancien exclusif, faites attention \u00e0 la console dans le style louis XVII. Une petite table \u00e9l\u00e9gante sur pieds minces aura fi\u00e8re allure dans presque toutes les pi\u00e8ces. Il compl\u00e8te harmonieusement l\u2019atmosph\u00e8re vintage et s\u2019int\u00e8gre m\u00eame dans un int\u00e9rieur au design plus moderne.<\/p>\n<p>Lorsque vous choisissez une console en bois antique, pensez \u00e0 l\u2019avance \u00e0 l\u2019endroit o\u00f9 vous allez la placer. De telles tables sont install\u00e9es pr\u00e8s du mur, de sorte que le comptoir a une forme asym\u00e9trique inhabituelle. Aux extr\u00e9mit\u00e9s de la console se trouvent deux tiroirs r\u00e9tractables, chacun d\u00e9cor\u00e9 d\u2019une \u00e9l\u00e9gante poign\u00e9e en laiton.<\/p>\n<p>La fa\u00e7ade de la table a une sculpture semblable \u00e0 une balustrade, dont la continuation ressemble \u00e0 des pieds cisel\u00e9s. En bas, il y a une \u00e9tag\u00e8re, sa forme et sa taille dupliquant un plateau arrondi.<\/p>\n<p>Compl\u00e8te avec un miroir, une console vintage en bois est parfaite pour le couloir, elle aura l\u2019air parfaite \u00e0 l\u2019int\u00e9rieur du salon. Il est \u00e9galement bien adapt\u00e9 \u00e0 la chambre \u00e0 coucher, o\u00f9 il peut remplir les fonctions d\u2019une table cosm\u00e9tique.<\/p>\n<p>Tous les meubles de l\u2019usine Yves Fouquet sont une \u0153uvre d\u2019auteur unique, qui est faite manuellement sur commande en utilisant des technologies anciennes. Par cons\u00e9quent, vous pouvez toujours changer la couleur, la taille et la finition de meubles exclusifs pour vos int\u00e9rieurs.<\/p>\n","protected":false},"excerpt":{"rendered":"<p><strong>Dimensions:<\/strong> <span class=\"s1\">L1055 x H850 x P300<\/span><\/p>\n<p><strong>Description :<\/strong> 2 tiroirs et 1 \u00e9tag\u00e8re ouverte<\/p>\n<p><strong>Disponible:<\/strong> en gris et sans peinture;<\/p>\n<div id=\"gtx-trans\" style=\"position: absolute; left: -60px; top: 78px;\">\n<div class=\"gtx-trans-icon\"><\/div>\n<\/div>\n","protected":false},"featured_media":16468,"template":"","meta":[],"product_cat":[148],"product_tag":[],"yoast_head":"<!-- This site is optimized with the Yoast SEO Premium plugin v20.7 (Yoast SEO v20.8) - https:\/\/yoast.com\/wordpress\/plugins\/seo\/ -->\n<title>Console en bois dans le style de Louis XVII - Yves Fouquet<\/title>\n<meta name=\"description\" content=\"Tables vintage faites \u00e0 la main par des designers. Mobilier d\u2019int\u00e9rieur Elite pour la maison \u00e0 commander. Production en Ukraine usine de meubles Yves Fouquet\" \/>\n<meta name=\"robots\" content=\"index, follow, max-snippet:-1, max-image-preview:large, max-video-preview:-1\" \/>\n<link rel=\"canonical\" href=\"https:\/\/yvesfouquet.com\/fr\/produit\/konsol-louis-xvii-cs086-2\/\" \/>\n<meta property=\"og:locale\" content=\"fr_FR\" \/>\n<meta property=\"og:type\" content=\"article\" \/>\n<meta property=\"og:title\" content=\"Console Louis XVII CS086\" \/>\n<meta property=\"og:description\" content=\"Tables vintage faites \u00e0 la main par des designers. Mobilier d\u2019int\u00e9rieur Elite pour la maison \u00e0 commander. Production en Ukraine usine de meubles Yves Fouquet\" \/>\n<meta property=\"og:url\" content=\"https:\/\/yvesfouquet.com\/fr\/produit\/konsol-louis-xvii-cs086-2\/\" \/>\n<meta property=\"og:site_name\" content=\"Yves Fouquet\" \/>\n<meta property=\"article:publisher\" content=\"https:\/\/www.facebook.com\/boutiueyvesfouquet\" \/>\n<meta property=\"og:image\" content=\"https:\/\/yvesfouquet.com\/wp-content\/uploads\/2020\/10\/34-1.png\" \/>\n\t<meta property=\"og:image:width\" content=\"1080\" \/>\n\t<meta property=\"og:image:height\" content=\"1080\" \/>\n\t<meta property=\"og:image:type\" content=\"image\/png\" \/>\n<meta name=\"twitter:card\" content=\"summary_large_image\" \/>\n<meta name=\"twitter:label1\" content=\"Prix\" \/>\n\t<meta name=\"twitter:data1\" content=\"\" \/>\n\t<meta name=\"twitter:label2\" content=\"Disponibilit\u00e9\" \/>\n\t<meta name=\"twitter:data2\" content=\"En r\u00e9assort\" \/>\n<script type=\"application\/ld+json\" class=\"yoast-schema-graph\">{\"@context\":\"https:\/\/schema.org\",\"@graph\":[{\"@type\":[\"WebPage\",\"ItemPage\"],\"@id\":\"https:\/\/yvesfouquet.com\/fr\/produit\/konsol-louis-xvii-cs086-2\/\",\"url\":\"https:\/\/yvesfouquet.com\/fr\/produit\/konsol-louis-xvii-cs086-2\/\",\"name\":\"Console en bois dans le style de Louis XVII - Yves Fouquet\",\"isPartOf\":{\"@id\":\"https:\/\/yvesfouquet.com\/#website\"},\"datePublished\":\"2022-04-28T10:54:46+00:00\",\"dateModified\":\"2022-04-28T10:54:46+00:00\",\"description\":\"Tables vintage faites \u00e0 la main par des designers. Mobilier d\u2019int\u00e9rieur Elite pour la maison \u00e0 commander. Production en Ukraine usine de meubles Yves Fouquet\",\"breadcrumb\":{\"@id\":\"https:\/\/yvesfouquet.com\/fr\/produit\/konsol-louis-xvii-cs086-2\/#breadcrumb\"},\"inLanguage\":\"fr-FR\",\"potentialAction\":[{\"@type\":\"ReadAction\",\"target\":[\"https:\/\/yvesfouquet.com\/fr\/produit\/konsol-louis-xvii-cs086-2\/\"]}]},{\"@type\":\"BreadcrumbList\",\"@id\":\"https:\/\/yvesfouquet.com\/fr\/produit\/konsol-louis-xvii-cs086-2\/#breadcrumb\",\"itemListElement\":[{\"@type\":\"ListItem\",\"position\":1,\"name\":\"\u0413\u043b\u0430\u0432\u043d\u0430\u044f\",\"item\":\"https:\/\/yvesfouquet.com\/fr\/\"},{\"@type\":\"ListItem\",\"position\":2,\"name\":\"Collections\",\"item\":\"https:\/\/yvesfouquet.com\/fr\/collections\/\"},{\"@type\":\"ListItem\",\"position\":3,\"name\":\"Console Louis XVII CS086\"}]},{\"@type\":\"WebSite\",\"@id\":\"https:\/\/yvesfouquet.com\/#website\",\"url\":\"https:\/\/yvesfouquet.com\/\",\"name\":\"Yves Fouquet\",\"description\":\"\u0424\u0440\u0430\u043d\u0446\u0443\u0437\u0441\u043a\u0430\u044f \u043c\u0435\u0431\u0435\u043b\u044c\",\"potentialAction\":[{\"@type\":\"SearchAction\",\"target\":{\"@type\":\"EntryPoint\",\"urlTemplate\":\"https:\/\/yvesfouquet.com\/?s={search_term_string}\"},\"query-input\":\"required name=search_term_string\"}],\"inLanguage\":\"fr-FR\"}]}<\/script>\n<meta property=\"product:price:amount\" content=\"0\" \/>\n<meta property=\"product:price:currency\" content=\"EUR\" \/>\n<meta property=\"og:availability\" content=\"backorder\" \/>\n<meta property=\"product:availability\" content=\"available for order\" \/>\n<meta property=\"product:retailer_item_id\" content=\"CS086\" \/>\n<meta property=\"product:condition\" content=\"new\" \/>\n<!-- \/ Yoast SEO Premium plugin. -->","yoast_head_json":{"title":"Console en bois dans le style de Louis XVII - Yves Fouquet","description":"Tables vintage faites \u00e0 la main par des designers. Mobilier d\u2019int\u00e9rieur Elite pour la maison \u00e0 commander. Production en Ukraine usine de meubles Yves Fouquet","robots":{"index":"index","follow":"follow","max-snippet":"max-snippet:-1","max-image-preview":"max-image-preview:large","max-video-preview":"max-video-preview:-1"},"canonical":"https:\/\/yvesfouquet.com\/fr\/produit\/konsol-louis-xvii-cs086-2\/","og_locale":"fr_FR","og_type":"article","og_title":"Console Louis XVII CS086","og_description":"Tables vintage faites \u00e0 la main par des designers. Mobilier d\u2019int\u00e9rieur Elite pour la maison \u00e0 commander. Production en Ukraine usine de meubles Yves Fouquet","og_url":"https:\/\/yvesfouquet.com\/fr\/produit\/konsol-louis-xvii-cs086-2\/","og_site_name":"Yves Fouquet","article_publisher":"https:\/\/www.facebook.com\/boutiueyvesfouquet","og_image":[{"width":1080,"height":1080,"url":"https:\/\/yvesfouquet.com\/wp-content\/uploads\/2020\/10\/34-1.png","type":"image\/png"}],"twitter_card":"summary_large_image","twitter_misc":{"Prix":"","Disponibilit\u00e9":"En r\u00e9assort"},"schema":{"@context":"https:\/\/schema.org","@graph":[{"@type":["WebPage","ItemPage"],"@id":"https:\/\/yvesfouquet.com\/fr\/produit\/konsol-louis-xvii-cs086-2\/","url":"https:\/\/yvesfouquet.com\/fr\/produit\/konsol-louis-xvii-cs086-2\/","name":"Console en bois dans le style de Louis XVII - Yves Fouquet","isPartOf":{"@id":"https:\/\/yvesfouquet.com\/#website"},"datePublished":"2022-04-28T10:54:46+00:00","dateModified":"2022-04-28T10:54:46+00:00","description":"Tables vintage faites \u00e0 la main par des designers. Mobilier d\u2019int\u00e9rieur Elite pour la maison \u00e0 commander. Production en Ukraine usine de meubles Yves Fouquet","breadcrumb":{"@id":"https:\/\/yvesfouquet.com\/fr\/produit\/konsol-louis-xvii-cs086-2\/#breadcrumb"},"inLanguage":"fr-FR","potentialAction":[{"@type":"ReadAction","target":["https:\/\/yvesfouquet.com\/fr\/produit\/konsol-louis-xvii-cs086-2\/"]}]},{"@type":"BreadcrumbList","@id":"https:\/\/yvesfouquet.com\/fr\/produit\/konsol-louis-xvii-cs086-2\/#breadcrumb","itemListElement":[{"@type":"ListItem","position":1,"name":"\u0413\u043b\u0430\u0432\u043d\u0430\u044f","item":"https:\/\/yvesfouquet.com\/fr\/"},{"@type":"ListItem","position":2,"name":"Collections","item":"https:\/\/yvesfouquet.com\/fr\/collections\/"},{"@type":"ListItem","position":3,"name":"Console Louis XVII CS086"}]},{"@type":"WebSite","@id":"https:\/\/yvesfouquet.com\/#website","url":"https:\/\/yvesfouquet.com\/","name":"Yves Fouquet","description":"\u0424\u0440\u0430\u043d\u0446\u0443\u0437\u0441\u043a\u0430\u044f \u043c\u0435\u0431\u0435\u043b\u044c","potentialAction":[{"@type":"SearchAction","target":{"@type":"EntryPoint","urlTemplate":"https:\/\/yvesfouquet.com\/?s={search_term_string}"},"query-input":"required name=search_term_string"}],"inLanguage":"fr-FR"}]},"product_price_currency":"EUR","og_availability":"backorder","product_availability":"available for order","product_retailer_item_id":"CS086","product_condition":"new"},"_links":{"self":[{"href":"https:\/\/yvesfouquet.com\/fr\/wp-json\/wp\/v2\/product\/17982"}],"collection":[{"href":"https:\/\/yvesfouquet.com\/fr\/wp-json\/wp\/v2\/product"}],"about":[{"href":"https:\/\/yvesfouquet.com\/fr\/wp-json\/wp\/v2\/types\/product"}],"version-history":[{"count":0,"href":"https:\/\/yvesfouquet.com\/fr\/wp-json\/wp\/v2\/product\/17982\/revisions"}],"wp:featuredmedia":[{"embeddable":true,"href":"https:\/\/yvesfouquet.com\/fr\/wp-json\/wp\/v2\/media\/16468"}],"wp:attachment":[{"href":"https:\/\/yvesfouquet.com\/fr\/wp-json\/wp\/v2\/media?parent=17982"}],"wp:term":[{"taxonomy":"product_cat","embeddable":true,"href":"https:\/\/yvesfouquet.com\/fr\/wp-json\/wp\/v2\/product_cat?post=17982"},{"taxonomy":"product_tag","embeddable":true,"href":"https:\/\/yvesfouquet.com\/fr\/wp-json\/wp\/v2\/product_tag?post=17982"}],"curies":[{"name":"wp","href":"https:\/\/api.w.org\/{rel}","templated":true}]}}