{"id":17985,"date":"2020-10-26T21:06:10","date_gmt":"2022-04-28T10:54:46","guid":{"rendered":"https:\/\/yvesfouquet.com\/console-louis-xv-cs090\/"},"modified":"2022-04-28T13:54:46","modified_gmt":"2022-04-28T10:54:46","slug":"konsol-louis-xv-cs090-2","status":"publish","type":"product","link":"https:\/\/yvesfouquet.com\/fr\/produit\/konsol-louis-xv-cs090-2\/","title":{"rendered":"Console Louis XV CS090"},"content":{"rendered":"<p>La console dans le style de Louis XV peut maintenant d\u00e9corer non seulement les palais royaux, mais aussi les coins de votre maison. Lignes courbes, formes majestueuses &#8211; ce mod\u00e8le attire certainement toute l\u2019attention de lui-m\u00eame. Massivement garnie d\u2019accessoires pr\u00e9cieux, cette console est con\u00e7ue pour compl\u00e9ter les int\u00e9rieurs et \u00eatre un article de luxe. En tant qu\u2019\u00e9l\u00e9ment d\u00e9coratif actif, la console compl\u00e8te parfaitement les salons, les chambres et les pr\u00e9-repos.<\/p>\n<p>&nbsp;<\/p>\n","protected":false},"excerpt":{"rendered":"<p><strong>Dimensions:<\/strong> <span class=\"s1\">L1800 X H 900 x 450<\/span><br \/>\n<strong> 1 tiroir et 2 planches r\u00e9tractables<\/strong><\/p>\n","protected":false},"featured_media":20726,"template":"","meta":[],"product_cat":[148],"product_tag":[],"yoast_head":"<!-- This site is optimized with the Yoast SEO Premium plugin v20.7 (Yoast SEO v20.8) - https:\/\/yoast.com\/wordpress\/plugins\/seo\/ -->\n<title>Console Louis XV CS090 - Yves Fouquet meubles premium<\/title>\n<meta name=\"description\" content=\"Console de luxe dans le style Fran\u00e7ais, cr\u00e9\u00e9e \u00e0 partir de bois naturel. Peut \u00eatre fait sur mesure dans n\u2019importe quelle couleur et taille.\" \/>\n<meta name=\"robots\" content=\"index, follow, max-snippet:-1, max-image-preview:large, max-video-preview:-1\" \/>\n<link rel=\"canonical\" href=\"https:\/\/yvesfouquet.com\/fr\/produit\/konsol-louis-xv-cs090-2\/\" \/>\n<meta property=\"og:locale\" content=\"fr_FR\" \/>\n<meta property=\"og:type\" content=\"article\" \/>\n<meta property=\"og:title\" content=\"Console Louis XV CS090\" \/>\n<meta property=\"og:description\" content=\"Console de luxe dans le style Fran\u00e7ais, cr\u00e9\u00e9e \u00e0 partir de bois naturel. Peut \u00eatre fait sur mesure dans n\u2019importe quelle couleur et taille.\" \/>\n<meta property=\"og:url\" content=\"https:\/\/yvesfouquet.com\/fr\/produit\/konsol-louis-xv-cs090-2\/\" \/>\n<meta property=\"og:site_name\" content=\"Yves Fouquet\" \/>\n<meta property=\"article:publisher\" content=\"https:\/\/www.facebook.com\/boutiueyvesfouquet\" \/>\n<meta property=\"og:image\" content=\"https:\/\/yvesfouquet.com\/wp-content\/uploads\/2020\/10\/de50f9_6eff27c171be46b48441283f38253cefmv2_d_3960_2640_s_4_2-scaled-2.jpg\" \/>\n\t<meta property=\"og:image:width\" content=\"1600\" \/>\n\t<meta property=\"og:image:height\" content=\"1067\" \/>\n\t<meta property=\"og:image:type\" content=\"image\/jpeg\" \/>\n<meta name=\"twitter:card\" content=\"summary_large_image\" \/>\n<meta name=\"twitter:label1\" content=\"Prix\" \/>\n\t<meta name=\"twitter:data1\" content=\"\" \/>\n\t<meta name=\"twitter:label2\" content=\"Disponibilit\u00e9\" \/>\n\t<meta name=\"twitter:data2\" content=\"En stock\" \/>\n<script type=\"application\/ld+json\" class=\"yoast-schema-graph\">{\"@context\":\"https:\/\/schema.org\",\"@graph\":[{\"@type\":[\"WebPage\",\"ItemPage\"],\"@id\":\"https:\/\/yvesfouquet.com\/fr\/produit\/konsol-louis-xv-cs090-2\/\",\"url\":\"https:\/\/yvesfouquet.com\/fr\/produit\/konsol-louis-xv-cs090-2\/\",\"name\":\"Console Louis XV CS090 - Yves Fouquet meubles premium\",\"isPartOf\":{\"@id\":\"https:\/\/yvesfouquet.com\/#website\"},\"datePublished\":\"2022-04-28T10:54:46+00:00\",\"dateModified\":\"2022-04-28T10:54:46+00:00\",\"description\":\"Console de luxe dans le style Fran\u00e7ais, cr\u00e9\u00e9e \u00e0 partir de bois naturel. Peut \u00eatre fait sur mesure dans n\u2019importe quelle couleur et taille.\",\"breadcrumb\":{\"@id\":\"https:\/\/yvesfouquet.com\/fr\/produit\/konsol-louis-xv-cs090-2\/#breadcrumb\"},\"inLanguage\":\"fr-FR\",\"potentialAction\":[{\"@type\":\"ReadAction\",\"target\":[\"https:\/\/yvesfouquet.com\/fr\/produit\/konsol-louis-xv-cs090-2\/\"]}]},{\"@type\":\"BreadcrumbList\",\"@id\":\"https:\/\/yvesfouquet.com\/fr\/produit\/konsol-louis-xv-cs090-2\/#breadcrumb\",\"itemListElement\":[{\"@type\":\"ListItem\",\"position\":1,\"name\":\"\u0413\u043b\u0430\u0432\u043d\u0430\u044f\",\"item\":\"https:\/\/yvesfouquet.com\/fr\/\"},{\"@type\":\"ListItem\",\"position\":2,\"name\":\"Collections\",\"item\":\"https:\/\/yvesfouquet.com\/fr\/collections\/\"},{\"@type\":\"ListItem\",\"position\":3,\"name\":\"Console Louis XV CS090\"}]},{\"@type\":\"WebSite\",\"@id\":\"https:\/\/yvesfouquet.com\/#website\",\"url\":\"https:\/\/yvesfouquet.com\/\",\"name\":\"Yves Fouquet\",\"description\":\"\u0424\u0440\u0430\u043d\u0446\u0443\u0437\u0441\u043a\u0430\u044f \u043c\u0435\u0431\u0435\u043b\u044c\",\"potentialAction\":[{\"@type\":\"SearchAction\",\"target\":{\"@type\":\"EntryPoint\",\"urlTemplate\":\"https:\/\/yvesfouquet.com\/?s={search_term_string}\"},\"query-input\":\"required name=search_term_string\"}],\"inLanguage\":\"fr-FR\"}]}<\/script>\n<meta property=\"product:price:amount\" content=\"0\" \/>\n<meta property=\"product:price:currency\" content=\"EUR\" \/>\n<meta property=\"og:availability\" content=\"instock\" \/>\n<meta property=\"product:availability\" content=\"instock\" \/>\n<meta property=\"product:retailer_item_id\" content=\"CS090\" \/>\n<meta property=\"product:condition\" content=\"new\" \/>\n<!-- \/ Yoast SEO Premium plugin. -->","yoast_head_json":{"title":"Console Louis XV CS090 - Yves Fouquet meubles premium","description":"Console de luxe dans le style Fran\u00e7ais, cr\u00e9\u00e9e \u00e0 partir de bois naturel. Peut \u00eatre fait sur mesure dans n\u2019importe quelle couleur et taille.","robots":{"index":"index","follow":"follow","max-snippet":"max-snippet:-1","max-image-preview":"max-image-preview:large","max-video-preview":"max-video-preview:-1"},"canonical":"https:\/\/yvesfouquet.com\/fr\/produit\/konsol-louis-xv-cs090-2\/","og_locale":"fr_FR","og_type":"article","og_title":"Console Louis XV CS090","og_description":"Console de luxe dans le style Fran\u00e7ais, cr\u00e9\u00e9e \u00e0 partir de bois naturel. Peut \u00eatre fait sur mesure dans n\u2019importe quelle couleur et taille.","og_url":"https:\/\/yvesfouquet.com\/fr\/produit\/konsol-louis-xv-cs090-2\/","og_site_name":"Yves Fouquet","article_publisher":"https:\/\/www.facebook.com\/boutiueyvesfouquet","og_image":[{"width":1600,"height":1067,"url":"https:\/\/yvesfouquet.com\/wp-content\/uploads\/2020\/10\/de50f9_6eff27c171be46b48441283f38253cefmv2_d_3960_2640_s_4_2-scaled-2.jpg","type":"image\/jpeg"}],"twitter_card":"summary_large_image","twitter_misc":{"Prix":"","Disponibilit\u00e9":"En stock"},"schema":{"@context":"https:\/\/schema.org","@graph":[{"@type":["WebPage","ItemPage"],"@id":"https:\/\/yvesfouquet.com\/fr\/produit\/konsol-louis-xv-cs090-2\/","url":"https:\/\/yvesfouquet.com\/fr\/produit\/konsol-louis-xv-cs090-2\/","name":"Console Louis XV CS090 - Yves Fouquet meubles premium","isPartOf":{"@id":"https:\/\/yvesfouquet.com\/#website"},"datePublished":"2022-04-28T10:54:46+00:00","dateModified":"2022-04-28T10:54:46+00:00","description":"Console de luxe dans le style Fran\u00e7ais, cr\u00e9\u00e9e \u00e0 partir de bois naturel. Peut \u00eatre fait sur mesure dans n\u2019importe quelle couleur et taille.","breadcrumb":{"@id":"https:\/\/yvesfouquet.com\/fr\/produit\/konsol-louis-xv-cs090-2\/#breadcrumb"},"inLanguage":"fr-FR","potentialAction":[{"@type":"ReadAction","target":["https:\/\/yvesfouquet.com\/fr\/produit\/konsol-louis-xv-cs090-2\/"]}]},{"@type":"BreadcrumbList","@id":"https:\/\/yvesfouquet.com\/fr\/produit\/konsol-louis-xv-cs090-2\/#breadcrumb","itemListElement":[{"@type":"ListItem","position":1,"name":"\u0413\u043b\u0430\u0432\u043d\u0430\u044f","item":"https:\/\/yvesfouquet.com\/fr\/"},{"@type":"ListItem","position":2,"name":"Collections","item":"https:\/\/yvesfouquet.com\/fr\/collections\/"},{"@type":"ListItem","position":3,"name":"Console Louis XV CS090"}]},{"@type":"WebSite","@id":"https:\/\/yvesfouquet.com\/#website","url":"https:\/\/yvesfouquet.com\/","name":"Yves Fouquet","description":"\u0424\u0440\u0430\u043d\u0446\u0443\u0437\u0441\u043a\u0430\u044f \u043c\u0435\u0431\u0435\u043b\u044c","potentialAction":[{"@type":"SearchAction","target":{"@type":"EntryPoint","urlTemplate":"https:\/\/yvesfouquet.com\/?s={search_term_string}"},"query-input":"required name=search_term_string"}],"inLanguage":"fr-FR"}]},"product_price_currency":"EUR","og_availability":"instock","product_availability":"instock","product_retailer_item_id":"CS090","product_condition":"new"},"_links":{"self":[{"href":"https:\/\/yvesfouquet.com\/fr\/wp-json\/wp\/v2\/product\/17985"}],"collection":[{"href":"https:\/\/yvesfouquet.com\/fr\/wp-json\/wp\/v2\/product"}],"about":[{"href":"https:\/\/yvesfouquet.com\/fr\/wp-json\/wp\/v2\/types\/product"}],"version-history":[{"count":0,"href":"https:\/\/yvesfouquet.com\/fr\/wp-json\/wp\/v2\/product\/17985\/revisions"}],"wp:featuredmedia":[{"embeddable":true,"href":"https:\/\/yvesfouquet.com\/fr\/wp-json\/wp\/v2\/media\/20726"}],"wp:attachment":[{"href":"https:\/\/yvesfouquet.com\/fr\/wp-json\/wp\/v2\/media?parent=17985"}],"wp:term":[{"taxonomy":"product_cat","embeddable":true,"href":"https:\/\/yvesfouquet.com\/fr\/wp-json\/wp\/v2\/product_cat?post=17985"},{"taxonomy":"product_tag","embeddable":true,"href":"https:\/\/yvesfouquet.com\/fr\/wp-json\/wp\/v2\/product_tag?post=17985"}],"curies":[{"name":"wp","href":"https:\/\/api.w.org\/{rel}","templated":true}]}}