{"id":17988,"date":"2021-11-26T00:53:58","date_gmt":"2022-04-28T10:55:17","guid":{"rendered":"https:\/\/yvesfouquet.com\/barre-de-console-csb001\/"},"modified":"2022-04-28T13:55:17","modified_gmt":"2022-04-28T10:55:17","slug":"bar-konsol-csb001-2","status":"publish","type":"product","link":"https:\/\/yvesfouquet.com\/fr\/produit\/bar-konsol-csb001-2\/","title":{"rendered":"Barre de console CSB001"},"content":{"rendered":"<p>Les meubles vintage sont toujours pertinents et ont fi\u00e8re allure dans un int\u00e9rieur design. La d\u00e9coration exclusive de votre salon sera ce magnifique Bar de style antique. Un autre d\u00e9veloppement unique des designers de l\u2019usine de meubles ukrainienne Yves Fouquet prendra une place digne dans l\u2019atmosph\u00e8re de votre maison.<\/p>\n<p>Un bar lumineux et extraordinaire attire imm\u00e9diatement l\u2019attention. Son corps rectangulaire est plac\u00e9 sur huit longues jambes gracieuses. Une solution de conception int\u00e9ressante, qui en soi semble tr\u00e8s inhabituelle.<\/p>\n<p>Le bar en bois de style antique est divis\u00e9 en trois compartiments carr\u00e9s avec des portes verrouillables. En moyenne, trois \u00e9tag\u00e8res sont install\u00e9es pour le stockage horizontal des bouteilles de vin. Sur les c\u00f4t\u00e9s, il y a un compartiment pour les lunettes et un autre compartiment sans \u00e9tag\u00e8res. Les petits objets, serviettes et autres ustensiles peuvent \u00eatre rang\u00e9s dans des tiroirs r\u00e9tractables aux extr\u00e9mit\u00e9s.<\/p>\n<p>\u00c0 l\u2019ext\u00e9rieur, les portes sont d\u00e9cor\u00e9es de fines sculptures, au milieu desquelles se trouvent des poign\u00e9es avec des doublures en forme d\u2019\u00e9toile. Sur la surface int\u00e9rieure de chacun, il y a un miroir en mosa\u00efque. Les c\u00f4t\u00e9s des tiroirs sont ferm\u00e9s avec des extr\u00e9mit\u00e9s avec un motif de diamants color\u00e9s. Atmosph\u00e9rique et vintage donne au bar l\u2019utilisation de techniques de vieillissement.<\/p>\n<p>Une barre exclusive est assembl\u00e9e sur commande et vous pouvez changer sa couleur, sa taille et son design pour votre int\u00e9rieur.<\/p>\n","protected":false},"excerpt":{"rendered":"<p><strong>Dimensions:<\/strong>1500 x 1100 x 480<\/p>\n<p><strong>Description:<\/strong> double face, 3 portes, \u00e9tag\u00e8re pour l\u2019\u00e9picerie, 4 \u00e9tag\u00e8res pour le vin, 2 tiroirs<\/p>\n","protected":false},"featured_media":17475,"template":"","meta":[],"product_cat":[155,148],"product_tag":[],"yoast_head":"<!-- This site is optimized with the Yoast SEO Premium plugin v20.7 (Yoast SEO v20.8) - https:\/\/yoast.com\/wordpress\/plugins\/seo\/ -->\n<title>Bar buffet en bois de style vintage \u00e0 commander - Yves Fouquet<\/title>\n<meta name=\"description\" content=\"Mobilier d\u2019int\u00e9rieur unique fait \u00e0 la main en Ukraine. Bar d\u00e9coratif \u00e0 trois portes en bois naturel dans un style ancien de l\u2019usine de meubles Yves Fouquet\" \/>\n<meta name=\"robots\" content=\"index, follow, max-snippet:-1, max-image-preview:large, max-video-preview:-1\" \/>\n<link rel=\"canonical\" href=\"https:\/\/yvesfouquet.com\/fr\/produit\/bar-konsol-csb001-2\/\" \/>\n<meta property=\"og:locale\" content=\"fr_FR\" \/>\n<meta property=\"og:type\" content=\"article\" \/>\n<meta property=\"og:title\" content=\"Barre de console CSB001\" \/>\n<meta property=\"og:description\" content=\"Mobilier d\u2019int\u00e9rieur unique fait \u00e0 la main en Ukraine. Bar d\u00e9coratif \u00e0 trois portes en bois naturel dans un style ancien de l\u2019usine de meubles Yves Fouquet\" \/>\n<meta property=\"og:url\" content=\"https:\/\/yvesfouquet.com\/fr\/produit\/bar-konsol-csb001-2\/\" \/>\n<meta property=\"og:site_name\" content=\"Yves Fouquet\" \/>\n<meta property=\"article:publisher\" content=\"https:\/\/www.facebook.com\/boutiueyvesfouquet\" \/>\n<meta property=\"og:image\" content=\"https:\/\/yvesfouquet.com\/wp-content\/uploads\/2021\/11\/bar-1.png\" \/>\n\t<meta property=\"og:image:width\" content=\"1920\" \/>\n\t<meta property=\"og:image:height\" content=\"1920\" \/>\n\t<meta property=\"og:image:type\" content=\"image\/png\" \/>\n<meta name=\"twitter:card\" content=\"summary_large_image\" \/>\n<meta name=\"twitter:label1\" content=\"Prix\" \/>\n\t<meta name=\"twitter:data1\" content=\"\" \/>\n\t<meta name=\"twitter:label2\" content=\"Disponibilit\u00e9\" \/>\n\t<meta name=\"twitter:data2\" content=\"En r\u00e9assort\" \/>\n<script type=\"application\/ld+json\" class=\"yoast-schema-graph\">{\"@context\":\"https:\/\/schema.org\",\"@graph\":[{\"@type\":[\"WebPage\",\"ItemPage\"],\"@id\":\"https:\/\/yvesfouquet.com\/fr\/produit\/bar-konsol-csb001-2\/\",\"url\":\"https:\/\/yvesfouquet.com\/fr\/produit\/bar-konsol-csb001-2\/\",\"name\":\"Bar buffet en bois de style vintage \u00e0 commander - Yves Fouquet\",\"isPartOf\":{\"@id\":\"https:\/\/yvesfouquet.com\/#website\"},\"datePublished\":\"2022-04-28T10:55:17+00:00\",\"dateModified\":\"2022-04-28T10:55:17+00:00\",\"description\":\"Mobilier d\u2019int\u00e9rieur unique fait \u00e0 la main en Ukraine. Bar d\u00e9coratif \u00e0 trois portes en bois naturel dans un style ancien de l\u2019usine de meubles Yves Fouquet\",\"breadcrumb\":{\"@id\":\"https:\/\/yvesfouquet.com\/fr\/produit\/bar-konsol-csb001-2\/#breadcrumb\"},\"inLanguage\":\"fr-FR\",\"potentialAction\":[{\"@type\":\"ReadAction\",\"target\":[\"https:\/\/yvesfouquet.com\/fr\/produit\/bar-konsol-csb001-2\/\"]}]},{\"@type\":\"BreadcrumbList\",\"@id\":\"https:\/\/yvesfouquet.com\/fr\/produit\/bar-konsol-csb001-2\/#breadcrumb\",\"itemListElement\":[{\"@type\":\"ListItem\",\"position\":1,\"name\":\"\u0413\u043b\u0430\u0432\u043d\u0430\u044f\",\"item\":\"https:\/\/yvesfouquet.com\/fr\/\"},{\"@type\":\"ListItem\",\"position\":2,\"name\":\"Collections\",\"item\":\"https:\/\/yvesfouquet.com\/fr\/collections\/\"},{\"@type\":\"ListItem\",\"position\":3,\"name\":\"Barre de console CSB001\"}]},{\"@type\":\"WebSite\",\"@id\":\"https:\/\/yvesfouquet.com\/#website\",\"url\":\"https:\/\/yvesfouquet.com\/\",\"name\":\"Yves Fouquet\",\"description\":\"\u0424\u0440\u0430\u043d\u0446\u0443\u0437\u0441\u043a\u0430\u044f \u043c\u0435\u0431\u0435\u043b\u044c\",\"potentialAction\":[{\"@type\":\"SearchAction\",\"target\":{\"@type\":\"EntryPoint\",\"urlTemplate\":\"https:\/\/yvesfouquet.com\/?s={search_term_string}\"},\"query-input\":\"required name=search_term_string\"}],\"inLanguage\":\"fr-FR\"}]}<\/script>\n<meta property=\"product:price:amount\" content=\"0\" \/>\n<meta property=\"product:price:currency\" content=\"EUR\" \/>\n<meta property=\"og:availability\" content=\"backorder\" \/>\n<meta property=\"product:availability\" content=\"available for order\" \/>\n<meta property=\"product:retailer_item_id\" content=\"CSB001\" \/>\n<meta property=\"product:condition\" content=\"new\" \/>\n<!-- \/ Yoast SEO Premium plugin. -->","yoast_head_json":{"title":"Bar buffet en bois de style vintage \u00e0 commander - Yves Fouquet","description":"Mobilier d\u2019int\u00e9rieur unique fait \u00e0 la main en Ukraine. Bar d\u00e9coratif \u00e0 trois portes en bois naturel dans un style ancien de l\u2019usine de meubles Yves Fouquet","robots":{"index":"index","follow":"follow","max-snippet":"max-snippet:-1","max-image-preview":"max-image-preview:large","max-video-preview":"max-video-preview:-1"},"canonical":"https:\/\/yvesfouquet.com\/fr\/produit\/bar-konsol-csb001-2\/","og_locale":"fr_FR","og_type":"article","og_title":"Barre de console CSB001","og_description":"Mobilier d\u2019int\u00e9rieur unique fait \u00e0 la main en Ukraine. Bar d\u00e9coratif \u00e0 trois portes en bois naturel dans un style ancien de l\u2019usine de meubles Yves Fouquet","og_url":"https:\/\/yvesfouquet.com\/fr\/produit\/bar-konsol-csb001-2\/","og_site_name":"Yves Fouquet","article_publisher":"https:\/\/www.facebook.com\/boutiueyvesfouquet","og_image":[{"width":1920,"height":1920,"url":"https:\/\/yvesfouquet.com\/wp-content\/uploads\/2021\/11\/bar-1.png","type":"image\/png"}],"twitter_card":"summary_large_image","twitter_misc":{"Prix":"","Disponibilit\u00e9":"En r\u00e9assort"},"schema":{"@context":"https:\/\/schema.org","@graph":[{"@type":["WebPage","ItemPage"],"@id":"https:\/\/yvesfouquet.com\/fr\/produit\/bar-konsol-csb001-2\/","url":"https:\/\/yvesfouquet.com\/fr\/produit\/bar-konsol-csb001-2\/","name":"Bar buffet en bois de style vintage \u00e0 commander - Yves Fouquet","isPartOf":{"@id":"https:\/\/yvesfouquet.com\/#website"},"datePublished":"2022-04-28T10:55:17+00:00","dateModified":"2022-04-28T10:55:17+00:00","description":"Mobilier d\u2019int\u00e9rieur unique fait \u00e0 la main en Ukraine. Bar d\u00e9coratif \u00e0 trois portes en bois naturel dans un style ancien de l\u2019usine de meubles Yves Fouquet","breadcrumb":{"@id":"https:\/\/yvesfouquet.com\/fr\/produit\/bar-konsol-csb001-2\/#breadcrumb"},"inLanguage":"fr-FR","potentialAction":[{"@type":"ReadAction","target":["https:\/\/yvesfouquet.com\/fr\/produit\/bar-konsol-csb001-2\/"]}]},{"@type":"BreadcrumbList","@id":"https:\/\/yvesfouquet.com\/fr\/produit\/bar-konsol-csb001-2\/#breadcrumb","itemListElement":[{"@type":"ListItem","position":1,"name":"\u0413\u043b\u0430\u0432\u043d\u0430\u044f","item":"https:\/\/yvesfouquet.com\/fr\/"},{"@type":"ListItem","position":2,"name":"Collections","item":"https:\/\/yvesfouquet.com\/fr\/collections\/"},{"@type":"ListItem","position":3,"name":"Barre de console CSB001"}]},{"@type":"WebSite","@id":"https:\/\/yvesfouquet.com\/#website","url":"https:\/\/yvesfouquet.com\/","name":"Yves Fouquet","description":"\u0424\u0440\u0430\u043d\u0446\u0443\u0437\u0441\u043a\u0430\u044f \u043c\u0435\u0431\u0435\u043b\u044c","potentialAction":[{"@type":"SearchAction","target":{"@type":"EntryPoint","urlTemplate":"https:\/\/yvesfouquet.com\/?s={search_term_string}"},"query-input":"required name=search_term_string"}],"inLanguage":"fr-FR"}]},"product_price_currency":"EUR","og_availability":"backorder","product_availability":"available for order","product_retailer_item_id":"CSB001","product_condition":"new"},"_links":{"self":[{"href":"https:\/\/yvesfouquet.com\/fr\/wp-json\/wp\/v2\/product\/17988"}],"collection":[{"href":"https:\/\/yvesfouquet.com\/fr\/wp-json\/wp\/v2\/product"}],"about":[{"href":"https:\/\/yvesfouquet.com\/fr\/wp-json\/wp\/v2\/types\/product"}],"version-history":[{"count":0,"href":"https:\/\/yvesfouquet.com\/fr\/wp-json\/wp\/v2\/product\/17988\/revisions"}],"wp:featuredmedia":[{"embeddable":true,"href":"https:\/\/yvesfouquet.com\/fr\/wp-json\/wp\/v2\/media\/17475"}],"wp:attachment":[{"href":"https:\/\/yvesfouquet.com\/fr\/wp-json\/wp\/v2\/media?parent=17988"}],"wp:term":[{"taxonomy":"product_cat","embeddable":true,"href":"https:\/\/yvesfouquet.com\/fr\/wp-json\/wp\/v2\/product_cat?post=17988"},{"taxonomy":"product_tag","embeddable":true,"href":"https:\/\/yvesfouquet.com\/fr\/wp-json\/wp\/v2\/product_tag?post=17988"}],"curies":[{"name":"wp","href":"https:\/\/api.w.org\/{rel}","templated":true}]}}