{"id":17991,"date":"2020-10-26T21:04:53","date_gmt":"2022-04-28T10:55:21","guid":{"rendered":"https:\/\/yvesfouquet.com\/directoireya-console-cs081\/"},"modified":"2022-04-28T13:55:21","modified_gmt":"2022-04-28T10:55:21","slug":"konsol-directoireya-cs081-2","status":"publish","type":"product","link":"https:\/\/yvesfouquet.com\/fr\/produit\/konsol-directoireya-cs081-2\/","title":{"rendered":"Directoireya Console CS081"},"content":{"rendered":"<p>Looks \u00e9l\u00e9gants et authentiques \u00e0 l\u2019int\u00e9rieur de la console en bois de l\u2019\u00e9poque du Fran\u00e7ais Directory. Les meubles exclusifs haut de gamme sont une magnifique \u0153uvre artisanale des ma\u00eetres de la manufacture ukrainienne Yves Fouquet. Lumineux et pratique, il se distingue par la clart\u00e9 des lignes droites, le design laconique strict et la praticit\u00e9. Un mod\u00e8le color\u00e9 deviendra une d\u00e9coration originale de vos int\u00e9rieurs \u00e0 l\u2019ancienne.<\/p>\n<p>Le mod\u00e8le de l\u2019auteur de la console en bois naturel repose sur de minces talons doubl\u00e9s de talons en bronze. Il est \u00e9quip\u00e9 de trois tiroirs r\u00e9tractables s\u00e9par\u00e9s par des lattes. Au milieu se trouve un d\u00e9cor sculpt\u00e9 \u00e0 la main sous la forme de deux feuilles crois\u00e9es.<\/p>\n<p>Aristocratique et compl\u00e8te de mani\u00e8re exquise le design g\u00e9n\u00e9ral avec des raccords d\u2019\u00e9lite fabriqu\u00e9s en France. La chaleur et la texture de la console sont ajout\u00e9es par un comptoir laqu\u00e9 avec un motif de parquet traditionnel.<\/p>\n<p>Les meubles design en essences de bois de haute qualit\u00e9 sont assembl\u00e9s sur commande, en tenant compte de tous les souhaits du client. En fonction des caract\u00e9ristiques de votre int\u00e9rieur, vous pouvez choisir la couleur, la taille, les accessoires et les \u00e9l\u00e9ments de d\u00e9coration.<\/p>\n<p>Gr\u00e2ce aux technologies d\u2019assemblage traditionnelles et aux techniques de vieillissement artificiel, les meubles en bois anciens semblent avoir \u00e9t\u00e9 assembl\u00e9s il y a plusieurs si\u00e8cles.<\/p>\n","protected":false},"excerpt":{"rendered":"<p><strong>Dimensions:<\/strong> <span class=\"s1\">L1480 x H800 x P400<\/span><\/p>\n<p><strong>Description:<\/strong> 3 tiroirs<\/p>\n","protected":false},"featured_media":16406,"template":"","meta":[],"product_cat":[148],"product_tag":[],"yoast_head":"<!-- This site is optimized with the Yoast SEO Premium plugin v20.7 (Yoast SEO v20.8) - https:\/\/yoast.com\/wordpress\/plugins\/seo\/ -->\n<title>Conscole en bois dans l\u2019ancien style Fran\u00e7ais - Yves Fouquet<\/title>\n<meta name=\"description\" content=\"Meubles design d\u2019\u00e9lite sur commande. Technologies d\u2019assemblage vintage, sculptures \u00e0 la main, raccords Fran\u00e7ais, design unique. Production en Ukraine usine de meubles Yves Fouquet\" \/>\n<meta name=\"robots\" content=\"index, follow, max-snippet:-1, max-image-preview:large, max-video-preview:-1\" \/>\n<link rel=\"canonical\" href=\"https:\/\/yvesfouquet.com\/fr\/produit\/konsol-directoireya-cs081-2\/\" \/>\n<meta property=\"og:locale\" content=\"fr_FR\" \/>\n<meta property=\"og:type\" content=\"article\" \/>\n<meta property=\"og:title\" content=\"Directoireya Console CS081\" \/>\n<meta property=\"og:description\" content=\"Meubles design d\u2019\u00e9lite sur commande. Technologies d\u2019assemblage vintage, sculptures \u00e0 la main, raccords Fran\u00e7ais, design unique. Production en Ukraine usine de meubles Yves Fouquet\" \/>\n<meta property=\"og:url\" content=\"https:\/\/yvesfouquet.com\/fr\/produit\/konsol-directoireya-cs081-2\/\" \/>\n<meta property=\"og:site_name\" content=\"Yves Fouquet\" \/>\n<meta property=\"article:publisher\" content=\"https:\/\/www.facebook.com\/boutiueyvesfouquet\" \/>\n<meta property=\"og:image\" content=\"https:\/\/yvesfouquet.com\/wp-content\/uploads\/2020\/10\/27-1-1.png\" \/>\n\t<meta property=\"og:image:width\" content=\"1080\" \/>\n\t<meta property=\"og:image:height\" content=\"1080\" \/>\n\t<meta property=\"og:image:type\" content=\"image\/png\" \/>\n<meta name=\"twitter:card\" content=\"summary_large_image\" \/>\n<meta name=\"twitter:label1\" content=\"Prix\" \/>\n\t<meta name=\"twitter:data1\" content=\"\" \/>\n\t<meta name=\"twitter:label2\" content=\"Disponibilit\u00e9\" \/>\n\t<meta name=\"twitter:data2\" content=\"En stock\" \/>\n<script type=\"application\/ld+json\" class=\"yoast-schema-graph\">{\"@context\":\"https:\/\/schema.org\",\"@graph\":[{\"@type\":[\"WebPage\",\"ItemPage\"],\"@id\":\"https:\/\/yvesfouquet.com\/fr\/produit\/konsol-directoireya-cs081-2\/\",\"url\":\"https:\/\/yvesfouquet.com\/fr\/produit\/konsol-directoireya-cs081-2\/\",\"name\":\"Conscole en bois dans l\u2019ancien style Fran\u00e7ais - Yves Fouquet\",\"isPartOf\":{\"@id\":\"https:\/\/yvesfouquet.com\/#website\"},\"datePublished\":\"2022-04-28T10:55:21+00:00\",\"dateModified\":\"2022-04-28T10:55:21+00:00\",\"description\":\"Meubles design d\u2019\u00e9lite sur commande. Technologies d\u2019assemblage vintage, sculptures \u00e0 la main, raccords Fran\u00e7ais, design unique. Production en Ukraine usine de meubles Yves Fouquet\",\"breadcrumb\":{\"@id\":\"https:\/\/yvesfouquet.com\/fr\/produit\/konsol-directoireya-cs081-2\/#breadcrumb\"},\"inLanguage\":\"fr-FR\",\"potentialAction\":[{\"@type\":\"ReadAction\",\"target\":[\"https:\/\/yvesfouquet.com\/fr\/produit\/konsol-directoireya-cs081-2\/\"]}]},{\"@type\":\"BreadcrumbList\",\"@id\":\"https:\/\/yvesfouquet.com\/fr\/produit\/konsol-directoireya-cs081-2\/#breadcrumb\",\"itemListElement\":[{\"@type\":\"ListItem\",\"position\":1,\"name\":\"\u0413\u043b\u0430\u0432\u043d\u0430\u044f\",\"item\":\"https:\/\/yvesfouquet.com\/fr\/\"},{\"@type\":\"ListItem\",\"position\":2,\"name\":\"Collections\",\"item\":\"https:\/\/yvesfouquet.com\/fr\/collections\/\"},{\"@type\":\"ListItem\",\"position\":3,\"name\":\"Directoireya Console CS081\"}]},{\"@type\":\"WebSite\",\"@id\":\"https:\/\/yvesfouquet.com\/#website\",\"url\":\"https:\/\/yvesfouquet.com\/\",\"name\":\"Yves Fouquet\",\"description\":\"\u0424\u0440\u0430\u043d\u0446\u0443\u0437\u0441\u043a\u0430\u044f \u043c\u0435\u0431\u0435\u043b\u044c\",\"potentialAction\":[{\"@type\":\"SearchAction\",\"target\":{\"@type\":\"EntryPoint\",\"urlTemplate\":\"https:\/\/yvesfouquet.com\/?s={search_term_string}\"},\"query-input\":\"required name=search_term_string\"}],\"inLanguage\":\"fr-FR\"}]}<\/script>\n<meta property=\"product:price:amount\" content=\"0\" \/>\n<meta property=\"product:price:currency\" content=\"EUR\" \/>\n<meta property=\"og:availability\" content=\"instock\" \/>\n<meta property=\"product:availability\" content=\"instock\" \/>\n<meta property=\"product:retailer_item_id\" content=\"CS081\" \/>\n<meta property=\"product:condition\" content=\"new\" \/>\n<!-- \/ Yoast SEO Premium plugin. -->","yoast_head_json":{"title":"Conscole en bois dans l\u2019ancien style Fran\u00e7ais - Yves Fouquet","description":"Meubles design d\u2019\u00e9lite sur commande. Technologies d\u2019assemblage vintage, sculptures \u00e0 la main, raccords Fran\u00e7ais, design unique. Production en Ukraine usine de meubles Yves Fouquet","robots":{"index":"index","follow":"follow","max-snippet":"max-snippet:-1","max-image-preview":"max-image-preview:large","max-video-preview":"max-video-preview:-1"},"canonical":"https:\/\/yvesfouquet.com\/fr\/produit\/konsol-directoireya-cs081-2\/","og_locale":"fr_FR","og_type":"article","og_title":"Directoireya Console CS081","og_description":"Meubles design d\u2019\u00e9lite sur commande. Technologies d\u2019assemblage vintage, sculptures \u00e0 la main, raccords Fran\u00e7ais, design unique. Production en Ukraine usine de meubles Yves Fouquet","og_url":"https:\/\/yvesfouquet.com\/fr\/produit\/konsol-directoireya-cs081-2\/","og_site_name":"Yves Fouquet","article_publisher":"https:\/\/www.facebook.com\/boutiueyvesfouquet","og_image":[{"width":1080,"height":1080,"url":"https:\/\/yvesfouquet.com\/wp-content\/uploads\/2020\/10\/27-1-1.png","type":"image\/png"}],"twitter_card":"summary_large_image","twitter_misc":{"Prix":"","Disponibilit\u00e9":"En stock"},"schema":{"@context":"https:\/\/schema.org","@graph":[{"@type":["WebPage","ItemPage"],"@id":"https:\/\/yvesfouquet.com\/fr\/produit\/konsol-directoireya-cs081-2\/","url":"https:\/\/yvesfouquet.com\/fr\/produit\/konsol-directoireya-cs081-2\/","name":"Conscole en bois dans l\u2019ancien style Fran\u00e7ais - Yves Fouquet","isPartOf":{"@id":"https:\/\/yvesfouquet.com\/#website"},"datePublished":"2022-04-28T10:55:21+00:00","dateModified":"2022-04-28T10:55:21+00:00","description":"Meubles design d\u2019\u00e9lite sur commande. Technologies d\u2019assemblage vintage, sculptures \u00e0 la main, raccords Fran\u00e7ais, design unique. Production en Ukraine usine de meubles Yves Fouquet","breadcrumb":{"@id":"https:\/\/yvesfouquet.com\/fr\/produit\/konsol-directoireya-cs081-2\/#breadcrumb"},"inLanguage":"fr-FR","potentialAction":[{"@type":"ReadAction","target":["https:\/\/yvesfouquet.com\/fr\/produit\/konsol-directoireya-cs081-2\/"]}]},{"@type":"BreadcrumbList","@id":"https:\/\/yvesfouquet.com\/fr\/produit\/konsol-directoireya-cs081-2\/#breadcrumb","itemListElement":[{"@type":"ListItem","position":1,"name":"\u0413\u043b\u0430\u0432\u043d\u0430\u044f","item":"https:\/\/yvesfouquet.com\/fr\/"},{"@type":"ListItem","position":2,"name":"Collections","item":"https:\/\/yvesfouquet.com\/fr\/collections\/"},{"@type":"ListItem","position":3,"name":"Directoireya Console CS081"}]},{"@type":"WebSite","@id":"https:\/\/yvesfouquet.com\/#website","url":"https:\/\/yvesfouquet.com\/","name":"Yves Fouquet","description":"\u0424\u0440\u0430\u043d\u0446\u0443\u0437\u0441\u043a\u0430\u044f \u043c\u0435\u0431\u0435\u043b\u044c","potentialAction":[{"@type":"SearchAction","target":{"@type":"EntryPoint","urlTemplate":"https:\/\/yvesfouquet.com\/?s={search_term_string}"},"query-input":"required name=search_term_string"}],"inLanguage":"fr-FR"}]},"product_price_currency":"EUR","og_availability":"instock","product_availability":"instock","product_retailer_item_id":"CS081","product_condition":"new"},"_links":{"self":[{"href":"https:\/\/yvesfouquet.com\/fr\/wp-json\/wp\/v2\/product\/17991"}],"collection":[{"href":"https:\/\/yvesfouquet.com\/fr\/wp-json\/wp\/v2\/product"}],"about":[{"href":"https:\/\/yvesfouquet.com\/fr\/wp-json\/wp\/v2\/types\/product"}],"version-history":[{"count":0,"href":"https:\/\/yvesfouquet.com\/fr\/wp-json\/wp\/v2\/product\/17991\/revisions"}],"wp:featuredmedia":[{"embeddable":true,"href":"https:\/\/yvesfouquet.com\/fr\/wp-json\/wp\/v2\/media\/16406"}],"wp:attachment":[{"href":"https:\/\/yvesfouquet.com\/fr\/wp-json\/wp\/v2\/media?parent=17991"}],"wp:term":[{"taxonomy":"product_cat","embeddable":true,"href":"https:\/\/yvesfouquet.com\/fr\/wp-json\/wp\/v2\/product_cat?post=17991"},{"taxonomy":"product_tag","embeddable":true,"href":"https:\/\/yvesfouquet.com\/fr\/wp-json\/wp\/v2\/product_tag?post=17991"}],"curies":[{"name":"wp","href":"https:\/\/api.w.org\/{rel}","templated":true}]}}