{"id":17994,"date":"2020-10-26T21:04:06","date_gmt":"2022-04-28T10:55:23","guid":{"rendered":"https:\/\/yvesfouquet.com\/commode-console-demi-lune-empire-cm123\/"},"modified":"2022-04-28T13:55:23","modified_gmt":"2022-04-28T10:55:23","slug":"komod-konsol-demi-lune-empire-cm123-2","status":"publish","type":"product","link":"https:\/\/yvesfouquet.com\/fr\/produit\/komod-konsol-demi-lune-empire-cm123-2\/","title":{"rendered":"Commode-console demi-lune Empire CM123"},"content":{"rendered":"<p>Bois naturel, design \u00e9l\u00e9gant, sculptures \u00e0 la main originales et accessoires en bronze d\u2019\u00e9lite de Fran\u00e7ais production. Le travail exclusif de l\u2019auteur des ma\u00eetres de l\u2019usine de meubles Yves Fouquet, comme toujours, est magnifique. De luxueuses commodes en bois dans le style Empire ancien d\u00e9coreront votre mobilier, lui donneront un chic aristocratique et une atmosph\u00e8re historique particuli\u00e8re.<\/p>\n<p>Le style imp\u00e9rial a l\u2019air pompeux. Il symbolise la force, la puissance et la grandeur de l\u2019empereur. Commode-console Demi-lune Empire &#8211; un grand mod\u00e8le de mobilier d\u2019int\u00e9rieur en bois naturel, qui refl\u00e8te pleinement cela dans son design.<\/p>\n<p>La console sur quatre pieds droits minces a la forme d\u2019un croissant de lune. Le produit est \u00e9quip\u00e9 de deux tiroirs incurv\u00e9s avec de petites poign\u00e9es en bronze et des sculptures chics faites \u00e0 la main. Situ\u00e9es au centre de la bo\u00eete sup\u00e9rieure, les branches du laurier symbolisent la grandeur des anciens dirigeants. Des branches de laurier sculpt\u00e9es d\u00e9corent \u00e9galement les c\u00f4t\u00e9s de la commode unique.<\/p>\n<p>Les fans du style Empire lumineux seront heureux d\u2019avoir dans leur collection des meubles en bois aussi chics faits \u00e0 la main. La commode-console est assembl\u00e9e sur commande avec l\u2019utilisation de technologies de meubles anciennes et les effets du vieillissement artificiel, donnant au produit une authenticit\u00e9 historique brillante.<\/p>\n","protected":false},"excerpt":{"rendered":"<p><strong>Dimensions:<\/strong> L1000 x H900 x P450<\/p>\n<p><strong>Description:<\/strong> pli\u00e9 avec filetage, 2 tiroirs r\u00e9tractables<\/p>\n","protected":false},"featured_media":16286,"template":"","meta":[],"product_cat":[158,148],"product_tag":[],"yoast_head":"<!-- This site is optimized with the Yoast SEO Premium plugin v20.7 (Yoast SEO v20.8) - https:\/\/yoast.com\/wordpress\/plugins\/seo\/ -->\n<title>Commode \u00e9l\u00e9gante en bois de style Empire - Yves Fouquet<\/title>\n<meta name=\"description\" content=\"Meubles en bois design de classe premium faits \u00e0 la main sous la commande. Mod\u00e8le exclusif d\u2019assemblage manuel de l\u2019auteur. Sculpture \u00e0 la main, Fran\u00e7ais raccords, design de l\u2019auteur. Production en Ukraine usine Yves Fouquet\" \/>\n<meta name=\"robots\" content=\"index, follow, max-snippet:-1, max-image-preview:large, max-video-preview:-1\" \/>\n<link rel=\"canonical\" href=\"https:\/\/yvesfouquet.com\/fr\/produit\/komod-konsol-demi-lune-empire-cm123-2\/\" \/>\n<meta property=\"og:locale\" content=\"fr_FR\" \/>\n<meta property=\"og:type\" content=\"article\" \/>\n<meta property=\"og:title\" content=\"Commode-console demi-lune Empire CM123\" \/>\n<meta property=\"og:description\" content=\"Meubles en bois design de classe premium faits \u00e0 la main sous la commande. Mod\u00e8le exclusif d\u2019assemblage manuel de l\u2019auteur. Sculpture \u00e0 la main, Fran\u00e7ais raccords, design de l\u2019auteur. Production en Ukraine usine Yves Fouquet\" \/>\n<meta property=\"og:url\" content=\"https:\/\/yvesfouquet.com\/fr\/produit\/komod-konsol-demi-lune-empire-cm123-2\/\" \/>\n<meta property=\"og:site_name\" content=\"Yves Fouquet\" \/>\n<meta property=\"article:publisher\" content=\"https:\/\/www.facebook.com\/boutiueyvesfouquet\" \/>\n<meta property=\"og:image\" content=\"https:\/\/yvesfouquet.com\/wp-content\/uploads\/2020\/10\/8-2.png\" \/>\n\t<meta property=\"og:image:width\" content=\"1080\" \/>\n\t<meta property=\"og:image:height\" content=\"1080\" \/>\n\t<meta property=\"og:image:type\" content=\"image\/png\" \/>\n<meta name=\"twitter:card\" content=\"summary_large_image\" \/>\n<meta name=\"twitter:label1\" content=\"Prix\" \/>\n\t<meta name=\"twitter:data1\" content=\"\" \/>\n\t<meta name=\"twitter:label2\" content=\"Disponibilit\u00e9\" \/>\n\t<meta name=\"twitter:data2\" content=\"En stock\" \/>\n<script type=\"application\/ld+json\" class=\"yoast-schema-graph\">{\"@context\":\"https:\/\/schema.org\",\"@graph\":[{\"@type\":[\"WebPage\",\"ItemPage\"],\"@id\":\"https:\/\/yvesfouquet.com\/fr\/produit\/komod-konsol-demi-lune-empire-cm123-2\/\",\"url\":\"https:\/\/yvesfouquet.com\/fr\/produit\/komod-konsol-demi-lune-empire-cm123-2\/\",\"name\":\"Commode \u00e9l\u00e9gante en bois de style Empire - Yves Fouquet\",\"isPartOf\":{\"@id\":\"https:\/\/yvesfouquet.com\/#website\"},\"datePublished\":\"2022-04-28T10:55:23+00:00\",\"dateModified\":\"2022-04-28T10:55:23+00:00\",\"description\":\"Meubles en bois design de classe premium faits \u00e0 la main sous la commande. Mod\u00e8le exclusif d\u2019assemblage manuel de l\u2019auteur. Sculpture \u00e0 la main, Fran\u00e7ais raccords, design de l\u2019auteur. Production en Ukraine usine Yves Fouquet\",\"breadcrumb\":{\"@id\":\"https:\/\/yvesfouquet.com\/fr\/produit\/komod-konsol-demi-lune-empire-cm123-2\/#breadcrumb\"},\"inLanguage\":\"fr-FR\",\"potentialAction\":[{\"@type\":\"ReadAction\",\"target\":[\"https:\/\/yvesfouquet.com\/fr\/produit\/komod-konsol-demi-lune-empire-cm123-2\/\"]}]},{\"@type\":\"BreadcrumbList\",\"@id\":\"https:\/\/yvesfouquet.com\/fr\/produit\/komod-konsol-demi-lune-empire-cm123-2\/#breadcrumb\",\"itemListElement\":[{\"@type\":\"ListItem\",\"position\":1,\"name\":\"\u0413\u043b\u0430\u0432\u043d\u0430\u044f\",\"item\":\"https:\/\/yvesfouquet.com\/fr\/\"},{\"@type\":\"ListItem\",\"position\":2,\"name\":\"Collections\",\"item\":\"https:\/\/yvesfouquet.com\/fr\/collections\/\"},{\"@type\":\"ListItem\",\"position\":3,\"name\":\"Commode-console demi-lune Empire CM123\"}]},{\"@type\":\"WebSite\",\"@id\":\"https:\/\/yvesfouquet.com\/#website\",\"url\":\"https:\/\/yvesfouquet.com\/\",\"name\":\"Yves Fouquet\",\"description\":\"\u0424\u0440\u0430\u043d\u0446\u0443\u0437\u0441\u043a\u0430\u044f \u043c\u0435\u0431\u0435\u043b\u044c\",\"potentialAction\":[{\"@type\":\"SearchAction\",\"target\":{\"@type\":\"EntryPoint\",\"urlTemplate\":\"https:\/\/yvesfouquet.com\/?s={search_term_string}\"},\"query-input\":\"required name=search_term_string\"}],\"inLanguage\":\"fr-FR\"}]}<\/script>\n<meta property=\"product:price:amount\" content=\"0\" \/>\n<meta property=\"product:price:currency\" content=\"EUR\" \/>\n<meta property=\"og:availability\" content=\"instock\" \/>\n<meta property=\"product:availability\" content=\"instock\" \/>\n<meta property=\"product:retailer_item_id\" content=\"CM123\" \/>\n<meta property=\"product:condition\" content=\"new\" \/>\n<!-- \/ Yoast SEO Premium plugin. -->","yoast_head_json":{"title":"Commode \u00e9l\u00e9gante en bois de style Empire - Yves Fouquet","description":"Meubles en bois design de classe premium faits \u00e0 la main sous la commande. Mod\u00e8le exclusif d\u2019assemblage manuel de l\u2019auteur. Sculpture \u00e0 la main, Fran\u00e7ais raccords, design de l\u2019auteur. Production en Ukraine usine Yves Fouquet","robots":{"index":"index","follow":"follow","max-snippet":"max-snippet:-1","max-image-preview":"max-image-preview:large","max-video-preview":"max-video-preview:-1"},"canonical":"https:\/\/yvesfouquet.com\/fr\/produit\/komod-konsol-demi-lune-empire-cm123-2\/","og_locale":"fr_FR","og_type":"article","og_title":"Commode-console demi-lune Empire CM123","og_description":"Meubles en bois design de classe premium faits \u00e0 la main sous la commande. Mod\u00e8le exclusif d\u2019assemblage manuel de l\u2019auteur. Sculpture \u00e0 la main, Fran\u00e7ais raccords, design de l\u2019auteur. Production en Ukraine usine Yves Fouquet","og_url":"https:\/\/yvesfouquet.com\/fr\/produit\/komod-konsol-demi-lune-empire-cm123-2\/","og_site_name":"Yves Fouquet","article_publisher":"https:\/\/www.facebook.com\/boutiueyvesfouquet","og_image":[{"width":1080,"height":1080,"url":"https:\/\/yvesfouquet.com\/wp-content\/uploads\/2020\/10\/8-2.png","type":"image\/png"}],"twitter_card":"summary_large_image","twitter_misc":{"Prix":"","Disponibilit\u00e9":"En stock"},"schema":{"@context":"https:\/\/schema.org","@graph":[{"@type":["WebPage","ItemPage"],"@id":"https:\/\/yvesfouquet.com\/fr\/produit\/komod-konsol-demi-lune-empire-cm123-2\/","url":"https:\/\/yvesfouquet.com\/fr\/produit\/komod-konsol-demi-lune-empire-cm123-2\/","name":"Commode \u00e9l\u00e9gante en bois de style Empire - Yves Fouquet","isPartOf":{"@id":"https:\/\/yvesfouquet.com\/#website"},"datePublished":"2022-04-28T10:55:23+00:00","dateModified":"2022-04-28T10:55:23+00:00","description":"Meubles en bois design de classe premium faits \u00e0 la main sous la commande. Mod\u00e8le exclusif d\u2019assemblage manuel de l\u2019auteur. Sculpture \u00e0 la main, Fran\u00e7ais raccords, design de l\u2019auteur. Production en Ukraine usine Yves Fouquet","breadcrumb":{"@id":"https:\/\/yvesfouquet.com\/fr\/produit\/komod-konsol-demi-lune-empire-cm123-2\/#breadcrumb"},"inLanguage":"fr-FR","potentialAction":[{"@type":"ReadAction","target":["https:\/\/yvesfouquet.com\/fr\/produit\/komod-konsol-demi-lune-empire-cm123-2\/"]}]},{"@type":"BreadcrumbList","@id":"https:\/\/yvesfouquet.com\/fr\/produit\/komod-konsol-demi-lune-empire-cm123-2\/#breadcrumb","itemListElement":[{"@type":"ListItem","position":1,"name":"\u0413\u043b\u0430\u0432\u043d\u0430\u044f","item":"https:\/\/yvesfouquet.com\/fr\/"},{"@type":"ListItem","position":2,"name":"Collections","item":"https:\/\/yvesfouquet.com\/fr\/collections\/"},{"@type":"ListItem","position":3,"name":"Commode-console demi-lune Empire CM123"}]},{"@type":"WebSite","@id":"https:\/\/yvesfouquet.com\/#website","url":"https:\/\/yvesfouquet.com\/","name":"Yves Fouquet","description":"\u0424\u0440\u0430\u043d\u0446\u0443\u0437\u0441\u043a\u0430\u044f \u043c\u0435\u0431\u0435\u043b\u044c","potentialAction":[{"@type":"SearchAction","target":{"@type":"EntryPoint","urlTemplate":"https:\/\/yvesfouquet.com\/?s={search_term_string}"},"query-input":"required name=search_term_string"}],"inLanguage":"fr-FR"}]},"product_price_currency":"EUR","og_availability":"instock","product_availability":"instock","product_retailer_item_id":"CM123","product_condition":"new"},"_links":{"self":[{"href":"https:\/\/yvesfouquet.com\/fr\/wp-json\/wp\/v2\/product\/17994"}],"collection":[{"href":"https:\/\/yvesfouquet.com\/fr\/wp-json\/wp\/v2\/product"}],"about":[{"href":"https:\/\/yvesfouquet.com\/fr\/wp-json\/wp\/v2\/types\/product"}],"version-history":[{"count":0,"href":"https:\/\/yvesfouquet.com\/fr\/wp-json\/wp\/v2\/product\/17994\/revisions"}],"wp:featuredmedia":[{"embeddable":true,"href":"https:\/\/yvesfouquet.com\/fr\/wp-json\/wp\/v2\/media\/16286"}],"wp:attachment":[{"href":"https:\/\/yvesfouquet.com\/fr\/wp-json\/wp\/v2\/media?parent=17994"}],"wp:term":[{"taxonomy":"product_cat","embeddable":true,"href":"https:\/\/yvesfouquet.com\/fr\/wp-json\/wp\/v2\/product_cat?post=17994"},{"taxonomy":"product_tag","embeddable":true,"href":"https:\/\/yvesfouquet.com\/fr\/wp-json\/wp\/v2\/product_tag?post=17994"}],"curies":[{"name":"wp","href":"https:\/\/api.w.org\/{rel}","templated":true}]}}