{"id":17998,"date":"2020-10-26T21:05:15","date_gmt":"2022-04-28T10:55:25","guid":{"rendered":"https:\/\/yvesfouquet.com\/empire-console-cs087\/"},"modified":"2022-04-28T13:55:25","modified_gmt":"2022-04-28T10:55:25","slug":"konsol-empire-cs087-2","status":"publish","type":"product","link":"https:\/\/yvesfouquet.com\/fr\/produit\/konsol-empire-cs087-2\/","title":{"rendered":"Empire Console CS087"},"content":{"rendered":"<p>Les meubles anciens design sont le point culminant de la situation, que vous voulez admirer et dont vous \u00eates fier. Sans aucun doute, la console en bois exclusive dans le style Empire des ma\u00eetres de l\u2019usine Yves Fouquet d\u00e9corera votre hall ou salon spacieux.<\/p>\n<p>Lumineux et pompeux Empire est id\u00e9al pour les amateurs de luxe dans le style vintage. Solennel, monumental, \u00e0 la fois c\u00e9r\u00e9moniel et raffin\u00e9, il est con\u00e7u pour les grandes pi\u00e8ces. Originaire de France sous le r\u00e8gne de Bonaparte, le style imp\u00e9rial correspondait pleinement aux plans du grand souverain du pass\u00e9.<\/p>\n<p>La console sur quatre pieds hauts et droits a l\u2019air stricte et authentique. La fa\u00e7ade avec un tiroir situ\u00e9 au centre est d\u00e9cor\u00e9e d\u2019\u00e9l\u00e9gantes sculptures faites \u00e0 la main, qui sont des guirlandes de couronnes de laurier reli\u00e9es par des rubans. Le choix du d\u00e9cor n\u2019est pas surprenant &#8211; depuis l\u2019Antiquit\u00e9, il a \u00e9t\u00e9 un symbole de victoires et de gloire imp\u00e9riale.<\/p>\n<p>Si vous \u00eates proche de l\u2019esprit de l\u2019empereur l\u00e9gendaire, une telle console haut de gamme en bois naturel dans le style Empire ne manquera pas d\u2019attirer votre attention. Les meubles anciens sont fabriqu\u00e9s sur commande conform\u00e9ment \u00e0 tous les souhaits des clients. Les technologies d\u2019assemblage traditionnelles et les techniques de vieillissement artificiel lui conf\u00e8rent une saveur historique brillante et un caract\u00e8re original.<\/p>\n","protected":false},"excerpt":{"rendered":"<p><strong>Dimensions:<\/strong> <span class=\"s1\">L1710 x H800 x P450<\/span><\/p>\n<p><strong>Description :<\/strong> 1 tiroir et 1 \u00e9tag\u00e8re ouverte<\/p>\n","protected":false},"featured_media":16472,"template":"","meta":[],"product_cat":[148],"product_tag":[],"yoast_head":"<!-- This site is optimized with the Yoast SEO Premium plugin v20.7 (Yoast SEO v20.8) - https:\/\/yoast.com\/wordpress\/plugins\/seo\/ -->\n<title>Conscol en bois dans le style de l\u2019Empire sous - Yves Fouquet<\/title>\n<meta name=\"description\" content=\"Mobilier d\u2019int\u00e9rieur pour la maison dans le style Empire. Bois naturel, design exclusif, assemblage manuel, sculptures \u00e9l\u00e9gantes, raccords en bronze d\u2019\u00e9lite. Production en Ukraine usine de meubles Yves Fouquet\" \/>\n<meta name=\"robots\" content=\"index, follow, max-snippet:-1, max-image-preview:large, max-video-preview:-1\" \/>\n<link rel=\"canonical\" href=\"https:\/\/yvesfouquet.com\/fr\/produit\/konsol-empire-cs087-2\/\" \/>\n<meta property=\"og:locale\" content=\"fr_FR\" \/>\n<meta property=\"og:type\" content=\"article\" \/>\n<meta property=\"og:title\" content=\"Empire Console CS087\" \/>\n<meta property=\"og:description\" content=\"Mobilier d\u2019int\u00e9rieur pour la maison dans le style Empire. Bois naturel, design exclusif, assemblage manuel, sculptures \u00e9l\u00e9gantes, raccords en bronze d\u2019\u00e9lite. Production en Ukraine usine de meubles Yves Fouquet\" \/>\n<meta property=\"og:url\" content=\"https:\/\/yvesfouquet.com\/fr\/produit\/konsol-empire-cs087-2\/\" \/>\n<meta property=\"og:site_name\" content=\"Yves Fouquet\" \/>\n<meta property=\"article:publisher\" content=\"https:\/\/www.facebook.com\/boutiueyvesfouquet\" \/>\n<meta property=\"og:image\" content=\"https:\/\/yvesfouquet.com\/wp-content\/uploads\/2020\/10\/36-2.png\" \/>\n\t<meta property=\"og:image:width\" content=\"1080\" \/>\n\t<meta property=\"og:image:height\" content=\"1080\" \/>\n\t<meta property=\"og:image:type\" content=\"image\/png\" \/>\n<meta name=\"twitter:card\" content=\"summary_large_image\" \/>\n<meta name=\"twitter:label1\" content=\"Prix\" \/>\n\t<meta name=\"twitter:data1\" content=\"\" \/>\n\t<meta name=\"twitter:label2\" content=\"Disponibilit\u00e9\" \/>\n\t<meta name=\"twitter:data2\" content=\"En stock\" \/>\n<script type=\"application\/ld+json\" class=\"yoast-schema-graph\">{\"@context\":\"https:\/\/schema.org\",\"@graph\":[{\"@type\":[\"WebPage\",\"ItemPage\"],\"@id\":\"https:\/\/yvesfouquet.com\/fr\/produit\/konsol-empire-cs087-2\/\",\"url\":\"https:\/\/yvesfouquet.com\/fr\/produit\/konsol-empire-cs087-2\/\",\"name\":\"Conscol en bois dans le style de l\u2019Empire sous - Yves Fouquet\",\"isPartOf\":{\"@id\":\"https:\/\/yvesfouquet.com\/#website\"},\"datePublished\":\"2022-04-28T10:55:25+00:00\",\"dateModified\":\"2022-04-28T10:55:25+00:00\",\"description\":\"Mobilier d\u2019int\u00e9rieur pour la maison dans le style Empire. Bois naturel, design exclusif, assemblage manuel, sculptures \u00e9l\u00e9gantes, raccords en bronze d\u2019\u00e9lite. Production en Ukraine usine de meubles Yves Fouquet\",\"breadcrumb\":{\"@id\":\"https:\/\/yvesfouquet.com\/fr\/produit\/konsol-empire-cs087-2\/#breadcrumb\"},\"inLanguage\":\"fr-FR\",\"potentialAction\":[{\"@type\":\"ReadAction\",\"target\":[\"https:\/\/yvesfouquet.com\/fr\/produit\/konsol-empire-cs087-2\/\"]}]},{\"@type\":\"BreadcrumbList\",\"@id\":\"https:\/\/yvesfouquet.com\/fr\/produit\/konsol-empire-cs087-2\/#breadcrumb\",\"itemListElement\":[{\"@type\":\"ListItem\",\"position\":1,\"name\":\"\u0413\u043b\u0430\u0432\u043d\u0430\u044f\",\"item\":\"https:\/\/yvesfouquet.com\/fr\/\"},{\"@type\":\"ListItem\",\"position\":2,\"name\":\"Collections\",\"item\":\"https:\/\/yvesfouquet.com\/fr\/collections\/\"},{\"@type\":\"ListItem\",\"position\":3,\"name\":\"Empire Console CS087\"}]},{\"@type\":\"WebSite\",\"@id\":\"https:\/\/yvesfouquet.com\/#website\",\"url\":\"https:\/\/yvesfouquet.com\/\",\"name\":\"Yves Fouquet\",\"description\":\"\u0424\u0440\u0430\u043d\u0446\u0443\u0437\u0441\u043a\u0430\u044f \u043c\u0435\u0431\u0435\u043b\u044c\",\"potentialAction\":[{\"@type\":\"SearchAction\",\"target\":{\"@type\":\"EntryPoint\",\"urlTemplate\":\"https:\/\/yvesfouquet.com\/?s={search_term_string}\"},\"query-input\":\"required name=search_term_string\"}],\"inLanguage\":\"fr-FR\"}]}<\/script>\n<meta property=\"product:price:amount\" content=\"0\" \/>\n<meta property=\"product:price:currency\" content=\"EUR\" \/>\n<meta property=\"og:availability\" content=\"instock\" \/>\n<meta property=\"product:availability\" content=\"instock\" \/>\n<meta property=\"product:retailer_item_id\" content=\"CS087\" \/>\n<meta property=\"product:condition\" content=\"new\" \/>\n<!-- \/ Yoast SEO Premium plugin. -->","yoast_head_json":{"title":"Conscol en bois dans le style de l\u2019Empire sous - Yves Fouquet","description":"Mobilier d\u2019int\u00e9rieur pour la maison dans le style Empire. Bois naturel, design exclusif, assemblage manuel, sculptures \u00e9l\u00e9gantes, raccords en bronze d\u2019\u00e9lite. Production en Ukraine usine de meubles Yves Fouquet","robots":{"index":"index","follow":"follow","max-snippet":"max-snippet:-1","max-image-preview":"max-image-preview:large","max-video-preview":"max-video-preview:-1"},"canonical":"https:\/\/yvesfouquet.com\/fr\/produit\/konsol-empire-cs087-2\/","og_locale":"fr_FR","og_type":"article","og_title":"Empire Console CS087","og_description":"Mobilier d\u2019int\u00e9rieur pour la maison dans le style Empire. Bois naturel, design exclusif, assemblage manuel, sculptures \u00e9l\u00e9gantes, raccords en bronze d\u2019\u00e9lite. Production en Ukraine usine de meubles Yves Fouquet","og_url":"https:\/\/yvesfouquet.com\/fr\/produit\/konsol-empire-cs087-2\/","og_site_name":"Yves Fouquet","article_publisher":"https:\/\/www.facebook.com\/boutiueyvesfouquet","og_image":[{"width":1080,"height":1080,"url":"https:\/\/yvesfouquet.com\/wp-content\/uploads\/2020\/10\/36-2.png","type":"image\/png"}],"twitter_card":"summary_large_image","twitter_misc":{"Prix":"","Disponibilit\u00e9":"En stock"},"schema":{"@context":"https:\/\/schema.org","@graph":[{"@type":["WebPage","ItemPage"],"@id":"https:\/\/yvesfouquet.com\/fr\/produit\/konsol-empire-cs087-2\/","url":"https:\/\/yvesfouquet.com\/fr\/produit\/konsol-empire-cs087-2\/","name":"Conscol en bois dans le style de l\u2019Empire sous - Yves Fouquet","isPartOf":{"@id":"https:\/\/yvesfouquet.com\/#website"},"datePublished":"2022-04-28T10:55:25+00:00","dateModified":"2022-04-28T10:55:25+00:00","description":"Mobilier d\u2019int\u00e9rieur pour la maison dans le style Empire. Bois naturel, design exclusif, assemblage manuel, sculptures \u00e9l\u00e9gantes, raccords en bronze d\u2019\u00e9lite. Production en Ukraine usine de meubles Yves Fouquet","breadcrumb":{"@id":"https:\/\/yvesfouquet.com\/fr\/produit\/konsol-empire-cs087-2\/#breadcrumb"},"inLanguage":"fr-FR","potentialAction":[{"@type":"ReadAction","target":["https:\/\/yvesfouquet.com\/fr\/produit\/konsol-empire-cs087-2\/"]}]},{"@type":"BreadcrumbList","@id":"https:\/\/yvesfouquet.com\/fr\/produit\/konsol-empire-cs087-2\/#breadcrumb","itemListElement":[{"@type":"ListItem","position":1,"name":"\u0413\u043b\u0430\u0432\u043d\u0430\u044f","item":"https:\/\/yvesfouquet.com\/fr\/"},{"@type":"ListItem","position":2,"name":"Collections","item":"https:\/\/yvesfouquet.com\/fr\/collections\/"},{"@type":"ListItem","position":3,"name":"Empire Console CS087"}]},{"@type":"WebSite","@id":"https:\/\/yvesfouquet.com\/#website","url":"https:\/\/yvesfouquet.com\/","name":"Yves Fouquet","description":"\u0424\u0440\u0430\u043d\u0446\u0443\u0437\u0441\u043a\u0430\u044f \u043c\u0435\u0431\u0435\u043b\u044c","potentialAction":[{"@type":"SearchAction","target":{"@type":"EntryPoint","urlTemplate":"https:\/\/yvesfouquet.com\/?s={search_term_string}"},"query-input":"required name=search_term_string"}],"inLanguage":"fr-FR"}]},"product_price_currency":"EUR","og_availability":"instock","product_availability":"instock","product_retailer_item_id":"CS087","product_condition":"new"},"_links":{"self":[{"href":"https:\/\/yvesfouquet.com\/fr\/wp-json\/wp\/v2\/product\/17998"}],"collection":[{"href":"https:\/\/yvesfouquet.com\/fr\/wp-json\/wp\/v2\/product"}],"about":[{"href":"https:\/\/yvesfouquet.com\/fr\/wp-json\/wp\/v2\/types\/product"}],"version-history":[{"count":0,"href":"https:\/\/yvesfouquet.com\/fr\/wp-json\/wp\/v2\/product\/17998\/revisions"}],"wp:featuredmedia":[{"embeddable":true,"href":"https:\/\/yvesfouquet.com\/fr\/wp-json\/wp\/v2\/media\/16472"}],"wp:attachment":[{"href":"https:\/\/yvesfouquet.com\/fr\/wp-json\/wp\/v2\/media?parent=17998"}],"wp:term":[{"taxonomy":"product_cat","embeddable":true,"href":"https:\/\/yvesfouquet.com\/fr\/wp-json\/wp\/v2\/product_cat?post=17998"},{"taxonomy":"product_tag","embeddable":true,"href":"https:\/\/yvesfouquet.com\/fr\/wp-json\/wp\/v2\/product_tag?post=17998"}],"curies":[{"name":"wp","href":"https:\/\/api.w.org\/{rel}","templated":true}]}}