{"id":17999,"date":"2020-10-26T21:04:53","date_gmt":"2022-04-28T10:55:26","guid":{"rendered":"https:\/\/yvesfouquet.com\/grande-cannelures-console-cs084\/"},"modified":"2022-04-28T13:55:26","modified_gmt":"2022-04-28T10:55:26","slug":"konsol-grande-cannelures-cs084-2","status":"publish","type":"product","link":"https:\/\/yvesfouquet.com\/fr\/produit\/konsol-grande-cannelures-cs084-2\/","title":{"rendered":"Grande cannelures console CS084"},"content":{"rendered":"<p>\u00c9l\u00e9gante et aristocratique, \u00e9l\u00e9gante console en bois avec des canelures sur quatre pieds hauts et incurv\u00e9s. Un mod\u00e8le exclusif dans le style ancien Fran\u00e7ais est une magnifique cr\u00e9ation d\u2019artisans qualifi\u00e9s de l\u2019usine ukrainienne Yves Fouquet. Le design de l\u2019auteur et son travail manuel talentueux transforment les meubles de maison en une v\u00e9ritable \u0153uvre d\u2019art.<\/p>\n<p>De longues jambes inhabituellement incurv\u00e9es sont la principale caract\u00e9ristique de la table design, qui attire imm\u00e9diatement le regard. Un autre point culminant extraordinaire de la conception est un tiroir spacieux avec des cannelures situ\u00e9es au centre. Fabriqu\u00e9 dans les meilleures traditions de l\u2019artisanat du meuble, le comptoir serti souligne harmonieusement le style antique du produit.<\/p>\n<p>L\u2019\u00e9l\u00e9gante console en bois massif a fi\u00e8re allure \u00e0 la fois en couleur et sous vernis, ce qui souligne parfaitement la texture du bois. Le mod\u00e8le est id\u00e9al pour l\u2019atmosph\u00e8re vintage du salon, trouvera sa place dans un couloir spacieux.<\/p>\n<p>Les meubles Elite de classe premium sont fabriqu\u00e9s sur commande \u00e0 partir des meilleures vari\u00e9t\u00e9s de bois de haute qualit\u00e9. L\u2019effet unique de l\u2019antiquit\u00e9 profonde est cr\u00e9\u00e9 par les techniques d\u2019assemblage traditionnelles &#8211; connexions \u00e0 pointes-rainures, queue d\u2019aronde, clous en bois. Les \u00e9l\u00e9ments du vieillissement ajoutent une saveur particuli\u00e8re &#8211; \u00e9raflures appliqu\u00e9es \u00e0 la main, rayures, copeaux et traces artificielles de dames.<\/p>\n","protected":false},"excerpt":{"rendered":"<p><strong>Dimensions:<\/strong> <span class=\"s1\">L1470 x H790 x P490<\/span><\/p>\n<p><strong>Description:<\/strong> 1 tiroir<\/p>\n","protected":false},"featured_media":16458,"template":"","meta":[],"product_cat":[148],"product_tag":[],"yoast_head":"<!-- This site is optimized with the Yoast SEO Premium plugin v20.7 (Yoast SEO v20.8) - https:\/\/yoast.com\/wordpress\/plugins\/seo\/ -->\n<title>\u00c9l\u00e9gante console en bois avec - Yves Fouquet<\/title>\n<meta name=\"description\" content=\"Meubles design vintage de classe premium \u00e0 commander aupr\u00e8s du fabricant Yves Fouquet en Ukraine. Montage manuel, technologie ancienne, accessoires France, sculptures \u00e9l\u00e9gantes. Randonn\u00e9e personnelle, qualit\u00e9 parfaite\" \/>\n<meta name=\"robots\" content=\"index, follow, max-snippet:-1, max-image-preview:large, max-video-preview:-1\" \/>\n<link rel=\"canonical\" href=\"https:\/\/yvesfouquet.com\/fr\/produit\/konsol-grande-cannelures-cs084-2\/\" \/>\n<meta property=\"og:locale\" content=\"fr_FR\" \/>\n<meta property=\"og:type\" content=\"article\" \/>\n<meta property=\"og:title\" content=\"Grande cannelures console CS084\" \/>\n<meta property=\"og:description\" content=\"Meubles design vintage de classe premium \u00e0 commander aupr\u00e8s du fabricant Yves Fouquet en Ukraine. Montage manuel, technologie ancienne, accessoires France, sculptures \u00e9l\u00e9gantes. Randonn\u00e9e personnelle, qualit\u00e9 parfaite\" \/>\n<meta property=\"og:url\" content=\"https:\/\/yvesfouquet.com\/fr\/produit\/konsol-grande-cannelures-cs084-2\/\" \/>\n<meta property=\"og:site_name\" content=\"Yves Fouquet\" \/>\n<meta property=\"article:publisher\" content=\"https:\/\/www.facebook.com\/boutiueyvesfouquet\" \/>\n<meta property=\"og:image\" content=\"https:\/\/yvesfouquet.com\/wp-content\/uploads\/2020\/10\/31-3.png\" \/>\n\t<meta property=\"og:image:width\" content=\"1080\" \/>\n\t<meta property=\"og:image:height\" content=\"1080\" \/>\n\t<meta property=\"og:image:type\" content=\"image\/png\" \/>\n<meta name=\"twitter:card\" content=\"summary_large_image\" \/>\n<meta name=\"twitter:label1\" content=\"Prix\" \/>\n\t<meta name=\"twitter:data1\" content=\"\" \/>\n\t<meta name=\"twitter:label2\" content=\"Disponibilit\u00e9\" \/>\n\t<meta name=\"twitter:data2\" content=\"En stock\" \/>\n<script type=\"application\/ld+json\" class=\"yoast-schema-graph\">{\"@context\":\"https:\/\/schema.org\",\"@graph\":[{\"@type\":[\"WebPage\",\"ItemPage\"],\"@id\":\"https:\/\/yvesfouquet.com\/fr\/produit\/konsol-grande-cannelures-cs084-2\/\",\"url\":\"https:\/\/yvesfouquet.com\/fr\/produit\/konsol-grande-cannelures-cs084-2\/\",\"name\":\"\u00c9l\u00e9gante console en bois avec - Yves Fouquet\",\"isPartOf\":{\"@id\":\"https:\/\/yvesfouquet.com\/#website\"},\"datePublished\":\"2022-04-28T10:55:26+00:00\",\"dateModified\":\"2022-04-28T10:55:26+00:00\",\"description\":\"Meubles design vintage de classe premium \u00e0 commander aupr\u00e8s du fabricant Yves Fouquet en Ukraine. Montage manuel, technologie ancienne, accessoires France, sculptures \u00e9l\u00e9gantes. Randonn\u00e9e personnelle, qualit\u00e9 parfaite\",\"breadcrumb\":{\"@id\":\"https:\/\/yvesfouquet.com\/fr\/produit\/konsol-grande-cannelures-cs084-2\/#breadcrumb\"},\"inLanguage\":\"fr-FR\",\"potentialAction\":[{\"@type\":\"ReadAction\",\"target\":[\"https:\/\/yvesfouquet.com\/fr\/produit\/konsol-grande-cannelures-cs084-2\/\"]}]},{\"@type\":\"BreadcrumbList\",\"@id\":\"https:\/\/yvesfouquet.com\/fr\/produit\/konsol-grande-cannelures-cs084-2\/#breadcrumb\",\"itemListElement\":[{\"@type\":\"ListItem\",\"position\":1,\"name\":\"\u0413\u043b\u0430\u0432\u043d\u0430\u044f\",\"item\":\"https:\/\/yvesfouquet.com\/fr\/\"},{\"@type\":\"ListItem\",\"position\":2,\"name\":\"Collections\",\"item\":\"https:\/\/yvesfouquet.com\/fr\/collections\/\"},{\"@type\":\"ListItem\",\"position\":3,\"name\":\"Grande cannelures console CS084\"}]},{\"@type\":\"WebSite\",\"@id\":\"https:\/\/yvesfouquet.com\/#website\",\"url\":\"https:\/\/yvesfouquet.com\/\",\"name\":\"Yves Fouquet\",\"description\":\"\u0424\u0440\u0430\u043d\u0446\u0443\u0437\u0441\u043a\u0430\u044f \u043c\u0435\u0431\u0435\u043b\u044c\",\"potentialAction\":[{\"@type\":\"SearchAction\",\"target\":{\"@type\":\"EntryPoint\",\"urlTemplate\":\"https:\/\/yvesfouquet.com\/?s={search_term_string}\"},\"query-input\":\"required name=search_term_string\"}],\"inLanguage\":\"fr-FR\"}]}<\/script>\n<meta property=\"product:price:amount\" content=\"0\" \/>\n<meta property=\"product:price:currency\" content=\"EUR\" \/>\n<meta property=\"og:availability\" content=\"instock\" \/>\n<meta property=\"product:availability\" content=\"instock\" \/>\n<meta property=\"product:retailer_item_id\" content=\"CS084\" \/>\n<meta property=\"product:condition\" content=\"new\" \/>\n<!-- \/ Yoast SEO Premium plugin. -->","yoast_head_json":{"title":"\u00c9l\u00e9gante console en bois avec - Yves Fouquet","description":"Meubles design vintage de classe premium \u00e0 commander aupr\u00e8s du fabricant Yves Fouquet en Ukraine. Montage manuel, technologie ancienne, accessoires France, sculptures \u00e9l\u00e9gantes. Randonn\u00e9e personnelle, qualit\u00e9 parfaite","robots":{"index":"index","follow":"follow","max-snippet":"max-snippet:-1","max-image-preview":"max-image-preview:large","max-video-preview":"max-video-preview:-1"},"canonical":"https:\/\/yvesfouquet.com\/fr\/produit\/konsol-grande-cannelures-cs084-2\/","og_locale":"fr_FR","og_type":"article","og_title":"Grande cannelures console CS084","og_description":"Meubles design vintage de classe premium \u00e0 commander aupr\u00e8s du fabricant Yves Fouquet en Ukraine. Montage manuel, technologie ancienne, accessoires France, sculptures \u00e9l\u00e9gantes. Randonn\u00e9e personnelle, qualit\u00e9 parfaite","og_url":"https:\/\/yvesfouquet.com\/fr\/produit\/konsol-grande-cannelures-cs084-2\/","og_site_name":"Yves Fouquet","article_publisher":"https:\/\/www.facebook.com\/boutiueyvesfouquet","og_image":[{"width":1080,"height":1080,"url":"https:\/\/yvesfouquet.com\/wp-content\/uploads\/2020\/10\/31-3.png","type":"image\/png"}],"twitter_card":"summary_large_image","twitter_misc":{"Prix":"","Disponibilit\u00e9":"En stock"},"schema":{"@context":"https:\/\/schema.org","@graph":[{"@type":["WebPage","ItemPage"],"@id":"https:\/\/yvesfouquet.com\/fr\/produit\/konsol-grande-cannelures-cs084-2\/","url":"https:\/\/yvesfouquet.com\/fr\/produit\/konsol-grande-cannelures-cs084-2\/","name":"\u00c9l\u00e9gante console en bois avec - Yves Fouquet","isPartOf":{"@id":"https:\/\/yvesfouquet.com\/#website"},"datePublished":"2022-04-28T10:55:26+00:00","dateModified":"2022-04-28T10:55:26+00:00","description":"Meubles design vintage de classe premium \u00e0 commander aupr\u00e8s du fabricant Yves Fouquet en Ukraine. Montage manuel, technologie ancienne, accessoires France, sculptures \u00e9l\u00e9gantes. Randonn\u00e9e personnelle, qualit\u00e9 parfaite","breadcrumb":{"@id":"https:\/\/yvesfouquet.com\/fr\/produit\/konsol-grande-cannelures-cs084-2\/#breadcrumb"},"inLanguage":"fr-FR","potentialAction":[{"@type":"ReadAction","target":["https:\/\/yvesfouquet.com\/fr\/produit\/konsol-grande-cannelures-cs084-2\/"]}]},{"@type":"BreadcrumbList","@id":"https:\/\/yvesfouquet.com\/fr\/produit\/konsol-grande-cannelures-cs084-2\/#breadcrumb","itemListElement":[{"@type":"ListItem","position":1,"name":"\u0413\u043b\u0430\u0432\u043d\u0430\u044f","item":"https:\/\/yvesfouquet.com\/fr\/"},{"@type":"ListItem","position":2,"name":"Collections","item":"https:\/\/yvesfouquet.com\/fr\/collections\/"},{"@type":"ListItem","position":3,"name":"Grande cannelures console CS084"}]},{"@type":"WebSite","@id":"https:\/\/yvesfouquet.com\/#website","url":"https:\/\/yvesfouquet.com\/","name":"Yves Fouquet","description":"\u0424\u0440\u0430\u043d\u0446\u0443\u0437\u0441\u043a\u0430\u044f \u043c\u0435\u0431\u0435\u043b\u044c","potentialAction":[{"@type":"SearchAction","target":{"@type":"EntryPoint","urlTemplate":"https:\/\/yvesfouquet.com\/?s={search_term_string}"},"query-input":"required name=search_term_string"}],"inLanguage":"fr-FR"}]},"product_price_currency":"EUR","og_availability":"instock","product_availability":"instock","product_retailer_item_id":"CS084","product_condition":"new"},"_links":{"self":[{"href":"https:\/\/yvesfouquet.com\/fr\/wp-json\/wp\/v2\/product\/17999"}],"collection":[{"href":"https:\/\/yvesfouquet.com\/fr\/wp-json\/wp\/v2\/product"}],"about":[{"href":"https:\/\/yvesfouquet.com\/fr\/wp-json\/wp\/v2\/types\/product"}],"version-history":[{"count":0,"href":"https:\/\/yvesfouquet.com\/fr\/wp-json\/wp\/v2\/product\/17999\/revisions"}],"wp:featuredmedia":[{"embeddable":true,"href":"https:\/\/yvesfouquet.com\/fr\/wp-json\/wp\/v2\/media\/16458"}],"wp:attachment":[{"href":"https:\/\/yvesfouquet.com\/fr\/wp-json\/wp\/v2\/media?parent=17999"}],"wp:term":[{"taxonomy":"product_cat","embeddable":true,"href":"https:\/\/yvesfouquet.com\/fr\/wp-json\/wp\/v2\/product_cat?post=17999"},{"taxonomy":"product_tag","embeddable":true,"href":"https:\/\/yvesfouquet.com\/fr\/wp-json\/wp\/v2\/product_tag?post=17999"}],"curies":[{"name":"wp","href":"https:\/\/api.w.org\/{rel}","templated":true}]}}