{"id":18007,"date":"2021-11-24T19:13:11","date_gmt":"2022-04-28T16:39:33","guid":{"rendered":"https:\/\/yvesfouquet.com\/medaillon-d-armoire-bf531\/"},"modified":"2023-11-21T18:37:57","modified_gmt":"2023-11-21T15:37:57","slug":"bufet-medaillon-bf531","status":"publish","type":"product","link":"https:\/\/yvesfouquet.com\/fr\/produit\/bufet-medaillon-bf531\/","title":{"rendered":"M\u00e9daillon d\u2019armoire BF531"},"content":{"rendered":"<p>Ce magnifique buffet De m\u00e9daillons dans le style ancien Fran\u00e7ais peut \u00eatre appel\u00e9 en toute s\u00e9curit\u00e9 le r\u00eave de l\u2019h\u00f4tesse. De tels meubles vintage \u00e9l\u00e9gants, sans aucun doute, deviendront une d\u00e9coration lumineuse de l\u2019int\u00e9rieur de la cuisine, de la salle \u00e0 manger ou du salon. La praticit\u00e9 et la fonctionnalit\u00e9 bien pens\u00e9e du mod\u00e8le au design exclusif vous convaincront enfin de la justesse du choix.<\/p>\n<p>L\u2019\u00e9l\u00e9gant buffet antique est compos\u00e9 des meilleures vari\u00e9t\u00e9s de bois naturel. La principale caract\u00e9ristique de son d\u00e9cor est d\u00e9j\u00e0 dans le nom m\u00eame \u00ab\u00a0Medallion\u00a0\u00bb. C\u2019est sous cette forme que se fait l\u2019incrustation dor\u00e9e sur les portes battantes du buffet.<\/p>\n<p>Au centre du d\u00e9cor &#8211; accessoires de Fran\u00e7ais luxueux. Ce sont les tampons originaux sur les trous de serrure avec un motif floral complexe et, bien s\u00fbr, les cl\u00e9s elles-m\u00eames. Des superpositions de motifs floraux se trouvent aux extr\u00e9mit\u00e9s et sur les c\u00f4t\u00e9s du buffet. Une gr\u00e2ce encore plus respectueuse lui est donn\u00e9e par de petites jambes tordues.<\/p>\n<p>La combinaison du rouge et de l\u2019or met l\u2019accent sur l\u2019\u00e9l\u00e9gance et la primeur. L\u2019utilisation habile des techniques de vieillissement donne aux meubles un charme historique particulier.<\/p>\n<p>Un vieux buffet fait \u00e0 la main est un autre chef-d\u2019\u0153uvre luxueux dans la tirelire des ma\u00eetres talentueux de l\u2019usine de meubles ukrainienne Yves Fouquet. Tous les meubles sont fabriqu\u00e9s sur commande, de sorte que vous pouvez toujours changer la couleur, la taille et les caract\u00e9ristiques de son d\u00e9cor \u00e0 votre go\u00fbt.<\/p>\n","protected":false},"excerpt":{"rendered":"<p><strong>Possibilit\u00e9 de choisir la couleur<\/p>\n<p>Dimensions: <\/strong>L1900 x H950 x P460<\/p>\n<p><strong>Description:<\/strong> 2 tiroirs, 2 \u00e9tag\u00e8res<\/p>\n<p><strong>Raccords:<\/strong> Poign\u00e9es pour tiroirs 5 pcs, serrure avec une cl\u00e9 aux portes 2 pcs, doublure sur la fa\u00e7ade 1 pc, doublure \u00ab\u00a0ring large\u00a0\u00bb sur la surface lat\u00e9rale 2 pcs, coussinets d\u00e9coratifs sur les trous de serrure 2 pcs<\/p>\n","protected":false},"featured_media":21140,"template":"","meta":[],"product_cat":[155,150],"product_tag":[],"yoast_head":"<!-- This site is optimized with the Yoast SEO Premium plugin v20.7 (Yoast SEO v20.8) - https:\/\/yoast.com\/wordpress\/plugins\/seo\/ -->\n<title>Buffet en bois dans la cuisine dans l\u2019ancien style Fran\u00e7ais - Yves Fouquet<\/title>\n<meta name=\"description\" content=\"Mobilier d\u2019int\u00e9rieur de style vintage. Fait \u00e0 la main par les ma\u00eetres de l\u2019usine Yves Fouquet est fabriqu\u00e9 en Ukraine sur commande selon les tailles individuelles. Bois naturel, raccords Fran\u00e7ais\" \/>\n<meta name=\"robots\" content=\"index, follow, max-snippet:-1, max-image-preview:large, max-video-preview:-1\" \/>\n<link rel=\"canonical\" href=\"https:\/\/yvesfouquet.com\/fr\/produit\/bufet-medaillon-bf531\/\" \/>\n<meta property=\"og:locale\" content=\"fr_FR\" \/>\n<meta property=\"og:type\" content=\"article\" \/>\n<meta property=\"og:title\" content=\"M\u00e9daillon d\u2019armoire BF531\" \/>\n<meta property=\"og:description\" content=\"Mobilier d\u2019int\u00e9rieur de style vintage. Fait \u00e0 la main par les ma\u00eetres de l\u2019usine Yves Fouquet est fabriqu\u00e9 en Ukraine sur commande selon les tailles individuelles. Bois naturel, raccords Fran\u00e7ais\" \/>\n<meta property=\"og:url\" content=\"https:\/\/yvesfouquet.com\/fr\/produit\/bufet-medaillon-bf531\/\" \/>\n<meta property=\"og:site_name\" content=\"Yves Fouquet\" \/>\n<meta property=\"article:publisher\" content=\"https:\/\/www.facebook.com\/boutiueyvesfouquet\" \/>\n<meta property=\"article:modified_time\" content=\"2023-11-21T15:37:57+00:00\" \/>\n<meta property=\"og:image\" content=\"https:\/\/yvesfouquet.com\/wp-content\/uploads\/2021\/11\/My-project-2-1024x807.png\" \/>\n\t<meta property=\"og:image:width\" content=\"1024\" \/>\n\t<meta property=\"og:image:height\" content=\"807\" \/>\n\t<meta property=\"og:image:type\" content=\"image\/png\" \/>\n<meta name=\"twitter:card\" content=\"summary_large_image\" \/>\n<meta name=\"twitter:label1\" content=\"Prix\" \/>\n\t<meta name=\"twitter:data1\" content=\"\" \/>\n\t<meta name=\"twitter:label2\" content=\"Disponibilit\u00e9\" \/>\n\t<meta name=\"twitter:data2\" content=\"En stock\" \/>\n<script type=\"application\/ld+json\" class=\"yoast-schema-graph\">{\"@context\":\"https:\/\/schema.org\",\"@graph\":[{\"@type\":[\"WebPage\",\"ItemPage\"],\"@id\":\"https:\/\/yvesfouquet.com\/fr\/produit\/bufet-medaillon-bf531\/\",\"url\":\"https:\/\/yvesfouquet.com\/fr\/produit\/bufet-medaillon-bf531\/\",\"name\":\"Buffet en bois dans la cuisine dans l\u2019ancien style Fran\u00e7ais - Yves Fouquet\",\"isPartOf\":{\"@id\":\"https:\/\/yvesfouquet.com\/#website\"},\"datePublished\":\"2022-04-28T16:39:33+00:00\",\"dateModified\":\"2023-11-21T15:37:57+00:00\",\"description\":\"Mobilier d\u2019int\u00e9rieur de style vintage. Fait \u00e0 la main par les ma\u00eetres de l\u2019usine Yves Fouquet est fabriqu\u00e9 en Ukraine sur commande selon les tailles individuelles. Bois naturel, raccords Fran\u00e7ais\",\"breadcrumb\":{\"@id\":\"https:\/\/yvesfouquet.com\/fr\/produit\/bufet-medaillon-bf531\/#breadcrumb\"},\"inLanguage\":\"fr-FR\",\"potentialAction\":[{\"@type\":\"ReadAction\",\"target\":[\"https:\/\/yvesfouquet.com\/fr\/produit\/bufet-medaillon-bf531\/\"]}]},{\"@type\":\"BreadcrumbList\",\"@id\":\"https:\/\/yvesfouquet.com\/fr\/produit\/bufet-medaillon-bf531\/#breadcrumb\",\"itemListElement\":[{\"@type\":\"ListItem\",\"position\":1,\"name\":\"\u0413\u043b\u0430\u0432\u043d\u0430\u044f\",\"item\":\"https:\/\/yvesfouquet.com\/fr\/\"},{\"@type\":\"ListItem\",\"position\":2,\"name\":\"Collections\",\"item\":\"https:\/\/yvesfouquet.com\/fr\/collections\/\"},{\"@type\":\"ListItem\",\"position\":3,\"name\":\"M\u00e9daillon d\u2019armoire BF531\"}]},{\"@type\":\"WebSite\",\"@id\":\"https:\/\/yvesfouquet.com\/#website\",\"url\":\"https:\/\/yvesfouquet.com\/\",\"name\":\"Yves Fouquet\",\"description\":\"\u0424\u0440\u0430\u043d\u0446\u0443\u0437\u0441\u043a\u0430\u044f \u043c\u0435\u0431\u0435\u043b\u044c\",\"potentialAction\":[{\"@type\":\"SearchAction\",\"target\":{\"@type\":\"EntryPoint\",\"urlTemplate\":\"https:\/\/yvesfouquet.com\/?s={search_term_string}\"},\"query-input\":\"required name=search_term_string\"}],\"inLanguage\":\"fr-FR\"}]}<\/script>\n<meta property=\"product:price:amount\" content=\"0\" \/>\n<meta property=\"product:price:currency\" content=\"EUR\" \/>\n<meta property=\"og:availability\" content=\"instock\" \/>\n<meta property=\"product:availability\" content=\"instock\" \/>\n<meta property=\"product:retailer_item_id\" content=\"BF531\" \/>\n<meta property=\"product:condition\" content=\"new\" \/>\n<!-- \/ Yoast SEO Premium plugin. -->","yoast_head_json":{"title":"Buffet en bois dans la cuisine dans l\u2019ancien style Fran\u00e7ais - Yves Fouquet","description":"Mobilier d\u2019int\u00e9rieur de style vintage. Fait \u00e0 la main par les ma\u00eetres de l\u2019usine Yves Fouquet est fabriqu\u00e9 en Ukraine sur commande selon les tailles individuelles. Bois naturel, raccords Fran\u00e7ais","robots":{"index":"index","follow":"follow","max-snippet":"max-snippet:-1","max-image-preview":"max-image-preview:large","max-video-preview":"max-video-preview:-1"},"canonical":"https:\/\/yvesfouquet.com\/fr\/produit\/bufet-medaillon-bf531\/","og_locale":"fr_FR","og_type":"article","og_title":"M\u00e9daillon d\u2019armoire BF531","og_description":"Mobilier d\u2019int\u00e9rieur de style vintage. Fait \u00e0 la main par les ma\u00eetres de l\u2019usine Yves Fouquet est fabriqu\u00e9 en Ukraine sur commande selon les tailles individuelles. Bois naturel, raccords Fran\u00e7ais","og_url":"https:\/\/yvesfouquet.com\/fr\/produit\/bufet-medaillon-bf531\/","og_site_name":"Yves Fouquet","article_publisher":"https:\/\/www.facebook.com\/boutiueyvesfouquet","article_modified_time":"2023-11-21T15:37:57+00:00","og_image":[{"width":1024,"height":807,"url":"https:\/\/yvesfouquet.com\/wp-content\/uploads\/2021\/11\/My-project-2-1024x807.png","type":"image\/png"}],"twitter_card":"summary_large_image","twitter_misc":{"Prix":"","Disponibilit\u00e9":"En stock"},"schema":{"@context":"https:\/\/schema.org","@graph":[{"@type":["WebPage","ItemPage"],"@id":"https:\/\/yvesfouquet.com\/fr\/produit\/bufet-medaillon-bf531\/","url":"https:\/\/yvesfouquet.com\/fr\/produit\/bufet-medaillon-bf531\/","name":"Buffet en bois dans la cuisine dans l\u2019ancien style Fran\u00e7ais - Yves Fouquet","isPartOf":{"@id":"https:\/\/yvesfouquet.com\/#website"},"datePublished":"2022-04-28T16:39:33+00:00","dateModified":"2023-11-21T15:37:57+00:00","description":"Mobilier d\u2019int\u00e9rieur de style vintage. Fait \u00e0 la main par les ma\u00eetres de l\u2019usine Yves Fouquet est fabriqu\u00e9 en Ukraine sur commande selon les tailles individuelles. Bois naturel, raccords Fran\u00e7ais","breadcrumb":{"@id":"https:\/\/yvesfouquet.com\/fr\/produit\/bufet-medaillon-bf531\/#breadcrumb"},"inLanguage":"fr-FR","potentialAction":[{"@type":"ReadAction","target":["https:\/\/yvesfouquet.com\/fr\/produit\/bufet-medaillon-bf531\/"]}]},{"@type":"BreadcrumbList","@id":"https:\/\/yvesfouquet.com\/fr\/produit\/bufet-medaillon-bf531\/#breadcrumb","itemListElement":[{"@type":"ListItem","position":1,"name":"\u0413\u043b\u0430\u0432\u043d\u0430\u044f","item":"https:\/\/yvesfouquet.com\/fr\/"},{"@type":"ListItem","position":2,"name":"Collections","item":"https:\/\/yvesfouquet.com\/fr\/collections\/"},{"@type":"ListItem","position":3,"name":"M\u00e9daillon d\u2019armoire BF531"}]},{"@type":"WebSite","@id":"https:\/\/yvesfouquet.com\/#website","url":"https:\/\/yvesfouquet.com\/","name":"Yves Fouquet","description":"\u0424\u0440\u0430\u043d\u0446\u0443\u0437\u0441\u043a\u0430\u044f \u043c\u0435\u0431\u0435\u043b\u044c","potentialAction":[{"@type":"SearchAction","target":{"@type":"EntryPoint","urlTemplate":"https:\/\/yvesfouquet.com\/?s={search_term_string}"},"query-input":"required name=search_term_string"}],"inLanguage":"fr-FR"}]},"product_price_currency":"EUR","og_availability":"instock","product_availability":"instock","product_retailer_item_id":"BF531","product_condition":"new"},"_links":{"self":[{"href":"https:\/\/yvesfouquet.com\/fr\/wp-json\/wp\/v2\/product\/18007"}],"collection":[{"href":"https:\/\/yvesfouquet.com\/fr\/wp-json\/wp\/v2\/product"}],"about":[{"href":"https:\/\/yvesfouquet.com\/fr\/wp-json\/wp\/v2\/types\/product"}],"version-history":[{"count":1,"href":"https:\/\/yvesfouquet.com\/fr\/wp-json\/wp\/v2\/product\/18007\/revisions"}],"predecessor-version":[{"id":24120,"href":"https:\/\/yvesfouquet.com\/fr\/wp-json\/wp\/v2\/product\/18007\/revisions\/24120"}],"wp:featuredmedia":[{"embeddable":true,"href":"https:\/\/yvesfouquet.com\/fr\/wp-json\/wp\/v2\/media\/21140"}],"wp:attachment":[{"href":"https:\/\/yvesfouquet.com\/fr\/wp-json\/wp\/v2\/media?parent=18007"}],"wp:term":[{"taxonomy":"product_cat","embeddable":true,"href":"https:\/\/yvesfouquet.com\/fr\/wp-json\/wp\/v2\/product_cat?post=18007"},{"taxonomy":"product_tag","embeddable":true,"href":"https:\/\/yvesfouquet.com\/fr\/wp-json\/wp\/v2\/product_tag?post=18007"}],"curies":[{"name":"wp","href":"https:\/\/api.w.org\/{rel}","templated":true}]}}