{"id":18010,"date":"2020-10-26T18:12:27","date_gmt":"2022-04-28T16:39:36","guid":{"rendered":"https:\/\/yvesfouquet.com\/buffet-louis-xv-bf529\/"},"modified":"2022-04-28T19:39:36","modified_gmt":"2022-04-28T16:39:36","slug":"bufet-louis-xv-bf529-2","status":"publish","type":"product","link":"https:\/\/yvesfouquet.com\/fr\/produit\/bufet-louis-xv-bf529-2\/","title":{"rendered":"Buffet Louis XV BF529"},"content":{"rendered":"<p>Vous pouvez rendre l\u2019int\u00e9rieur original \u00e0 l\u2019aide de meubles anciens exclusifs. Un buffet en bois ancien fait \u00e0 la main dans le style de l\u2019\u00e9poque de Louis XV ravivera la situation, en y ajoutant une touche lumineuse de design d\u2019auteur. Cr\u00e9\u00e9 par les talentueux artisans de l\u2019usine de meubles Yves Fouquet, il aura fi\u00e8re allure \u00e0 l\u2019int\u00e9rieur de votre maison.<\/p>\n<p>Ce buffet de style antique peut \u00eatre install\u00e9 dans le salon, la chambre, le couloir ou le couloir. Gr\u00e2ce \u00e0 ses formes \u00e9l\u00e9gantes, il aura l\u2019air \u00e9l\u00e9gant et harmonieux partout.<\/p>\n<p>Des pieds gracieusement incurv\u00e9s, une courbe en relief de portes battantes et un ensemble de comptoirs encadr\u00e9s par des bordures dor\u00e9es transforment le buffet en un \u00e9l\u00e9ment unique de mobilier ancien. Ajoute de la couleur \u00e0 l\u2019\u00e9lite Fran\u00e7ais raccords sous la forme de magnifiques coussinets sur les trous de serrure.<\/p>\n<p>Un buffet en bois naturel vintage a fi\u00e8re allure en couleur ou peint \u00e0 la main. L\u2019utilisation de technologies d\u2019assemblage anciennes et de techniques de vieillissement lui conf\u00e8re un chic historique particulier.<\/p>\n<p>Les meubles design sont fabriqu\u00e9s sur commande, vous choisissez donc la taille et les \u00e9l\u00e9ments de d\u00e9coration. Pour que le buffet s\u2019int\u00e8gre parfaitement dans l\u2019ambiance, nos ma\u00eetres se feront un plaisir de r\u00e9aliser tous vos souhaits.<\/p>\n","protected":false},"excerpt":{"rendered":"<p><strong>Dimensions:<\/strong> L1200 x H880 x P560<\/p>\n<p><strong>Description:<\/strong> 2 portes, 1 \u00e9tag\u00e8re r\u00e9glable en hauteur<\/p>\n","protected":false},"featured_media":16014,"template":"","meta":[],"product_cat":[155],"product_tag":[],"yoast_head":"<!-- This site is optimized with the Yoast SEO Premium plugin v20.7 (Yoast SEO v20.8) - https:\/\/yoast.com\/wordpress\/plugins\/seo\/ -->\n<title>Buffet antique en bois dans le style de Louis 15 - Yves Fouquet<\/title>\n<meta name=\"description\" content=\"Mobilier exclusif construit \u00e0 la main dans le style vintage sur commande. Buffet du bois massif \u00e0 la cuisine. Design de l\u2019auteur, mat\u00e9riaux \u00e9cologiques d\u2019\u00e9lite de la meilleure qualit\u00e9. Usine Yves Fouquet Ukraine\" \/>\n<meta name=\"robots\" content=\"index, follow, max-snippet:-1, max-image-preview:large, max-video-preview:-1\" \/>\n<link rel=\"canonical\" href=\"https:\/\/yvesfouquet.com\/fr\/produit\/bufet-louis-xv-bf529-2\/\" \/>\n<meta property=\"og:locale\" content=\"fr_FR\" \/>\n<meta property=\"og:type\" content=\"article\" \/>\n<meta property=\"og:title\" content=\"Buffet Louis XV BF529\" \/>\n<meta property=\"og:description\" content=\"Mobilier exclusif construit \u00e0 la main dans le style vintage sur commande. Buffet du bois massif \u00e0 la cuisine. Design de l\u2019auteur, mat\u00e9riaux \u00e9cologiques d\u2019\u00e9lite de la meilleure qualit\u00e9. Usine Yves Fouquet Ukraine\" \/>\n<meta property=\"og:url\" content=\"https:\/\/yvesfouquet.com\/fr\/produit\/bufet-louis-xv-bf529-2\/\" \/>\n<meta property=\"og:site_name\" content=\"Yves Fouquet\" \/>\n<meta property=\"article:publisher\" content=\"https:\/\/www.facebook.com\/boutiueyvesfouquet\" \/>\n<meta property=\"og:image\" content=\"https:\/\/yvesfouquet.com\/wp-content\/uploads\/2020\/10\/32.png\" \/>\n\t<meta property=\"og:image:width\" content=\"1080\" \/>\n\t<meta property=\"og:image:height\" content=\"1080\" \/>\n\t<meta property=\"og:image:type\" content=\"image\/png\" \/>\n<meta name=\"twitter:card\" content=\"summary_large_image\" \/>\n<meta name=\"twitter:label1\" content=\"Prix\" \/>\n\t<meta name=\"twitter:data1\" content=\"\" \/>\n\t<meta name=\"twitter:label2\" content=\"Disponibilit\u00e9\" \/>\n\t<meta name=\"twitter:data2\" content=\"En stock\" \/>\n<script type=\"application\/ld+json\" class=\"yoast-schema-graph\">{\"@context\":\"https:\/\/schema.org\",\"@graph\":[{\"@type\":[\"WebPage\",\"ItemPage\"],\"@id\":\"https:\/\/yvesfouquet.com\/fr\/produit\/bufet-louis-xv-bf529-2\/\",\"url\":\"https:\/\/yvesfouquet.com\/fr\/produit\/bufet-louis-xv-bf529-2\/\",\"name\":\"Buffet antique en bois dans le style de Louis 15 - Yves Fouquet\",\"isPartOf\":{\"@id\":\"https:\/\/yvesfouquet.com\/#website\"},\"datePublished\":\"2022-04-28T16:39:36+00:00\",\"dateModified\":\"2022-04-28T16:39:36+00:00\",\"description\":\"Mobilier exclusif construit \u00e0 la main dans le style vintage sur commande. Buffet du bois massif \u00e0 la cuisine. Design de l\u2019auteur, mat\u00e9riaux \u00e9cologiques d\u2019\u00e9lite de la meilleure qualit\u00e9. Usine Yves Fouquet Ukraine\",\"breadcrumb\":{\"@id\":\"https:\/\/yvesfouquet.com\/fr\/produit\/bufet-louis-xv-bf529-2\/#breadcrumb\"},\"inLanguage\":\"fr-FR\",\"potentialAction\":[{\"@type\":\"ReadAction\",\"target\":[\"https:\/\/yvesfouquet.com\/fr\/produit\/bufet-louis-xv-bf529-2\/\"]}]},{\"@type\":\"BreadcrumbList\",\"@id\":\"https:\/\/yvesfouquet.com\/fr\/produit\/bufet-louis-xv-bf529-2\/#breadcrumb\",\"itemListElement\":[{\"@type\":\"ListItem\",\"position\":1,\"name\":\"\u0413\u043b\u0430\u0432\u043d\u0430\u044f\",\"item\":\"https:\/\/yvesfouquet.com\/fr\/\"},{\"@type\":\"ListItem\",\"position\":2,\"name\":\"Collections\",\"item\":\"https:\/\/yvesfouquet.com\/fr\/collections\/\"},{\"@type\":\"ListItem\",\"position\":3,\"name\":\"Buffet Louis XV BF529\"}]},{\"@type\":\"WebSite\",\"@id\":\"https:\/\/yvesfouquet.com\/#website\",\"url\":\"https:\/\/yvesfouquet.com\/\",\"name\":\"Yves Fouquet\",\"description\":\"\u0424\u0440\u0430\u043d\u0446\u0443\u0437\u0441\u043a\u0430\u044f \u043c\u0435\u0431\u0435\u043b\u044c\",\"potentialAction\":[{\"@type\":\"SearchAction\",\"target\":{\"@type\":\"EntryPoint\",\"urlTemplate\":\"https:\/\/yvesfouquet.com\/?s={search_term_string}\"},\"query-input\":\"required name=search_term_string\"}],\"inLanguage\":\"fr-FR\"}]}<\/script>\n<meta property=\"product:price:amount\" content=\"0\" \/>\n<meta property=\"product:price:currency\" content=\"EUR\" \/>\n<meta property=\"og:availability\" content=\"instock\" \/>\n<meta property=\"product:availability\" content=\"instock\" \/>\n<meta property=\"product:retailer_item_id\" content=\"BF529\" \/>\n<meta property=\"product:condition\" content=\"new\" \/>\n<!-- \/ Yoast SEO Premium plugin. -->","yoast_head_json":{"title":"Buffet antique en bois dans le style de Louis 15 - Yves Fouquet","description":"Mobilier exclusif construit \u00e0 la main dans le style vintage sur commande. Buffet du bois massif \u00e0 la cuisine. Design de l\u2019auteur, mat\u00e9riaux \u00e9cologiques d\u2019\u00e9lite de la meilleure qualit\u00e9. Usine Yves Fouquet Ukraine","robots":{"index":"index","follow":"follow","max-snippet":"max-snippet:-1","max-image-preview":"max-image-preview:large","max-video-preview":"max-video-preview:-1"},"canonical":"https:\/\/yvesfouquet.com\/fr\/produit\/bufet-louis-xv-bf529-2\/","og_locale":"fr_FR","og_type":"article","og_title":"Buffet Louis XV BF529","og_description":"Mobilier exclusif construit \u00e0 la main dans le style vintage sur commande. Buffet du bois massif \u00e0 la cuisine. Design de l\u2019auteur, mat\u00e9riaux \u00e9cologiques d\u2019\u00e9lite de la meilleure qualit\u00e9. Usine Yves Fouquet Ukraine","og_url":"https:\/\/yvesfouquet.com\/fr\/produit\/bufet-louis-xv-bf529-2\/","og_site_name":"Yves Fouquet","article_publisher":"https:\/\/www.facebook.com\/boutiueyvesfouquet","og_image":[{"width":1080,"height":1080,"url":"https:\/\/yvesfouquet.com\/wp-content\/uploads\/2020\/10\/32.png","type":"image\/png"}],"twitter_card":"summary_large_image","twitter_misc":{"Prix":"","Disponibilit\u00e9":"En stock"},"schema":{"@context":"https:\/\/schema.org","@graph":[{"@type":["WebPage","ItemPage"],"@id":"https:\/\/yvesfouquet.com\/fr\/produit\/bufet-louis-xv-bf529-2\/","url":"https:\/\/yvesfouquet.com\/fr\/produit\/bufet-louis-xv-bf529-2\/","name":"Buffet antique en bois dans le style de Louis 15 - Yves Fouquet","isPartOf":{"@id":"https:\/\/yvesfouquet.com\/#website"},"datePublished":"2022-04-28T16:39:36+00:00","dateModified":"2022-04-28T16:39:36+00:00","description":"Mobilier exclusif construit \u00e0 la main dans le style vintage sur commande. Buffet du bois massif \u00e0 la cuisine. Design de l\u2019auteur, mat\u00e9riaux \u00e9cologiques d\u2019\u00e9lite de la meilleure qualit\u00e9. Usine Yves Fouquet Ukraine","breadcrumb":{"@id":"https:\/\/yvesfouquet.com\/fr\/produit\/bufet-louis-xv-bf529-2\/#breadcrumb"},"inLanguage":"fr-FR","potentialAction":[{"@type":"ReadAction","target":["https:\/\/yvesfouquet.com\/fr\/produit\/bufet-louis-xv-bf529-2\/"]}]},{"@type":"BreadcrumbList","@id":"https:\/\/yvesfouquet.com\/fr\/produit\/bufet-louis-xv-bf529-2\/#breadcrumb","itemListElement":[{"@type":"ListItem","position":1,"name":"\u0413\u043b\u0430\u0432\u043d\u0430\u044f","item":"https:\/\/yvesfouquet.com\/fr\/"},{"@type":"ListItem","position":2,"name":"Collections","item":"https:\/\/yvesfouquet.com\/fr\/collections\/"},{"@type":"ListItem","position":3,"name":"Buffet Louis XV BF529"}]},{"@type":"WebSite","@id":"https:\/\/yvesfouquet.com\/#website","url":"https:\/\/yvesfouquet.com\/","name":"Yves Fouquet","description":"\u0424\u0440\u0430\u043d\u0446\u0443\u0437\u0441\u043a\u0430\u044f \u043c\u0435\u0431\u0435\u043b\u044c","potentialAction":[{"@type":"SearchAction","target":{"@type":"EntryPoint","urlTemplate":"https:\/\/yvesfouquet.com\/?s={search_term_string}"},"query-input":"required name=search_term_string"}],"inLanguage":"fr-FR"}]},"product_price_currency":"EUR","og_availability":"instock","product_availability":"instock","product_retailer_item_id":"BF529","product_condition":"new"},"_links":{"self":[{"href":"https:\/\/yvesfouquet.com\/fr\/wp-json\/wp\/v2\/product\/18010"}],"collection":[{"href":"https:\/\/yvesfouquet.com\/fr\/wp-json\/wp\/v2\/product"}],"about":[{"href":"https:\/\/yvesfouquet.com\/fr\/wp-json\/wp\/v2\/types\/product"}],"version-history":[{"count":0,"href":"https:\/\/yvesfouquet.com\/fr\/wp-json\/wp\/v2\/product\/18010\/revisions"}],"wp:featuredmedia":[{"embeddable":true,"href":"https:\/\/yvesfouquet.com\/fr\/wp-json\/wp\/v2\/media\/16014"}],"wp:attachment":[{"href":"https:\/\/yvesfouquet.com\/fr\/wp-json\/wp\/v2\/media?parent=18010"}],"wp:term":[{"taxonomy":"product_cat","embeddable":true,"href":"https:\/\/yvesfouquet.com\/fr\/wp-json\/wp\/v2\/product_cat?post=18010"},{"taxonomy":"product_tag","embeddable":true,"href":"https:\/\/yvesfouquet.com\/fr\/wp-json\/wp\/v2\/product_tag?post=18010"}],"curies":[{"name":"wp","href":"https:\/\/api.w.org\/{rel}","templated":true}]}}