{"id":18013,"date":"2020-10-26T18:12:27","date_gmt":"2022-04-28T16:39:39","guid":{"rendered":"https:\/\/yvesfouquet.com\/buffet-louis-xvbf527\/"},"modified":"2022-04-28T19:39:39","modified_gmt":"2022-04-28T16:39:39","slug":"bufet-louis-xvbf527-2","status":"publish","type":"product","link":"https:\/\/yvesfouquet.com\/fr\/produit\/bufet-louis-xvbf527-2\/","title":{"rendered":"Buffet Louis XVBF527"},"content":{"rendered":"<p>Cet \u00e9l\u00e9gant buffet antique dans le style Louis XV est s\u00fbr d\u2019\u00eatre l\u2019un des d\u00e9tails les plus attrayants de votre int\u00e9rieur. Gr\u00e2ce \u00e0 son design soigneusement con\u00e7u, il est non seulement beau, mais aussi pratique, il convient donc \u00e0 n\u2019importe quelle pi\u00e8ce de votre maison.<\/p>\n<p>Fabriqu\u00e9 en bois massif, le buffet vintage se distingue par la courbure des lignes et la flexibilit\u00e9 des formes, ce qui correspond pleinement aux tendances de la France de l\u2019\u00e9poque Louis. Le buffet a une taille assez grande. Sur son plateau spacieux, vous pouvez facilement placer beaucoup de gadgets int\u00e9rieurs \u00e9l\u00e9gants.<\/p>\n<p>Une place importante dans le design est occup\u00e9e par de magnifiques accessoires dans le style ancien. Des coussinets \u00e9l\u00e9gants ornent les pieds incurv\u00e9s et les trous de serrure des deux portes avec cl\u00e9s. Les tiroirs sont d\u00e9cor\u00e9s de poign\u00e9es \u00e9l\u00e9gantes.<\/p>\n<p>Les meubles exclusifs des ma\u00eetres ukrainiens de la manufacture Yves Fouquet sont cr\u00e9\u00e9s individuellement, de sorte que tous les souhaits des clients sont pris en compte lors de leur assemblage. Vous pourrez changer la couleur et la taille du buffet, enlever ou ajouter des accessoires, n\u2019utiliser que certaines techniques de vieillissement.<\/p>\n<p>Gr\u00e2ce \u00e0 ces possibilit\u00e9s, les meubles vintage sur mesure assembl\u00e9s \u00e0 la main dans le style Fran\u00e7ais ancien s\u2019int\u00e8grent toujours parfaitement dans la situation.<\/p>\n","protected":false},"excerpt":{"rendered":"<p><strong>Dimensions:<\/strong> L1930 x H780 x P480<\/p>\n<p><strong>Description:<\/strong> 4 portes, 2 \u00e9tag\u00e8res r\u00e9glables en hauteur, 4 tiroirs<\/p>\n","protected":false},"featured_media":16004,"template":"","meta":[],"product_cat":[155],"product_tag":[],"yoast_head":"<!-- This site is optimized with the Yoast SEO Premium plugin v20.7 (Yoast SEO v20.8) - https:\/\/yoast.com\/wordpress\/plugins\/seo\/ -->\n<title>Buffet vintage dans le style de Louis 15 acheter en Ukraine - Yves Fouquet<\/title>\n<meta name=\"description\" content=\"Meubles vintage \u00e0 commander \u00e0 partir des meilleurs mat\u00e9riaux. Fran\u00e7ais raccords, bois naturel, assemblage manuel selon les anciennes technologies. Assurance qualit\u00e9 de l\u2019usine Yves Fouquet\" \/>\n<meta name=\"robots\" content=\"index, follow, max-snippet:-1, max-image-preview:large, max-video-preview:-1\" \/>\n<link rel=\"canonical\" href=\"https:\/\/yvesfouquet.com\/fr\/produit\/bufet-louis-xvbf527-2\/\" \/>\n<meta property=\"og:locale\" content=\"fr_FR\" \/>\n<meta property=\"og:type\" content=\"article\" \/>\n<meta property=\"og:title\" content=\"Buffet Louis XVBF527\" \/>\n<meta property=\"og:description\" content=\"Meubles vintage \u00e0 commander \u00e0 partir des meilleurs mat\u00e9riaux. Fran\u00e7ais raccords, bois naturel, assemblage manuel selon les anciennes technologies. Assurance qualit\u00e9 de l\u2019usine Yves Fouquet\" \/>\n<meta property=\"og:url\" content=\"https:\/\/yvesfouquet.com\/fr\/produit\/bufet-louis-xvbf527-2\/\" \/>\n<meta property=\"og:site_name\" content=\"Yves Fouquet\" \/>\n<meta property=\"article:publisher\" content=\"https:\/\/www.facebook.com\/boutiueyvesfouquet\" \/>\n<meta property=\"og:image\" content=\"https:\/\/yvesfouquet.com\/wp-content\/uploads\/2020\/10\/30.png\" \/>\n\t<meta property=\"og:image:width\" content=\"1080\" \/>\n\t<meta property=\"og:image:height\" content=\"1080\" \/>\n\t<meta property=\"og:image:type\" content=\"image\/png\" \/>\n<meta name=\"twitter:card\" content=\"summary_large_image\" \/>\n<meta name=\"twitter:label1\" content=\"Prix\" \/>\n\t<meta name=\"twitter:data1\" content=\"\" \/>\n\t<meta name=\"twitter:label2\" content=\"Disponibilit\u00e9\" \/>\n\t<meta name=\"twitter:data2\" content=\"En stock\" \/>\n<script type=\"application\/ld+json\" class=\"yoast-schema-graph\">{\"@context\":\"https:\/\/schema.org\",\"@graph\":[{\"@type\":[\"WebPage\",\"ItemPage\"],\"@id\":\"https:\/\/yvesfouquet.com\/fr\/produit\/bufet-louis-xvbf527-2\/\",\"url\":\"https:\/\/yvesfouquet.com\/fr\/produit\/bufet-louis-xvbf527-2\/\",\"name\":\"Buffet vintage dans le style de Louis 15 acheter en Ukraine - Yves Fouquet\",\"isPartOf\":{\"@id\":\"https:\/\/yvesfouquet.com\/#website\"},\"datePublished\":\"2022-04-28T16:39:39+00:00\",\"dateModified\":\"2022-04-28T16:39:39+00:00\",\"description\":\"Meubles vintage \u00e0 commander \u00e0 partir des meilleurs mat\u00e9riaux. Fran\u00e7ais raccords, bois naturel, assemblage manuel selon les anciennes technologies. Assurance qualit\u00e9 de l\u2019usine Yves Fouquet\",\"breadcrumb\":{\"@id\":\"https:\/\/yvesfouquet.com\/fr\/produit\/bufet-louis-xvbf527-2\/#breadcrumb\"},\"inLanguage\":\"fr-FR\",\"potentialAction\":[{\"@type\":\"ReadAction\",\"target\":[\"https:\/\/yvesfouquet.com\/fr\/produit\/bufet-louis-xvbf527-2\/\"]}]},{\"@type\":\"BreadcrumbList\",\"@id\":\"https:\/\/yvesfouquet.com\/fr\/produit\/bufet-louis-xvbf527-2\/#breadcrumb\",\"itemListElement\":[{\"@type\":\"ListItem\",\"position\":1,\"name\":\"\u0413\u043b\u0430\u0432\u043d\u0430\u044f\",\"item\":\"https:\/\/yvesfouquet.com\/fr\/\"},{\"@type\":\"ListItem\",\"position\":2,\"name\":\"Collections\",\"item\":\"https:\/\/yvesfouquet.com\/fr\/collections\/\"},{\"@type\":\"ListItem\",\"position\":3,\"name\":\"Buffet Louis XVBF527\"}]},{\"@type\":\"WebSite\",\"@id\":\"https:\/\/yvesfouquet.com\/#website\",\"url\":\"https:\/\/yvesfouquet.com\/\",\"name\":\"Yves Fouquet\",\"description\":\"\u0424\u0440\u0430\u043d\u0446\u0443\u0437\u0441\u043a\u0430\u044f \u043c\u0435\u0431\u0435\u043b\u044c\",\"potentialAction\":[{\"@type\":\"SearchAction\",\"target\":{\"@type\":\"EntryPoint\",\"urlTemplate\":\"https:\/\/yvesfouquet.com\/?s={search_term_string}\"},\"query-input\":\"required name=search_term_string\"}],\"inLanguage\":\"fr-FR\"}]}<\/script>\n<meta property=\"product:price:amount\" content=\"0\" \/>\n<meta property=\"product:price:currency\" content=\"EUR\" \/>\n<meta property=\"og:availability\" content=\"instock\" \/>\n<meta property=\"product:availability\" content=\"instock\" \/>\n<meta property=\"product:retailer_item_id\" content=\"BF527\" \/>\n<meta property=\"product:condition\" content=\"new\" \/>\n<!-- \/ Yoast SEO Premium plugin. -->","yoast_head_json":{"title":"Buffet vintage dans le style de Louis 15 acheter en Ukraine - Yves Fouquet","description":"Meubles vintage \u00e0 commander \u00e0 partir des meilleurs mat\u00e9riaux. Fran\u00e7ais raccords, bois naturel, assemblage manuel selon les anciennes technologies. Assurance qualit\u00e9 de l\u2019usine Yves Fouquet","robots":{"index":"index","follow":"follow","max-snippet":"max-snippet:-1","max-image-preview":"max-image-preview:large","max-video-preview":"max-video-preview:-1"},"canonical":"https:\/\/yvesfouquet.com\/fr\/produit\/bufet-louis-xvbf527-2\/","og_locale":"fr_FR","og_type":"article","og_title":"Buffet Louis XVBF527","og_description":"Meubles vintage \u00e0 commander \u00e0 partir des meilleurs mat\u00e9riaux. Fran\u00e7ais raccords, bois naturel, assemblage manuel selon les anciennes technologies. Assurance qualit\u00e9 de l\u2019usine Yves Fouquet","og_url":"https:\/\/yvesfouquet.com\/fr\/produit\/bufet-louis-xvbf527-2\/","og_site_name":"Yves Fouquet","article_publisher":"https:\/\/www.facebook.com\/boutiueyvesfouquet","og_image":[{"width":1080,"height":1080,"url":"https:\/\/yvesfouquet.com\/wp-content\/uploads\/2020\/10\/30.png","type":"image\/png"}],"twitter_card":"summary_large_image","twitter_misc":{"Prix":"","Disponibilit\u00e9":"En stock"},"schema":{"@context":"https:\/\/schema.org","@graph":[{"@type":["WebPage","ItemPage"],"@id":"https:\/\/yvesfouquet.com\/fr\/produit\/bufet-louis-xvbf527-2\/","url":"https:\/\/yvesfouquet.com\/fr\/produit\/bufet-louis-xvbf527-2\/","name":"Buffet vintage dans le style de Louis 15 acheter en Ukraine - Yves Fouquet","isPartOf":{"@id":"https:\/\/yvesfouquet.com\/#website"},"datePublished":"2022-04-28T16:39:39+00:00","dateModified":"2022-04-28T16:39:39+00:00","description":"Meubles vintage \u00e0 commander \u00e0 partir des meilleurs mat\u00e9riaux. Fran\u00e7ais raccords, bois naturel, assemblage manuel selon les anciennes technologies. Assurance qualit\u00e9 de l\u2019usine Yves Fouquet","breadcrumb":{"@id":"https:\/\/yvesfouquet.com\/fr\/produit\/bufet-louis-xvbf527-2\/#breadcrumb"},"inLanguage":"fr-FR","potentialAction":[{"@type":"ReadAction","target":["https:\/\/yvesfouquet.com\/fr\/produit\/bufet-louis-xvbf527-2\/"]}]},{"@type":"BreadcrumbList","@id":"https:\/\/yvesfouquet.com\/fr\/produit\/bufet-louis-xvbf527-2\/#breadcrumb","itemListElement":[{"@type":"ListItem","position":1,"name":"\u0413\u043b\u0430\u0432\u043d\u0430\u044f","item":"https:\/\/yvesfouquet.com\/fr\/"},{"@type":"ListItem","position":2,"name":"Collections","item":"https:\/\/yvesfouquet.com\/fr\/collections\/"},{"@type":"ListItem","position":3,"name":"Buffet Louis XVBF527"}]},{"@type":"WebSite","@id":"https:\/\/yvesfouquet.com\/#website","url":"https:\/\/yvesfouquet.com\/","name":"Yves Fouquet","description":"\u0424\u0440\u0430\u043d\u0446\u0443\u0437\u0441\u043a\u0430\u044f \u043c\u0435\u0431\u0435\u043b\u044c","potentialAction":[{"@type":"SearchAction","target":{"@type":"EntryPoint","urlTemplate":"https:\/\/yvesfouquet.com\/?s={search_term_string}"},"query-input":"required name=search_term_string"}],"inLanguage":"fr-FR"}]},"product_price_currency":"EUR","og_availability":"instock","product_availability":"instock","product_retailer_item_id":"BF527","product_condition":"new"},"_links":{"self":[{"href":"https:\/\/yvesfouquet.com\/fr\/wp-json\/wp\/v2\/product\/18013"}],"collection":[{"href":"https:\/\/yvesfouquet.com\/fr\/wp-json\/wp\/v2\/product"}],"about":[{"href":"https:\/\/yvesfouquet.com\/fr\/wp-json\/wp\/v2\/types\/product"}],"version-history":[{"count":0,"href":"https:\/\/yvesfouquet.com\/fr\/wp-json\/wp\/v2\/product\/18013\/revisions"}],"wp:featuredmedia":[{"embeddable":true,"href":"https:\/\/yvesfouquet.com\/fr\/wp-json\/wp\/v2\/media\/16004"}],"wp:attachment":[{"href":"https:\/\/yvesfouquet.com\/fr\/wp-json\/wp\/v2\/media?parent=18013"}],"wp:term":[{"taxonomy":"product_cat","embeddable":true,"href":"https:\/\/yvesfouquet.com\/fr\/wp-json\/wp\/v2\/product_cat?post=18013"},{"taxonomy":"product_tag","embeddable":true,"href":"https:\/\/yvesfouquet.com\/fr\/wp-json\/wp\/v2\/product_tag?post=18013"}],"curies":[{"name":"wp","href":"https:\/\/api.w.org\/{rel}","templated":true}]}}