{"id":18017,"date":"2020-10-26T18:12:27","date_gmt":"2022-04-28T16:41:38","guid":{"rendered":"https:\/\/yvesfouquet.com\/buffet-directoire-bf530\/"},"modified":"2022-04-28T19:41:38","modified_gmt":"2022-04-28T16:41:38","slug":"bufet-directoire-bf530-2","status":"publish","type":"product","link":"https:\/\/yvesfouquet.com\/fr\/produit\/bufet-directoire-bf530-2\/","title":{"rendered":"Buffet Directoire BF530"},"content":{"rendered":"<p>Un d\u00e9tail lumineux et tr\u00e8s pratique de votre int\u00e9rieur sera un magnifique buffet vintage en bois naturel dans le style ancien Fran\u00e7ais du R\u00e9pertoire. Correspondant pleinement \u00e0 son design d\u2019\u00e9poque et \u00e0 la plus haute qualit\u00e9 de fait \u00e0 la main &#8211; ce sont les caract\u00e9ristiques distinctives des meubles exclusifs, qui sont collect\u00e9s par les ma\u00eetres de l\u2019usine Yves Fouquet en Ukraine.<\/p>\n<p>Fabriqu\u00e9 en bois massif, le buffet antique dispose de deux compartiments verrouillables avec portes. \u00c0 l\u2019int\u00e9rieur de chacun d\u2019eux, il y a une \u00e9tag\u00e8re r\u00e9glable en hauteur. Ici, vous pouvez placer des plats ou des textiles, des pots avec des c\u00e9r\u00e9ales et des \u00e9pices, d\u2019autres ustensiles de cuisine.<\/p>\n<p>Au-dessus des portes se trouvent de larges tiroirs, parfaits pour les couverts. Dans la partie centrale, il y a trois petites bo\u00eetes pour les bagatelles. Au-dessus d\u2019eux se trouve un panneau de bois vierge avec un tampon d\u00e9coratif en forme de diamant.<\/p>\n<p>Fran\u00e7ais accessoires occupent une place importante dans la conception d\u2019un ancien buffet. Ce sont des poign\u00e9es pour tiroirs, cl\u00e9s et trous de serrure, des coussinets aux extr\u00e9mit\u00e9s. De plus, plusieurs technologies vieillissantes sont magistralement utilis\u00e9es ici.<\/p>\n<p>En raison des particularit\u00e9s de son design pratique, un tel buffet vintage aura fi\u00e8re allure non seulement dans la cuisine. Il s\u2019int\u00e9grera parfaitement \u00e0 l\u2019int\u00e9rieur du salon, de la chambre ou du couloir. Un design bien pens\u00e9 vous permettra d\u2019y placer facilement beaucoup de choses.<\/p>\n","protected":false},"excerpt":{"rendered":"<p><strong>Dimensions:<\/strong> L1950 x H970 x P520<\/p>\n<p><strong>Description :<\/strong> 2 portes et 4 tiroirs<\/p>\n<p><strong>Disponible:<\/strong> Sans peinture, vous pouvez choisir la couleur<\/p>\n","protected":false},"featured_media":16022,"template":"","meta":[],"product_cat":[155],"product_tag":[],"yoast_head":"<!-- This site is optimized with the Yoast SEO Premium plugin v20.7 (Yoast SEO v20.8) - https:\/\/yoast.com\/wordpress\/plugins\/seo\/ -->\n<title>Buffet en bois dans le style old Fran\u00e7ais pour commander - Yves Fouquet<\/title>\n<meta name=\"description\" content=\"Meubles design exclusifs faits \u00e0 la main en Ukraine de l\u2019usine de meubles Yves Fouquet. Mat\u00e9riaux naturels, qualit\u00e9 de construction parfaite et garantie du fabricant\" \/>\n<meta name=\"robots\" content=\"index, follow, max-snippet:-1, max-image-preview:large, max-video-preview:-1\" \/>\n<link rel=\"canonical\" href=\"https:\/\/yvesfouquet.com\/fr\/produit\/bufet-directoire-bf530-2\/\" \/>\n<meta property=\"og:locale\" content=\"fr_FR\" \/>\n<meta property=\"og:type\" content=\"article\" \/>\n<meta property=\"og:title\" content=\"Buffet Directoire BF530\" \/>\n<meta property=\"og:description\" content=\"Meubles design exclusifs faits \u00e0 la main en Ukraine de l\u2019usine de meubles Yves Fouquet. Mat\u00e9riaux naturels, qualit\u00e9 de construction parfaite et garantie du fabricant\" \/>\n<meta property=\"og:url\" content=\"https:\/\/yvesfouquet.com\/fr\/produit\/bufet-directoire-bf530-2\/\" \/>\n<meta property=\"og:site_name\" content=\"Yves Fouquet\" \/>\n<meta property=\"article:publisher\" content=\"https:\/\/www.facebook.com\/boutiueyvesfouquet\" \/>\n<meta property=\"og:image\" content=\"https:\/\/yvesfouquet.com\/wp-content\/uploads\/2020\/10\/35-1.png\" \/>\n\t<meta property=\"og:image:width\" content=\"1080\" \/>\n\t<meta property=\"og:image:height\" content=\"1080\" \/>\n\t<meta property=\"og:image:type\" content=\"image\/png\" \/>\n<meta name=\"twitter:card\" content=\"summary_large_image\" \/>\n<meta name=\"twitter:label1\" content=\"Prix\" \/>\n\t<meta name=\"twitter:data1\" content=\"\" \/>\n\t<meta name=\"twitter:label2\" content=\"Disponibilit\u00e9\" \/>\n\t<meta name=\"twitter:data2\" content=\"En r\u00e9assort\" \/>\n<script type=\"application\/ld+json\" class=\"yoast-schema-graph\">{\"@context\":\"https:\/\/schema.org\",\"@graph\":[{\"@type\":[\"WebPage\",\"ItemPage\"],\"@id\":\"https:\/\/yvesfouquet.com\/fr\/produit\/bufet-directoire-bf530-2\/\",\"url\":\"https:\/\/yvesfouquet.com\/fr\/produit\/bufet-directoire-bf530-2\/\",\"name\":\"Buffet en bois dans le style old Fran\u00e7ais pour commander - Yves Fouquet\",\"isPartOf\":{\"@id\":\"https:\/\/yvesfouquet.com\/#website\"},\"datePublished\":\"2022-04-28T16:41:38+00:00\",\"dateModified\":\"2022-04-28T16:41:38+00:00\",\"description\":\"Meubles design exclusifs faits \u00e0 la main en Ukraine de l\u2019usine de meubles Yves Fouquet. Mat\u00e9riaux naturels, qualit\u00e9 de construction parfaite et garantie du fabricant\",\"breadcrumb\":{\"@id\":\"https:\/\/yvesfouquet.com\/fr\/produit\/bufet-directoire-bf530-2\/#breadcrumb\"},\"inLanguage\":\"fr-FR\",\"potentialAction\":[{\"@type\":\"ReadAction\",\"target\":[\"https:\/\/yvesfouquet.com\/fr\/produit\/bufet-directoire-bf530-2\/\"]}]},{\"@type\":\"BreadcrumbList\",\"@id\":\"https:\/\/yvesfouquet.com\/fr\/produit\/bufet-directoire-bf530-2\/#breadcrumb\",\"itemListElement\":[{\"@type\":\"ListItem\",\"position\":1,\"name\":\"\u0413\u043b\u0430\u0432\u043d\u0430\u044f\",\"item\":\"https:\/\/yvesfouquet.com\/fr\/\"},{\"@type\":\"ListItem\",\"position\":2,\"name\":\"Collections\",\"item\":\"https:\/\/yvesfouquet.com\/fr\/collections\/\"},{\"@type\":\"ListItem\",\"position\":3,\"name\":\"Buffet Directoire BF530\"}]},{\"@type\":\"WebSite\",\"@id\":\"https:\/\/yvesfouquet.com\/#website\",\"url\":\"https:\/\/yvesfouquet.com\/\",\"name\":\"Yves Fouquet\",\"description\":\"\u0424\u0440\u0430\u043d\u0446\u0443\u0437\u0441\u043a\u0430\u044f \u043c\u0435\u0431\u0435\u043b\u044c\",\"potentialAction\":[{\"@type\":\"SearchAction\",\"target\":{\"@type\":\"EntryPoint\",\"urlTemplate\":\"https:\/\/yvesfouquet.com\/?s={search_term_string}\"},\"query-input\":\"required name=search_term_string\"}],\"inLanguage\":\"fr-FR\"}]}<\/script>\n<meta property=\"product:price:amount\" content=\"0\" \/>\n<meta property=\"product:price:currency\" content=\"EUR\" \/>\n<meta property=\"og:availability\" content=\"backorder\" \/>\n<meta property=\"product:availability\" content=\"available for order\" \/>\n<meta property=\"product:retailer_item_id\" content=\"BF530\" \/>\n<meta property=\"product:condition\" content=\"new\" \/>\n<!-- \/ Yoast SEO Premium plugin. -->","yoast_head_json":{"title":"Buffet en bois dans le style old Fran\u00e7ais pour commander - Yves Fouquet","description":"Meubles design exclusifs faits \u00e0 la main en Ukraine de l\u2019usine de meubles Yves Fouquet. Mat\u00e9riaux naturels, qualit\u00e9 de construction parfaite et garantie du fabricant","robots":{"index":"index","follow":"follow","max-snippet":"max-snippet:-1","max-image-preview":"max-image-preview:large","max-video-preview":"max-video-preview:-1"},"canonical":"https:\/\/yvesfouquet.com\/fr\/produit\/bufet-directoire-bf530-2\/","og_locale":"fr_FR","og_type":"article","og_title":"Buffet Directoire BF530","og_description":"Meubles design exclusifs faits \u00e0 la main en Ukraine de l\u2019usine de meubles Yves Fouquet. Mat\u00e9riaux naturels, qualit\u00e9 de construction parfaite et garantie du fabricant","og_url":"https:\/\/yvesfouquet.com\/fr\/produit\/bufet-directoire-bf530-2\/","og_site_name":"Yves Fouquet","article_publisher":"https:\/\/www.facebook.com\/boutiueyvesfouquet","og_image":[{"width":1080,"height":1080,"url":"https:\/\/yvesfouquet.com\/wp-content\/uploads\/2020\/10\/35-1.png","type":"image\/png"}],"twitter_card":"summary_large_image","twitter_misc":{"Prix":"","Disponibilit\u00e9":"En r\u00e9assort"},"schema":{"@context":"https:\/\/schema.org","@graph":[{"@type":["WebPage","ItemPage"],"@id":"https:\/\/yvesfouquet.com\/fr\/produit\/bufet-directoire-bf530-2\/","url":"https:\/\/yvesfouquet.com\/fr\/produit\/bufet-directoire-bf530-2\/","name":"Buffet en bois dans le style old Fran\u00e7ais pour commander - Yves Fouquet","isPartOf":{"@id":"https:\/\/yvesfouquet.com\/#website"},"datePublished":"2022-04-28T16:41:38+00:00","dateModified":"2022-04-28T16:41:38+00:00","description":"Meubles design exclusifs faits \u00e0 la main en Ukraine de l\u2019usine de meubles Yves Fouquet. Mat\u00e9riaux naturels, qualit\u00e9 de construction parfaite et garantie du fabricant","breadcrumb":{"@id":"https:\/\/yvesfouquet.com\/fr\/produit\/bufet-directoire-bf530-2\/#breadcrumb"},"inLanguage":"fr-FR","potentialAction":[{"@type":"ReadAction","target":["https:\/\/yvesfouquet.com\/fr\/produit\/bufet-directoire-bf530-2\/"]}]},{"@type":"BreadcrumbList","@id":"https:\/\/yvesfouquet.com\/fr\/produit\/bufet-directoire-bf530-2\/#breadcrumb","itemListElement":[{"@type":"ListItem","position":1,"name":"\u0413\u043b\u0430\u0432\u043d\u0430\u044f","item":"https:\/\/yvesfouquet.com\/fr\/"},{"@type":"ListItem","position":2,"name":"Collections","item":"https:\/\/yvesfouquet.com\/fr\/collections\/"},{"@type":"ListItem","position":3,"name":"Buffet Directoire BF530"}]},{"@type":"WebSite","@id":"https:\/\/yvesfouquet.com\/#website","url":"https:\/\/yvesfouquet.com\/","name":"Yves Fouquet","description":"\u0424\u0440\u0430\u043d\u0446\u0443\u0437\u0441\u043a\u0430\u044f \u043c\u0435\u0431\u0435\u043b\u044c","potentialAction":[{"@type":"SearchAction","target":{"@type":"EntryPoint","urlTemplate":"https:\/\/yvesfouquet.com\/?s={search_term_string}"},"query-input":"required name=search_term_string"}],"inLanguage":"fr-FR"}]},"product_price_currency":"EUR","og_availability":"backorder","product_availability":"available for order","product_retailer_item_id":"BF530","product_condition":"new"},"_links":{"self":[{"href":"https:\/\/yvesfouquet.com\/fr\/wp-json\/wp\/v2\/product\/18017"}],"collection":[{"href":"https:\/\/yvesfouquet.com\/fr\/wp-json\/wp\/v2\/product"}],"about":[{"href":"https:\/\/yvesfouquet.com\/fr\/wp-json\/wp\/v2\/types\/product"}],"version-history":[{"count":0,"href":"https:\/\/yvesfouquet.com\/fr\/wp-json\/wp\/v2\/product\/18017\/revisions"}],"wp:featuredmedia":[{"embeddable":true,"href":"https:\/\/yvesfouquet.com\/fr\/wp-json\/wp\/v2\/media\/16022"}],"wp:attachment":[{"href":"https:\/\/yvesfouquet.com\/fr\/wp-json\/wp\/v2\/media?parent=18017"}],"wp:term":[{"taxonomy":"product_cat","embeddable":true,"href":"https:\/\/yvesfouquet.com\/fr\/wp-json\/wp\/v2\/product_cat?post=18017"},{"taxonomy":"product_tag","embeddable":true,"href":"https:\/\/yvesfouquet.com\/fr\/wp-json\/wp\/v2\/product_tag?post=18017"}],"curies":[{"name":"wp","href":"https:\/\/api.w.org\/{rel}","templated":true}]}}