{"id":18022,"date":"2020-10-26T21:10:02","date_gmt":"2022-04-28T16:41:40","guid":{"rendered":"https:\/\/yvesfouquet.com\/table-ronde-pour-le-petit-dejeuner-tr064\/"},"modified":"2022-04-28T19:41:40","modified_gmt":"2022-04-28T16:41:40","slug":"kruglyj-stolik-dlya-zavtraka-tr064-2","status":"publish","type":"product","link":"https:\/\/yvesfouquet.com\/fr\/produit\/kruglyj-stolik-dlya-zavtraka-tr064-2\/","title":{"rendered":"Table ronde pour le petit d\u00e9jeuner TR064"},"content":{"rendered":"<p>L\u2019environnement confortable d\u2019une grande maison n\u00e9cessite la pr\u00e9sence de certains meubles. Pour des collations rapides, une table ronde en bois dans le style Empire sera indispensable. De petite taille, il est facilement et rapidement servi, il peut toujours \u00eatre un endroit id\u00e9al pour placer un service \u00e0 th\u00e9, un vase avec des fruits, des bonbons ou des fleurs.<\/p>\n<p>Une \u00e9l\u00e9gante table en bois s\u2019int\u00e9grera parfaitement \u00e0 l\u2019int\u00e9rieur d\u2019une salle \u00e0 manger spacieuse, adapt\u00e9e \u00e0 un placement sur une v\u00e9randa d\u2019\u00e9t\u00e9. Fabriqu\u00e9 en bois de haute qualit\u00e9, il est fiable, stable et pratique. La table a un beau plateau de table \u00e0 cadran d\u00e9cor\u00e9 de sculptures tsargu et de pieds droits stricts avec des boutons ronds inhabituels.<\/p>\n<p>Une table ronde en bois naturel pour antiquit\u00e9s a l\u2019air \u00e9l\u00e9gante et authentique. Assembl\u00e9 par les ma\u00eetres de l\u2019usine de meubles Yves Fouquet dans les meilleures traditions des si\u00e8cles pass\u00e9s, il est pratiquement impossible de le distinguer de ses rares homologues.<\/p>\n<p>Tout le travail sur la cr\u00e9ation de la table est effectu\u00e9 exclusivement manuellement et en utilisant des technologies traditionnelles. L\u2019utilisation d\u2019effets de vieillissement originaux donne au produit une saveur historique unique.<\/p>\n<p>Les meubles dans le style ancien sont fabriqu\u00e9s sur commande, de sorte qu\u2019ils r\u00e9pondent pleinement aux souhaits du client et s\u2019int\u00e8grent toujours harmonieusement dans l\u2019int\u00e9rieur.<\/p>\n","protected":false},"excerpt":{"rendered":"<p>Dimensions: D900 X H760<\/p>\n<p><strong>Description:<\/strong>ne se d\u00e9plie pas<\/p>\n","protected":false},"featured_media":16780,"template":"","meta":[],"product_cat":[160],"product_tag":[],"yoast_head":"<!-- This site is optimized with the Yoast SEO Premium plugin v20.7 (Yoast SEO v20.8) - https:\/\/yoast.com\/wordpress\/plugins\/seo\/ -->\n<title>Table ronde pour le petit d\u00e9jeuner TR064 - Yves Fouquet<\/title>\n<meta name=\"robots\" content=\"index, follow, max-snippet:-1, max-image-preview:large, max-video-preview:-1\" \/>\n<link rel=\"canonical\" href=\"https:\/\/yvesfouquet.com\/fr\/produit\/kruglyj-stolik-dlya-zavtraka-tr064-2\/\" \/>\n<meta property=\"og:locale\" content=\"fr_FR\" \/>\n<meta property=\"og:type\" content=\"article\" \/>\n<meta property=\"og:title\" content=\"Table ronde pour le petit d\u00e9jeuner TR064\" \/>\n<meta property=\"og:description\" content=\"Dimensions: D900 X H760 Description:ne se d\u00e9plie pas\" \/>\n<meta property=\"og:url\" content=\"https:\/\/yvesfouquet.com\/fr\/produit\/kruglyj-stolik-dlya-zavtraka-tr064-2\/\" \/>\n<meta property=\"og:site_name\" content=\"Yves Fouquet\" \/>\n<meta property=\"article:publisher\" content=\"https:\/\/www.facebook.com\/boutiueyvesfouquet\" \/>\n<meta name=\"twitter:card\" content=\"summary_large_image\" \/>\n<meta name=\"twitter:label1\" content=\"Prix\" \/>\n\t<meta name=\"twitter:data1\" content=\"\" \/>\n\t<meta name=\"twitter:label2\" content=\"Disponibilit\u00e9\" \/>\n\t<meta name=\"twitter:data2\" content=\"En stock\" \/>\n<script type=\"application\/ld+json\" class=\"yoast-schema-graph\">{\"@context\":\"https:\/\/schema.org\",\"@graph\":[{\"@type\":[\"WebPage\",\"ItemPage\"],\"@id\":\"https:\/\/yvesfouquet.com\/fr\/produit\/kruglyj-stolik-dlya-zavtraka-tr064-2\/\",\"url\":\"https:\/\/yvesfouquet.com\/fr\/produit\/kruglyj-stolik-dlya-zavtraka-tr064-2\/\",\"name\":\"Table ronde pour le petit d\u00e9jeuner TR064 - Yves Fouquet\",\"isPartOf\":{\"@id\":\"https:\/\/yvesfouquet.com\/#website\"},\"datePublished\":\"2022-04-28T16:41:40+00:00\",\"dateModified\":\"2022-04-28T16:41:40+00:00\",\"breadcrumb\":{\"@id\":\"https:\/\/yvesfouquet.com\/fr\/produit\/kruglyj-stolik-dlya-zavtraka-tr064-2\/#breadcrumb\"},\"inLanguage\":\"fr-FR\",\"potentialAction\":[{\"@type\":\"ReadAction\",\"target\":[\"https:\/\/yvesfouquet.com\/fr\/produit\/kruglyj-stolik-dlya-zavtraka-tr064-2\/\"]}]},{\"@type\":\"BreadcrumbList\",\"@id\":\"https:\/\/yvesfouquet.com\/fr\/produit\/kruglyj-stolik-dlya-zavtraka-tr064-2\/#breadcrumb\",\"itemListElement\":[{\"@type\":\"ListItem\",\"position\":1,\"name\":\"\u0413\u043b\u0430\u0432\u043d\u0430\u044f\",\"item\":\"https:\/\/yvesfouquet.com\/fr\/\"},{\"@type\":\"ListItem\",\"position\":2,\"name\":\"Collections\",\"item\":\"https:\/\/yvesfouquet.com\/fr\/collections\/\"},{\"@type\":\"ListItem\",\"position\":3,\"name\":\"Table ronde pour le petit d\u00e9jeuner TR064\"}]},{\"@type\":\"WebSite\",\"@id\":\"https:\/\/yvesfouquet.com\/#website\",\"url\":\"https:\/\/yvesfouquet.com\/\",\"name\":\"Yves Fouquet\",\"description\":\"\u0424\u0440\u0430\u043d\u0446\u0443\u0437\u0441\u043a\u0430\u044f \u043c\u0435\u0431\u0435\u043b\u044c\",\"potentialAction\":[{\"@type\":\"SearchAction\",\"target\":{\"@type\":\"EntryPoint\",\"urlTemplate\":\"https:\/\/yvesfouquet.com\/?s={search_term_string}\"},\"query-input\":\"required name=search_term_string\"}],\"inLanguage\":\"fr-FR\"}]}<\/script>\n<meta property=\"product:price:amount\" content=\"0\" \/>\n<meta property=\"product:price:currency\" content=\"EUR\" \/>\n<meta property=\"og:availability\" content=\"instock\" \/>\n<meta property=\"product:availability\" content=\"instock\" \/>\n<meta property=\"product:retailer_item_id\" content=\"TR064\" \/>\n<meta property=\"product:condition\" content=\"new\" \/>\n<!-- \/ Yoast SEO Premium plugin. -->","yoast_head_json":{"title":"Table ronde pour le petit d\u00e9jeuner TR064 - Yves Fouquet","robots":{"index":"index","follow":"follow","max-snippet":"max-snippet:-1","max-image-preview":"max-image-preview:large","max-video-preview":"max-video-preview:-1"},"canonical":"https:\/\/yvesfouquet.com\/fr\/produit\/kruglyj-stolik-dlya-zavtraka-tr064-2\/","og_locale":"fr_FR","og_type":"article","og_title":"Table ronde pour le petit d\u00e9jeuner TR064","og_description":"Dimensions: D900 X H760 Description:ne se d\u00e9plie pas","og_url":"https:\/\/yvesfouquet.com\/fr\/produit\/kruglyj-stolik-dlya-zavtraka-tr064-2\/","og_site_name":"Yves Fouquet","article_publisher":"https:\/\/www.facebook.com\/boutiueyvesfouquet","twitter_card":"summary_large_image","twitter_misc":{"Prix":"","Disponibilit\u00e9":"En stock"},"schema":{"@context":"https:\/\/schema.org","@graph":[{"@type":["WebPage","ItemPage"],"@id":"https:\/\/yvesfouquet.com\/fr\/produit\/kruglyj-stolik-dlya-zavtraka-tr064-2\/","url":"https:\/\/yvesfouquet.com\/fr\/produit\/kruglyj-stolik-dlya-zavtraka-tr064-2\/","name":"Table ronde pour le petit d\u00e9jeuner TR064 - Yves Fouquet","isPartOf":{"@id":"https:\/\/yvesfouquet.com\/#website"},"datePublished":"2022-04-28T16:41:40+00:00","dateModified":"2022-04-28T16:41:40+00:00","breadcrumb":{"@id":"https:\/\/yvesfouquet.com\/fr\/produit\/kruglyj-stolik-dlya-zavtraka-tr064-2\/#breadcrumb"},"inLanguage":"fr-FR","potentialAction":[{"@type":"ReadAction","target":["https:\/\/yvesfouquet.com\/fr\/produit\/kruglyj-stolik-dlya-zavtraka-tr064-2\/"]}]},{"@type":"BreadcrumbList","@id":"https:\/\/yvesfouquet.com\/fr\/produit\/kruglyj-stolik-dlya-zavtraka-tr064-2\/#breadcrumb","itemListElement":[{"@type":"ListItem","position":1,"name":"\u0413\u043b\u0430\u0432\u043d\u0430\u044f","item":"https:\/\/yvesfouquet.com\/fr\/"},{"@type":"ListItem","position":2,"name":"Collections","item":"https:\/\/yvesfouquet.com\/fr\/collections\/"},{"@type":"ListItem","position":3,"name":"Table ronde pour le petit d\u00e9jeuner TR064"}]},{"@type":"WebSite","@id":"https:\/\/yvesfouquet.com\/#website","url":"https:\/\/yvesfouquet.com\/","name":"Yves Fouquet","description":"\u0424\u0440\u0430\u043d\u0446\u0443\u0437\u0441\u043a\u0430\u044f \u043c\u0435\u0431\u0435\u043b\u044c","potentialAction":[{"@type":"SearchAction","target":{"@type":"EntryPoint","urlTemplate":"https:\/\/yvesfouquet.com\/?s={search_term_string}"},"query-input":"required name=search_term_string"}],"inLanguage":"fr-FR"}]},"product_price_currency":"EUR","og_availability":"instock","product_availability":"instock","product_retailer_item_id":"TR064","product_condition":"new"},"_links":{"self":[{"href":"https:\/\/yvesfouquet.com\/fr\/wp-json\/wp\/v2\/product\/18022"}],"collection":[{"href":"https:\/\/yvesfouquet.com\/fr\/wp-json\/wp\/v2\/product"}],"about":[{"href":"https:\/\/yvesfouquet.com\/fr\/wp-json\/wp\/v2\/types\/product"}],"version-history":[{"count":0,"href":"https:\/\/yvesfouquet.com\/fr\/wp-json\/wp\/v2\/product\/18022\/revisions"}],"wp:featuredmedia":[{"embeddable":true,"href":"https:\/\/yvesfouquet.com\/fr\/wp-json\/wp\/v2\/media\/16780"}],"wp:attachment":[{"href":"https:\/\/yvesfouquet.com\/fr\/wp-json\/wp\/v2\/media?parent=18022"}],"wp:term":[{"taxonomy":"product_cat","embeddable":true,"href":"https:\/\/yvesfouquet.com\/fr\/wp-json\/wp\/v2\/product_cat?post=18022"},{"taxonomy":"product_tag","embeddable":true,"href":"https:\/\/yvesfouquet.com\/fr\/wp-json\/wp\/v2\/product_tag?post=18022"}],"curies":[{"name":"wp","href":"https:\/\/api.w.org\/{rel}","templated":true}]}}