{"id":18032,"date":"2020-10-26T18:10:58","date_gmt":"2022-04-28T16:41:46","guid":{"rendered":"https:\/\/yvesfouquet.com\/buffet-regence-bf520\/"},"modified":"2022-04-28T19:41:46","modified_gmt":"2022-04-28T16:41:46","slug":"bufet-regence-bf520-2","status":"publish","type":"product","link":"https:\/\/yvesfouquet.com\/fr\/produit\/bufet-regence-bf520-2\/","title":{"rendered":"Buffet Regence BF520"},"content":{"rendered":"<p>Les meubles pour la maison ne doivent pas seulement \u00eatre beaux, mais aussi pratiques. C\u2019est exactement ce qu\u2019est le buffet vintage de style R\u00e9gence de la manufacture de meubles Yves Fouquet assembl\u00e9 selon les technologies anciennes. \u00c9l\u00e9gant, fiable, fonctionnel &#8211; il aura fi\u00e8re allure dans la cuisine et dans la salle \u00e0 manger, dans le couloir et dans le salon.<\/p>\n<p>Un vieux buffet en bois naturel a l\u2019air chaleureux et intime. Gr\u00e2ce \u00e0 l\u2019utilisation subtile des technologies vieillissantes, il sent une longue histoire et une si douce chaleur du foyer. Et qui devinera que ce mobilier n\u2019a pas \u00e9t\u00e9 h\u00e9rit\u00e9 de votre arri\u00e8re-arri\u00e8re-grand-m\u00e8re, mais a \u00e9t\u00e9 assembl\u00e9 sur commande par d\u2019habiles ma\u00eetres modernes &#8230;<\/p>\n<p>Un grand buffet spacieux de array a quatre portes &#8211; deux grandes au milieu et deux petites sur les c\u00f4t\u00e9s. Tous sont verrouill\u00e9s avec une cl\u00e9 et d\u00e9cor\u00e9s avec des accessoires de Fran\u00e7ais de haute qualit\u00e9 &#8211; des coussinets \u00e9l\u00e9gants sur les trous de serrure. De petites doublures rondes sont install\u00e9es au-dessus des grandes portes. Un d\u00e9cor floral d\u00e9core les extr\u00e9mit\u00e9s.<\/p>\n<p>Fabriqu\u00e9 dans le style de son \u00e9poque, un buffet antique en bois massif est un merveilleux exemple de main par des ma\u00eetres ukrainiens talentueux. Des meubles exclusifs sont assembl\u00e9s sur commande, de sorte que vous pouvez toujours faire vos propres changements adapt\u00e9s \u00e0 vos int\u00e9rieurs.<\/p>\n","protected":false},"excerpt":{"rendered":"<p><strong>Dimensions:<\/strong> L2100 x H950 x P510<\/p>\n<p><strong>Description:<\/strong> 4 portes, 3 \u00e9tag\u00e8res r\u00e9glables en hauteur, 2 tiroirs internes<\/p>\n<p><strong>Couleur: Prune<\/strong> , Lilas<\/p>\n","protected":false},"featured_media":15916,"template":"","meta":[],"product_cat":[155],"product_tag":[],"yoast_head":"<!-- This site is optimized with the Yoast SEO Premium plugin v20.7 (Yoast SEO v20.8) - https:\/\/yoast.com\/wordpress\/plugins\/seo\/ -->\n<title>Buffet antique sur mesure en bois naturel dans la cuisine - Yves Fouquet<\/title>\n<meta name=\"description\" content=\"Meubles design faits \u00e0 la main dans un style vintage en Ukraine de l\u2019usine Yves Fouquet. Mobilier d\u2019\u00e9lite unique - design d\u2019auteur, accessoires France\" \/>\n<meta name=\"robots\" content=\"index, follow, max-snippet:-1, max-image-preview:large, max-video-preview:-1\" \/>\n<link rel=\"canonical\" href=\"https:\/\/yvesfouquet.com\/fr\/produit\/bufet-regence-bf520-2\/\" \/>\n<meta property=\"og:locale\" content=\"fr_FR\" \/>\n<meta property=\"og:type\" content=\"article\" \/>\n<meta property=\"og:title\" content=\"Buffet Regence BF520\" \/>\n<meta property=\"og:description\" content=\"Meubles design faits \u00e0 la main dans un style vintage en Ukraine de l\u2019usine Yves Fouquet. Mobilier d\u2019\u00e9lite unique - design d\u2019auteur, accessoires France\" \/>\n<meta property=\"og:url\" content=\"https:\/\/yvesfouquet.com\/fr\/produit\/bufet-regence-bf520-2\/\" \/>\n<meta property=\"og:site_name\" content=\"Yves Fouquet\" \/>\n<meta property=\"article:publisher\" content=\"https:\/\/www.facebook.com\/boutiueyvesfouquet\" \/>\n<meta property=\"og:image\" content=\"https:\/\/yvesfouquet.com\/wp-content\/uploads\/2020\/10\/bf517.png\" \/>\n\t<meta property=\"og:image:width\" content=\"1280\" \/>\n\t<meta property=\"og:image:height\" content=\"1280\" \/>\n\t<meta property=\"og:image:type\" content=\"image\/png\" \/>\n<meta name=\"twitter:card\" content=\"summary_large_image\" \/>\n<meta name=\"twitter:label1\" content=\"Prix\" \/>\n\t<meta name=\"twitter:data1\" content=\"\" \/>\n\t<meta name=\"twitter:label2\" content=\"Disponibilit\u00e9\" \/>\n\t<meta name=\"twitter:data2\" content=\"En stock\" \/>\n<script type=\"application\/ld+json\" class=\"yoast-schema-graph\">{\"@context\":\"https:\/\/schema.org\",\"@graph\":[{\"@type\":[\"WebPage\",\"ItemPage\"],\"@id\":\"https:\/\/yvesfouquet.com\/fr\/produit\/bufet-regence-bf520-2\/\",\"url\":\"https:\/\/yvesfouquet.com\/fr\/produit\/bufet-regence-bf520-2\/\",\"name\":\"Buffet antique sur mesure en bois naturel dans la cuisine - Yves Fouquet\",\"isPartOf\":{\"@id\":\"https:\/\/yvesfouquet.com\/#website\"},\"datePublished\":\"2022-04-28T16:41:46+00:00\",\"dateModified\":\"2022-04-28T16:41:46+00:00\",\"description\":\"Meubles design faits \u00e0 la main dans un style vintage en Ukraine de l\u2019usine Yves Fouquet. Mobilier d\u2019\u00e9lite unique - design d\u2019auteur, accessoires France\",\"breadcrumb\":{\"@id\":\"https:\/\/yvesfouquet.com\/fr\/produit\/bufet-regence-bf520-2\/#breadcrumb\"},\"inLanguage\":\"fr-FR\",\"potentialAction\":[{\"@type\":\"ReadAction\",\"target\":[\"https:\/\/yvesfouquet.com\/fr\/produit\/bufet-regence-bf520-2\/\"]}]},{\"@type\":\"BreadcrumbList\",\"@id\":\"https:\/\/yvesfouquet.com\/fr\/produit\/bufet-regence-bf520-2\/#breadcrumb\",\"itemListElement\":[{\"@type\":\"ListItem\",\"position\":1,\"name\":\"\u0413\u043b\u0430\u0432\u043d\u0430\u044f\",\"item\":\"https:\/\/yvesfouquet.com\/fr\/\"},{\"@type\":\"ListItem\",\"position\":2,\"name\":\"Collections\",\"item\":\"https:\/\/yvesfouquet.com\/fr\/collections\/\"},{\"@type\":\"ListItem\",\"position\":3,\"name\":\"Buffet Regence BF520\"}]},{\"@type\":\"WebSite\",\"@id\":\"https:\/\/yvesfouquet.com\/#website\",\"url\":\"https:\/\/yvesfouquet.com\/\",\"name\":\"Yves Fouquet\",\"description\":\"\u0424\u0440\u0430\u043d\u0446\u0443\u0437\u0441\u043a\u0430\u044f \u043c\u0435\u0431\u0435\u043b\u044c\",\"potentialAction\":[{\"@type\":\"SearchAction\",\"target\":{\"@type\":\"EntryPoint\",\"urlTemplate\":\"https:\/\/yvesfouquet.com\/?s={search_term_string}\"},\"query-input\":\"required name=search_term_string\"}],\"inLanguage\":\"fr-FR\"}]}<\/script>\n<meta property=\"product:price:amount\" content=\"0\" \/>\n<meta property=\"product:price:currency\" content=\"EUR\" \/>\n<meta property=\"og:availability\" content=\"instock\" \/>\n<meta property=\"product:availability\" content=\"instock\" \/>\n<meta property=\"product:retailer_item_id\" content=\"BF520\" \/>\n<meta property=\"product:condition\" content=\"new\" \/>\n<!-- \/ Yoast SEO Premium plugin. -->","yoast_head_json":{"title":"Buffet antique sur mesure en bois naturel dans la cuisine - Yves Fouquet","description":"Meubles design faits \u00e0 la main dans un style vintage en Ukraine de l\u2019usine Yves Fouquet. Mobilier d\u2019\u00e9lite unique - design d\u2019auteur, accessoires France","robots":{"index":"index","follow":"follow","max-snippet":"max-snippet:-1","max-image-preview":"max-image-preview:large","max-video-preview":"max-video-preview:-1"},"canonical":"https:\/\/yvesfouquet.com\/fr\/produit\/bufet-regence-bf520-2\/","og_locale":"fr_FR","og_type":"article","og_title":"Buffet Regence BF520","og_description":"Meubles design faits \u00e0 la main dans un style vintage en Ukraine de l\u2019usine Yves Fouquet. Mobilier d\u2019\u00e9lite unique - design d\u2019auteur, accessoires France","og_url":"https:\/\/yvesfouquet.com\/fr\/produit\/bufet-regence-bf520-2\/","og_site_name":"Yves Fouquet","article_publisher":"https:\/\/www.facebook.com\/boutiueyvesfouquet","og_image":[{"width":1280,"height":1280,"url":"https:\/\/yvesfouquet.com\/wp-content\/uploads\/2020\/10\/bf517.png","type":"image\/png"}],"twitter_card":"summary_large_image","twitter_misc":{"Prix":"","Disponibilit\u00e9":"En stock"},"schema":{"@context":"https:\/\/schema.org","@graph":[{"@type":["WebPage","ItemPage"],"@id":"https:\/\/yvesfouquet.com\/fr\/produit\/bufet-regence-bf520-2\/","url":"https:\/\/yvesfouquet.com\/fr\/produit\/bufet-regence-bf520-2\/","name":"Buffet antique sur mesure en bois naturel dans la cuisine - Yves Fouquet","isPartOf":{"@id":"https:\/\/yvesfouquet.com\/#website"},"datePublished":"2022-04-28T16:41:46+00:00","dateModified":"2022-04-28T16:41:46+00:00","description":"Meubles design faits \u00e0 la main dans un style vintage en Ukraine de l\u2019usine Yves Fouquet. Mobilier d\u2019\u00e9lite unique - design d\u2019auteur, accessoires France","breadcrumb":{"@id":"https:\/\/yvesfouquet.com\/fr\/produit\/bufet-regence-bf520-2\/#breadcrumb"},"inLanguage":"fr-FR","potentialAction":[{"@type":"ReadAction","target":["https:\/\/yvesfouquet.com\/fr\/produit\/bufet-regence-bf520-2\/"]}]},{"@type":"BreadcrumbList","@id":"https:\/\/yvesfouquet.com\/fr\/produit\/bufet-regence-bf520-2\/#breadcrumb","itemListElement":[{"@type":"ListItem","position":1,"name":"\u0413\u043b\u0430\u0432\u043d\u0430\u044f","item":"https:\/\/yvesfouquet.com\/fr\/"},{"@type":"ListItem","position":2,"name":"Collections","item":"https:\/\/yvesfouquet.com\/fr\/collections\/"},{"@type":"ListItem","position":3,"name":"Buffet Regence BF520"}]},{"@type":"WebSite","@id":"https:\/\/yvesfouquet.com\/#website","url":"https:\/\/yvesfouquet.com\/","name":"Yves Fouquet","description":"\u0424\u0440\u0430\u043d\u0446\u0443\u0437\u0441\u043a\u0430\u044f \u043c\u0435\u0431\u0435\u043b\u044c","potentialAction":[{"@type":"SearchAction","target":{"@type":"EntryPoint","urlTemplate":"https:\/\/yvesfouquet.com\/?s={search_term_string}"},"query-input":"required name=search_term_string"}],"inLanguage":"fr-FR"}]},"product_price_currency":"EUR","og_availability":"instock","product_availability":"instock","product_retailer_item_id":"BF520","product_condition":"new"},"_links":{"self":[{"href":"https:\/\/yvesfouquet.com\/fr\/wp-json\/wp\/v2\/product\/18032"}],"collection":[{"href":"https:\/\/yvesfouquet.com\/fr\/wp-json\/wp\/v2\/product"}],"about":[{"href":"https:\/\/yvesfouquet.com\/fr\/wp-json\/wp\/v2\/types\/product"}],"version-history":[{"count":0,"href":"https:\/\/yvesfouquet.com\/fr\/wp-json\/wp\/v2\/product\/18032\/revisions"}],"wp:featuredmedia":[{"embeddable":true,"href":"https:\/\/yvesfouquet.com\/fr\/wp-json\/wp\/v2\/media\/15916"}],"wp:attachment":[{"href":"https:\/\/yvesfouquet.com\/fr\/wp-json\/wp\/v2\/media?parent=18032"}],"wp:term":[{"taxonomy":"product_cat","embeddable":true,"href":"https:\/\/yvesfouquet.com\/fr\/wp-json\/wp\/v2\/product_cat?post=18032"},{"taxonomy":"product_tag","embeddable":true,"href":"https:\/\/yvesfouquet.com\/fr\/wp-json\/wp\/v2\/product_tag?post=18032"}],"curies":[{"name":"wp","href":"https:\/\/api.w.org\/{rel}","templated":true}]}}