{"id":18033,"date":"2020-10-26T18:10:35","date_gmt":"2022-04-28T16:41:46","guid":{"rendered":"https:\/\/yvesfouquet.com\/buffet-regence-bf518\/"},"modified":"2022-04-28T19:41:46","modified_gmt":"2022-04-28T16:41:46","slug":"bufet-regence-bf518-2","status":"publish","type":"product","link":"https:\/\/yvesfouquet.com\/fr\/produit\/bufet-regence-bf518-2\/","title":{"rendered":"Buffet Regence BF518"},"content":{"rendered":"<p>Une touche de positivit\u00e9 estivale apportera \u00e0 vos int\u00e9rieurs un buffet en bois dans le style de la r\u00e9gence avec un motif floral lumineux. Le mod\u00e8le original du travail des ma\u00eetres de l\u2019usine de meubles ukrainienne Yves Fouquet sera appr\u00e9ci\u00e9 par les amateurs d\u2019\u00e9clectisme et de style fusion.<\/p>\n<p>Si vous trouvez les antiquit\u00e9s trop ennuyeuses et ennuyeuses, ce buffet changera compl\u00e8tement votre point de vue sur l\u2019antiquit\u00e9. Placez-le dans votre salon et voyez \u00e0 quelle vitesse toute l\u2019atmosph\u00e8re de la maison changera.<\/p>\n<p>Le buffet vintage est fait de cerise solide. Sa g\u00e9om\u00e9trie se distingue par des lignes strictes, qui diluent l\u00e9g\u00e8rement les petites pattes tordues et une petite vague en dessous. Sous le plateau laqu\u00e9 se cachait une modeste bande de sculptures faites \u00e0 la main.<\/p>\n<p>Le point culminant du buffet est la peinture florale peinte \u00e0 la main sur de grandes portes battantes. C\u2019est elle qui donne au mod\u00e8le un charme particulier. Le th\u00e8me des couleurs vives se poursuit dans l\u2019int\u00e9rieur peint en vert du buffet, o\u00f9 deux \u00e9tag\u00e8res r\u00e9glables en hauteur sont install\u00e9es. L\u2019atmosph\u00e8re du produit est ajout\u00e9e par des raccords Fran\u00e7ais et un traitement de finition unique pour l\u2019antiquit\u00e9.<\/p>\n<p>Des meubles en bois exclusifs faits \u00e0 la main sont assembl\u00e9s sur commande. Nous sommes toujours pr\u00eats \u00e0 apporter les ajustements n\u00e9cessaires \u00e0 la taille, \u00e0 la couleur et au d\u00e9cor du mod\u00e8le.<\/p>\n","protected":false},"excerpt":{"rendered":"<p><strong>Dimensions:<\/strong> L1600 x H950 x P450<\/p>\n<p><strong>Description:<\/strong> 2 portes, 2 \u00e9tag\u00e8res r\u00e9glables en hauteur<\/p>\n","protected":false},"featured_media":15884,"template":"","meta":[],"product_cat":[155],"product_tag":[],"yoast_head":"<!-- This site is optimized with the Yoast SEO Premium plugin v20.7 (Yoast SEO v20.8) - https:\/\/yoast.com\/wordpress\/plugins\/seo\/ -->\n<title>Buffet Regence BF518 - Yves Fouquet<\/title>\n<meta name=\"robots\" content=\"index, follow, max-snippet:-1, max-image-preview:large, max-video-preview:-1\" \/>\n<link rel=\"canonical\" href=\"https:\/\/yvesfouquet.com\/fr\/produit\/bufet-regence-bf518-2\/\" \/>\n<meta property=\"og:locale\" content=\"fr_FR\" \/>\n<meta property=\"og:type\" content=\"article\" \/>\n<meta property=\"og:title\" content=\"Buffet Regence BF518\" \/>\n<meta property=\"og:description\" content=\"Dimensions: L1600 x H950 x P450 Description: 2 portes, 2 \u00e9tag\u00e8res r\u00e9glables en hauteur\" \/>\n<meta property=\"og:url\" content=\"https:\/\/yvesfouquet.com\/fr\/produit\/bufet-regence-bf518-2\/\" \/>\n<meta property=\"og:site_name\" content=\"Yves Fouquet\" \/>\n<meta property=\"article:publisher\" content=\"https:\/\/www.facebook.com\/boutiueyvesfouquet\" \/>\n<meta name=\"twitter:card\" content=\"summary_large_image\" \/>\n<meta name=\"twitter:label1\" content=\"Prix\" \/>\n\t<meta name=\"twitter:data1\" content=\"\" \/>\n\t<meta name=\"twitter:label2\" content=\"Disponibilit\u00e9\" \/>\n\t<meta name=\"twitter:data2\" content=\"En stock\" \/>\n<script type=\"application\/ld+json\" class=\"yoast-schema-graph\">{\"@context\":\"https:\/\/schema.org\",\"@graph\":[{\"@type\":[\"WebPage\",\"ItemPage\"],\"@id\":\"https:\/\/yvesfouquet.com\/fr\/produit\/bufet-regence-bf518-2\/\",\"url\":\"https:\/\/yvesfouquet.com\/fr\/produit\/bufet-regence-bf518-2\/\",\"name\":\"Buffet Regence BF518 - Yves Fouquet\",\"isPartOf\":{\"@id\":\"https:\/\/yvesfouquet.com\/#website\"},\"datePublished\":\"2022-04-28T16:41:46+00:00\",\"dateModified\":\"2022-04-28T16:41:46+00:00\",\"breadcrumb\":{\"@id\":\"https:\/\/yvesfouquet.com\/fr\/produit\/bufet-regence-bf518-2\/#breadcrumb\"},\"inLanguage\":\"fr-FR\",\"potentialAction\":[{\"@type\":\"ReadAction\",\"target\":[\"https:\/\/yvesfouquet.com\/fr\/produit\/bufet-regence-bf518-2\/\"]}]},{\"@type\":\"BreadcrumbList\",\"@id\":\"https:\/\/yvesfouquet.com\/fr\/produit\/bufet-regence-bf518-2\/#breadcrumb\",\"itemListElement\":[{\"@type\":\"ListItem\",\"position\":1,\"name\":\"\u0413\u043b\u0430\u0432\u043d\u0430\u044f\",\"item\":\"https:\/\/yvesfouquet.com\/fr\/\"},{\"@type\":\"ListItem\",\"position\":2,\"name\":\"Collections\",\"item\":\"https:\/\/yvesfouquet.com\/fr\/collections\/\"},{\"@type\":\"ListItem\",\"position\":3,\"name\":\"Buffet Regence BF518\"}]},{\"@type\":\"WebSite\",\"@id\":\"https:\/\/yvesfouquet.com\/#website\",\"url\":\"https:\/\/yvesfouquet.com\/\",\"name\":\"Yves Fouquet\",\"description\":\"\u0424\u0440\u0430\u043d\u0446\u0443\u0437\u0441\u043a\u0430\u044f \u043c\u0435\u0431\u0435\u043b\u044c\",\"potentialAction\":[{\"@type\":\"SearchAction\",\"target\":{\"@type\":\"EntryPoint\",\"urlTemplate\":\"https:\/\/yvesfouquet.com\/?s={search_term_string}\"},\"query-input\":\"required name=search_term_string\"}],\"inLanguage\":\"fr-FR\"}]}<\/script>\n<meta property=\"product:price:amount\" content=\"0\" \/>\n<meta property=\"product:price:currency\" content=\"EUR\" \/>\n<meta property=\"og:availability\" content=\"instock\" \/>\n<meta property=\"product:availability\" content=\"instock\" \/>\n<meta property=\"product:retailer_item_id\" content=\"BF518\" \/>\n<meta property=\"product:condition\" content=\"new\" \/>\n<!-- \/ Yoast SEO Premium plugin. -->","yoast_head_json":{"title":"Buffet Regence BF518 - Yves Fouquet","robots":{"index":"index","follow":"follow","max-snippet":"max-snippet:-1","max-image-preview":"max-image-preview:large","max-video-preview":"max-video-preview:-1"},"canonical":"https:\/\/yvesfouquet.com\/fr\/produit\/bufet-regence-bf518-2\/","og_locale":"fr_FR","og_type":"article","og_title":"Buffet Regence BF518","og_description":"Dimensions: L1600 x H950 x P450 Description: 2 portes, 2 \u00e9tag\u00e8res r\u00e9glables en hauteur","og_url":"https:\/\/yvesfouquet.com\/fr\/produit\/bufet-regence-bf518-2\/","og_site_name":"Yves Fouquet","article_publisher":"https:\/\/www.facebook.com\/boutiueyvesfouquet","twitter_card":"summary_large_image","twitter_misc":{"Prix":"","Disponibilit\u00e9":"En stock"},"schema":{"@context":"https:\/\/schema.org","@graph":[{"@type":["WebPage","ItemPage"],"@id":"https:\/\/yvesfouquet.com\/fr\/produit\/bufet-regence-bf518-2\/","url":"https:\/\/yvesfouquet.com\/fr\/produit\/bufet-regence-bf518-2\/","name":"Buffet Regence BF518 - Yves Fouquet","isPartOf":{"@id":"https:\/\/yvesfouquet.com\/#website"},"datePublished":"2022-04-28T16:41:46+00:00","dateModified":"2022-04-28T16:41:46+00:00","breadcrumb":{"@id":"https:\/\/yvesfouquet.com\/fr\/produit\/bufet-regence-bf518-2\/#breadcrumb"},"inLanguage":"fr-FR","potentialAction":[{"@type":"ReadAction","target":["https:\/\/yvesfouquet.com\/fr\/produit\/bufet-regence-bf518-2\/"]}]},{"@type":"BreadcrumbList","@id":"https:\/\/yvesfouquet.com\/fr\/produit\/bufet-regence-bf518-2\/#breadcrumb","itemListElement":[{"@type":"ListItem","position":1,"name":"\u0413\u043b\u0430\u0432\u043d\u0430\u044f","item":"https:\/\/yvesfouquet.com\/fr\/"},{"@type":"ListItem","position":2,"name":"Collections","item":"https:\/\/yvesfouquet.com\/fr\/collections\/"},{"@type":"ListItem","position":3,"name":"Buffet Regence BF518"}]},{"@type":"WebSite","@id":"https:\/\/yvesfouquet.com\/#website","url":"https:\/\/yvesfouquet.com\/","name":"Yves Fouquet","description":"\u0424\u0440\u0430\u043d\u0446\u0443\u0437\u0441\u043a\u0430\u044f \u043c\u0435\u0431\u0435\u043b\u044c","potentialAction":[{"@type":"SearchAction","target":{"@type":"EntryPoint","urlTemplate":"https:\/\/yvesfouquet.com\/?s={search_term_string}"},"query-input":"required name=search_term_string"}],"inLanguage":"fr-FR"}]},"product_price_currency":"EUR","og_availability":"instock","product_availability":"instock","product_retailer_item_id":"BF518","product_condition":"new"},"_links":{"self":[{"href":"https:\/\/yvesfouquet.com\/fr\/wp-json\/wp\/v2\/product\/18033"}],"collection":[{"href":"https:\/\/yvesfouquet.com\/fr\/wp-json\/wp\/v2\/product"}],"about":[{"href":"https:\/\/yvesfouquet.com\/fr\/wp-json\/wp\/v2\/types\/product"}],"version-history":[{"count":0,"href":"https:\/\/yvesfouquet.com\/fr\/wp-json\/wp\/v2\/product\/18033\/revisions"}],"wp:featuredmedia":[{"embeddable":true,"href":"https:\/\/yvesfouquet.com\/fr\/wp-json\/wp\/v2\/media\/15884"}],"wp:attachment":[{"href":"https:\/\/yvesfouquet.com\/fr\/wp-json\/wp\/v2\/media?parent=18033"}],"wp:term":[{"taxonomy":"product_cat","embeddable":true,"href":"https:\/\/yvesfouquet.com\/fr\/wp-json\/wp\/v2\/product_cat?post=18033"},{"taxonomy":"product_tag","embeddable":true,"href":"https:\/\/yvesfouquet.com\/fr\/wp-json\/wp\/v2\/product_tag?post=18033"}],"curies":[{"name":"wp","href":"https:\/\/api.w.org\/{rel}","templated":true}]}}