{"id":18034,"date":"2020-10-26T18:10:05","date_gmt":"2022-04-28T16:41:46","guid":{"rendered":"https:\/\/yvesfouquet.com\/buffet-bf503\/"},"modified":"2022-04-28T19:41:46","modified_gmt":"2022-04-28T16:41:46","slug":"bufet-bf503-2","status":"publish","type":"product","link":"https:\/\/yvesfouquet.com\/fr\/produit\/bufet-bf503-2\/","title":{"rendered":"Buffet BF503"},"content":{"rendered":"<p>Fabriqu\u00e9 en bois naturel, un buffet lumineux et spacieux de l\u2019\u00e9poque de Louis XV sera parfait \u00e0 la fois dans le salon et dans la chambre \u00e0 coucher. Les meubles vintage faits \u00e0 la main par des artisans modernes de l\u2019usine Yves Fouquet correspondent pleinement \u00e0 son style historique et s\u2019int\u00e8grent harmonieusement dans l\u2019int\u00e9rieur que vous avez cr\u00e9\u00e9.<\/p>\n<p>L\u2019\u00e9l\u00e9gance et la gr\u00e2ce des lignes courbes de l\u2019ancien buffet en bois massif ne manqueront pas de conqu\u00e9rir le c\u0153ur des connaisseurs du style Louis. La praticit\u00e9 et la pr\u00e9venance de toutes les solutions de conception le rendront confortable, et m\u00eame un d\u00e9tail indispensable de la situation.<\/p>\n<p>Le buffet antique dispose de quatre portes battantes verrouill\u00e9es par cl\u00e9. Les grands avec des coussinets d\u2019origine sur les trous de serrure au milieu et deux petits autour des bords. Chaque compartiment dispose d\u2019une \u00e9tag\u00e8re r\u00e9glable en hauteur qui peut \u00eatre facilement r\u00e9arrang\u00e9e ou r\u00e9tract\u00e9e pour agrandir l\u2019espace int\u00e9rieur.<\/p>\n<p>Un grand ensemble de comptoirs est recouvert de vernis, ce qui vous permet d\u2019admirer le motif naturel du bois naturel. Le corps du buffet est peint \u00e0 l\u2019aide d\u2019effets de vieillissement manuels habilement appliqu\u00e9s. Les imitations de fissures, l\u2019assombrissement et les \u00e9raflures donnent au mobilier une saveur vintage unique.<\/p>\n<p>Les meubles anciens faits \u00e0 la main sont fabriqu\u00e9s sur commande, en tenant compte de tous vos souhaits. Vous pouvez apporter les modifications n\u00e9cessaires \u00e0 sa conception, \u00e0 sa taille et \u00e0 sa palette de couleurs.<\/p>\n","protected":false},"excerpt":{"rendered":"<p><strong>Dimensions:<\/strong> L1900 x H900 x P570<\/p>\n<p><strong>Description:<\/strong> 4 portes, 4 \u00e9tag\u00e8res r\u00e9glables en hauteur, 2 tiroirs larges et 2 r\u00e9tractables \u00e9troits<\/p>\n","protected":false},"featured_media":20885,"template":"","meta":[],"product_cat":[155],"product_tag":[],"yoast_head":"<!-- This site is optimized with the Yoast SEO Premium plugin v20.7 (Yoast SEO v20.8) - https:\/\/yoast.com\/wordpress\/plugins\/seo\/ -->\n<title>Buffet BF503 - Yves Fouquet<\/title>\n<meta name=\"robots\" content=\"index, follow, max-snippet:-1, max-image-preview:large, max-video-preview:-1\" \/>\n<link rel=\"canonical\" href=\"https:\/\/yvesfouquet.com\/fr\/produit\/bufet-bf503-2\/\" \/>\n<meta property=\"og:locale\" content=\"fr_FR\" \/>\n<meta property=\"og:type\" content=\"article\" \/>\n<meta property=\"og:title\" content=\"Buffet BF503\" \/>\n<meta property=\"og:description\" content=\"Dimensions: L1900 x H900 x P570 Description: 4 portes, 4 \u00e9tag\u00e8res r\u00e9glables en hauteur, 2 tiroirs larges et 2 r\u00e9tractables \u00e9troits\" \/>\n<meta property=\"og:url\" content=\"https:\/\/yvesfouquet.com\/fr\/produit\/bufet-bf503-2\/\" \/>\n<meta property=\"og:site_name\" content=\"Yves Fouquet\" \/>\n<meta property=\"article:publisher\" content=\"https:\/\/www.facebook.com\/boutiueyvesfouquet\" \/>\n<meta name=\"twitter:card\" content=\"summary_large_image\" \/>\n<meta name=\"twitter:label1\" content=\"Prix\" \/>\n\t<meta name=\"twitter:data1\" content=\"\" \/>\n\t<meta name=\"twitter:label2\" content=\"Disponibilit\u00e9\" \/>\n\t<meta name=\"twitter:data2\" content=\"En stock\" \/>\n<script type=\"application\/ld+json\" class=\"yoast-schema-graph\">{\"@context\":\"https:\/\/schema.org\",\"@graph\":[{\"@type\":[\"WebPage\",\"ItemPage\"],\"@id\":\"https:\/\/yvesfouquet.com\/fr\/produit\/bufet-bf503-2\/\",\"url\":\"https:\/\/yvesfouquet.com\/fr\/produit\/bufet-bf503-2\/\",\"name\":\"Buffet BF503 - Yves Fouquet\",\"isPartOf\":{\"@id\":\"https:\/\/yvesfouquet.com\/#website\"},\"datePublished\":\"2022-04-28T16:41:46+00:00\",\"dateModified\":\"2022-04-28T16:41:46+00:00\",\"breadcrumb\":{\"@id\":\"https:\/\/yvesfouquet.com\/fr\/produit\/bufet-bf503-2\/#breadcrumb\"},\"inLanguage\":\"fr-FR\",\"potentialAction\":[{\"@type\":\"ReadAction\",\"target\":[\"https:\/\/yvesfouquet.com\/fr\/produit\/bufet-bf503-2\/\"]}]},{\"@type\":\"BreadcrumbList\",\"@id\":\"https:\/\/yvesfouquet.com\/fr\/produit\/bufet-bf503-2\/#breadcrumb\",\"itemListElement\":[{\"@type\":\"ListItem\",\"position\":1,\"name\":\"\u0413\u043b\u0430\u0432\u043d\u0430\u044f\",\"item\":\"https:\/\/yvesfouquet.com\/fr\/\"},{\"@type\":\"ListItem\",\"position\":2,\"name\":\"Collections\",\"item\":\"https:\/\/yvesfouquet.com\/fr\/collections\/\"},{\"@type\":\"ListItem\",\"position\":3,\"name\":\"Buffet BF503\"}]},{\"@type\":\"WebSite\",\"@id\":\"https:\/\/yvesfouquet.com\/#website\",\"url\":\"https:\/\/yvesfouquet.com\/\",\"name\":\"Yves Fouquet\",\"description\":\"\u0424\u0440\u0430\u043d\u0446\u0443\u0437\u0441\u043a\u0430\u044f \u043c\u0435\u0431\u0435\u043b\u044c\",\"potentialAction\":[{\"@type\":\"SearchAction\",\"target\":{\"@type\":\"EntryPoint\",\"urlTemplate\":\"https:\/\/yvesfouquet.com\/?s={search_term_string}\"},\"query-input\":\"required name=search_term_string\"}],\"inLanguage\":\"fr-FR\"}]}<\/script>\n<meta property=\"product:price:amount\" content=\"0\" \/>\n<meta property=\"product:price:currency\" content=\"EUR\" \/>\n<meta property=\"og:availability\" content=\"instock\" \/>\n<meta property=\"product:availability\" content=\"instock\" \/>\n<meta property=\"product:retailer_item_id\" content=\"BF503\" \/>\n<meta property=\"product:condition\" content=\"new\" \/>\n<!-- \/ Yoast SEO Premium plugin. -->","yoast_head_json":{"title":"Buffet BF503 - Yves Fouquet","robots":{"index":"index","follow":"follow","max-snippet":"max-snippet:-1","max-image-preview":"max-image-preview:large","max-video-preview":"max-video-preview:-1"},"canonical":"https:\/\/yvesfouquet.com\/fr\/produit\/bufet-bf503-2\/","og_locale":"fr_FR","og_type":"article","og_title":"Buffet BF503","og_description":"Dimensions: L1900 x H900 x P570 Description: 4 portes, 4 \u00e9tag\u00e8res r\u00e9glables en hauteur, 2 tiroirs larges et 2 r\u00e9tractables \u00e9troits","og_url":"https:\/\/yvesfouquet.com\/fr\/produit\/bufet-bf503-2\/","og_site_name":"Yves Fouquet","article_publisher":"https:\/\/www.facebook.com\/boutiueyvesfouquet","twitter_card":"summary_large_image","twitter_misc":{"Prix":"","Disponibilit\u00e9":"En stock"},"schema":{"@context":"https:\/\/schema.org","@graph":[{"@type":["WebPage","ItemPage"],"@id":"https:\/\/yvesfouquet.com\/fr\/produit\/bufet-bf503-2\/","url":"https:\/\/yvesfouquet.com\/fr\/produit\/bufet-bf503-2\/","name":"Buffet BF503 - Yves Fouquet","isPartOf":{"@id":"https:\/\/yvesfouquet.com\/#website"},"datePublished":"2022-04-28T16:41:46+00:00","dateModified":"2022-04-28T16:41:46+00:00","breadcrumb":{"@id":"https:\/\/yvesfouquet.com\/fr\/produit\/bufet-bf503-2\/#breadcrumb"},"inLanguage":"fr-FR","potentialAction":[{"@type":"ReadAction","target":["https:\/\/yvesfouquet.com\/fr\/produit\/bufet-bf503-2\/"]}]},{"@type":"BreadcrumbList","@id":"https:\/\/yvesfouquet.com\/fr\/produit\/bufet-bf503-2\/#breadcrumb","itemListElement":[{"@type":"ListItem","position":1,"name":"\u0413\u043b\u0430\u0432\u043d\u0430\u044f","item":"https:\/\/yvesfouquet.com\/fr\/"},{"@type":"ListItem","position":2,"name":"Collections","item":"https:\/\/yvesfouquet.com\/fr\/collections\/"},{"@type":"ListItem","position":3,"name":"Buffet BF503"}]},{"@type":"WebSite","@id":"https:\/\/yvesfouquet.com\/#website","url":"https:\/\/yvesfouquet.com\/","name":"Yves Fouquet","description":"\u0424\u0440\u0430\u043d\u0446\u0443\u0437\u0441\u043a\u0430\u044f \u043c\u0435\u0431\u0435\u043b\u044c","potentialAction":[{"@type":"SearchAction","target":{"@type":"EntryPoint","urlTemplate":"https:\/\/yvesfouquet.com\/?s={search_term_string}"},"query-input":"required name=search_term_string"}],"inLanguage":"fr-FR"}]},"product_price_currency":"EUR","og_availability":"instock","product_availability":"instock","product_retailer_item_id":"BF503","product_condition":"new"},"_links":{"self":[{"href":"https:\/\/yvesfouquet.com\/fr\/wp-json\/wp\/v2\/product\/18034"}],"collection":[{"href":"https:\/\/yvesfouquet.com\/fr\/wp-json\/wp\/v2\/product"}],"about":[{"href":"https:\/\/yvesfouquet.com\/fr\/wp-json\/wp\/v2\/types\/product"}],"version-history":[{"count":0,"href":"https:\/\/yvesfouquet.com\/fr\/wp-json\/wp\/v2\/product\/18034\/revisions"}],"wp:featuredmedia":[{"embeddable":true,"href":"https:\/\/yvesfouquet.com\/fr\/wp-json\/wp\/v2\/media\/20885"}],"wp:attachment":[{"href":"https:\/\/yvesfouquet.com\/fr\/wp-json\/wp\/v2\/media?parent=18034"}],"wp:term":[{"taxonomy":"product_cat","embeddable":true,"href":"https:\/\/yvesfouquet.com\/fr\/wp-json\/wp\/v2\/product_cat?post=18034"},{"taxonomy":"product_tag","embeddable":true,"href":"https:\/\/yvesfouquet.com\/fr\/wp-json\/wp\/v2\/product_tag?post=18034"}],"curies":[{"name":"wp","href":"https:\/\/api.w.org\/{rel}","templated":true}]}}