{"id":18035,"date":"2020-10-26T18:11:28","date_gmt":"2022-04-28T16:41:47","guid":{"rendered":"https:\/\/yvesfouquet.com\/encoignement-buffet-bf522\/"},"modified":"2022-04-28T19:41:47","modified_gmt":"2022-04-28T16:41:47","slug":"bufet-encoignure-bf522-2","status":"publish","type":"product","link":"https:\/\/yvesfouquet.com\/fr\/produit\/bufet-encoignure-bf522-2\/","title":{"rendered":"Encoignement buffet BF522"},"content":{"rendered":"<p>Si, en regardant votre environnement avec un \u0153il pointilleux, vous remarquez accidentellement un coin vide ennuyeux, ne le laissez pas rattraper la m\u00e9lancolie dans votre int\u00e9rieur de designer. Le buffet d\u2019angle Encoignure original dans un style vintage exquis apportera non seulement des couleurs vives, mais ajoutera \u00e9galement une fonctionnalit\u00e9 utile dans la vie quotidienne.<\/p>\n<p>L\u2019expression \u00ab Modestement debout dans le coin \u00bb ne fait clairement pas r\u00e9f\u00e9rence \u00e0 ce magnifique buffet antique en bois naturel. Il aura l\u2019air spectaculaire dans la cuisine, dans la salle \u00e0 manger et dans le couloir. Avec lui, vous compl\u00e9terez magnifiquement et pratiquement l\u2019int\u00e9rieur.<\/p>\n<p>Les flancs sculpt\u00e9s avec des bords dor\u00e9s se r\u00e9tr\u00e9cissent vers le haut. Au-dessus du comptoir se trouvent deux \u00e9tag\u00e8res d\u2019angle. Les portes tampons \u00e0 charni\u00e8res semi-circulaires sont verrouill\u00e9es avec une cl\u00e9. Elles sont d\u00e9cor\u00e9es de sculptures de l\u00e9gumes orn\u00e9es faites \u00e0 la main et d\u2019accessoires de Fran\u00e7ais d\u2019\u00e9lite. \u00c0 l\u2019int\u00e9rieur, il y a une paire d\u2019\u00e9tag\u00e8res r\u00e9glables. Le charme antique des meubles est ajout\u00e9 par les effets du vieillissement &#8211; fissures, \u00e9clats, \u00e9raflures, toux artificielle.<\/p>\n<p>Le buffet vintage se d\u00e9marque favorablement \u00e0 l\u2019int\u00e9rieur. Cr\u00e9\u00e9s par les artisans de l\u2019usine Yves Fouquet, des meubles exclusifs dans le style ancien Fran\u00e7ais sur commande attire toujours l\u2019attention. Et pour que le buffet s\u2019int\u00e8gre bien dans la composition globale, des modifications individuelles peuvent \u00eatre apport\u00e9es \u00e0 son design, \u00e0 sa taille et \u00e0 sa couleur.<\/p>\n","protected":false},"excerpt":{"rendered":"<p><strong>Dimensions:<\/strong> L950 x H1750 x P600<\/p>\n<p><strong>Description:<\/strong> 2 portes et 4 \u00e9tag\u00e8res<\/p>\n","protected":false},"featured_media":15932,"template":"","meta":[],"product_cat":[155],"product_tag":[],"yoast_head":"<!-- This site is optimized with the Yoast SEO Premium plugin v20.7 (Yoast SEO v20.8) - https:\/\/yoast.com\/wordpress\/plugins\/seo\/ -->\n<title>Buffet design d\u2019angle en bois dans l\u2019ancien style - Yves Fouquet<\/title>\n<meta name=\"description\" content=\"Buffet en bois massif vintage \u00e0 la cuisine et \u00e0 la salle \u00e0 manger sur commande. Mobilier design exclusif assembl\u00e9 \u00e0 la main en Ukraine. Usine de meubles de production Yves Fouquet\" \/>\n<meta name=\"robots\" content=\"index, follow, max-snippet:-1, max-image-preview:large, max-video-preview:-1\" \/>\n<link rel=\"canonical\" href=\"https:\/\/yvesfouquet.com\/fr\/produit\/bufet-encoignure-bf522-2\/\" \/>\n<meta property=\"og:locale\" content=\"fr_FR\" \/>\n<meta property=\"og:type\" content=\"article\" \/>\n<meta property=\"og:title\" content=\"Encoignement buffet BF522\" \/>\n<meta property=\"og:description\" content=\"Buffet en bois massif vintage \u00e0 la cuisine et \u00e0 la salle \u00e0 manger sur commande. Mobilier design exclusif assembl\u00e9 \u00e0 la main en Ukraine. Usine de meubles de production Yves Fouquet\" \/>\n<meta property=\"og:url\" content=\"https:\/\/yvesfouquet.com\/fr\/produit\/bufet-encoignure-bf522-2\/\" \/>\n<meta property=\"og:site_name\" content=\"Yves Fouquet\" \/>\n<meta property=\"article:publisher\" content=\"https:\/\/www.facebook.com\/boutiueyvesfouquet\" \/>\n<meta property=\"og:image\" content=\"https:\/\/yvesfouquet.com\/wp-content\/uploads\/2020\/10\/23.png\" \/>\n\t<meta property=\"og:image:width\" content=\"1080\" \/>\n\t<meta property=\"og:image:height\" content=\"1080\" \/>\n\t<meta property=\"og:image:type\" content=\"image\/png\" \/>\n<meta name=\"twitter:card\" content=\"summary_large_image\" \/>\n<meta name=\"twitter:label1\" content=\"Prix\" \/>\n\t<meta name=\"twitter:data1\" content=\"\" \/>\n\t<meta name=\"twitter:label2\" content=\"Disponibilit\u00e9\" \/>\n\t<meta name=\"twitter:data2\" content=\"En stock\" \/>\n<script type=\"application\/ld+json\" class=\"yoast-schema-graph\">{\"@context\":\"https:\/\/schema.org\",\"@graph\":[{\"@type\":[\"WebPage\",\"ItemPage\"],\"@id\":\"https:\/\/yvesfouquet.com\/fr\/produit\/bufet-encoignure-bf522-2\/\",\"url\":\"https:\/\/yvesfouquet.com\/fr\/produit\/bufet-encoignure-bf522-2\/\",\"name\":\"Buffet design d\u2019angle en bois dans l\u2019ancien style - Yves Fouquet\",\"isPartOf\":{\"@id\":\"https:\/\/yvesfouquet.com\/#website\"},\"datePublished\":\"2022-04-28T16:41:47+00:00\",\"dateModified\":\"2022-04-28T16:41:47+00:00\",\"description\":\"Buffet en bois massif vintage \u00e0 la cuisine et \u00e0 la salle \u00e0 manger sur commande. Mobilier design exclusif assembl\u00e9 \u00e0 la main en Ukraine. Usine de meubles de production Yves Fouquet\",\"breadcrumb\":{\"@id\":\"https:\/\/yvesfouquet.com\/fr\/produit\/bufet-encoignure-bf522-2\/#breadcrumb\"},\"inLanguage\":\"fr-FR\",\"potentialAction\":[{\"@type\":\"ReadAction\",\"target\":[\"https:\/\/yvesfouquet.com\/fr\/produit\/bufet-encoignure-bf522-2\/\"]}]},{\"@type\":\"BreadcrumbList\",\"@id\":\"https:\/\/yvesfouquet.com\/fr\/produit\/bufet-encoignure-bf522-2\/#breadcrumb\",\"itemListElement\":[{\"@type\":\"ListItem\",\"position\":1,\"name\":\"\u0413\u043b\u0430\u0432\u043d\u0430\u044f\",\"item\":\"https:\/\/yvesfouquet.com\/fr\/\"},{\"@type\":\"ListItem\",\"position\":2,\"name\":\"Collections\",\"item\":\"https:\/\/yvesfouquet.com\/fr\/collections\/\"},{\"@type\":\"ListItem\",\"position\":3,\"name\":\"Encoignement buffet BF522\"}]},{\"@type\":\"WebSite\",\"@id\":\"https:\/\/yvesfouquet.com\/#website\",\"url\":\"https:\/\/yvesfouquet.com\/\",\"name\":\"Yves Fouquet\",\"description\":\"\u0424\u0440\u0430\u043d\u0446\u0443\u0437\u0441\u043a\u0430\u044f \u043c\u0435\u0431\u0435\u043b\u044c\",\"potentialAction\":[{\"@type\":\"SearchAction\",\"target\":{\"@type\":\"EntryPoint\",\"urlTemplate\":\"https:\/\/yvesfouquet.com\/?s={search_term_string}\"},\"query-input\":\"required name=search_term_string\"}],\"inLanguage\":\"fr-FR\"}]}<\/script>\n<meta property=\"product:price:amount\" content=\"0\" \/>\n<meta property=\"product:price:currency\" content=\"EUR\" \/>\n<meta property=\"og:availability\" content=\"instock\" \/>\n<meta property=\"product:availability\" content=\"instock\" \/>\n<meta property=\"product:retailer_item_id\" content=\"BF522\" \/>\n<meta property=\"product:condition\" content=\"new\" \/>\n<!-- \/ Yoast SEO Premium plugin. -->","yoast_head_json":{"title":"Buffet design d\u2019angle en bois dans l\u2019ancien style - Yves Fouquet","description":"Buffet en bois massif vintage \u00e0 la cuisine et \u00e0 la salle \u00e0 manger sur commande. Mobilier design exclusif assembl\u00e9 \u00e0 la main en Ukraine. Usine de meubles de production Yves Fouquet","robots":{"index":"index","follow":"follow","max-snippet":"max-snippet:-1","max-image-preview":"max-image-preview:large","max-video-preview":"max-video-preview:-1"},"canonical":"https:\/\/yvesfouquet.com\/fr\/produit\/bufet-encoignure-bf522-2\/","og_locale":"fr_FR","og_type":"article","og_title":"Encoignement buffet BF522","og_description":"Buffet en bois massif vintage \u00e0 la cuisine et \u00e0 la salle \u00e0 manger sur commande. Mobilier design exclusif assembl\u00e9 \u00e0 la main en Ukraine. Usine de meubles de production Yves Fouquet","og_url":"https:\/\/yvesfouquet.com\/fr\/produit\/bufet-encoignure-bf522-2\/","og_site_name":"Yves Fouquet","article_publisher":"https:\/\/www.facebook.com\/boutiueyvesfouquet","og_image":[{"width":1080,"height":1080,"url":"https:\/\/yvesfouquet.com\/wp-content\/uploads\/2020\/10\/23.png","type":"image\/png"}],"twitter_card":"summary_large_image","twitter_misc":{"Prix":"","Disponibilit\u00e9":"En stock"},"schema":{"@context":"https:\/\/schema.org","@graph":[{"@type":["WebPage","ItemPage"],"@id":"https:\/\/yvesfouquet.com\/fr\/produit\/bufet-encoignure-bf522-2\/","url":"https:\/\/yvesfouquet.com\/fr\/produit\/bufet-encoignure-bf522-2\/","name":"Buffet design d\u2019angle en bois dans l\u2019ancien style - Yves Fouquet","isPartOf":{"@id":"https:\/\/yvesfouquet.com\/#website"},"datePublished":"2022-04-28T16:41:47+00:00","dateModified":"2022-04-28T16:41:47+00:00","description":"Buffet en bois massif vintage \u00e0 la cuisine et \u00e0 la salle \u00e0 manger sur commande. Mobilier design exclusif assembl\u00e9 \u00e0 la main en Ukraine. Usine de meubles de production Yves Fouquet","breadcrumb":{"@id":"https:\/\/yvesfouquet.com\/fr\/produit\/bufet-encoignure-bf522-2\/#breadcrumb"},"inLanguage":"fr-FR","potentialAction":[{"@type":"ReadAction","target":["https:\/\/yvesfouquet.com\/fr\/produit\/bufet-encoignure-bf522-2\/"]}]},{"@type":"BreadcrumbList","@id":"https:\/\/yvesfouquet.com\/fr\/produit\/bufet-encoignure-bf522-2\/#breadcrumb","itemListElement":[{"@type":"ListItem","position":1,"name":"\u0413\u043b\u0430\u0432\u043d\u0430\u044f","item":"https:\/\/yvesfouquet.com\/fr\/"},{"@type":"ListItem","position":2,"name":"Collections","item":"https:\/\/yvesfouquet.com\/fr\/collections\/"},{"@type":"ListItem","position":3,"name":"Encoignement buffet BF522"}]},{"@type":"WebSite","@id":"https:\/\/yvesfouquet.com\/#website","url":"https:\/\/yvesfouquet.com\/","name":"Yves Fouquet","description":"\u0424\u0440\u0430\u043d\u0446\u0443\u0437\u0441\u043a\u0430\u044f \u043c\u0435\u0431\u0435\u043b\u044c","potentialAction":[{"@type":"SearchAction","target":{"@type":"EntryPoint","urlTemplate":"https:\/\/yvesfouquet.com\/?s={search_term_string}"},"query-input":"required name=search_term_string"}],"inLanguage":"fr-FR"}]},"product_price_currency":"EUR","og_availability":"instock","product_availability":"instock","product_retailer_item_id":"BF522","product_condition":"new"},"_links":{"self":[{"href":"https:\/\/yvesfouquet.com\/fr\/wp-json\/wp\/v2\/product\/18035"}],"collection":[{"href":"https:\/\/yvesfouquet.com\/fr\/wp-json\/wp\/v2\/product"}],"about":[{"href":"https:\/\/yvesfouquet.com\/fr\/wp-json\/wp\/v2\/types\/product"}],"version-history":[{"count":0,"href":"https:\/\/yvesfouquet.com\/fr\/wp-json\/wp\/v2\/product\/18035\/revisions"}],"wp:featuredmedia":[{"embeddable":true,"href":"https:\/\/yvesfouquet.com\/fr\/wp-json\/wp\/v2\/media\/15932"}],"wp:attachment":[{"href":"https:\/\/yvesfouquet.com\/fr\/wp-json\/wp\/v2\/media?parent=18035"}],"wp:term":[{"taxonomy":"product_cat","embeddable":true,"href":"https:\/\/yvesfouquet.com\/fr\/wp-json\/wp\/v2\/product_cat?post=18035"},{"taxonomy":"product_tag","embeddable":true,"href":"https:\/\/yvesfouquet.com\/fr\/wp-json\/wp\/v2\/product_tag?post=18035"}],"curies":[{"name":"wp","href":"https:\/\/api.w.org\/{rel}","templated":true}]}}