{"id":18038,"date":"2020-10-26T18:10:35","date_gmt":"2022-04-28T16:41:49","guid":{"rendered":"https:\/\/yvesfouquet.com\/buffet-louis-xv-bf516\/"},"modified":"2022-04-28T19:41:49","modified_gmt":"2022-04-28T16:41:49","slug":"bufet-louis-xv-bf516-2","status":"publish","type":"product","link":"https:\/\/yvesfouquet.com\/fr\/produit\/bufet-louis-xv-bf516-2\/","title":{"rendered":"Buffet Louis XV BF516"},"content":{"rendered":"<p>Cr\u00e9\u00e9 par les ma\u00eetres de l\u2019usine Yves Fouquet, un grand buffet \u00e0 double coque dans le style Louis XV combine toutes les qualit\u00e9s importantes pour les meubles de cuisine. En le choisissant pour vos int\u00e9rieurs, vous obtenez un style vintage original, de la praticit\u00e9 et du confort.<\/p>\n<p>Lors du choix d\u2019un meuble pour une cuisine ou une salle \u00e0 manger, il est important de se rappeler non seulement ses t\u00e2ches de conception, mais \u00e9galement sa fonctionnalit\u00e9. Dans un cadre, tout doit \u00eatre \u00e0 port\u00e9e de main et bien pens\u00e9. Par cons\u00e9quent, toute femme au foyer sera heureuse d\u2019avoir ce mod\u00e8le exclusif dans sa cuisine.<\/p>\n<p>Buffet en bois spacieux et pratique se compose de deux enceintes s\u00e9par\u00e9es avec des portes \u00e0 charni\u00e8res verrouillables. Une telle s\u00e9paration pratique vous permettra d\u2019y stocker simultan\u00e9ment des ustensiles de cuisine et des textiles de table. En haut et en bas, il y a des \u00e9tag\u00e8res r\u00e9glables en hauteur. Le buffet n\u2019a pas de comptoir, mais est \u00e9quip\u00e9 d\u2019une \u00e9tag\u00e8re r\u00e9tractable sp\u00e9ciale.<\/p>\n<p>Les portes incurv\u00e9es vierges sont d\u00e9cor\u00e9es de bordures sculpt\u00e9es dor\u00e9es et d\u2019accessoires de Fran\u00e7ais \u00e9l\u00e9gants. L\u2019effet antique est obtenu par l\u2019utilisation habile des technologies vieillissantes. Fait de bois naturel, le buffet est envelopp\u00e9 dans l\u2019atmosph\u00e8re des si\u00e8cles pass\u00e9s, ce qui donnera \u00e0 votre atmosph\u00e8re une saveur particuli\u00e8re.<\/p>\n<p>Les meubles de cuisine exclusifs sont assembl\u00e9s manuellement sur commande, de sorte que vous pouvez changer leur couleur, leur taille, leurs accessoires.<\/p>\n","protected":false},"excerpt":{"rendered":"<p><strong>Dimensions:<\/strong> L1600 x H2275 x P500<\/p>\n<p><strong>Description:<\/strong> Double corps pli\u00e9<\/p>\n<p><strong>Majuscule :<\/strong> 2 portes et 2 \u00e9tag\u00e8res r\u00e9glables en hauteur<\/p>\n<p><strong>Bo\u00eetier inf\u00e9rieur:<\/strong> 2 portes, 1 \u00e9tag\u00e8re r\u00e9glable en hauteur et un tiroir<\/p>\n<p><strong>Couleur:<\/strong> Blanc patin\u00e9<\/p>\n","protected":false},"featured_media":15836,"template":"","meta":[],"product_cat":[155],"product_tag":[],"yoast_head":"<!-- This site is optimized with the Yoast SEO Premium plugin v20.7 (Yoast SEO v20.8) - https:\/\/yoast.com\/wordpress\/plugins\/seo\/ -->\n<title>Buffet en bois double coque dans la cuisine dans le - Yves Fouquet<\/title>\n<meta name=\"description\" content=\"Meubles design anciens \u00e0 commander en Ukraine. Technologies anciennes, assemblage manuel, raccords d\u2019\u00e9lite fabriqu\u00e9s en France. Usine de meubles Yves Fouquet\" \/>\n<meta name=\"robots\" content=\"index, follow, max-snippet:-1, max-image-preview:large, max-video-preview:-1\" \/>\n<link rel=\"canonical\" href=\"https:\/\/yvesfouquet.com\/fr\/produit\/bufet-louis-xv-bf516-2\/\" \/>\n<meta property=\"og:locale\" content=\"fr_FR\" \/>\n<meta property=\"og:type\" content=\"article\" \/>\n<meta property=\"og:title\" content=\"Buffet Louis XV BF516\" \/>\n<meta property=\"og:description\" content=\"Meubles design anciens \u00e0 commander en Ukraine. Technologies anciennes, assemblage manuel, raccords d\u2019\u00e9lite fabriqu\u00e9s en France. Usine de meubles Yves Fouquet\" \/>\n<meta property=\"og:url\" content=\"https:\/\/yvesfouquet.com\/fr\/produit\/bufet-louis-xv-bf516-2\/\" \/>\n<meta property=\"og:site_name\" content=\"Yves Fouquet\" \/>\n<meta property=\"article:publisher\" content=\"https:\/\/www.facebook.com\/boutiueyvesfouquet\" \/>\n<meta property=\"og:image\" content=\"https:\/\/yvesfouquet.com\/wp-content\/uploads\/2020\/10\/4.png\" \/>\n\t<meta property=\"og:image:width\" content=\"1080\" \/>\n\t<meta property=\"og:image:height\" content=\"1080\" \/>\n\t<meta property=\"og:image:type\" content=\"image\/png\" \/>\n<meta name=\"twitter:card\" content=\"summary_large_image\" \/>\n<meta name=\"twitter:label1\" content=\"Prix\" \/>\n\t<meta name=\"twitter:data1\" content=\"\" \/>\n\t<meta name=\"twitter:label2\" content=\"Disponibilit\u00e9\" \/>\n\t<meta name=\"twitter:data2\" content=\"En stock\" \/>\n<script type=\"application\/ld+json\" class=\"yoast-schema-graph\">{\"@context\":\"https:\/\/schema.org\",\"@graph\":[{\"@type\":[\"WebPage\",\"ItemPage\"],\"@id\":\"https:\/\/yvesfouquet.com\/fr\/produit\/bufet-louis-xv-bf516-2\/\",\"url\":\"https:\/\/yvesfouquet.com\/fr\/produit\/bufet-louis-xv-bf516-2\/\",\"name\":\"Buffet en bois double coque dans la cuisine dans le - Yves Fouquet\",\"isPartOf\":{\"@id\":\"https:\/\/yvesfouquet.com\/#website\"},\"datePublished\":\"2022-04-28T16:41:49+00:00\",\"dateModified\":\"2022-04-28T16:41:49+00:00\",\"description\":\"Meubles design anciens \u00e0 commander en Ukraine. Technologies anciennes, assemblage manuel, raccords d\u2019\u00e9lite fabriqu\u00e9s en France. Usine de meubles Yves Fouquet\",\"breadcrumb\":{\"@id\":\"https:\/\/yvesfouquet.com\/fr\/produit\/bufet-louis-xv-bf516-2\/#breadcrumb\"},\"inLanguage\":\"fr-FR\",\"potentialAction\":[{\"@type\":\"ReadAction\",\"target\":[\"https:\/\/yvesfouquet.com\/fr\/produit\/bufet-louis-xv-bf516-2\/\"]}]},{\"@type\":\"BreadcrumbList\",\"@id\":\"https:\/\/yvesfouquet.com\/fr\/produit\/bufet-louis-xv-bf516-2\/#breadcrumb\",\"itemListElement\":[{\"@type\":\"ListItem\",\"position\":1,\"name\":\"\u0413\u043b\u0430\u0432\u043d\u0430\u044f\",\"item\":\"https:\/\/yvesfouquet.com\/fr\/\"},{\"@type\":\"ListItem\",\"position\":2,\"name\":\"Collections\",\"item\":\"https:\/\/yvesfouquet.com\/fr\/collections\/\"},{\"@type\":\"ListItem\",\"position\":3,\"name\":\"Buffet Louis XV BF516\"}]},{\"@type\":\"WebSite\",\"@id\":\"https:\/\/yvesfouquet.com\/#website\",\"url\":\"https:\/\/yvesfouquet.com\/\",\"name\":\"Yves Fouquet\",\"description\":\"\u0424\u0440\u0430\u043d\u0446\u0443\u0437\u0441\u043a\u0430\u044f \u043c\u0435\u0431\u0435\u043b\u044c\",\"potentialAction\":[{\"@type\":\"SearchAction\",\"target\":{\"@type\":\"EntryPoint\",\"urlTemplate\":\"https:\/\/yvesfouquet.com\/?s={search_term_string}\"},\"query-input\":\"required name=search_term_string\"}],\"inLanguage\":\"fr-FR\"}]}<\/script>\n<meta property=\"product:price:amount\" content=\"0\" \/>\n<meta property=\"product:price:currency\" content=\"EUR\" \/>\n<meta property=\"og:availability\" content=\"instock\" \/>\n<meta property=\"product:availability\" content=\"instock\" \/>\n<meta property=\"product:retailer_item_id\" content=\"BF516\" \/>\n<meta property=\"product:condition\" content=\"new\" \/>\n<!-- \/ Yoast SEO Premium plugin. -->","yoast_head_json":{"title":"Buffet en bois double coque dans la cuisine dans le - Yves Fouquet","description":"Meubles design anciens \u00e0 commander en Ukraine. Technologies anciennes, assemblage manuel, raccords d\u2019\u00e9lite fabriqu\u00e9s en France. Usine de meubles Yves Fouquet","robots":{"index":"index","follow":"follow","max-snippet":"max-snippet:-1","max-image-preview":"max-image-preview:large","max-video-preview":"max-video-preview:-1"},"canonical":"https:\/\/yvesfouquet.com\/fr\/produit\/bufet-louis-xv-bf516-2\/","og_locale":"fr_FR","og_type":"article","og_title":"Buffet Louis XV BF516","og_description":"Meubles design anciens \u00e0 commander en Ukraine. Technologies anciennes, assemblage manuel, raccords d\u2019\u00e9lite fabriqu\u00e9s en France. Usine de meubles Yves Fouquet","og_url":"https:\/\/yvesfouquet.com\/fr\/produit\/bufet-louis-xv-bf516-2\/","og_site_name":"Yves Fouquet","article_publisher":"https:\/\/www.facebook.com\/boutiueyvesfouquet","og_image":[{"width":1080,"height":1080,"url":"https:\/\/yvesfouquet.com\/wp-content\/uploads\/2020\/10\/4.png","type":"image\/png"}],"twitter_card":"summary_large_image","twitter_misc":{"Prix":"","Disponibilit\u00e9":"En stock"},"schema":{"@context":"https:\/\/schema.org","@graph":[{"@type":["WebPage","ItemPage"],"@id":"https:\/\/yvesfouquet.com\/fr\/produit\/bufet-louis-xv-bf516-2\/","url":"https:\/\/yvesfouquet.com\/fr\/produit\/bufet-louis-xv-bf516-2\/","name":"Buffet en bois double coque dans la cuisine dans le - Yves Fouquet","isPartOf":{"@id":"https:\/\/yvesfouquet.com\/#website"},"datePublished":"2022-04-28T16:41:49+00:00","dateModified":"2022-04-28T16:41:49+00:00","description":"Meubles design anciens \u00e0 commander en Ukraine. Technologies anciennes, assemblage manuel, raccords d\u2019\u00e9lite fabriqu\u00e9s en France. Usine de meubles Yves Fouquet","breadcrumb":{"@id":"https:\/\/yvesfouquet.com\/fr\/produit\/bufet-louis-xv-bf516-2\/#breadcrumb"},"inLanguage":"fr-FR","potentialAction":[{"@type":"ReadAction","target":["https:\/\/yvesfouquet.com\/fr\/produit\/bufet-louis-xv-bf516-2\/"]}]},{"@type":"BreadcrumbList","@id":"https:\/\/yvesfouquet.com\/fr\/produit\/bufet-louis-xv-bf516-2\/#breadcrumb","itemListElement":[{"@type":"ListItem","position":1,"name":"\u0413\u043b\u0430\u0432\u043d\u0430\u044f","item":"https:\/\/yvesfouquet.com\/fr\/"},{"@type":"ListItem","position":2,"name":"Collections","item":"https:\/\/yvesfouquet.com\/fr\/collections\/"},{"@type":"ListItem","position":3,"name":"Buffet Louis XV BF516"}]},{"@type":"WebSite","@id":"https:\/\/yvesfouquet.com\/#website","url":"https:\/\/yvesfouquet.com\/","name":"Yves Fouquet","description":"\u0424\u0440\u0430\u043d\u0446\u0443\u0437\u0441\u043a\u0430\u044f \u043c\u0435\u0431\u0435\u043b\u044c","potentialAction":[{"@type":"SearchAction","target":{"@type":"EntryPoint","urlTemplate":"https:\/\/yvesfouquet.com\/?s={search_term_string}"},"query-input":"required name=search_term_string"}],"inLanguage":"fr-FR"}]},"product_price_currency":"EUR","og_availability":"instock","product_availability":"instock","product_retailer_item_id":"BF516","product_condition":"new"},"_links":{"self":[{"href":"https:\/\/yvesfouquet.com\/fr\/wp-json\/wp\/v2\/product\/18038"}],"collection":[{"href":"https:\/\/yvesfouquet.com\/fr\/wp-json\/wp\/v2\/product"}],"about":[{"href":"https:\/\/yvesfouquet.com\/fr\/wp-json\/wp\/v2\/types\/product"}],"version-history":[{"count":0,"href":"https:\/\/yvesfouquet.com\/fr\/wp-json\/wp\/v2\/product\/18038\/revisions"}],"wp:featuredmedia":[{"embeddable":true,"href":"https:\/\/yvesfouquet.com\/fr\/wp-json\/wp\/v2\/media\/15836"}],"wp:attachment":[{"href":"https:\/\/yvesfouquet.com\/fr\/wp-json\/wp\/v2\/media?parent=18038"}],"wp:term":[{"taxonomy":"product_cat","embeddable":true,"href":"https:\/\/yvesfouquet.com\/fr\/wp-json\/wp\/v2\/product_cat?post=18038"},{"taxonomy":"product_tag","embeddable":true,"href":"https:\/\/yvesfouquet.com\/fr\/wp-json\/wp\/v2\/product_tag?post=18038"}],"curies":[{"name":"wp","href":"https:\/\/api.w.org\/{rel}","templated":true}]}}