{"id":18043,"date":"2020-10-26T18:11:28","date_gmt":"2022-04-28T16:41:50","guid":{"rendered":"https:\/\/yvesfouquet.com\/buffet-directoire-bf524\/"},"modified":"2022-04-28T19:41:50","modified_gmt":"2022-04-28T16:41:50","slug":"bufet-directoire-bf524-2","status":"publish","type":"product","link":"https:\/\/yvesfouquet.com\/fr\/produit\/bufet-directoire-bf524-2\/","title":{"rendered":"Buffet Directoire BF524"},"content":{"rendered":"<p>Un autre exemple parfait de meubles vintage en bois naturel. Un buffet exclusif de l\u2019\u00e9poque de la Fran\u00e7ais Directory a \u00e9t\u00e9 cr\u00e9\u00e9 par les ma\u00eetres de la manufacture Yves Fouquet en pleine conformit\u00e9 avec les caract\u00e9ristiques de conception de l\u2019\u00e9poque historique. Lors de l\u2019assemblage, des clous en bois et la technique traditionnelle de la rainure \u00e0 pointes sont utilis\u00e9s.<\/p>\n<p>Un minimum de d\u00e9cor, de s\u00e9v\u00e9rit\u00e9 et de clart\u00e9 des lignes droites, une fonctionnalit\u00e9 bien pens\u00e9e sont les caract\u00e9ristiques d\u2019un buffet luxueux \u00e0 l\u2019ancienne. Il a fi\u00e8re allure \u00e0 la fois dans une couleur bleu fonc\u00e9 avec des bordures dor\u00e9es et sous un vernis qui souligne favorablement le motif du bois naturel. Les meubles sont fabriqu\u00e9s sur commande, vous pouvez donc choisir n\u2019importe quelle option.<\/p>\n<p>Le buffet antique a deux portes verrouillables et trois tiroirs &#8211; un grand au milieu et deux petits sur les bords. \u00c0 l\u2019int\u00e9rieur, il y a deux \u00e9tag\u00e8res r\u00e9glables en hauteur. Le buffet massif a une grande taille, de sorte que vous pouvez facilement y placer beaucoup de choses.<\/p>\n<p>Fabriqu\u00e9 dans un style antique, le buffet a l\u2019air color\u00e9 et atmosph\u00e9rique. Pour sa conception, des accessoires de Fran\u00e7ais de haute qualit\u00e9 et des techniques de vieillissement originales sont utilis\u00e9s, permettant d\u2019obtenir un effet lumineux. De magnifiques meubles faits \u00e0 la main par des ma\u00eetres ukrainiens prendront certainement une place digne dans vos int\u00e9rieurs.<\/p>\n","protected":false},"excerpt":{"rendered":"<p><strong>Dimensions:<\/strong> L1830 x H760 x P470<\/p>\n<p><strong>Description:<\/strong> 2 portes, 2 \u00e9tag\u00e8res r\u00e9glables en hauteur, 3 tiroirs<\/p>\n","protected":false},"featured_media":15944,"template":"","meta":[],"product_cat":[155],"product_tag":[],"yoast_head":"<!-- This site is optimized with the Yoast SEO Premium plugin v20.7 (Yoast SEO v20.8) - https:\/\/yoast.com\/wordpress\/plugins\/seo\/ -->\n<title>Buffet Directoire BF524 - Yves Fouquet<\/title>\n<meta name=\"robots\" content=\"index, follow, max-snippet:-1, max-image-preview:large, max-video-preview:-1\" \/>\n<link rel=\"canonical\" href=\"https:\/\/yvesfouquet.com\/fr\/produit\/bufet-directoire-bf524-2\/\" \/>\n<meta property=\"og:locale\" content=\"fr_FR\" \/>\n<meta property=\"og:type\" content=\"article\" \/>\n<meta property=\"og:title\" content=\"Buffet Directoire BF524\" \/>\n<meta property=\"og:description\" content=\"Dimensions: L1830 x H760 x P470 Description: 2 portes, 2 \u00e9tag\u00e8res r\u00e9glables en hauteur, 3 tiroirs\" \/>\n<meta property=\"og:url\" content=\"https:\/\/yvesfouquet.com\/fr\/produit\/bufet-directoire-bf524-2\/\" \/>\n<meta property=\"og:site_name\" content=\"Yves Fouquet\" \/>\n<meta property=\"article:publisher\" content=\"https:\/\/www.facebook.com\/boutiueyvesfouquet\" \/>\n<meta name=\"twitter:card\" content=\"summary_large_image\" \/>\n<meta name=\"twitter:label1\" content=\"Prix\" \/>\n\t<meta name=\"twitter:data1\" content=\"\" \/>\n\t<meta name=\"twitter:label2\" content=\"Disponibilit\u00e9\" \/>\n\t<meta name=\"twitter:data2\" content=\"En stock\" \/>\n<script type=\"application\/ld+json\" class=\"yoast-schema-graph\">{\"@context\":\"https:\/\/schema.org\",\"@graph\":[{\"@type\":[\"WebPage\",\"ItemPage\"],\"@id\":\"https:\/\/yvesfouquet.com\/fr\/produit\/bufet-directoire-bf524-2\/\",\"url\":\"https:\/\/yvesfouquet.com\/fr\/produit\/bufet-directoire-bf524-2\/\",\"name\":\"Buffet Directoire BF524 - Yves Fouquet\",\"isPartOf\":{\"@id\":\"https:\/\/yvesfouquet.com\/#website\"},\"datePublished\":\"2022-04-28T16:41:50+00:00\",\"dateModified\":\"2022-04-28T16:41:50+00:00\",\"breadcrumb\":{\"@id\":\"https:\/\/yvesfouquet.com\/fr\/produit\/bufet-directoire-bf524-2\/#breadcrumb\"},\"inLanguage\":\"fr-FR\",\"potentialAction\":[{\"@type\":\"ReadAction\",\"target\":[\"https:\/\/yvesfouquet.com\/fr\/produit\/bufet-directoire-bf524-2\/\"]}]},{\"@type\":\"BreadcrumbList\",\"@id\":\"https:\/\/yvesfouquet.com\/fr\/produit\/bufet-directoire-bf524-2\/#breadcrumb\",\"itemListElement\":[{\"@type\":\"ListItem\",\"position\":1,\"name\":\"\u0413\u043b\u0430\u0432\u043d\u0430\u044f\",\"item\":\"https:\/\/yvesfouquet.com\/fr\/\"},{\"@type\":\"ListItem\",\"position\":2,\"name\":\"Collections\",\"item\":\"https:\/\/yvesfouquet.com\/fr\/collections\/\"},{\"@type\":\"ListItem\",\"position\":3,\"name\":\"Buffet Directoire BF524\"}]},{\"@type\":\"WebSite\",\"@id\":\"https:\/\/yvesfouquet.com\/#website\",\"url\":\"https:\/\/yvesfouquet.com\/\",\"name\":\"Yves Fouquet\",\"description\":\"\u0424\u0440\u0430\u043d\u0446\u0443\u0437\u0441\u043a\u0430\u044f \u043c\u0435\u0431\u0435\u043b\u044c\",\"potentialAction\":[{\"@type\":\"SearchAction\",\"target\":{\"@type\":\"EntryPoint\",\"urlTemplate\":\"https:\/\/yvesfouquet.com\/?s={search_term_string}\"},\"query-input\":\"required name=search_term_string\"}],\"inLanguage\":\"fr-FR\"}]}<\/script>\n<meta property=\"product:price:amount\" content=\"0\" \/>\n<meta property=\"product:price:currency\" content=\"EUR\" \/>\n<meta property=\"og:availability\" content=\"instock\" \/>\n<meta property=\"product:availability\" content=\"instock\" \/>\n<meta property=\"product:retailer_item_id\" content=\"BF524\" \/>\n<meta property=\"product:condition\" content=\"new\" \/>\n<!-- \/ Yoast SEO Premium plugin. -->","yoast_head_json":{"title":"Buffet Directoire BF524 - Yves Fouquet","robots":{"index":"index","follow":"follow","max-snippet":"max-snippet:-1","max-image-preview":"max-image-preview:large","max-video-preview":"max-video-preview:-1"},"canonical":"https:\/\/yvesfouquet.com\/fr\/produit\/bufet-directoire-bf524-2\/","og_locale":"fr_FR","og_type":"article","og_title":"Buffet Directoire BF524","og_description":"Dimensions: L1830 x H760 x P470 Description: 2 portes, 2 \u00e9tag\u00e8res r\u00e9glables en hauteur, 3 tiroirs","og_url":"https:\/\/yvesfouquet.com\/fr\/produit\/bufet-directoire-bf524-2\/","og_site_name":"Yves Fouquet","article_publisher":"https:\/\/www.facebook.com\/boutiueyvesfouquet","twitter_card":"summary_large_image","twitter_misc":{"Prix":"","Disponibilit\u00e9":"En stock"},"schema":{"@context":"https:\/\/schema.org","@graph":[{"@type":["WebPage","ItemPage"],"@id":"https:\/\/yvesfouquet.com\/fr\/produit\/bufet-directoire-bf524-2\/","url":"https:\/\/yvesfouquet.com\/fr\/produit\/bufet-directoire-bf524-2\/","name":"Buffet Directoire BF524 - Yves Fouquet","isPartOf":{"@id":"https:\/\/yvesfouquet.com\/#website"},"datePublished":"2022-04-28T16:41:50+00:00","dateModified":"2022-04-28T16:41:50+00:00","breadcrumb":{"@id":"https:\/\/yvesfouquet.com\/fr\/produit\/bufet-directoire-bf524-2\/#breadcrumb"},"inLanguage":"fr-FR","potentialAction":[{"@type":"ReadAction","target":["https:\/\/yvesfouquet.com\/fr\/produit\/bufet-directoire-bf524-2\/"]}]},{"@type":"BreadcrumbList","@id":"https:\/\/yvesfouquet.com\/fr\/produit\/bufet-directoire-bf524-2\/#breadcrumb","itemListElement":[{"@type":"ListItem","position":1,"name":"\u0413\u043b\u0430\u0432\u043d\u0430\u044f","item":"https:\/\/yvesfouquet.com\/fr\/"},{"@type":"ListItem","position":2,"name":"Collections","item":"https:\/\/yvesfouquet.com\/fr\/collections\/"},{"@type":"ListItem","position":3,"name":"Buffet Directoire BF524"}]},{"@type":"WebSite","@id":"https:\/\/yvesfouquet.com\/#website","url":"https:\/\/yvesfouquet.com\/","name":"Yves Fouquet","description":"\u0424\u0440\u0430\u043d\u0446\u0443\u0437\u0441\u043a\u0430\u044f \u043c\u0435\u0431\u0435\u043b\u044c","potentialAction":[{"@type":"SearchAction","target":{"@type":"EntryPoint","urlTemplate":"https:\/\/yvesfouquet.com\/?s={search_term_string}"},"query-input":"required name=search_term_string"}],"inLanguage":"fr-FR"}]},"product_price_currency":"EUR","og_availability":"instock","product_availability":"instock","product_retailer_item_id":"BF524","product_condition":"new"},"_links":{"self":[{"href":"https:\/\/yvesfouquet.com\/fr\/wp-json\/wp\/v2\/product\/18043"}],"collection":[{"href":"https:\/\/yvesfouquet.com\/fr\/wp-json\/wp\/v2\/product"}],"about":[{"href":"https:\/\/yvesfouquet.com\/fr\/wp-json\/wp\/v2\/types\/product"}],"version-history":[{"count":0,"href":"https:\/\/yvesfouquet.com\/fr\/wp-json\/wp\/v2\/product\/18043\/revisions"}],"wp:featuredmedia":[{"embeddable":true,"href":"https:\/\/yvesfouquet.com\/fr\/wp-json\/wp\/v2\/media\/15944"}],"wp:attachment":[{"href":"https:\/\/yvesfouquet.com\/fr\/wp-json\/wp\/v2\/media?parent=18043"}],"wp:term":[{"taxonomy":"product_cat","embeddable":true,"href":"https:\/\/yvesfouquet.com\/fr\/wp-json\/wp\/v2\/product_cat?post=18043"},{"taxonomy":"product_tag","embeddable":true,"href":"https:\/\/yvesfouquet.com\/fr\/wp-json\/wp\/v2\/product_tag?post=18043"}],"curies":[{"name":"wp","href":"https:\/\/api.w.org\/{rel}","templated":true}]}}