{"id":18048,"date":"2020-10-26T18:10:58","date_gmt":"2022-04-28T16:41:53","guid":{"rendered":"https:\/\/yvesfouquet.com\/buffet-cintre-bf519\/"},"modified":"2022-04-28T19:42:43","modified_gmt":"2022-04-28T16:42:43","slug":"bufet-cintre-bf519","status":"publish","type":"product","link":"https:\/\/yvesfouquet.com\/fr\/produit\/bufet-cintre-bf519\/","title":{"rendered":"Buffet Cintre BF519"},"content":{"rendered":"<p>Cr\u00e9\u00e9 dans le style ancien Fran\u00e7ais, l\u2019antique Buffet Cintre se distingue par la s\u00e9v\u00e9rit\u00e9 des lignes et des formes claires. Le design pratique et l\u2019espace en feront une partie indispensable de l\u2019int\u00e9rieur de la cuisine. Polyvalence et praticit\u00e9 vous permettront de le placer dans le couloir ou le salon.<\/p>\n<p>Le buffet en bois massif antique dispose de deux portes battantes verrouillables. Chaque trou de serrure est d\u00e9cor\u00e9 d\u2019un \u00e9l\u00e9gant coussin avec un motif floral. \u00c0 l\u2019int\u00e9rieur du buffet se trouvent deux \u00e9tag\u00e8res r\u00e9glables en hauteur. En changeant leur emplacement, vous pouvez facilement y installer des ustensiles de cuisine, des textiles et bien plus encore.<\/p>\n<p>Sur une courbe \u00e9l\u00e9gante sous l\u2019ensemble des comptoirs lumineux, il y a un grand tiroir o\u00f9 vous pouvez ranger n\u2019importe quelle bagatelle domestique. Les extr\u00e9mit\u00e9s du buffet ont \u00e9galement des d\u00e9viations, diluant le style strict avec son \u00e9l\u00e9gance.<\/p>\n<p>Comme tous les meubles vintage de la manufacture Yves Fouquet, l\u2019ancien buffet Fran\u00e7ais est assembl\u00e9 \u00e0 la main en utilisant les technologies traditionnelles des ma\u00eetres du pass\u00e9. Gr\u00e2ce \u00e0 l\u2019utilisation exclusivement de bois naturel et de raccords d\u2019\u00e9lite de la plus haute qualit\u00e9, il a l\u2019air exclusif et vraiment solide. C\u2019est ce genre de mobilier qui est ch\u00e9ri depuis des g\u00e9n\u00e9rations, transmis avec appr\u00e9hension par h\u00e9ritage.<\/p>\n","protected":false},"excerpt":{"rendered":"<p><strong>Dimensions:<\/strong> L1430 x H850 x P470<\/p>\n<p><strong>Description:<\/strong> 2 portes, 1 tiroir et 2 \u00e9tag\u00e8res r\u00e9glables en hauteur<\/p>\n","protected":false},"featured_media":15900,"template":"","meta":[],"product_cat":[155],"product_tag":[],"yoast_head":"<!-- This site is optimized with the Yoast SEO Premium plugin v20.7 (Yoast SEO v20.8) - https:\/\/yoast.com\/wordpress\/plugins\/seo\/ -->\n<title>Acheter un vieux buffet en bois massif pour la cuisine - Yves Fouquet<\/title>\n<meta name=\"description\" content=\"Meubles vintage haut de gamme \u00e0 commander en Ukraine. Assemblage manuel selon les technologies anciennes, Fran\u00e7ais accessoires, les meilleures vari\u00e9t\u00e9s de bois naturel. Production de l\u2019usine Yves Fouquet sur commande\" \/>\n<meta name=\"robots\" content=\"index, follow, max-snippet:-1, max-image-preview:large, max-video-preview:-1\" \/>\n<link rel=\"canonical\" href=\"https:\/\/yvesfouquet.com\/fr\/produit\/bufet-cintre-bf519\/\" \/>\n<meta property=\"og:locale\" content=\"fr_FR\" \/>\n<meta property=\"og:type\" content=\"article\" \/>\n<meta property=\"og:title\" content=\"Buffet Cintre BF519\" \/>\n<meta property=\"og:description\" content=\"Meubles vintage haut de gamme \u00e0 commander en Ukraine. Assemblage manuel selon les technologies anciennes, Fran\u00e7ais accessoires, les meilleures vari\u00e9t\u00e9s de bois naturel. Production de l\u2019usine Yves Fouquet sur commande\" \/>\n<meta property=\"og:url\" content=\"https:\/\/yvesfouquet.com\/fr\/produit\/bufet-cintre-bf519\/\" \/>\n<meta property=\"og:site_name\" content=\"Yves Fouquet\" \/>\n<meta property=\"article:publisher\" content=\"https:\/\/www.facebook.com\/boutiueyvesfouquet\" \/>\n<meta property=\"article:modified_time\" content=\"2022-04-28T16:42:43+00:00\" \/>\n<meta property=\"og:image\" content=\"https:\/\/yvesfouquet.com\/wp-content\/uploads\/2020\/10\/18-1.png\" \/>\n\t<meta property=\"og:image:width\" content=\"1080\" \/>\n\t<meta property=\"og:image:height\" content=\"1080\" \/>\n\t<meta property=\"og:image:type\" content=\"image\/png\" \/>\n<meta name=\"twitter:card\" content=\"summary_large_image\" \/>\n<meta name=\"twitter:label1\" content=\"Prix\" \/>\n\t<meta name=\"twitter:data1\" content=\"\" \/>\n\t<meta name=\"twitter:label2\" content=\"Disponibilit\u00e9\" \/>\n\t<meta name=\"twitter:data2\" content=\"En stock\" \/>\n<script type=\"application\/ld+json\" class=\"yoast-schema-graph\">{\"@context\":\"https:\/\/schema.org\",\"@graph\":[{\"@type\":[\"WebPage\",\"ItemPage\"],\"@id\":\"https:\/\/yvesfouquet.com\/fr\/produit\/bufet-cintre-bf519\/\",\"url\":\"https:\/\/yvesfouquet.com\/fr\/produit\/bufet-cintre-bf519\/\",\"name\":\"Acheter un vieux buffet en bois massif pour la cuisine - Yves Fouquet\",\"isPartOf\":{\"@id\":\"https:\/\/yvesfouquet.com\/#website\"},\"datePublished\":\"2022-04-28T16:41:53+00:00\",\"dateModified\":\"2022-04-28T16:42:43+00:00\",\"description\":\"Meubles vintage haut de gamme \u00e0 commander en Ukraine. Assemblage manuel selon les technologies anciennes, Fran\u00e7ais accessoires, les meilleures vari\u00e9t\u00e9s de bois naturel. Production de l\u2019usine Yves Fouquet sur commande\",\"breadcrumb\":{\"@id\":\"https:\/\/yvesfouquet.com\/fr\/produit\/bufet-cintre-bf519\/#breadcrumb\"},\"inLanguage\":\"fr-FR\",\"potentialAction\":[{\"@type\":\"ReadAction\",\"target\":[\"https:\/\/yvesfouquet.com\/fr\/produit\/bufet-cintre-bf519\/\"]}]},{\"@type\":\"BreadcrumbList\",\"@id\":\"https:\/\/yvesfouquet.com\/fr\/produit\/bufet-cintre-bf519\/#breadcrumb\",\"itemListElement\":[{\"@type\":\"ListItem\",\"position\":1,\"name\":\"\u0413\u043b\u0430\u0432\u043d\u0430\u044f\",\"item\":\"https:\/\/yvesfouquet.com\/fr\/\"},{\"@type\":\"ListItem\",\"position\":2,\"name\":\"Collections\",\"item\":\"https:\/\/yvesfouquet.com\/fr\/collections\/\"},{\"@type\":\"ListItem\",\"position\":3,\"name\":\"Buffet Cintre BF519\"}]},{\"@type\":\"WebSite\",\"@id\":\"https:\/\/yvesfouquet.com\/#website\",\"url\":\"https:\/\/yvesfouquet.com\/\",\"name\":\"Yves Fouquet\",\"description\":\"\u0424\u0440\u0430\u043d\u0446\u0443\u0437\u0441\u043a\u0430\u044f \u043c\u0435\u0431\u0435\u043b\u044c\",\"potentialAction\":[{\"@type\":\"SearchAction\",\"target\":{\"@type\":\"EntryPoint\",\"urlTemplate\":\"https:\/\/yvesfouquet.com\/?s={search_term_string}\"},\"query-input\":\"required name=search_term_string\"}],\"inLanguage\":\"fr-FR\"}]}<\/script>\n<meta property=\"product:price:amount\" content=\"0\" \/>\n<meta property=\"product:price:currency\" content=\"EUR\" \/>\n<meta property=\"og:availability\" content=\"instock\" \/>\n<meta property=\"product:availability\" content=\"instock\" \/>\n<meta property=\"product:retailer_item_id\" content=\"BF519\" \/>\n<meta property=\"product:condition\" content=\"new\" \/>\n<!-- \/ Yoast SEO Premium plugin. -->","yoast_head_json":{"title":"Acheter un vieux buffet en bois massif pour la cuisine - Yves Fouquet","description":"Meubles vintage haut de gamme \u00e0 commander en Ukraine. Assemblage manuel selon les technologies anciennes, Fran\u00e7ais accessoires, les meilleures vari\u00e9t\u00e9s de bois naturel. Production de l\u2019usine Yves Fouquet sur commande","robots":{"index":"index","follow":"follow","max-snippet":"max-snippet:-1","max-image-preview":"max-image-preview:large","max-video-preview":"max-video-preview:-1"},"canonical":"https:\/\/yvesfouquet.com\/fr\/produit\/bufet-cintre-bf519\/","og_locale":"fr_FR","og_type":"article","og_title":"Buffet Cintre BF519","og_description":"Meubles vintage haut de gamme \u00e0 commander en Ukraine. Assemblage manuel selon les technologies anciennes, Fran\u00e7ais accessoires, les meilleures vari\u00e9t\u00e9s de bois naturel. Production de l\u2019usine Yves Fouquet sur commande","og_url":"https:\/\/yvesfouquet.com\/fr\/produit\/bufet-cintre-bf519\/","og_site_name":"Yves Fouquet","article_publisher":"https:\/\/www.facebook.com\/boutiueyvesfouquet","article_modified_time":"2022-04-28T16:42:43+00:00","og_image":[{"width":1080,"height":1080,"url":"https:\/\/yvesfouquet.com\/wp-content\/uploads\/2020\/10\/18-1.png","type":"image\/png"}],"twitter_card":"summary_large_image","twitter_misc":{"Prix":"","Disponibilit\u00e9":"En stock"},"schema":{"@context":"https:\/\/schema.org","@graph":[{"@type":["WebPage","ItemPage"],"@id":"https:\/\/yvesfouquet.com\/fr\/produit\/bufet-cintre-bf519\/","url":"https:\/\/yvesfouquet.com\/fr\/produit\/bufet-cintre-bf519\/","name":"Acheter un vieux buffet en bois massif pour la cuisine - Yves Fouquet","isPartOf":{"@id":"https:\/\/yvesfouquet.com\/#website"},"datePublished":"2022-04-28T16:41:53+00:00","dateModified":"2022-04-28T16:42:43+00:00","description":"Meubles vintage haut de gamme \u00e0 commander en Ukraine. Assemblage manuel selon les technologies anciennes, Fran\u00e7ais accessoires, les meilleures vari\u00e9t\u00e9s de bois naturel. Production de l\u2019usine Yves Fouquet sur commande","breadcrumb":{"@id":"https:\/\/yvesfouquet.com\/fr\/produit\/bufet-cintre-bf519\/#breadcrumb"},"inLanguage":"fr-FR","potentialAction":[{"@type":"ReadAction","target":["https:\/\/yvesfouquet.com\/fr\/produit\/bufet-cintre-bf519\/"]}]},{"@type":"BreadcrumbList","@id":"https:\/\/yvesfouquet.com\/fr\/produit\/bufet-cintre-bf519\/#breadcrumb","itemListElement":[{"@type":"ListItem","position":1,"name":"\u0413\u043b\u0430\u0432\u043d\u0430\u044f","item":"https:\/\/yvesfouquet.com\/fr\/"},{"@type":"ListItem","position":2,"name":"Collections","item":"https:\/\/yvesfouquet.com\/fr\/collections\/"},{"@type":"ListItem","position":3,"name":"Buffet Cintre BF519"}]},{"@type":"WebSite","@id":"https:\/\/yvesfouquet.com\/#website","url":"https:\/\/yvesfouquet.com\/","name":"Yves Fouquet","description":"\u0424\u0440\u0430\u043d\u0446\u0443\u0437\u0441\u043a\u0430\u044f \u043c\u0435\u0431\u0435\u043b\u044c","potentialAction":[{"@type":"SearchAction","target":{"@type":"EntryPoint","urlTemplate":"https:\/\/yvesfouquet.com\/?s={search_term_string}"},"query-input":"required name=search_term_string"}],"inLanguage":"fr-FR"}]},"product_price_currency":"EUR","og_availability":"instock","product_availability":"instock","product_retailer_item_id":"BF519","product_condition":"new"},"_links":{"self":[{"href":"https:\/\/yvesfouquet.com\/fr\/wp-json\/wp\/v2\/product\/18048"}],"collection":[{"href":"https:\/\/yvesfouquet.com\/fr\/wp-json\/wp\/v2\/product"}],"about":[{"href":"https:\/\/yvesfouquet.com\/fr\/wp-json\/wp\/v2\/types\/product"}],"version-history":[{"count":1,"href":"https:\/\/yvesfouquet.com\/fr\/wp-json\/wp\/v2\/product\/18048\/revisions"}],"predecessor-version":[{"id":18084,"href":"https:\/\/yvesfouquet.com\/fr\/wp-json\/wp\/v2\/product\/18048\/revisions\/18084"}],"wp:featuredmedia":[{"embeddable":true,"href":"https:\/\/yvesfouquet.com\/fr\/wp-json\/wp\/v2\/media\/15900"}],"wp:attachment":[{"href":"https:\/\/yvesfouquet.com\/fr\/wp-json\/wp\/v2\/media?parent=18048"}],"wp:term":[{"taxonomy":"product_cat","embeddable":true,"href":"https:\/\/yvesfouquet.com\/fr\/wp-json\/wp\/v2\/product_cat?post=18048"},{"taxonomy":"product_tag","embeddable":true,"href":"https:\/\/yvesfouquet.com\/fr\/wp-json\/wp\/v2\/product_tag?post=18048"}],"curies":[{"name":"wp","href":"https:\/\/api.w.org\/{rel}","templated":true}]}}