{"id":18049,"date":"2020-10-26T18:12:00","date_gmt":"2022-04-28T16:41:53","guid":{"rendered":"https:\/\/yvesfouquet.com\/buffet-directoire-bf525\/"},"modified":"2022-04-28T19:41:53","modified_gmt":"2022-04-28T16:41:53","slug":"bufet-directoire-bf525-2","status":"publish","type":"product","link":"https:\/\/yvesfouquet.com\/fr\/produit\/bufet-directoire-bf525-2\/","title":{"rendered":"Buffet Directoire BF525"},"content":{"rendered":"<p>En raison de sa qualit\u00e9 et de sa praticit\u00e9, le mobilier vintage dans le style Fran\u00e7ais de l\u2019\u00e9poque du R\u00e9pertoire jouit d\u2019une popularit\u00e9 consid\u00e9rable. Ainsi, ce merveilleux buffet antique en bois naturel, bien s\u00fbr, prendra une place digne dans l\u2019atmosph\u00e8re de votre salon, chambre ou salle \u00e0 manger.<\/p>\n<p>La g\u00e9om\u00e9trie claire des lignes droites et l\u2019absence de d\u00e9cor frivole non seulement ne simplifient pas le design, mais au contraire, donnent au buffet encore plus de style et de couleur. Majestueux et encombrant, comme l\u2019ancien panth\u00e9on romain, avec toute son apparence, il dit qu\u2019il a \u00e9t\u00e9 fait pendant des si\u00e8cles.<\/p>\n<p>De magnifiques meubles haut de gamme sont en bois clair, rayonnant la chaleur du confort de la maison. Le buffet dispose de deux grandes portes battantes verrouillables, dans l\u2019assemblage desquelles, comme autrefois, des clous en bois ont \u00e9t\u00e9 utilis\u00e9s. \u00c0 l\u2019int\u00e9rieur, il y a des \u00e9tag\u00e8res confortables et r\u00e9glables en hauteur. Deux tiroirs spacieux sont s\u00e9par\u00e9s par un d\u00e9cor sculpt\u00e9 de lignes verticales parall\u00e8les.<\/p>\n<p>Le mobilier exclusif sur mesure cr\u00e9\u00e9 par les artisans de la manufacture Yves Fouquet utilise habilement les techniques du vieillissement. Gr\u00e2ce \u00e0 eux, le buffet unique de la gamme a un look authentique si magnifique. Pour l\u2019int\u00e9grer parfaitement dans votre mobilier, vous pouvez toujours faire vos propres ajustements en changeant la couleur, les \u00e9l\u00e9ments de d\u00e9coration, les accessoires et la taille.<\/p>\n","protected":false},"excerpt":{"rendered":"<p><strong>Dimensions:<\/strong> L1950 x H1000 x P530<\/p>\n<p><strong>Description :<\/strong> 2 portes, 2 \u00e9tag\u00e8res r\u00e9glables en hauteur, 2 tiroirs<\/p>\n","protected":false},"featured_media":15970,"template":"","meta":[],"product_cat":[155],"product_tag":[],"yoast_head":"<!-- This site is optimized with the Yoast SEO Premium plugin v20.7 (Yoast SEO v20.8) - https:\/\/yoast.com\/wordpress\/plugins\/seo\/ -->\n<title>Buffet vintage en bois naturel \u00e0 commander en Ukraine - Yves Fouquet<\/title>\n<meta name=\"description\" content=\"Mobilier int\u00e9rieur haut de gamme \u00e9l\u00e9gant fait \u00e0 la main. Magnifique buffet dans le Fran\u00e7ais style Annuaire de l\u2019usine de meubles ukrainienne Yves Fouquet\" \/>\n<meta name=\"robots\" content=\"index, follow, max-snippet:-1, max-image-preview:large, max-video-preview:-1\" \/>\n<link rel=\"canonical\" href=\"https:\/\/yvesfouquet.com\/fr\/produit\/bufet-directoire-bf525-2\/\" \/>\n<meta property=\"og:locale\" content=\"fr_FR\" \/>\n<meta property=\"og:type\" content=\"article\" \/>\n<meta property=\"og:title\" content=\"Buffet Directoire BF525\" \/>\n<meta property=\"og:description\" content=\"Mobilier int\u00e9rieur haut de gamme \u00e9l\u00e9gant fait \u00e0 la main. Magnifique buffet dans le Fran\u00e7ais style Annuaire de l\u2019usine de meubles ukrainienne Yves Fouquet\" \/>\n<meta property=\"og:url\" content=\"https:\/\/yvesfouquet.com\/fr\/produit\/bufet-directoire-bf525-2\/\" \/>\n<meta property=\"og:site_name\" content=\"Yves Fouquet\" \/>\n<meta property=\"article:publisher\" content=\"https:\/\/www.facebook.com\/boutiueyvesfouquet\" \/>\n<meta property=\"og:image\" content=\"https:\/\/yvesfouquet.com\/wp-content\/uploads\/2020\/10\/27.png\" \/>\n\t<meta property=\"og:image:width\" content=\"1080\" \/>\n\t<meta property=\"og:image:height\" content=\"1080\" \/>\n\t<meta property=\"og:image:type\" content=\"image\/png\" \/>\n<meta name=\"twitter:card\" content=\"summary_large_image\" \/>\n<meta name=\"twitter:label1\" content=\"Prix\" \/>\n\t<meta name=\"twitter:data1\" content=\"\" \/>\n\t<meta name=\"twitter:label2\" content=\"Disponibilit\u00e9\" \/>\n\t<meta name=\"twitter:data2\" content=\"En stock\" \/>\n<script type=\"application\/ld+json\" class=\"yoast-schema-graph\">{\"@context\":\"https:\/\/schema.org\",\"@graph\":[{\"@type\":[\"WebPage\",\"ItemPage\"],\"@id\":\"https:\/\/yvesfouquet.com\/fr\/produit\/bufet-directoire-bf525-2\/\",\"url\":\"https:\/\/yvesfouquet.com\/fr\/produit\/bufet-directoire-bf525-2\/\",\"name\":\"Buffet vintage en bois naturel \u00e0 commander en Ukraine - Yves Fouquet\",\"isPartOf\":{\"@id\":\"https:\/\/yvesfouquet.com\/#website\"},\"datePublished\":\"2022-04-28T16:41:53+00:00\",\"dateModified\":\"2022-04-28T16:41:53+00:00\",\"description\":\"Mobilier int\u00e9rieur haut de gamme \u00e9l\u00e9gant fait \u00e0 la main. Magnifique buffet dans le Fran\u00e7ais style Annuaire de l\u2019usine de meubles ukrainienne Yves Fouquet\",\"breadcrumb\":{\"@id\":\"https:\/\/yvesfouquet.com\/fr\/produit\/bufet-directoire-bf525-2\/#breadcrumb\"},\"inLanguage\":\"fr-FR\",\"potentialAction\":[{\"@type\":\"ReadAction\",\"target\":[\"https:\/\/yvesfouquet.com\/fr\/produit\/bufet-directoire-bf525-2\/\"]}]},{\"@type\":\"BreadcrumbList\",\"@id\":\"https:\/\/yvesfouquet.com\/fr\/produit\/bufet-directoire-bf525-2\/#breadcrumb\",\"itemListElement\":[{\"@type\":\"ListItem\",\"position\":1,\"name\":\"\u0413\u043b\u0430\u0432\u043d\u0430\u044f\",\"item\":\"https:\/\/yvesfouquet.com\/fr\/\"},{\"@type\":\"ListItem\",\"position\":2,\"name\":\"Collections\",\"item\":\"https:\/\/yvesfouquet.com\/fr\/collections\/\"},{\"@type\":\"ListItem\",\"position\":3,\"name\":\"Buffet Directoire BF525\"}]},{\"@type\":\"WebSite\",\"@id\":\"https:\/\/yvesfouquet.com\/#website\",\"url\":\"https:\/\/yvesfouquet.com\/\",\"name\":\"Yves Fouquet\",\"description\":\"\u0424\u0440\u0430\u043d\u0446\u0443\u0437\u0441\u043a\u0430\u044f \u043c\u0435\u0431\u0435\u043b\u044c\",\"potentialAction\":[{\"@type\":\"SearchAction\",\"target\":{\"@type\":\"EntryPoint\",\"urlTemplate\":\"https:\/\/yvesfouquet.com\/?s={search_term_string}\"},\"query-input\":\"required name=search_term_string\"}],\"inLanguage\":\"fr-FR\"}]}<\/script>\n<meta property=\"product:price:amount\" content=\"0\" \/>\n<meta property=\"product:price:currency\" content=\"EUR\" \/>\n<meta property=\"og:availability\" content=\"instock\" \/>\n<meta property=\"product:availability\" content=\"instock\" \/>\n<meta property=\"product:retailer_item_id\" content=\"BF525\" \/>\n<meta property=\"product:condition\" content=\"new\" \/>\n<!-- \/ Yoast SEO Premium plugin. -->","yoast_head_json":{"title":"Buffet vintage en bois naturel \u00e0 commander en Ukraine - Yves Fouquet","description":"Mobilier int\u00e9rieur haut de gamme \u00e9l\u00e9gant fait \u00e0 la main. Magnifique buffet dans le Fran\u00e7ais style Annuaire de l\u2019usine de meubles ukrainienne Yves Fouquet","robots":{"index":"index","follow":"follow","max-snippet":"max-snippet:-1","max-image-preview":"max-image-preview:large","max-video-preview":"max-video-preview:-1"},"canonical":"https:\/\/yvesfouquet.com\/fr\/produit\/bufet-directoire-bf525-2\/","og_locale":"fr_FR","og_type":"article","og_title":"Buffet Directoire BF525","og_description":"Mobilier int\u00e9rieur haut de gamme \u00e9l\u00e9gant fait \u00e0 la main. Magnifique buffet dans le Fran\u00e7ais style Annuaire de l\u2019usine de meubles ukrainienne Yves Fouquet","og_url":"https:\/\/yvesfouquet.com\/fr\/produit\/bufet-directoire-bf525-2\/","og_site_name":"Yves Fouquet","article_publisher":"https:\/\/www.facebook.com\/boutiueyvesfouquet","og_image":[{"width":1080,"height":1080,"url":"https:\/\/yvesfouquet.com\/wp-content\/uploads\/2020\/10\/27.png","type":"image\/png"}],"twitter_card":"summary_large_image","twitter_misc":{"Prix":"","Disponibilit\u00e9":"En stock"},"schema":{"@context":"https:\/\/schema.org","@graph":[{"@type":["WebPage","ItemPage"],"@id":"https:\/\/yvesfouquet.com\/fr\/produit\/bufet-directoire-bf525-2\/","url":"https:\/\/yvesfouquet.com\/fr\/produit\/bufet-directoire-bf525-2\/","name":"Buffet vintage en bois naturel \u00e0 commander en Ukraine - Yves Fouquet","isPartOf":{"@id":"https:\/\/yvesfouquet.com\/#website"},"datePublished":"2022-04-28T16:41:53+00:00","dateModified":"2022-04-28T16:41:53+00:00","description":"Mobilier int\u00e9rieur haut de gamme \u00e9l\u00e9gant fait \u00e0 la main. Magnifique buffet dans le Fran\u00e7ais style Annuaire de l\u2019usine de meubles ukrainienne Yves Fouquet","breadcrumb":{"@id":"https:\/\/yvesfouquet.com\/fr\/produit\/bufet-directoire-bf525-2\/#breadcrumb"},"inLanguage":"fr-FR","potentialAction":[{"@type":"ReadAction","target":["https:\/\/yvesfouquet.com\/fr\/produit\/bufet-directoire-bf525-2\/"]}]},{"@type":"BreadcrumbList","@id":"https:\/\/yvesfouquet.com\/fr\/produit\/bufet-directoire-bf525-2\/#breadcrumb","itemListElement":[{"@type":"ListItem","position":1,"name":"\u0413\u043b\u0430\u0432\u043d\u0430\u044f","item":"https:\/\/yvesfouquet.com\/fr\/"},{"@type":"ListItem","position":2,"name":"Collections","item":"https:\/\/yvesfouquet.com\/fr\/collections\/"},{"@type":"ListItem","position":3,"name":"Buffet Directoire BF525"}]},{"@type":"WebSite","@id":"https:\/\/yvesfouquet.com\/#website","url":"https:\/\/yvesfouquet.com\/","name":"Yves Fouquet","description":"\u0424\u0440\u0430\u043d\u0446\u0443\u0437\u0441\u043a\u0430\u044f \u043c\u0435\u0431\u0435\u043b\u044c","potentialAction":[{"@type":"SearchAction","target":{"@type":"EntryPoint","urlTemplate":"https:\/\/yvesfouquet.com\/?s={search_term_string}"},"query-input":"required name=search_term_string"}],"inLanguage":"fr-FR"}]},"product_price_currency":"EUR","og_availability":"instock","product_availability":"instock","product_retailer_item_id":"BF525","product_condition":"new"},"_links":{"self":[{"href":"https:\/\/yvesfouquet.com\/fr\/wp-json\/wp\/v2\/product\/18049"}],"collection":[{"href":"https:\/\/yvesfouquet.com\/fr\/wp-json\/wp\/v2\/product"}],"about":[{"href":"https:\/\/yvesfouquet.com\/fr\/wp-json\/wp\/v2\/types\/product"}],"version-history":[{"count":0,"href":"https:\/\/yvesfouquet.com\/fr\/wp-json\/wp\/v2\/product\/18049\/revisions"}],"wp:featuredmedia":[{"embeddable":true,"href":"https:\/\/yvesfouquet.com\/fr\/wp-json\/wp\/v2\/media\/15970"}],"wp:attachment":[{"href":"https:\/\/yvesfouquet.com\/fr\/wp-json\/wp\/v2\/media?parent=18049"}],"wp:term":[{"taxonomy":"product_cat","embeddable":true,"href":"https:\/\/yvesfouquet.com\/fr\/wp-json\/wp\/v2\/product_cat?post=18049"},{"taxonomy":"product_tag","embeddable":true,"href":"https:\/\/yvesfouquet.com\/fr\/wp-json\/wp\/v2\/product_tag?post=18049"}],"curies":[{"name":"wp","href":"https:\/\/api.w.org\/{rel}","templated":true}]}}