{"id":18052,"date":"2020-10-26T18:10:35","date_gmt":"2022-04-28T16:41:55","guid":{"rendered":"https:\/\/yvesfouquet.com\/buffet-louis-xv-bf517e\/"},"modified":"2022-04-28T19:42:45","modified_gmt":"2022-04-28T16:42:45","slug":"bufet-lyudovik-xv-bf517e","status":"publish","type":"product","link":"https:\/\/yvesfouquet.com\/fr\/produit\/bufet-lyudovik-xv-bf517e\/","title":{"rendered":"Buffet Louis XV BF517e"},"content":{"rendered":"<p>Le magnifique buffet peint dans le style Louis XV est une autre \u00e9toile brillante dans la collection de meubles design exclusifs de l\u2019usine Yves Fouquet. Assembl\u00e9 \u00e0 la main selon les technologies anciennes des ma\u00eetres des si\u00e8cles pass\u00e9s, il deviendra la perle de votre int\u00e9rieur, un meuble unique dans un style vintage.<\/p>\n<p>Le buffet en bois naturel a des formes arrondies int\u00e9ressantes. Dans le style du puzzle, des portes convexes sculpt\u00e9es sont fabriqu\u00e9es. Sur leur partie saillante s\u2019affiche un tampon orn\u00e9 sur le trou de serrure &#8211; des raccords de Fran\u00e7ais d\u2019\u00e9lite. Le comptoir laqu\u00e9 a l\u2019air chaleureux et confortable.<\/p>\n<p>Le point culminant du buffet vintage est une merveilleuse peinture \u00e0 la main, lui donnant une gr\u00e2ce sp\u00e9ciale et une saveur unique. Contrastant avec le fond clair de la fa\u00e7ade, l\u2019int\u00e9rieur est peint en bleu, o\u00f9 l\u2019\u00e9tag\u00e8re r\u00e9glable en hauteur est install\u00e9e. Fabriqu\u00e9 dans le style de l\u2019\u00e9poque Louis, le buffet design aura fi\u00e8re allure dans le salon et trouvera une place appropri\u00e9e dans la chambre \u00e0 coucher.<\/p>\n<p>Les meubles anciens sont fabriqu\u00e9s selon les commandes individuelles. Dans sa production, les technologies des ma\u00eetres du pass\u00e9 sont utilis\u00e9es et cr\u00e9ent une saveur sp\u00e9ciale de la technique de vieillissement. Vous pouvez changer la taille et les accessoires, faire une commode dans une couleur adapt\u00e9e \u00e0 votre int\u00e9rieur, ou commander une peinture \u00e0 la main unique.<\/p>\n","protected":false},"excerpt":{"rendered":"<p><strong>Dimensions:<\/strong> L1420 x H850 x P630<\/p>\n<p><strong>Description:<\/strong> 2 portes et 1 \u00e9tag\u00e8re r\u00e9glable en hauteur<\/p>\n","protected":false},"featured_media":15860,"template":"","meta":[],"product_cat":[155],"product_tag":[],"yoast_head":"<!-- This site is optimized with the Yoast SEO Premium plugin v20.7 (Yoast SEO v20.8) - https:\/\/yoast.com\/wordpress\/plugins\/seo\/ -->\n<title>Buffet en bois dans le style de Louis XV avec peinture - Yves Fouquet<\/title>\n<meta name=\"description\" content=\"Meubles anciens design faits \u00e0 la main. Buffet exclusif dans la cuisine avec un ensemble de comptoirs et peint \u00e0 la main sur commande. Usine de meubles Yves Fouquet Ukraine\" \/>\n<meta name=\"robots\" content=\"index, follow, max-snippet:-1, max-image-preview:large, max-video-preview:-1\" \/>\n<link rel=\"canonical\" href=\"https:\/\/yvesfouquet.com\/fr\/produit\/bufet-lyudovik-xv-bf517e\/\" \/>\n<meta property=\"og:locale\" content=\"fr_FR\" \/>\n<meta property=\"og:type\" content=\"article\" \/>\n<meta property=\"og:title\" content=\"Buffet Louis XV BF517e\" \/>\n<meta property=\"og:description\" content=\"Meubles anciens design faits \u00e0 la main. Buffet exclusif dans la cuisine avec un ensemble de comptoirs et peint \u00e0 la main sur commande. Usine de meubles Yves Fouquet Ukraine\" \/>\n<meta property=\"og:url\" content=\"https:\/\/yvesfouquet.com\/fr\/produit\/bufet-lyudovik-xv-bf517e\/\" \/>\n<meta property=\"og:site_name\" content=\"Yves Fouquet\" \/>\n<meta property=\"article:publisher\" content=\"https:\/\/www.facebook.com\/boutiueyvesfouquet\" \/>\n<meta property=\"article:modified_time\" content=\"2022-04-28T16:42:45+00:00\" \/>\n<meta property=\"og:image\" content=\"https:\/\/yvesfouquet.com\/wp-content\/uploads\/2020\/10\/bc517.png\" \/>\n\t<meta property=\"og:image:width\" content=\"1280\" \/>\n\t<meta property=\"og:image:height\" content=\"1280\" \/>\n\t<meta property=\"og:image:type\" content=\"image\/png\" \/>\n<meta name=\"twitter:card\" content=\"summary_large_image\" \/>\n<meta name=\"twitter:label1\" content=\"Prix\" \/>\n\t<meta name=\"twitter:data1\" content=\"\" \/>\n\t<meta name=\"twitter:label2\" content=\"Disponibilit\u00e9\" \/>\n\t<meta name=\"twitter:data2\" content=\"En stock\" \/>\n<script type=\"application\/ld+json\" class=\"yoast-schema-graph\">{\"@context\":\"https:\/\/schema.org\",\"@graph\":[{\"@type\":[\"WebPage\",\"ItemPage\"],\"@id\":\"https:\/\/yvesfouquet.com\/fr\/produit\/bufet-lyudovik-xv-bf517e\/\",\"url\":\"https:\/\/yvesfouquet.com\/fr\/produit\/bufet-lyudovik-xv-bf517e\/\",\"name\":\"Buffet en bois dans le style de Louis XV avec peinture - Yves Fouquet\",\"isPartOf\":{\"@id\":\"https:\/\/yvesfouquet.com\/#website\"},\"datePublished\":\"2022-04-28T16:41:55+00:00\",\"dateModified\":\"2022-04-28T16:42:45+00:00\",\"description\":\"Meubles anciens design faits \u00e0 la main. Buffet exclusif dans la cuisine avec un ensemble de comptoirs et peint \u00e0 la main sur commande. Usine de meubles Yves Fouquet Ukraine\",\"breadcrumb\":{\"@id\":\"https:\/\/yvesfouquet.com\/fr\/produit\/bufet-lyudovik-xv-bf517e\/#breadcrumb\"},\"inLanguage\":\"fr-FR\",\"potentialAction\":[{\"@type\":\"ReadAction\",\"target\":[\"https:\/\/yvesfouquet.com\/fr\/produit\/bufet-lyudovik-xv-bf517e\/\"]}]},{\"@type\":\"BreadcrumbList\",\"@id\":\"https:\/\/yvesfouquet.com\/fr\/produit\/bufet-lyudovik-xv-bf517e\/#breadcrumb\",\"itemListElement\":[{\"@type\":\"ListItem\",\"position\":1,\"name\":\"\u0413\u043b\u0430\u0432\u043d\u0430\u044f\",\"item\":\"https:\/\/yvesfouquet.com\/fr\/\"},{\"@type\":\"ListItem\",\"position\":2,\"name\":\"Collections\",\"item\":\"https:\/\/yvesfouquet.com\/fr\/collections\/\"},{\"@type\":\"ListItem\",\"position\":3,\"name\":\"Buffet Louis XV BF517e\"}]},{\"@type\":\"WebSite\",\"@id\":\"https:\/\/yvesfouquet.com\/#website\",\"url\":\"https:\/\/yvesfouquet.com\/\",\"name\":\"Yves Fouquet\",\"description\":\"\u0424\u0440\u0430\u043d\u0446\u0443\u0437\u0441\u043a\u0430\u044f \u043c\u0435\u0431\u0435\u043b\u044c\",\"potentialAction\":[{\"@type\":\"SearchAction\",\"target\":{\"@type\":\"EntryPoint\",\"urlTemplate\":\"https:\/\/yvesfouquet.com\/?s={search_term_string}\"},\"query-input\":\"required name=search_term_string\"}],\"inLanguage\":\"fr-FR\"}]}<\/script>\n<meta property=\"product:price:amount\" content=\"0\" \/>\n<meta property=\"product:price:currency\" content=\"EUR\" \/>\n<meta property=\"og:availability\" content=\"instock\" \/>\n<meta property=\"product:availability\" content=\"instock\" \/>\n<meta property=\"product:retailer_item_id\" content=\"BF517E\" \/>\n<meta property=\"product:condition\" content=\"new\" \/>\n<!-- \/ Yoast SEO Premium plugin. -->","yoast_head_json":{"title":"Buffet en bois dans le style de Louis XV avec peinture - Yves Fouquet","description":"Meubles anciens design faits \u00e0 la main. Buffet exclusif dans la cuisine avec un ensemble de comptoirs et peint \u00e0 la main sur commande. Usine de meubles Yves Fouquet Ukraine","robots":{"index":"index","follow":"follow","max-snippet":"max-snippet:-1","max-image-preview":"max-image-preview:large","max-video-preview":"max-video-preview:-1"},"canonical":"https:\/\/yvesfouquet.com\/fr\/produit\/bufet-lyudovik-xv-bf517e\/","og_locale":"fr_FR","og_type":"article","og_title":"Buffet Louis XV BF517e","og_description":"Meubles anciens design faits \u00e0 la main. Buffet exclusif dans la cuisine avec un ensemble de comptoirs et peint \u00e0 la main sur commande. Usine de meubles Yves Fouquet Ukraine","og_url":"https:\/\/yvesfouquet.com\/fr\/produit\/bufet-lyudovik-xv-bf517e\/","og_site_name":"Yves Fouquet","article_publisher":"https:\/\/www.facebook.com\/boutiueyvesfouquet","article_modified_time":"2022-04-28T16:42:45+00:00","og_image":[{"width":1280,"height":1280,"url":"https:\/\/yvesfouquet.com\/wp-content\/uploads\/2020\/10\/bc517.png","type":"image\/png"}],"twitter_card":"summary_large_image","twitter_misc":{"Prix":"","Disponibilit\u00e9":"En stock"},"schema":{"@context":"https:\/\/schema.org","@graph":[{"@type":["WebPage","ItemPage"],"@id":"https:\/\/yvesfouquet.com\/fr\/produit\/bufet-lyudovik-xv-bf517e\/","url":"https:\/\/yvesfouquet.com\/fr\/produit\/bufet-lyudovik-xv-bf517e\/","name":"Buffet en bois dans le style de Louis XV avec peinture - Yves Fouquet","isPartOf":{"@id":"https:\/\/yvesfouquet.com\/#website"},"datePublished":"2022-04-28T16:41:55+00:00","dateModified":"2022-04-28T16:42:45+00:00","description":"Meubles anciens design faits \u00e0 la main. Buffet exclusif dans la cuisine avec un ensemble de comptoirs et peint \u00e0 la main sur commande. Usine de meubles Yves Fouquet Ukraine","breadcrumb":{"@id":"https:\/\/yvesfouquet.com\/fr\/produit\/bufet-lyudovik-xv-bf517e\/#breadcrumb"},"inLanguage":"fr-FR","potentialAction":[{"@type":"ReadAction","target":["https:\/\/yvesfouquet.com\/fr\/produit\/bufet-lyudovik-xv-bf517e\/"]}]},{"@type":"BreadcrumbList","@id":"https:\/\/yvesfouquet.com\/fr\/produit\/bufet-lyudovik-xv-bf517e\/#breadcrumb","itemListElement":[{"@type":"ListItem","position":1,"name":"\u0413\u043b\u0430\u0432\u043d\u0430\u044f","item":"https:\/\/yvesfouquet.com\/fr\/"},{"@type":"ListItem","position":2,"name":"Collections","item":"https:\/\/yvesfouquet.com\/fr\/collections\/"},{"@type":"ListItem","position":3,"name":"Buffet Louis XV BF517e"}]},{"@type":"WebSite","@id":"https:\/\/yvesfouquet.com\/#website","url":"https:\/\/yvesfouquet.com\/","name":"Yves Fouquet","description":"\u0424\u0440\u0430\u043d\u0446\u0443\u0437\u0441\u043a\u0430\u044f \u043c\u0435\u0431\u0435\u043b\u044c","potentialAction":[{"@type":"SearchAction","target":{"@type":"EntryPoint","urlTemplate":"https:\/\/yvesfouquet.com\/?s={search_term_string}"},"query-input":"required name=search_term_string"}],"inLanguage":"fr-FR"}]},"product_price_currency":"EUR","og_availability":"instock","product_availability":"instock","product_retailer_item_id":"BF517E","product_condition":"new"},"_links":{"self":[{"href":"https:\/\/yvesfouquet.com\/fr\/wp-json\/wp\/v2\/product\/18052"}],"collection":[{"href":"https:\/\/yvesfouquet.com\/fr\/wp-json\/wp\/v2\/product"}],"about":[{"href":"https:\/\/yvesfouquet.com\/fr\/wp-json\/wp\/v2\/types\/product"}],"version-history":[{"count":1,"href":"https:\/\/yvesfouquet.com\/fr\/wp-json\/wp\/v2\/product\/18052\/revisions"}],"predecessor-version":[{"id":18090,"href":"https:\/\/yvesfouquet.com\/fr\/wp-json\/wp\/v2\/product\/18052\/revisions\/18090"}],"wp:featuredmedia":[{"embeddable":true,"href":"https:\/\/yvesfouquet.com\/fr\/wp-json\/wp\/v2\/media\/15860"}],"wp:attachment":[{"href":"https:\/\/yvesfouquet.com\/fr\/wp-json\/wp\/v2\/media?parent=18052"}],"wp:term":[{"taxonomy":"product_cat","embeddable":true,"href":"https:\/\/yvesfouquet.com\/fr\/wp-json\/wp\/v2\/product_cat?post=18052"},{"taxonomy":"product_tag","embeddable":true,"href":"https:\/\/yvesfouquet.com\/fr\/wp-json\/wp\/v2\/product_tag?post=18052"}],"curies":[{"name":"wp","href":"https:\/\/api.w.org\/{rel}","templated":true}]}}