{"id":18056,"date":"2020-10-26T18:11:28","date_gmt":"2022-04-28T16:41:58","guid":{"rendered":"https:\/\/yvesfouquet.com\/buffet-directoire-bf523\/"},"modified":"2022-04-28T19:41:58","modified_gmt":"2022-04-28T16:41:58","slug":"bufet-directoire-bf523-2","status":"publish","type":"product","link":"https:\/\/yvesfouquet.com\/fr\/produit\/bufet-directoire-bf523-2\/","title":{"rendered":"Buffet Directoire BF523"},"content":{"rendered":"<p>Clart\u00e9, concision, fonctionnalit\u00e9 et la plus haute qualit\u00e9 d\u2019assemblage manuel. Ce sont ces mots qui peuvent caract\u00e9riser le magnifique vieux tampon dans le style Fran\u00e7ais cr\u00e9\u00e9 par les ma\u00eetres d\u2019Yves Fouquet. Le bois naturel clair lui donne une chaleur particuli\u00e8re, ce qui en fait l\u2019accent principal de la situation.<\/p>\n<p>Le compartiment principal du buffet a des portes battantes de forme carr\u00e9e, \u00e0 l\u2019int\u00e9rieur il y a deux \u00e9tag\u00e8res r\u00e9glables. Dans la partie sup\u00e9rieure, il y a un grand tiroir d\u00e9cor\u00e9 de lignes sculpt\u00e9es. Passant dans les jambes trapues, les flancs ressemblent \u00e0 des colonnes monumentales. L\u2019aspect strict du buffet est harmonieusement compl\u00e9t\u00e9 par des accessoires modestes &#8211; poign\u00e9es de tiroir rondes et coussinets sur les trous de serrure.<\/p>\n<p>Lignes claires et sans fioritures. Un tel design minimaliste exclusif aura fi\u00e8re allure dans l\u2019atmosph\u00e8re de votre salon, couloir, chambre ou bureau. Vous pouvez souligner les caract\u00e9ristiques du bois naturel avec des \u00e9l\u00e9ments de d\u00e9coration int\u00e9rieure originaux bien choisis.<\/p>\n<p>Dans la fabrication d\u2019un buffet antique en bois massif, d\u2019anciennes m\u00e9thodes d\u2019assemblage sont utilis\u00e9es &#8211; clous en bois et technique de la rainure \u00e0 pointes. Les meubles exclusifs sont fabriqu\u00e9s sur commande, de sorte que vous pouvez toujours apporter les ajustements n\u00e9cessaires \u00e0 leur conception et \u00e0 leurs dimensions.<\/p>\n","protected":false},"excerpt":{"rendered":"<p><strong>Dimensions:<\/strong> L1140 x H850 x P450<\/p>\n<p><strong>Description :<\/strong> 2 portes, 2 \u00e9tag\u00e8res r\u00e9glables en hauteur et 1 tiroir<\/p>\n","protected":false},"featured_media":15940,"template":"","meta":[],"product_cat":[155],"product_tag":[],"yoast_head":"<!-- This site is optimized with the Yoast SEO Premium plugin v20.7 (Yoast SEO v20.8) - https:\/\/yoast.com\/wordpress\/plugins\/seo\/ -->\n<title>Mobilier design de style antique. Buffet en bois naturel - Yves Fouquet<\/title>\n<meta name=\"description\" content=\"Meubles Elite assembl\u00e9s \u00e0 la main de l\u2019usine Yves Fouquet en Ukraine. Fran\u00e7ais raccords, les meilleurs types de bois, design exclusif, garanties du fabricant\" \/>\n<meta name=\"robots\" content=\"index, follow, max-snippet:-1, max-image-preview:large, max-video-preview:-1\" \/>\n<link rel=\"canonical\" href=\"https:\/\/yvesfouquet.com\/fr\/produit\/bufet-directoire-bf523-2\/\" \/>\n<meta property=\"og:locale\" content=\"fr_FR\" \/>\n<meta property=\"og:type\" content=\"article\" \/>\n<meta property=\"og:title\" content=\"Buffet Directoire BF523\" \/>\n<meta property=\"og:description\" content=\"Meubles Elite assembl\u00e9s \u00e0 la main de l\u2019usine Yves Fouquet en Ukraine. Fran\u00e7ais raccords, les meilleurs types de bois, design exclusif, garanties du fabricant\" \/>\n<meta property=\"og:url\" content=\"https:\/\/yvesfouquet.com\/fr\/produit\/bufet-directoire-bf523-2\/\" \/>\n<meta property=\"og:site_name\" content=\"Yves Fouquet\" \/>\n<meta property=\"article:publisher\" content=\"https:\/\/www.facebook.com\/boutiueyvesfouquet\" \/>\n<meta property=\"og:image\" content=\"https:\/\/yvesfouquet.com\/wp-content\/uploads\/2020\/10\/25.png\" \/>\n\t<meta property=\"og:image:width\" content=\"1080\" \/>\n\t<meta property=\"og:image:height\" content=\"1080\" \/>\n\t<meta property=\"og:image:type\" content=\"image\/png\" \/>\n<meta name=\"twitter:card\" content=\"summary_large_image\" \/>\n<meta name=\"twitter:label1\" content=\"Prix\" \/>\n\t<meta name=\"twitter:data1\" content=\"\" \/>\n\t<meta name=\"twitter:label2\" content=\"Disponibilit\u00e9\" \/>\n\t<meta name=\"twitter:data2\" content=\"En stock\" \/>\n<script type=\"application\/ld+json\" class=\"yoast-schema-graph\">{\"@context\":\"https:\/\/schema.org\",\"@graph\":[{\"@type\":[\"WebPage\",\"ItemPage\"],\"@id\":\"https:\/\/yvesfouquet.com\/fr\/produit\/bufet-directoire-bf523-2\/\",\"url\":\"https:\/\/yvesfouquet.com\/fr\/produit\/bufet-directoire-bf523-2\/\",\"name\":\"Mobilier design de style antique. Buffet en bois naturel - Yves Fouquet\",\"isPartOf\":{\"@id\":\"https:\/\/yvesfouquet.com\/#website\"},\"datePublished\":\"2022-04-28T16:41:58+00:00\",\"dateModified\":\"2022-04-28T16:41:58+00:00\",\"description\":\"Meubles Elite assembl\u00e9s \u00e0 la main de l\u2019usine Yves Fouquet en Ukraine. Fran\u00e7ais raccords, les meilleurs types de bois, design exclusif, garanties du fabricant\",\"breadcrumb\":{\"@id\":\"https:\/\/yvesfouquet.com\/fr\/produit\/bufet-directoire-bf523-2\/#breadcrumb\"},\"inLanguage\":\"fr-FR\",\"potentialAction\":[{\"@type\":\"ReadAction\",\"target\":[\"https:\/\/yvesfouquet.com\/fr\/produit\/bufet-directoire-bf523-2\/\"]}]},{\"@type\":\"BreadcrumbList\",\"@id\":\"https:\/\/yvesfouquet.com\/fr\/produit\/bufet-directoire-bf523-2\/#breadcrumb\",\"itemListElement\":[{\"@type\":\"ListItem\",\"position\":1,\"name\":\"\u0413\u043b\u0430\u0432\u043d\u0430\u044f\",\"item\":\"https:\/\/yvesfouquet.com\/fr\/\"},{\"@type\":\"ListItem\",\"position\":2,\"name\":\"Collections\",\"item\":\"https:\/\/yvesfouquet.com\/fr\/collections\/\"},{\"@type\":\"ListItem\",\"position\":3,\"name\":\"Buffet Directoire BF523\"}]},{\"@type\":\"WebSite\",\"@id\":\"https:\/\/yvesfouquet.com\/#website\",\"url\":\"https:\/\/yvesfouquet.com\/\",\"name\":\"Yves Fouquet\",\"description\":\"\u0424\u0440\u0430\u043d\u0446\u0443\u0437\u0441\u043a\u0430\u044f \u043c\u0435\u0431\u0435\u043b\u044c\",\"potentialAction\":[{\"@type\":\"SearchAction\",\"target\":{\"@type\":\"EntryPoint\",\"urlTemplate\":\"https:\/\/yvesfouquet.com\/?s={search_term_string}\"},\"query-input\":\"required name=search_term_string\"}],\"inLanguage\":\"fr-FR\"}]}<\/script>\n<meta property=\"product:price:amount\" content=\"0\" \/>\n<meta property=\"product:price:currency\" content=\"EUR\" \/>\n<meta property=\"og:availability\" content=\"instock\" \/>\n<meta property=\"product:availability\" content=\"instock\" \/>\n<meta property=\"product:retailer_item_id\" content=\"BF523\" \/>\n<meta property=\"product:condition\" content=\"new\" \/>\n<!-- \/ Yoast SEO Premium plugin. -->","yoast_head_json":{"title":"Mobilier design de style antique. Buffet en bois naturel - Yves Fouquet","description":"Meubles Elite assembl\u00e9s \u00e0 la main de l\u2019usine Yves Fouquet en Ukraine. Fran\u00e7ais raccords, les meilleurs types de bois, design exclusif, garanties du fabricant","robots":{"index":"index","follow":"follow","max-snippet":"max-snippet:-1","max-image-preview":"max-image-preview:large","max-video-preview":"max-video-preview:-1"},"canonical":"https:\/\/yvesfouquet.com\/fr\/produit\/bufet-directoire-bf523-2\/","og_locale":"fr_FR","og_type":"article","og_title":"Buffet Directoire BF523","og_description":"Meubles Elite assembl\u00e9s \u00e0 la main de l\u2019usine Yves Fouquet en Ukraine. Fran\u00e7ais raccords, les meilleurs types de bois, design exclusif, garanties du fabricant","og_url":"https:\/\/yvesfouquet.com\/fr\/produit\/bufet-directoire-bf523-2\/","og_site_name":"Yves Fouquet","article_publisher":"https:\/\/www.facebook.com\/boutiueyvesfouquet","og_image":[{"width":1080,"height":1080,"url":"https:\/\/yvesfouquet.com\/wp-content\/uploads\/2020\/10\/25.png","type":"image\/png"}],"twitter_card":"summary_large_image","twitter_misc":{"Prix":"","Disponibilit\u00e9":"En stock"},"schema":{"@context":"https:\/\/schema.org","@graph":[{"@type":["WebPage","ItemPage"],"@id":"https:\/\/yvesfouquet.com\/fr\/produit\/bufet-directoire-bf523-2\/","url":"https:\/\/yvesfouquet.com\/fr\/produit\/bufet-directoire-bf523-2\/","name":"Mobilier design de style antique. Buffet en bois naturel - Yves Fouquet","isPartOf":{"@id":"https:\/\/yvesfouquet.com\/#website"},"datePublished":"2022-04-28T16:41:58+00:00","dateModified":"2022-04-28T16:41:58+00:00","description":"Meubles Elite assembl\u00e9s \u00e0 la main de l\u2019usine Yves Fouquet en Ukraine. Fran\u00e7ais raccords, les meilleurs types de bois, design exclusif, garanties du fabricant","breadcrumb":{"@id":"https:\/\/yvesfouquet.com\/fr\/produit\/bufet-directoire-bf523-2\/#breadcrumb"},"inLanguage":"fr-FR","potentialAction":[{"@type":"ReadAction","target":["https:\/\/yvesfouquet.com\/fr\/produit\/bufet-directoire-bf523-2\/"]}]},{"@type":"BreadcrumbList","@id":"https:\/\/yvesfouquet.com\/fr\/produit\/bufet-directoire-bf523-2\/#breadcrumb","itemListElement":[{"@type":"ListItem","position":1,"name":"\u0413\u043b\u0430\u0432\u043d\u0430\u044f","item":"https:\/\/yvesfouquet.com\/fr\/"},{"@type":"ListItem","position":2,"name":"Collections","item":"https:\/\/yvesfouquet.com\/fr\/collections\/"},{"@type":"ListItem","position":3,"name":"Buffet Directoire BF523"}]},{"@type":"WebSite","@id":"https:\/\/yvesfouquet.com\/#website","url":"https:\/\/yvesfouquet.com\/","name":"Yves Fouquet","description":"\u0424\u0440\u0430\u043d\u0446\u0443\u0437\u0441\u043a\u0430\u044f \u043c\u0435\u0431\u0435\u043b\u044c","potentialAction":[{"@type":"SearchAction","target":{"@type":"EntryPoint","urlTemplate":"https:\/\/yvesfouquet.com\/?s={search_term_string}"},"query-input":"required name=search_term_string"}],"inLanguage":"fr-FR"}]},"product_price_currency":"EUR","og_availability":"instock","product_availability":"instock","product_retailer_item_id":"BF523","product_condition":"new"},"_links":{"self":[{"href":"https:\/\/yvesfouquet.com\/fr\/wp-json\/wp\/v2\/product\/18056"}],"collection":[{"href":"https:\/\/yvesfouquet.com\/fr\/wp-json\/wp\/v2\/product"}],"about":[{"href":"https:\/\/yvesfouquet.com\/fr\/wp-json\/wp\/v2\/types\/product"}],"version-history":[{"count":0,"href":"https:\/\/yvesfouquet.com\/fr\/wp-json\/wp\/v2\/product\/18056\/revisions"}],"wp:featuredmedia":[{"embeddable":true,"href":"https:\/\/yvesfouquet.com\/fr\/wp-json\/wp\/v2\/media\/15940"}],"wp:attachment":[{"href":"https:\/\/yvesfouquet.com\/fr\/wp-json\/wp\/v2\/media?parent=18056"}],"wp:term":[{"taxonomy":"product_cat","embeddable":true,"href":"https:\/\/yvesfouquet.com\/fr\/wp-json\/wp\/v2\/product_cat?post=18056"},{"taxonomy":"product_tag","embeddable":true,"href":"https:\/\/yvesfouquet.com\/fr\/wp-json\/wp\/v2\/product_tag?post=18056"}],"curies":[{"name":"wp","href":"https:\/\/api.w.org\/{rel}","templated":true}]}}