{"id":18057,"date":"2020-10-26T18:10:58","date_gmt":"2022-04-28T16:42:34","guid":{"rendered":"https:\/\/yvesfouquet.com\/buffet-de-grand-mere-bf521\/"},"modified":"2022-04-28T19:42:34","modified_gmt":"2022-04-28T16:42:34","slug":"bufet-de-grand-mere-bf521-2","status":"publish","type":"product","link":"https:\/\/yvesfouquet.com\/fr\/produit\/bufet-de-grand-mere-bf521-2\/","title":{"rendered":"Buffet De grand-mere BF521"},"content":{"rendered":"<p>M\u00eame en jetant un coup d\u2019\u0153il rapide au Buffet De grand-mere vintage en bois naturel, vous comprendrez imm\u00e9diatement qu\u2019il a \u00e9t\u00e9 fabriqu\u00e9, comme on dit, pendant des si\u00e8cles. Son principal point fort est la praticit\u00e9 et la simplicit\u00e9 des formes claires. L\u2019ancien buffet est fait dans un style rustique simple, mais si confortable.<\/p>\n<p>Lors de l\u2019assemblage manuel du buffet sur commande, des clous en bois sont utilis\u00e9s. L\u2019effet prononc\u00e9 de l\u2019antiquit\u00e9 est habilement obtenu par les techniques de vieillissement. Les rayures claires, les \u00e9clats et l\u2019assombrissement \u00e0 la surface du bois naturel verni cr\u00e9ent une sensation incroyable d\u2019une maison chaleureuse.<\/p>\n<p>Le compartiment principal du buffet a deux portes verrouillables. \u00c0 l\u2019int\u00e9rieur, il y a une paire d\u2019\u00e9tag\u00e8res qui sont facilement r\u00e9glables en hauteur, vous permettant de placer facilement des ustensiles de cuisine de diff\u00e9rentes tailles. Au-dessus des portes, il y a trois petits tiroirs pour les couverts et les petites choses.<\/p>\n<p>Les am\u00e9nagements du buffet antique sont modestes et correspondent au style. Les trous de serrure et les poign\u00e9es de tiroir ont de petits coussinets ronds. Les portes sont mont\u00e9es sur de longues charni\u00e8res ext\u00e9rieures minces. L\u2019ensemble est compl\u00e9t\u00e9 par de petits talons sur les jambes.<\/p>\n<p>Simple, mais bien pens\u00e9 par les ma\u00eetres de l\u2019usine de meubles ukrainienne Yves Fouquet, le design de l\u2019ancien buffet parle de fiabilit\u00e9, de fonctionnalit\u00e9 et de haute qualit\u00e9. Voici \u00e0 quoi ressemble un mobilier parfait.<\/p>\n","protected":false},"excerpt":{"rendered":"<p><strong>Dimensions:<\/strong> L1400 x H1040 x P530<\/p>\n<p><strong>Description:<\/strong> 2 portes, 2 \u00e9tag\u00e8res r\u00e9glables en hauteur, 3 tiroirs<\/p>\n","protected":false},"featured_media":15926,"template":"","meta":[],"product_cat":[155],"product_tag":[],"yoast_head":"<!-- This site is optimized with the Yoast SEO Premium plugin v20.7 (Yoast SEO v20.8) - https:\/\/yoast.com\/wordpress\/plugins\/seo\/ -->\n<title>Mobilier en bois exclusif. Buffet dans l\u2019ancien style - Yves Fouquet<\/title>\n<meta name=\"description\" content=\"Authentique buffet en bois naturel assembl\u00e9 \u00e0 la main. Mobilier design unique pour la cuisine, la salle \u00e0 manger et le salon de l\u2019usine d\u2019Yves Fouquet en Ukraine\" \/>\n<meta name=\"robots\" content=\"index, follow, max-snippet:-1, max-image-preview:large, max-video-preview:-1\" \/>\n<link rel=\"canonical\" href=\"https:\/\/yvesfouquet.com\/fr\/produit\/bufet-de-grand-mere-bf521-2\/\" \/>\n<meta property=\"og:locale\" content=\"fr_FR\" \/>\n<meta property=\"og:type\" content=\"article\" \/>\n<meta property=\"og:title\" content=\"Buffet De grand-mere BF521\" \/>\n<meta property=\"og:description\" content=\"Authentique buffet en bois naturel assembl\u00e9 \u00e0 la main. Mobilier design unique pour la cuisine, la salle \u00e0 manger et le salon de l\u2019usine d\u2019Yves Fouquet en Ukraine\" \/>\n<meta property=\"og:url\" content=\"https:\/\/yvesfouquet.com\/fr\/produit\/bufet-de-grand-mere-bf521-2\/\" \/>\n<meta property=\"og:site_name\" content=\"Yves Fouquet\" \/>\n<meta property=\"article:publisher\" content=\"https:\/\/www.facebook.com\/boutiueyvesfouquet\" \/>\n<meta property=\"og:image\" content=\"https:\/\/yvesfouquet.com\/wp-content\/uploads\/2020\/10\/22.png\" \/>\n\t<meta property=\"og:image:width\" content=\"1080\" \/>\n\t<meta property=\"og:image:height\" content=\"1080\" \/>\n\t<meta property=\"og:image:type\" content=\"image\/png\" \/>\n<meta name=\"twitter:card\" content=\"summary_large_image\" \/>\n<meta name=\"twitter:label1\" content=\"Prix\" \/>\n\t<meta name=\"twitter:data1\" content=\"\" \/>\n\t<meta name=\"twitter:label2\" content=\"Disponibilit\u00e9\" \/>\n\t<meta name=\"twitter:data2\" content=\"En stock\" \/>\n<script type=\"application\/ld+json\" class=\"yoast-schema-graph\">{\"@context\":\"https:\/\/schema.org\",\"@graph\":[{\"@type\":[\"WebPage\",\"ItemPage\"],\"@id\":\"https:\/\/yvesfouquet.com\/fr\/produit\/bufet-de-grand-mere-bf521-2\/\",\"url\":\"https:\/\/yvesfouquet.com\/fr\/produit\/bufet-de-grand-mere-bf521-2\/\",\"name\":\"Mobilier en bois exclusif. Buffet dans l\u2019ancien style - Yves Fouquet\",\"isPartOf\":{\"@id\":\"https:\/\/yvesfouquet.com\/#website\"},\"datePublished\":\"2022-04-28T16:42:34+00:00\",\"dateModified\":\"2022-04-28T16:42:34+00:00\",\"description\":\"Authentique buffet en bois naturel assembl\u00e9 \u00e0 la main. Mobilier design unique pour la cuisine, la salle \u00e0 manger et le salon de l\u2019usine d\u2019Yves Fouquet en Ukraine\",\"breadcrumb\":{\"@id\":\"https:\/\/yvesfouquet.com\/fr\/produit\/bufet-de-grand-mere-bf521-2\/#breadcrumb\"},\"inLanguage\":\"fr-FR\",\"potentialAction\":[{\"@type\":\"ReadAction\",\"target\":[\"https:\/\/yvesfouquet.com\/fr\/produit\/bufet-de-grand-mere-bf521-2\/\"]}]},{\"@type\":\"BreadcrumbList\",\"@id\":\"https:\/\/yvesfouquet.com\/fr\/produit\/bufet-de-grand-mere-bf521-2\/#breadcrumb\",\"itemListElement\":[{\"@type\":\"ListItem\",\"position\":1,\"name\":\"\u0413\u043b\u0430\u0432\u043d\u0430\u044f\",\"item\":\"https:\/\/yvesfouquet.com\/fr\/\"},{\"@type\":\"ListItem\",\"position\":2,\"name\":\"Collections\",\"item\":\"https:\/\/yvesfouquet.com\/fr\/collections\/\"},{\"@type\":\"ListItem\",\"position\":3,\"name\":\"Buffet De grand-mere BF521\"}]},{\"@type\":\"WebSite\",\"@id\":\"https:\/\/yvesfouquet.com\/#website\",\"url\":\"https:\/\/yvesfouquet.com\/\",\"name\":\"Yves Fouquet\",\"description\":\"\u0424\u0440\u0430\u043d\u0446\u0443\u0437\u0441\u043a\u0430\u044f \u043c\u0435\u0431\u0435\u043b\u044c\",\"potentialAction\":[{\"@type\":\"SearchAction\",\"target\":{\"@type\":\"EntryPoint\",\"urlTemplate\":\"https:\/\/yvesfouquet.com\/?s={search_term_string}\"},\"query-input\":\"required name=search_term_string\"}],\"inLanguage\":\"fr-FR\"}]}<\/script>\n<meta property=\"product:price:amount\" content=\"0\" \/>\n<meta property=\"product:price:currency\" content=\"EUR\" \/>\n<meta property=\"og:availability\" content=\"instock\" \/>\n<meta property=\"product:availability\" content=\"instock\" \/>\n<meta property=\"product:retailer_item_id\" content=\"BF521\" \/>\n<meta property=\"product:condition\" content=\"new\" \/>\n<!-- \/ Yoast SEO Premium plugin. -->","yoast_head_json":{"title":"Mobilier en bois exclusif. Buffet dans l\u2019ancien style - Yves Fouquet","description":"Authentique buffet en bois naturel assembl\u00e9 \u00e0 la main. Mobilier design unique pour la cuisine, la salle \u00e0 manger et le salon de l\u2019usine d\u2019Yves Fouquet en Ukraine","robots":{"index":"index","follow":"follow","max-snippet":"max-snippet:-1","max-image-preview":"max-image-preview:large","max-video-preview":"max-video-preview:-1"},"canonical":"https:\/\/yvesfouquet.com\/fr\/produit\/bufet-de-grand-mere-bf521-2\/","og_locale":"fr_FR","og_type":"article","og_title":"Buffet De grand-mere BF521","og_description":"Authentique buffet en bois naturel assembl\u00e9 \u00e0 la main. Mobilier design unique pour la cuisine, la salle \u00e0 manger et le salon de l\u2019usine d\u2019Yves Fouquet en Ukraine","og_url":"https:\/\/yvesfouquet.com\/fr\/produit\/bufet-de-grand-mere-bf521-2\/","og_site_name":"Yves Fouquet","article_publisher":"https:\/\/www.facebook.com\/boutiueyvesfouquet","og_image":[{"width":1080,"height":1080,"url":"https:\/\/yvesfouquet.com\/wp-content\/uploads\/2020\/10\/22.png","type":"image\/png"}],"twitter_card":"summary_large_image","twitter_misc":{"Prix":"","Disponibilit\u00e9":"En stock"},"schema":{"@context":"https:\/\/schema.org","@graph":[{"@type":["WebPage","ItemPage"],"@id":"https:\/\/yvesfouquet.com\/fr\/produit\/bufet-de-grand-mere-bf521-2\/","url":"https:\/\/yvesfouquet.com\/fr\/produit\/bufet-de-grand-mere-bf521-2\/","name":"Mobilier en bois exclusif. Buffet dans l\u2019ancien style - Yves Fouquet","isPartOf":{"@id":"https:\/\/yvesfouquet.com\/#website"},"datePublished":"2022-04-28T16:42:34+00:00","dateModified":"2022-04-28T16:42:34+00:00","description":"Authentique buffet en bois naturel assembl\u00e9 \u00e0 la main. Mobilier design unique pour la cuisine, la salle \u00e0 manger et le salon de l\u2019usine d\u2019Yves Fouquet en Ukraine","breadcrumb":{"@id":"https:\/\/yvesfouquet.com\/fr\/produit\/bufet-de-grand-mere-bf521-2\/#breadcrumb"},"inLanguage":"fr-FR","potentialAction":[{"@type":"ReadAction","target":["https:\/\/yvesfouquet.com\/fr\/produit\/bufet-de-grand-mere-bf521-2\/"]}]},{"@type":"BreadcrumbList","@id":"https:\/\/yvesfouquet.com\/fr\/produit\/bufet-de-grand-mere-bf521-2\/#breadcrumb","itemListElement":[{"@type":"ListItem","position":1,"name":"\u0413\u043b\u0430\u0432\u043d\u0430\u044f","item":"https:\/\/yvesfouquet.com\/fr\/"},{"@type":"ListItem","position":2,"name":"Collections","item":"https:\/\/yvesfouquet.com\/fr\/collections\/"},{"@type":"ListItem","position":3,"name":"Buffet De grand-mere BF521"}]},{"@type":"WebSite","@id":"https:\/\/yvesfouquet.com\/#website","url":"https:\/\/yvesfouquet.com\/","name":"Yves Fouquet","description":"\u0424\u0440\u0430\u043d\u0446\u0443\u0437\u0441\u043a\u0430\u044f \u043c\u0435\u0431\u0435\u043b\u044c","potentialAction":[{"@type":"SearchAction","target":{"@type":"EntryPoint","urlTemplate":"https:\/\/yvesfouquet.com\/?s={search_term_string}"},"query-input":"required name=search_term_string"}],"inLanguage":"fr-FR"}]},"product_price_currency":"EUR","og_availability":"instock","product_availability":"instock","product_retailer_item_id":"BF521","product_condition":"new"},"_links":{"self":[{"href":"https:\/\/yvesfouquet.com\/fr\/wp-json\/wp\/v2\/product\/18057"}],"collection":[{"href":"https:\/\/yvesfouquet.com\/fr\/wp-json\/wp\/v2\/product"}],"about":[{"href":"https:\/\/yvesfouquet.com\/fr\/wp-json\/wp\/v2\/types\/product"}],"version-history":[{"count":0,"href":"https:\/\/yvesfouquet.com\/fr\/wp-json\/wp\/v2\/product\/18057\/revisions"}],"wp:featuredmedia":[{"embeddable":true,"href":"https:\/\/yvesfouquet.com\/fr\/wp-json\/wp\/v2\/media\/15926"}],"wp:attachment":[{"href":"https:\/\/yvesfouquet.com\/fr\/wp-json\/wp\/v2\/media?parent=18057"}],"wp:term":[{"taxonomy":"product_cat","embeddable":true,"href":"https:\/\/yvesfouquet.com\/fr\/wp-json\/wp\/v2\/product_cat?post=18057"},{"taxonomy":"product_tag","embeddable":true,"href":"https:\/\/yvesfouquet.com\/fr\/wp-json\/wp\/v2\/product_tag?post=18057"}],"curies":[{"name":"wp","href":"https:\/\/api.w.org\/{rel}","templated":true}]}}