{"id":18064,"date":"2020-10-26T18:06:34","date_gmt":"2022-04-28T16:42:36","guid":{"rendered":"https:\/\/yvesfouquet.com\/tableau-directoire-bc002\/"},"modified":"2022-04-28T19:42:36","modified_gmt":"2022-04-28T16:42:36","slug":"stolik-directoire-bc002-2","status":"publish","type":"product","link":"https:\/\/yvesfouquet.com\/fr\/produit\/stolik-directoire-bc002-2\/","title":{"rendered":"Tableau Directoire BC002"},"content":{"rendered":"<p>Un autre \u00e9l\u00e9ment \u00e9l\u00e9gant et pratique de votre mobilier sera une table basse Directoire de style Directory avec un tiroir et deux \u00e9tag\u00e8res. Dans ce mod\u00e8le, les designers de l\u2019usine de meubles ukrainienne Yves Fouquet appliquent brillamment des technologies anciennes qui vous permettent de cr\u00e9er des meubles uniques pour vos int\u00e9rieurs.<\/p>\n<p>Debout en toute confiance sur des pieds petits mais solides, la table en bois attire imm\u00e9diatement l\u2019attention par son caract\u00e8re inhabituel. Plateau de table avec motif de parquet, sculpt\u00e9 \u00e0 la main au bas du flanc de la fa\u00e7ade. Particuli\u00e8rement se distingue par le tiroir peint en bois laqu\u00e9 avec une poign\u00e9e.<\/p>\n<p>Un ajout int\u00e9ressant \u00e9tait les \u00e9tag\u00e8res r\u00e9tractables qui augmentent la surface de la table, chacune ayant deux petites poign\u00e9es. L\u2019attention est \u00e9galement attir\u00e9e sur l\u2019utilisation de vrais clous en bois, \u00e0 l\u2019aide desquels les barres lat\u00e9rales et le comptoir sont mont\u00e9s.<\/p>\n<p>Pour cr\u00e9er une atmosph\u00e8re r\u00e9aliste de l\u2019antiquit\u00e9, dans ce mod\u00e8le, les concepteurs ont tr\u00e8s activement utilis\u00e9 les technologies vieillissantes. La peinture sur la bo\u00eete a des \u00e9raflures, le bois laqu\u00e9 est recouvert de petits \u00e9clats et de traces d\u2019utilisation \u00e0 long terme.<\/p>\n<p>En commandant des meubles design, vous pouvez facilement changer n\u2019importe quelle partie de celui-ci \u00e0 votre go\u00fbt.<\/p>\n","protected":false},"excerpt":{"rendered":"<p><strong>Dimensions:<\/strong> L700 x H400 x P700<\/p>\n<p><strong> 1 tiroir, 2 planches r\u00e9tractables<\/strong><\/p>\n","protected":false},"featured_media":21825,"template":"","meta":[],"product_cat":[165,170],"product_tag":[],"yoast_head":"<!-- This site is optimized with the Yoast SEO Premium plugin v20.7 (Yoast SEO v20.8) - https:\/\/yoast.com\/wordpress\/plugins\/seo\/ -->\n<title>Table basse en bois dans le style de Derektoria \u00e0 commander - Yves Fouquet<\/title>\n<meta name=\"description\" content=\"Meubles anciens Fran\u00e7ais par des ma\u00eetres modernes de la manufacture Yves Fouquet en Ukraine. Table basse originale en bois massif avec effet de vieillissement\" \/>\n<meta name=\"robots\" content=\"index, follow, max-snippet:-1, max-image-preview:large, max-video-preview:-1\" \/>\n<link rel=\"canonical\" href=\"https:\/\/yvesfouquet.com\/fr\/produit\/stolik-directoire-bc002-2\/\" \/>\n<meta property=\"og:locale\" content=\"fr_FR\" \/>\n<meta property=\"og:type\" content=\"article\" \/>\n<meta property=\"og:title\" content=\"Tableau Directoire BC002\" \/>\n<meta property=\"og:description\" content=\"Meubles anciens Fran\u00e7ais par des ma\u00eetres modernes de la manufacture Yves Fouquet en Ukraine. Table basse originale en bois massif avec effet de vieillissement\" \/>\n<meta property=\"og:url\" content=\"https:\/\/yvesfouquet.com\/fr\/produit\/stolik-directoire-bc002-2\/\" \/>\n<meta property=\"og:site_name\" content=\"Yves Fouquet\" \/>\n<meta property=\"article:publisher\" content=\"https:\/\/www.facebook.com\/boutiueyvesfouquet\" \/>\n<meta property=\"og:image\" content=\"https:\/\/yvesfouquet.com\/wp-content\/uploads\/2020\/10\/My-project-6-1-222-1024x750.png\" \/>\n\t<meta property=\"og:image:width\" content=\"1024\" \/>\n\t<meta property=\"og:image:height\" content=\"750\" \/>\n\t<meta property=\"og:image:type\" content=\"image\/png\" \/>\n<meta name=\"twitter:card\" content=\"summary_large_image\" \/>\n<meta name=\"twitter:label1\" content=\"Prix\" \/>\n\t<meta name=\"twitter:data1\" content=\"\" \/>\n\t<meta name=\"twitter:label2\" content=\"Disponibilit\u00e9\" \/>\n\t<meta name=\"twitter:data2\" content=\"En stock\" \/>\n<script type=\"application\/ld+json\" class=\"yoast-schema-graph\">{\"@context\":\"https:\/\/schema.org\",\"@graph\":[{\"@type\":[\"WebPage\",\"ItemPage\"],\"@id\":\"https:\/\/yvesfouquet.com\/fr\/produit\/stolik-directoire-bc002-2\/\",\"url\":\"https:\/\/yvesfouquet.com\/fr\/produit\/stolik-directoire-bc002-2\/\",\"name\":\"Table basse en bois dans le style de Derektoria \u00e0 commander - Yves Fouquet\",\"isPartOf\":{\"@id\":\"https:\/\/yvesfouquet.com\/#website\"},\"datePublished\":\"2022-04-28T16:42:36+00:00\",\"dateModified\":\"2022-04-28T16:42:36+00:00\",\"description\":\"Meubles anciens Fran\u00e7ais par des ma\u00eetres modernes de la manufacture Yves Fouquet en Ukraine. Table basse originale en bois massif avec effet de vieillissement\",\"breadcrumb\":{\"@id\":\"https:\/\/yvesfouquet.com\/fr\/produit\/stolik-directoire-bc002-2\/#breadcrumb\"},\"inLanguage\":\"fr-FR\",\"potentialAction\":[{\"@type\":\"ReadAction\",\"target\":[\"https:\/\/yvesfouquet.com\/fr\/produit\/stolik-directoire-bc002-2\/\"]}]},{\"@type\":\"BreadcrumbList\",\"@id\":\"https:\/\/yvesfouquet.com\/fr\/produit\/stolik-directoire-bc002-2\/#breadcrumb\",\"itemListElement\":[{\"@type\":\"ListItem\",\"position\":1,\"name\":\"\u0413\u043b\u0430\u0432\u043d\u0430\u044f\",\"item\":\"https:\/\/yvesfouquet.com\/fr\/\"},{\"@type\":\"ListItem\",\"position\":2,\"name\":\"Collections\",\"item\":\"https:\/\/yvesfouquet.com\/fr\/collections\/\"},{\"@type\":\"ListItem\",\"position\":3,\"name\":\"Tableau Directoire BC002\"}]},{\"@type\":\"WebSite\",\"@id\":\"https:\/\/yvesfouquet.com\/#website\",\"url\":\"https:\/\/yvesfouquet.com\/\",\"name\":\"Yves Fouquet\",\"description\":\"\u0424\u0440\u0430\u043d\u0446\u0443\u0437\u0441\u043a\u0430\u044f \u043c\u0435\u0431\u0435\u043b\u044c\",\"potentialAction\":[{\"@type\":\"SearchAction\",\"target\":{\"@type\":\"EntryPoint\",\"urlTemplate\":\"https:\/\/yvesfouquet.com\/?s={search_term_string}\"},\"query-input\":\"required name=search_term_string\"}],\"inLanguage\":\"fr-FR\"}]}<\/script>\n<meta property=\"product:price:amount\" content=\"0\" \/>\n<meta property=\"product:price:currency\" content=\"EUR\" \/>\n<meta property=\"og:availability\" content=\"instock\" \/>\n<meta property=\"product:availability\" content=\"instock\" \/>\n<meta property=\"product:retailer_item_id\" content=\"BC002\" \/>\n<meta property=\"product:condition\" content=\"new\" \/>\n<!-- \/ Yoast SEO Premium plugin. -->","yoast_head_json":{"title":"Table basse en bois dans le style de Derektoria \u00e0 commander - Yves Fouquet","description":"Meubles anciens Fran\u00e7ais par des ma\u00eetres modernes de la manufacture Yves Fouquet en Ukraine. Table basse originale en bois massif avec effet de vieillissement","robots":{"index":"index","follow":"follow","max-snippet":"max-snippet:-1","max-image-preview":"max-image-preview:large","max-video-preview":"max-video-preview:-1"},"canonical":"https:\/\/yvesfouquet.com\/fr\/produit\/stolik-directoire-bc002-2\/","og_locale":"fr_FR","og_type":"article","og_title":"Tableau Directoire BC002","og_description":"Meubles anciens Fran\u00e7ais par des ma\u00eetres modernes de la manufacture Yves Fouquet en Ukraine. Table basse originale en bois massif avec effet de vieillissement","og_url":"https:\/\/yvesfouquet.com\/fr\/produit\/stolik-directoire-bc002-2\/","og_site_name":"Yves Fouquet","article_publisher":"https:\/\/www.facebook.com\/boutiueyvesfouquet","og_image":[{"width":1024,"height":750,"url":"https:\/\/yvesfouquet.com\/wp-content\/uploads\/2020\/10\/My-project-6-1-222-1024x750.png","type":"image\/png"}],"twitter_card":"summary_large_image","twitter_misc":{"Prix":"","Disponibilit\u00e9":"En stock"},"schema":{"@context":"https:\/\/schema.org","@graph":[{"@type":["WebPage","ItemPage"],"@id":"https:\/\/yvesfouquet.com\/fr\/produit\/stolik-directoire-bc002-2\/","url":"https:\/\/yvesfouquet.com\/fr\/produit\/stolik-directoire-bc002-2\/","name":"Table basse en bois dans le style de Derektoria \u00e0 commander - Yves Fouquet","isPartOf":{"@id":"https:\/\/yvesfouquet.com\/#website"},"datePublished":"2022-04-28T16:42:36+00:00","dateModified":"2022-04-28T16:42:36+00:00","description":"Meubles anciens Fran\u00e7ais par des ma\u00eetres modernes de la manufacture Yves Fouquet en Ukraine. Table basse originale en bois massif avec effet de vieillissement","breadcrumb":{"@id":"https:\/\/yvesfouquet.com\/fr\/produit\/stolik-directoire-bc002-2\/#breadcrumb"},"inLanguage":"fr-FR","potentialAction":[{"@type":"ReadAction","target":["https:\/\/yvesfouquet.com\/fr\/produit\/stolik-directoire-bc002-2\/"]}]},{"@type":"BreadcrumbList","@id":"https:\/\/yvesfouquet.com\/fr\/produit\/stolik-directoire-bc002-2\/#breadcrumb","itemListElement":[{"@type":"ListItem","position":1,"name":"\u0413\u043b\u0430\u0432\u043d\u0430\u044f","item":"https:\/\/yvesfouquet.com\/fr\/"},{"@type":"ListItem","position":2,"name":"Collections","item":"https:\/\/yvesfouquet.com\/fr\/collections\/"},{"@type":"ListItem","position":3,"name":"Tableau Directoire BC002"}]},{"@type":"WebSite","@id":"https:\/\/yvesfouquet.com\/#website","url":"https:\/\/yvesfouquet.com\/","name":"Yves Fouquet","description":"\u0424\u0440\u0430\u043d\u0446\u0443\u0437\u0441\u043a\u0430\u044f \u043c\u0435\u0431\u0435\u043b\u044c","potentialAction":[{"@type":"SearchAction","target":{"@type":"EntryPoint","urlTemplate":"https:\/\/yvesfouquet.com\/?s={search_term_string}"},"query-input":"required name=search_term_string"}],"inLanguage":"fr-FR"}]},"product_price_currency":"EUR","og_availability":"instock","product_availability":"instock","product_retailer_item_id":"BC002","product_condition":"new"},"_links":{"self":[{"href":"https:\/\/yvesfouquet.com\/fr\/wp-json\/wp\/v2\/product\/18064"}],"collection":[{"href":"https:\/\/yvesfouquet.com\/fr\/wp-json\/wp\/v2\/product"}],"about":[{"href":"https:\/\/yvesfouquet.com\/fr\/wp-json\/wp\/v2\/types\/product"}],"version-history":[{"count":0,"href":"https:\/\/yvesfouquet.com\/fr\/wp-json\/wp\/v2\/product\/18064\/revisions"}],"wp:featuredmedia":[{"embeddable":true,"href":"https:\/\/yvesfouquet.com\/fr\/wp-json\/wp\/v2\/media\/21825"}],"wp:attachment":[{"href":"https:\/\/yvesfouquet.com\/fr\/wp-json\/wp\/v2\/media?parent=18064"}],"wp:term":[{"taxonomy":"product_cat","embeddable":true,"href":"https:\/\/yvesfouquet.com\/fr\/wp-json\/wp\/v2\/product_cat?post=18064"},{"taxonomy":"product_tag","embeddable":true,"href":"https:\/\/yvesfouquet.com\/fr\/wp-json\/wp\/v2\/product_tag?post=18064"}],"curies":[{"name":"wp","href":"https:\/\/api.w.org\/{rel}","templated":true}]}}