{"id":18066,"date":"2020-10-26T18:10:05","date_gmt":"2022-04-28T16:42:37","guid":{"rendered":"https:\/\/yvesfouquet.com\/table-pour-lampe-regence-bc007\/"},"modified":"2022-04-28T19:42:37","modified_gmt":"2022-04-28T16:42:37","slug":"stolik-pod-lampu-regence-bc007-2","status":"publish","type":"product","link":"https:\/\/yvesfouquet.com\/fr\/produit\/stolik-pod-lampu-regence-bc007-2\/","title":{"rendered":"Table pour lampe Regence BC007"},"content":{"rendered":"<p>Des looks \u00e9tonnamment gracieux r\u00e9alis\u00e9s dans le style Fran\u00e7ais de la table haute Regency sous la lampe Regence. Un magnifique exemple de mobilier vintage des ma\u00eetres modernes de l\u2019usine Yves Fouquet se d\u00e9marque \u00e0 l\u2019int\u00e9rieur et attire imm\u00e9diatement l\u2019attention.<\/p>\n<p>Le design de l\u2019\u00e9l\u00e9gante table avec un tiroir spacieux correspond pleinement \u00e0 son style historique. Le bois laqu\u00e9 clair du comptoir contraste vivement avec la couleur noire principale. Les courbes lisses des longues jambes sont soulign\u00e9es par la bordure non peinte en harmonie avec le dessus de table. Il les allonge visuellement, ajoutant encore plus de gr\u00e2ce.<\/p>\n<p>La partie inf\u00e9rieure du tiroir de la table en bois massif est d\u00e9cor\u00e9e de boucles de sculpture sym\u00e9triques faites \u00e0 la main. Un accent particulier est mis sur les raccords Fran\u00e7ais d\u2019origine. La poign\u00e9e du tiroir en laiton est une rose \u00e0 l\u2019envers encadr\u00e9e par une guirlande florale.<\/p>\n<p>La d\u00e9coration de la table antique dans le style Fran\u00e7ais est compl\u00e9t\u00e9e par une empreinte artificielle de l\u2019antiquit\u00e9 profonde. L\u2019effet est obtenu par une combinaison subtile de diff\u00e9rentes techniques de vieillissement &#8211; \u00e9raflures, assombrissement, \u00e9clats, rayures et traces de dames.<\/p>\n<p>Vous tomberez s\u00fbrement amoureux de cette magnifique table et voudrez certainement d\u00e9corer votre atmosph\u00e8re avec elle.<\/p>\n","protected":false},"excerpt":{"rendered":"<p><strong>Dimensions:<\/strong> L450 x H710 x P400<\/p>\n<p><strong>Description:<\/strong> 1 tiroir<\/p>\n","protected":false},"featured_media":15794,"template":"","meta":[],"product_cat":[165,170,166],"product_tag":[],"yoast_head":"<!-- This site is optimized with the Yoast SEO Premium plugin v20.7 (Yoast SEO v20.8) - https:\/\/yoast.com\/wordpress\/plugins\/seo\/ -->\n<title>Haute table antique de style r\u00e9gence - Yves Fouquet<\/title>\n<meta name=\"description\" content=\"Table en bois sous la lampe pour l\u2019int\u00e9rieur dans un style \u00e9trange Fran\u00e7ais. Meubles vintage faits \u00e0 la main de haute qualit\u00e9 en Ukraine sous l\u2019ordre de l\u2019usine Yves Fouquet\" \/>\n<meta name=\"robots\" content=\"index, follow, max-snippet:-1, max-image-preview:large, max-video-preview:-1\" \/>\n<link rel=\"canonical\" href=\"https:\/\/yvesfouquet.com\/fr\/produit\/stolik-pod-lampu-regence-bc007-2\/\" \/>\n<meta property=\"og:locale\" content=\"fr_FR\" \/>\n<meta property=\"og:type\" content=\"article\" \/>\n<meta property=\"og:title\" content=\"Table pour lampe Regence BC007\" \/>\n<meta property=\"og:description\" content=\"Table en bois sous la lampe pour l\u2019int\u00e9rieur dans un style \u00e9trange Fran\u00e7ais. Meubles vintage faits \u00e0 la main de haute qualit\u00e9 en Ukraine sous l\u2019ordre de l\u2019usine Yves Fouquet\" \/>\n<meta property=\"og:url\" content=\"https:\/\/yvesfouquet.com\/fr\/produit\/stolik-pod-lampu-regence-bc007-2\/\" \/>\n<meta property=\"og:site_name\" content=\"Yves Fouquet\" \/>\n<meta property=\"article:publisher\" content=\"https:\/\/www.facebook.com\/boutiueyvesfouquet\" \/>\n<meta property=\"og:image\" content=\"https:\/\/yvesfouquet.com\/wp-content\/uploads\/2020\/10\/1-141.jpg\" \/>\n\t<meta property=\"og:image:width\" content=\"1280\" \/>\n\t<meta property=\"og:image:height\" content=\"884\" \/>\n\t<meta property=\"og:image:type\" content=\"image\/jpeg\" \/>\n<meta name=\"twitter:card\" content=\"summary_large_image\" \/>\n<meta name=\"twitter:label1\" content=\"Prix\" \/>\n\t<meta name=\"twitter:data1\" content=\"\" \/>\n\t<meta name=\"twitter:label2\" content=\"Disponibilit\u00e9\" \/>\n\t<meta name=\"twitter:data2\" content=\"En stock\" \/>\n<script type=\"application\/ld+json\" class=\"yoast-schema-graph\">{\"@context\":\"https:\/\/schema.org\",\"@graph\":[{\"@type\":[\"WebPage\",\"ItemPage\"],\"@id\":\"https:\/\/yvesfouquet.com\/fr\/produit\/stolik-pod-lampu-regence-bc007-2\/\",\"url\":\"https:\/\/yvesfouquet.com\/fr\/produit\/stolik-pod-lampu-regence-bc007-2\/\",\"name\":\"Haute table antique de style r\u00e9gence - Yves Fouquet\",\"isPartOf\":{\"@id\":\"https:\/\/yvesfouquet.com\/#website\"},\"datePublished\":\"2022-04-28T16:42:37+00:00\",\"dateModified\":\"2022-04-28T16:42:37+00:00\",\"description\":\"Table en bois sous la lampe pour l\u2019int\u00e9rieur dans un style \u00e9trange Fran\u00e7ais. Meubles vintage faits \u00e0 la main de haute qualit\u00e9 en Ukraine sous l\u2019ordre de l\u2019usine Yves Fouquet\",\"breadcrumb\":{\"@id\":\"https:\/\/yvesfouquet.com\/fr\/produit\/stolik-pod-lampu-regence-bc007-2\/#breadcrumb\"},\"inLanguage\":\"fr-FR\",\"potentialAction\":[{\"@type\":\"ReadAction\",\"target\":[\"https:\/\/yvesfouquet.com\/fr\/produit\/stolik-pod-lampu-regence-bc007-2\/\"]}]},{\"@type\":\"BreadcrumbList\",\"@id\":\"https:\/\/yvesfouquet.com\/fr\/produit\/stolik-pod-lampu-regence-bc007-2\/#breadcrumb\",\"itemListElement\":[{\"@type\":\"ListItem\",\"position\":1,\"name\":\"\u0413\u043b\u0430\u0432\u043d\u0430\u044f\",\"item\":\"https:\/\/yvesfouquet.com\/fr\/\"},{\"@type\":\"ListItem\",\"position\":2,\"name\":\"Collections\",\"item\":\"https:\/\/yvesfouquet.com\/fr\/collections\/\"},{\"@type\":\"ListItem\",\"position\":3,\"name\":\"Table pour lampe Regence BC007\"}]},{\"@type\":\"WebSite\",\"@id\":\"https:\/\/yvesfouquet.com\/#website\",\"url\":\"https:\/\/yvesfouquet.com\/\",\"name\":\"Yves Fouquet\",\"description\":\"\u0424\u0440\u0430\u043d\u0446\u0443\u0437\u0441\u043a\u0430\u044f \u043c\u0435\u0431\u0435\u043b\u044c\",\"potentialAction\":[{\"@type\":\"SearchAction\",\"target\":{\"@type\":\"EntryPoint\",\"urlTemplate\":\"https:\/\/yvesfouquet.com\/?s={search_term_string}\"},\"query-input\":\"required name=search_term_string\"}],\"inLanguage\":\"fr-FR\"}]}<\/script>\n<meta property=\"product:price:amount\" content=\"0\" \/>\n<meta property=\"product:price:currency\" content=\"EUR\" \/>\n<meta property=\"og:availability\" content=\"instock\" \/>\n<meta property=\"product:availability\" content=\"instock\" \/>\n<meta property=\"product:retailer_item_id\" content=\"BC007\" \/>\n<meta property=\"product:condition\" content=\"new\" \/>\n<!-- \/ Yoast SEO Premium plugin. -->","yoast_head_json":{"title":"Haute table antique de style r\u00e9gence - Yves Fouquet","description":"Table en bois sous la lampe pour l\u2019int\u00e9rieur dans un style \u00e9trange Fran\u00e7ais. Meubles vintage faits \u00e0 la main de haute qualit\u00e9 en Ukraine sous l\u2019ordre de l\u2019usine Yves Fouquet","robots":{"index":"index","follow":"follow","max-snippet":"max-snippet:-1","max-image-preview":"max-image-preview:large","max-video-preview":"max-video-preview:-1"},"canonical":"https:\/\/yvesfouquet.com\/fr\/produit\/stolik-pod-lampu-regence-bc007-2\/","og_locale":"fr_FR","og_type":"article","og_title":"Table pour lampe Regence BC007","og_description":"Table en bois sous la lampe pour l\u2019int\u00e9rieur dans un style \u00e9trange Fran\u00e7ais. Meubles vintage faits \u00e0 la main de haute qualit\u00e9 en Ukraine sous l\u2019ordre de l\u2019usine Yves Fouquet","og_url":"https:\/\/yvesfouquet.com\/fr\/produit\/stolik-pod-lampu-regence-bc007-2\/","og_site_name":"Yves Fouquet","article_publisher":"https:\/\/www.facebook.com\/boutiueyvesfouquet","og_image":[{"width":1280,"height":884,"url":"https:\/\/yvesfouquet.com\/wp-content\/uploads\/2020\/10\/1-141.jpg","type":"image\/jpeg"}],"twitter_card":"summary_large_image","twitter_misc":{"Prix":"","Disponibilit\u00e9":"En stock"},"schema":{"@context":"https:\/\/schema.org","@graph":[{"@type":["WebPage","ItemPage"],"@id":"https:\/\/yvesfouquet.com\/fr\/produit\/stolik-pod-lampu-regence-bc007-2\/","url":"https:\/\/yvesfouquet.com\/fr\/produit\/stolik-pod-lampu-regence-bc007-2\/","name":"Haute table antique de style r\u00e9gence - Yves Fouquet","isPartOf":{"@id":"https:\/\/yvesfouquet.com\/#website"},"datePublished":"2022-04-28T16:42:37+00:00","dateModified":"2022-04-28T16:42:37+00:00","description":"Table en bois sous la lampe pour l\u2019int\u00e9rieur dans un style \u00e9trange Fran\u00e7ais. Meubles vintage faits \u00e0 la main de haute qualit\u00e9 en Ukraine sous l\u2019ordre de l\u2019usine Yves Fouquet","breadcrumb":{"@id":"https:\/\/yvesfouquet.com\/fr\/produit\/stolik-pod-lampu-regence-bc007-2\/#breadcrumb"},"inLanguage":"fr-FR","potentialAction":[{"@type":"ReadAction","target":["https:\/\/yvesfouquet.com\/fr\/produit\/stolik-pod-lampu-regence-bc007-2\/"]}]},{"@type":"BreadcrumbList","@id":"https:\/\/yvesfouquet.com\/fr\/produit\/stolik-pod-lampu-regence-bc007-2\/#breadcrumb","itemListElement":[{"@type":"ListItem","position":1,"name":"\u0413\u043b\u0430\u0432\u043d\u0430\u044f","item":"https:\/\/yvesfouquet.com\/fr\/"},{"@type":"ListItem","position":2,"name":"Collections","item":"https:\/\/yvesfouquet.com\/fr\/collections\/"},{"@type":"ListItem","position":3,"name":"Table pour lampe Regence BC007"}]},{"@type":"WebSite","@id":"https:\/\/yvesfouquet.com\/#website","url":"https:\/\/yvesfouquet.com\/","name":"Yves Fouquet","description":"\u0424\u0440\u0430\u043d\u0446\u0443\u0437\u0441\u043a\u0430\u044f \u043c\u0435\u0431\u0435\u043b\u044c","potentialAction":[{"@type":"SearchAction","target":{"@type":"EntryPoint","urlTemplate":"https:\/\/yvesfouquet.com\/?s={search_term_string}"},"query-input":"required name=search_term_string"}],"inLanguage":"fr-FR"}]},"product_price_currency":"EUR","og_availability":"instock","product_availability":"instock","product_retailer_item_id":"BC007","product_condition":"new"},"_links":{"self":[{"href":"https:\/\/yvesfouquet.com\/fr\/wp-json\/wp\/v2\/product\/18066"}],"collection":[{"href":"https:\/\/yvesfouquet.com\/fr\/wp-json\/wp\/v2\/product"}],"about":[{"href":"https:\/\/yvesfouquet.com\/fr\/wp-json\/wp\/v2\/types\/product"}],"version-history":[{"count":0,"href":"https:\/\/yvesfouquet.com\/fr\/wp-json\/wp\/v2\/product\/18066\/revisions"}],"wp:featuredmedia":[{"embeddable":true,"href":"https:\/\/yvesfouquet.com\/fr\/wp-json\/wp\/v2\/media\/15794"}],"wp:attachment":[{"href":"https:\/\/yvesfouquet.com\/fr\/wp-json\/wp\/v2\/media?parent=18066"}],"wp:term":[{"taxonomy":"product_cat","embeddable":true,"href":"https:\/\/yvesfouquet.com\/fr\/wp-json\/wp\/v2\/product_cat?post=18066"},{"taxonomy":"product_tag","embeddable":true,"href":"https:\/\/yvesfouquet.com\/fr\/wp-json\/wp\/v2\/product_tag?post=18066"}],"curies":[{"name":"wp","href":"https:\/\/api.w.org\/{rel}","templated":true}]}}