{"id":18068,"date":"2020-10-26T18:09:42","date_gmt":"2022-04-28T16:42:39","guid":{"rendered":"https:\/\/yvesfouquet.com\/petite-table-ronde-bc005\/"},"modified":"2023-11-22T15:56:14","modified_gmt":"2023-11-22T12:56:14","slug":"malenkij-kruglyj-stolik-bc005-2","status":"publish","type":"product","link":"https:\/\/yvesfouquet.com\/fr\/produit\/malenkij-kruglyj-stolik-bc005-2\/","title":{"rendered":"Petite table ronde BC005"},"content":{"rendered":"<p>Les meubles vintage faits \u00e0 la main d\u2019\u00e9lite rendront votre mobilier vraiment unique. Cr\u00e9\u00e9e par les ma\u00eetres de l\u2019usine de meubles Yves Fouquet, une table antique lumineuse dans le style Louis XVI d\u00e9corera vos int\u00e9rieurs et deviendra certainement un \u00e9l\u00e9ment indispensable de leur atmosph\u00e8re particuli\u00e8re.<\/p>\n<p>Le design unique de cette table basse exclusive en bois naturel est tr\u00e8s inhabituel. La combinaison des caract\u00e9ristiques lumineuses du d\u00e9cor d\u2019origine donne \u00e0 son apparence une f\u00eate victorieuse. Il est certainement dot\u00e9 de son propre caract\u00e8re brillant et de sa personnalit\u00e9.<\/p>\n<p>Une place particuli\u00e8re dans la conception d\u2019une table en bois est occup\u00e9e par des accessoires. D\u00e9cor\u00e9 de dorures et d\u2019\u0153illets en laiton, le comptoir laqu\u00e9 combine harmonieusement la chaleur du bois naturel et la clart\u00e9 des lignes. Fabriqu\u00e9 en rouge, le tsarga rond a des doublures en forme de couronnes triomphales avec des rubans. De longues pattes droites de couleur noire dans la partie sup\u00e9rieure sont d\u00e9cor\u00e9es de superpositions florales dor\u00e9es.<\/p>\n<p>Pour recr\u00e9er le sentiment de l\u2019antiquit\u00e9, les ma\u00eetres utilisent des techniques de vieillissement manuel: la table a des \u00e9raflures, une grille de petites rayures et de petites copeaux, de l\u00e9g\u00e8res traces de dames.<\/p>\n<p>Tous les meubles design sont fabriqu\u00e9s individuellement, donc avant de commander, vous pouvez toujours apporter les modifications dont vous avez besoin.<\/p>\n","protected":false},"excerpt":{"rendered":"<p>Dimensions: Diam\u00e8tre 710, hauteur 770<\/p>\n<p>Disponible: vous pouvez choisir la couleur<\/p>\n","protected":false},"featured_media":21251,"template":"","meta":[],"product_cat":[165],"product_tag":[],"yoast_head":"<!-- This site is optimized with the Yoast SEO Premium plugin v20.7 (Yoast SEO v20.8) - https:\/\/yoast.com\/wordpress\/plugins\/seo\/ -->\n<title>Mobilier vintage de luxe dans le style de Louis 16 - Yves Fouquet<\/title>\n<meta name=\"description\" content=\"Table basse ronde en bois naturel fait \u00e0 la main. Accessoires France, anciennes technologies d\u2019assemblage. Production de meubles design Yves Fouquet en Ukraine\" \/>\n<meta name=\"robots\" content=\"index, follow, max-snippet:-1, max-image-preview:large, max-video-preview:-1\" \/>\n<link rel=\"canonical\" href=\"https:\/\/yvesfouquet.com\/fr\/produit\/malenkij-kruglyj-stolik-bc005-2\/\" \/>\n<meta property=\"og:locale\" content=\"fr_FR\" \/>\n<meta property=\"og:type\" content=\"article\" \/>\n<meta property=\"og:title\" content=\"Petite table ronde BC005\" \/>\n<meta property=\"og:description\" content=\"Table basse ronde en bois naturel fait \u00e0 la main. Accessoires France, anciennes technologies d\u2019assemblage. Production de meubles design Yves Fouquet en Ukraine\" \/>\n<meta property=\"og:url\" content=\"https:\/\/yvesfouquet.com\/fr\/produit\/malenkij-kruglyj-stolik-bc005-2\/\" \/>\n<meta property=\"og:site_name\" content=\"Yves Fouquet\" \/>\n<meta property=\"article:publisher\" content=\"https:\/\/www.facebook.com\/boutiueyvesfouquet\" \/>\n<meta property=\"article:modified_time\" content=\"2023-11-22T12:56:14+00:00\" \/>\n<meta property=\"og:image\" content=\"https:\/\/yvesfouquet.com\/wp-content\/uploads\/2020\/10\/My-project-24-911x1024.png\" \/>\n\t<meta property=\"og:image:width\" content=\"911\" \/>\n\t<meta property=\"og:image:height\" content=\"1024\" \/>\n\t<meta property=\"og:image:type\" content=\"image\/png\" \/>\n<meta name=\"twitter:card\" content=\"summary_large_image\" \/>\n<meta name=\"twitter:label1\" content=\"Prix\" \/>\n\t<meta name=\"twitter:data1\" content=\"\" \/>\n\t<meta name=\"twitter:label2\" content=\"Disponibilit\u00e9\" \/>\n\t<meta name=\"twitter:data2\" content=\"En r\u00e9assort\" \/>\n<script type=\"application\/ld+json\" class=\"yoast-schema-graph\">{\"@context\":\"https:\/\/schema.org\",\"@graph\":[{\"@type\":[\"WebPage\",\"ItemPage\"],\"@id\":\"https:\/\/yvesfouquet.com\/fr\/produit\/malenkij-kruglyj-stolik-bc005-2\/\",\"url\":\"https:\/\/yvesfouquet.com\/fr\/produit\/malenkij-kruglyj-stolik-bc005-2\/\",\"name\":\"Mobilier vintage de luxe dans le style de Louis 16 - Yves Fouquet\",\"isPartOf\":{\"@id\":\"https:\/\/yvesfouquet.com\/#website\"},\"datePublished\":\"2022-04-28T16:42:39+00:00\",\"dateModified\":\"2023-11-22T12:56:14+00:00\",\"description\":\"Table basse ronde en bois naturel fait \u00e0 la main. Accessoires France, anciennes technologies d\u2019assemblage. Production de meubles design Yves Fouquet en Ukraine\",\"breadcrumb\":{\"@id\":\"https:\/\/yvesfouquet.com\/fr\/produit\/malenkij-kruglyj-stolik-bc005-2\/#breadcrumb\"},\"inLanguage\":\"fr-FR\",\"potentialAction\":[{\"@type\":\"ReadAction\",\"target\":[\"https:\/\/yvesfouquet.com\/fr\/produit\/malenkij-kruglyj-stolik-bc005-2\/\"]}]},{\"@type\":\"BreadcrumbList\",\"@id\":\"https:\/\/yvesfouquet.com\/fr\/produit\/malenkij-kruglyj-stolik-bc005-2\/#breadcrumb\",\"itemListElement\":[{\"@type\":\"ListItem\",\"position\":1,\"name\":\"\u0413\u043b\u0430\u0432\u043d\u0430\u044f\",\"item\":\"https:\/\/yvesfouquet.com\/fr\/\"},{\"@type\":\"ListItem\",\"position\":2,\"name\":\"Collections\",\"item\":\"https:\/\/yvesfouquet.com\/fr\/collections\/\"},{\"@type\":\"ListItem\",\"position\":3,\"name\":\"Petite table ronde BC005\"}]},{\"@type\":\"WebSite\",\"@id\":\"https:\/\/yvesfouquet.com\/#website\",\"url\":\"https:\/\/yvesfouquet.com\/\",\"name\":\"Yves Fouquet\",\"description\":\"\u0424\u0440\u0430\u043d\u0446\u0443\u0437\u0441\u043a\u0430\u044f \u043c\u0435\u0431\u0435\u043b\u044c\",\"potentialAction\":[{\"@type\":\"SearchAction\",\"target\":{\"@type\":\"EntryPoint\",\"urlTemplate\":\"https:\/\/yvesfouquet.com\/?s={search_term_string}\"},\"query-input\":\"required name=search_term_string\"}],\"inLanguage\":\"fr-FR\"}]}<\/script>\n<meta property=\"product:price:amount\" content=\"0\" \/>\n<meta property=\"product:price:currency\" content=\"EUR\" \/>\n<meta property=\"og:availability\" content=\"backorder\" \/>\n<meta property=\"product:availability\" content=\"available for order\" \/>\n<meta property=\"product:retailer_item_id\" content=\"BC005\" \/>\n<meta property=\"product:condition\" content=\"new\" \/>\n<!-- \/ Yoast SEO Premium plugin. -->","yoast_head_json":{"title":"Mobilier vintage de luxe dans le style de Louis 16 - Yves Fouquet","description":"Table basse ronde en bois naturel fait \u00e0 la main. Accessoires France, anciennes technologies d\u2019assemblage. Production de meubles design Yves Fouquet en Ukraine","robots":{"index":"index","follow":"follow","max-snippet":"max-snippet:-1","max-image-preview":"max-image-preview:large","max-video-preview":"max-video-preview:-1"},"canonical":"https:\/\/yvesfouquet.com\/fr\/produit\/malenkij-kruglyj-stolik-bc005-2\/","og_locale":"fr_FR","og_type":"article","og_title":"Petite table ronde BC005","og_description":"Table basse ronde en bois naturel fait \u00e0 la main. Accessoires France, anciennes technologies d\u2019assemblage. Production de meubles design Yves Fouquet en Ukraine","og_url":"https:\/\/yvesfouquet.com\/fr\/produit\/malenkij-kruglyj-stolik-bc005-2\/","og_site_name":"Yves Fouquet","article_publisher":"https:\/\/www.facebook.com\/boutiueyvesfouquet","article_modified_time":"2023-11-22T12:56:14+00:00","og_image":[{"width":911,"height":1024,"url":"https:\/\/yvesfouquet.com\/wp-content\/uploads\/2020\/10\/My-project-24-911x1024.png","type":"image\/png"}],"twitter_card":"summary_large_image","twitter_misc":{"Prix":"","Disponibilit\u00e9":"En r\u00e9assort"},"schema":{"@context":"https:\/\/schema.org","@graph":[{"@type":["WebPage","ItemPage"],"@id":"https:\/\/yvesfouquet.com\/fr\/produit\/malenkij-kruglyj-stolik-bc005-2\/","url":"https:\/\/yvesfouquet.com\/fr\/produit\/malenkij-kruglyj-stolik-bc005-2\/","name":"Mobilier vintage de luxe dans le style de Louis 16 - Yves Fouquet","isPartOf":{"@id":"https:\/\/yvesfouquet.com\/#website"},"datePublished":"2022-04-28T16:42:39+00:00","dateModified":"2023-11-22T12:56:14+00:00","description":"Table basse ronde en bois naturel fait \u00e0 la main. Accessoires France, anciennes technologies d\u2019assemblage. Production de meubles design Yves Fouquet en Ukraine","breadcrumb":{"@id":"https:\/\/yvesfouquet.com\/fr\/produit\/malenkij-kruglyj-stolik-bc005-2\/#breadcrumb"},"inLanguage":"fr-FR","potentialAction":[{"@type":"ReadAction","target":["https:\/\/yvesfouquet.com\/fr\/produit\/malenkij-kruglyj-stolik-bc005-2\/"]}]},{"@type":"BreadcrumbList","@id":"https:\/\/yvesfouquet.com\/fr\/produit\/malenkij-kruglyj-stolik-bc005-2\/#breadcrumb","itemListElement":[{"@type":"ListItem","position":1,"name":"\u0413\u043b\u0430\u0432\u043d\u0430\u044f","item":"https:\/\/yvesfouquet.com\/fr\/"},{"@type":"ListItem","position":2,"name":"Collections","item":"https:\/\/yvesfouquet.com\/fr\/collections\/"},{"@type":"ListItem","position":3,"name":"Petite table ronde BC005"}]},{"@type":"WebSite","@id":"https:\/\/yvesfouquet.com\/#website","url":"https:\/\/yvesfouquet.com\/","name":"Yves Fouquet","description":"\u0424\u0440\u0430\u043d\u0446\u0443\u0437\u0441\u043a\u0430\u044f \u043c\u0435\u0431\u0435\u043b\u044c","potentialAction":[{"@type":"SearchAction","target":{"@type":"EntryPoint","urlTemplate":"https:\/\/yvesfouquet.com\/?s={search_term_string}"},"query-input":"required name=search_term_string"}],"inLanguage":"fr-FR"}]},"product_price_currency":"EUR","og_availability":"backorder","product_availability":"available for order","product_retailer_item_id":"BC005","product_condition":"new"},"_links":{"self":[{"href":"https:\/\/yvesfouquet.com\/fr\/wp-json\/wp\/v2\/product\/18068"}],"collection":[{"href":"https:\/\/yvesfouquet.com\/fr\/wp-json\/wp\/v2\/product"}],"about":[{"href":"https:\/\/yvesfouquet.com\/fr\/wp-json\/wp\/v2\/types\/product"}],"version-history":[{"count":1,"href":"https:\/\/yvesfouquet.com\/fr\/wp-json\/wp\/v2\/product\/18068\/revisions"}],"predecessor-version":[{"id":24201,"href":"https:\/\/yvesfouquet.com\/fr\/wp-json\/wp\/v2\/product\/18068\/revisions\/24201"}],"wp:featuredmedia":[{"embeddable":true,"href":"https:\/\/yvesfouquet.com\/fr\/wp-json\/wp\/v2\/media\/21251"}],"wp:attachment":[{"href":"https:\/\/yvesfouquet.com\/fr\/wp-json\/wp\/v2\/media?parent=18068"}],"wp:term":[{"taxonomy":"product_cat","embeddable":true,"href":"https:\/\/yvesfouquet.com\/fr\/wp-json\/wp\/v2\/product_cat?post=18068"},{"taxonomy":"product_tag","embeddable":true,"href":"https:\/\/yvesfouquet.com\/fr\/wp-json\/wp\/v2\/product_tag?post=18068"}],"curies":[{"name":"wp","href":"https:\/\/api.w.org\/{rel}","templated":true}]}}