{"id":18069,"date":"2020-10-26T21:07:20","date_gmt":"2022-04-28T16:42:40","guid":{"rendered":"https:\/\/yvesfouquet.com\/commode-directoire-mt171k\/"},"modified":"2022-04-28T19:42:40","modified_gmt":"2022-04-28T16:42:40","slug":"komod-directoire-mt171k-2","status":"publish","type":"product","link":"https:\/\/yvesfouquet.com\/fr\/produit\/komod-directoire-mt171k-2\/","title":{"rendered":"Commode Directoire MT171k"},"content":{"rendered":"<p>Ajoutez des couleurs color\u00e9es, et o\u00f9 iront la s\u00e9v\u00e9rit\u00e9 et la retenue inh\u00e9rentes au mobilier de l\u2019\u00e8re du Fran\u00e7ais Directory! Commode design positive, fra\u00eeche et extraordinaire en bois naturel, con\u00e7ue et assembl\u00e9e par les ma\u00eetres de l\u2019usine de meubles ukrainienne Yves Fouquet. Les couleurs vives n\u2019annulent pas son mill\u00e9sime, mais ajoutent g\u00e9n\u00e9reusement de l\u2019extravagance et du charisme.<\/p>\n<p>La commode d\u2019origine aura fi\u00e8re allure dans n\u2019importe quelle partie de la maison. Il peut \u00eatre install\u00e9 dans le salon, dans la chambre \u00e0 coucher et dans la chambre \u00e0 coucher. Gr\u00e2ce \u00e0 son design exclusif, il s\u2019int\u00e9grera parfaitement non seulement dans le style classique, mais aussi dans l\u2019atmosph\u00e8re moderne.<\/p>\n<p>Une grande commode int\u00e9rieure en bois naturel est extr\u00eamement pratique. Il est \u00e9quip\u00e9 de trois grands tiroirs et de six petits tiroirs carr\u00e9s mont\u00e9s sur les c\u00f4t\u00e9s de ceux-ci. Dans une commode aussi spacieuse et bien pens\u00e9e, vous pouvez facilement ranger beaucoup de choses diff\u00e9rentes.<\/p>\n<p>Un comptoir laqu\u00e9 est magnifique, dont l\u2019espace peut \u00eatre agrandi avec une \u00e9tag\u00e8re r\u00e9tractable. L\u2019\u00e9l\u00e9gance et le style de la commode en bois sont ajout\u00e9s par des raccords en bronze d\u2019\u00e9lite.<\/p>\n<p>Les meubles anciens sont fabriqu\u00e9s individuellement sur commande, de sorte que vous pouvez choisir la taille, la couleur et les caract\u00e9ristiques de conception de la commode pour votre int\u00e9rieur.<\/p>\n","protected":false},"excerpt":{"rendered":"<p><strong>Dimensions:<\/strong> L1300 x H780 x P425<\/p>\n<p><strong>Description:<\/strong> 1 planche coulissante, 2 grands tiroirs, 6 petits tiroirs<\/p>\n","protected":false},"featured_media":16608,"template":"","meta":[],"product_cat":[158],"product_tag":[],"yoast_head":"<!-- This site is optimized with the Yoast SEO Premium plugin v20.7 (Yoast SEO v20.8) - https:\/\/yoast.com\/wordpress\/plugins\/seo\/ -->\n<title>Commode en bois vintage faite \u00e0 la main - Yves Fouquet<\/title>\n<meta name=\"description\" content=\"Meubles en bois dans le style ancien \u00e0 commander. Conception originale, assemblage manuel, raccords en bronze. Acheter l\u2019usine de meubles d\u2019int\u00e9rieur d\u2019\u00e9lite Yves Fouquet en Ukraine\" \/>\n<meta name=\"robots\" content=\"index, follow, max-snippet:-1, max-image-preview:large, max-video-preview:-1\" \/>\n<link rel=\"canonical\" href=\"https:\/\/yvesfouquet.com\/fr\/produit\/komod-directoire-mt171k-2\/\" \/>\n<meta property=\"og:locale\" content=\"fr_FR\" \/>\n<meta property=\"og:type\" content=\"article\" \/>\n<meta property=\"og:title\" content=\"Commode Directoire MT171k\" \/>\n<meta property=\"og:description\" content=\"Meubles en bois dans le style ancien \u00e0 commander. Conception originale, assemblage manuel, raccords en bronze. Acheter l\u2019usine de meubles d\u2019int\u00e9rieur d\u2019\u00e9lite Yves Fouquet en Ukraine\" \/>\n<meta property=\"og:url\" content=\"https:\/\/yvesfouquet.com\/fr\/produit\/komod-directoire-mt171k-2\/\" \/>\n<meta property=\"og:site_name\" content=\"Yves Fouquet\" \/>\n<meta property=\"article:publisher\" content=\"https:\/\/www.facebook.com\/boutiueyvesfouquet\" \/>\n<meta property=\"og:image\" content=\"https:\/\/yvesfouquet.com\/wp-content\/uploads\/2020\/10\/44-1.png\" \/>\n\t<meta property=\"og:image:width\" content=\"1080\" \/>\n\t<meta property=\"og:image:height\" content=\"1080\" \/>\n\t<meta property=\"og:image:type\" content=\"image\/png\" \/>\n<meta name=\"twitter:card\" content=\"summary_large_image\" \/>\n<meta name=\"twitter:label1\" content=\"Prix\" \/>\n\t<meta name=\"twitter:data1\" content=\"\" \/>\n\t<meta name=\"twitter:label2\" content=\"Disponibilit\u00e9\" \/>\n\t<meta name=\"twitter:data2\" content=\"En stock\" \/>\n<script type=\"application\/ld+json\" class=\"yoast-schema-graph\">{\"@context\":\"https:\/\/schema.org\",\"@graph\":[{\"@type\":[\"WebPage\",\"ItemPage\"],\"@id\":\"https:\/\/yvesfouquet.com\/fr\/produit\/komod-directoire-mt171k-2\/\",\"url\":\"https:\/\/yvesfouquet.com\/fr\/produit\/komod-directoire-mt171k-2\/\",\"name\":\"Commode en bois vintage faite \u00e0 la main - Yves Fouquet\",\"isPartOf\":{\"@id\":\"https:\/\/yvesfouquet.com\/#website\"},\"datePublished\":\"2022-04-28T16:42:40+00:00\",\"dateModified\":\"2022-04-28T16:42:40+00:00\",\"description\":\"Meubles en bois dans le style ancien \u00e0 commander. Conception originale, assemblage manuel, raccords en bronze. Acheter l\u2019usine de meubles d\u2019int\u00e9rieur d\u2019\u00e9lite Yves Fouquet en Ukraine\",\"breadcrumb\":{\"@id\":\"https:\/\/yvesfouquet.com\/fr\/produit\/komod-directoire-mt171k-2\/#breadcrumb\"},\"inLanguage\":\"fr-FR\",\"potentialAction\":[{\"@type\":\"ReadAction\",\"target\":[\"https:\/\/yvesfouquet.com\/fr\/produit\/komod-directoire-mt171k-2\/\"]}]},{\"@type\":\"BreadcrumbList\",\"@id\":\"https:\/\/yvesfouquet.com\/fr\/produit\/komod-directoire-mt171k-2\/#breadcrumb\",\"itemListElement\":[{\"@type\":\"ListItem\",\"position\":1,\"name\":\"\u0413\u043b\u0430\u0432\u043d\u0430\u044f\",\"item\":\"https:\/\/yvesfouquet.com\/fr\/\"},{\"@type\":\"ListItem\",\"position\":2,\"name\":\"Collections\",\"item\":\"https:\/\/yvesfouquet.com\/fr\/collections\/\"},{\"@type\":\"ListItem\",\"position\":3,\"name\":\"Commode Directoire MT171k\"}]},{\"@type\":\"WebSite\",\"@id\":\"https:\/\/yvesfouquet.com\/#website\",\"url\":\"https:\/\/yvesfouquet.com\/\",\"name\":\"Yves Fouquet\",\"description\":\"\u0424\u0440\u0430\u043d\u0446\u0443\u0437\u0441\u043a\u0430\u044f \u043c\u0435\u0431\u0435\u043b\u044c\",\"potentialAction\":[{\"@type\":\"SearchAction\",\"target\":{\"@type\":\"EntryPoint\",\"urlTemplate\":\"https:\/\/yvesfouquet.com\/?s={search_term_string}\"},\"query-input\":\"required name=search_term_string\"}],\"inLanguage\":\"fr-FR\"}]}<\/script>\n<meta property=\"product:price:amount\" content=\"0\" \/>\n<meta property=\"product:price:currency\" content=\"EUR\" \/>\n<meta property=\"og:availability\" content=\"instock\" \/>\n<meta property=\"product:availability\" content=\"instock\" \/>\n<meta property=\"product:retailer_item_id\" content=\"MT171K\" \/>\n<meta property=\"product:condition\" content=\"new\" \/>\n<!-- \/ Yoast SEO Premium plugin. -->","yoast_head_json":{"title":"Commode en bois vintage faite \u00e0 la main - Yves Fouquet","description":"Meubles en bois dans le style ancien \u00e0 commander. Conception originale, assemblage manuel, raccords en bronze. Acheter l\u2019usine de meubles d\u2019int\u00e9rieur d\u2019\u00e9lite Yves Fouquet en Ukraine","robots":{"index":"index","follow":"follow","max-snippet":"max-snippet:-1","max-image-preview":"max-image-preview:large","max-video-preview":"max-video-preview:-1"},"canonical":"https:\/\/yvesfouquet.com\/fr\/produit\/komod-directoire-mt171k-2\/","og_locale":"fr_FR","og_type":"article","og_title":"Commode Directoire MT171k","og_description":"Meubles en bois dans le style ancien \u00e0 commander. Conception originale, assemblage manuel, raccords en bronze. Acheter l\u2019usine de meubles d\u2019int\u00e9rieur d\u2019\u00e9lite Yves Fouquet en Ukraine","og_url":"https:\/\/yvesfouquet.com\/fr\/produit\/komod-directoire-mt171k-2\/","og_site_name":"Yves Fouquet","article_publisher":"https:\/\/www.facebook.com\/boutiueyvesfouquet","og_image":[{"width":1080,"height":1080,"url":"https:\/\/yvesfouquet.com\/wp-content\/uploads\/2020\/10\/44-1.png","type":"image\/png"}],"twitter_card":"summary_large_image","twitter_misc":{"Prix":"","Disponibilit\u00e9":"En stock"},"schema":{"@context":"https:\/\/schema.org","@graph":[{"@type":["WebPage","ItemPage"],"@id":"https:\/\/yvesfouquet.com\/fr\/produit\/komod-directoire-mt171k-2\/","url":"https:\/\/yvesfouquet.com\/fr\/produit\/komod-directoire-mt171k-2\/","name":"Commode en bois vintage faite \u00e0 la main - Yves Fouquet","isPartOf":{"@id":"https:\/\/yvesfouquet.com\/#website"},"datePublished":"2022-04-28T16:42:40+00:00","dateModified":"2022-04-28T16:42:40+00:00","description":"Meubles en bois dans le style ancien \u00e0 commander. Conception originale, assemblage manuel, raccords en bronze. Acheter l\u2019usine de meubles d\u2019int\u00e9rieur d\u2019\u00e9lite Yves Fouquet en Ukraine","breadcrumb":{"@id":"https:\/\/yvesfouquet.com\/fr\/produit\/komod-directoire-mt171k-2\/#breadcrumb"},"inLanguage":"fr-FR","potentialAction":[{"@type":"ReadAction","target":["https:\/\/yvesfouquet.com\/fr\/produit\/komod-directoire-mt171k-2\/"]}]},{"@type":"BreadcrumbList","@id":"https:\/\/yvesfouquet.com\/fr\/produit\/komod-directoire-mt171k-2\/#breadcrumb","itemListElement":[{"@type":"ListItem","position":1,"name":"\u0413\u043b\u0430\u0432\u043d\u0430\u044f","item":"https:\/\/yvesfouquet.com\/fr\/"},{"@type":"ListItem","position":2,"name":"Collections","item":"https:\/\/yvesfouquet.com\/fr\/collections\/"},{"@type":"ListItem","position":3,"name":"Commode Directoire MT171k"}]},{"@type":"WebSite","@id":"https:\/\/yvesfouquet.com\/#website","url":"https:\/\/yvesfouquet.com\/","name":"Yves Fouquet","description":"\u0424\u0440\u0430\u043d\u0446\u0443\u0437\u0441\u043a\u0430\u044f \u043c\u0435\u0431\u0435\u043b\u044c","potentialAction":[{"@type":"SearchAction","target":{"@type":"EntryPoint","urlTemplate":"https:\/\/yvesfouquet.com\/?s={search_term_string}"},"query-input":"required name=search_term_string"}],"inLanguage":"fr-FR"}]},"product_price_currency":"EUR","og_availability":"instock","product_availability":"instock","product_retailer_item_id":"MT171K","product_condition":"new"},"_links":{"self":[{"href":"https:\/\/yvesfouquet.com\/fr\/wp-json\/wp\/v2\/product\/18069"}],"collection":[{"href":"https:\/\/yvesfouquet.com\/fr\/wp-json\/wp\/v2\/product"}],"about":[{"href":"https:\/\/yvesfouquet.com\/fr\/wp-json\/wp\/v2\/types\/product"}],"version-history":[{"count":0,"href":"https:\/\/yvesfouquet.com\/fr\/wp-json\/wp\/v2\/product\/18069\/revisions"}],"wp:featuredmedia":[{"embeddable":true,"href":"https:\/\/yvesfouquet.com\/fr\/wp-json\/wp\/v2\/media\/16608"}],"wp:attachment":[{"href":"https:\/\/yvesfouquet.com\/fr\/wp-json\/wp\/v2\/media?parent=18069"}],"wp:term":[{"taxonomy":"product_cat","embeddable":true,"href":"https:\/\/yvesfouquet.com\/fr\/wp-json\/wp\/v2\/product_cat?post=18069"},{"taxonomy":"product_tag","embeddable":true,"href":"https:\/\/yvesfouquet.com\/fr\/wp-json\/wp\/v2\/product_tag?post=18069"}],"curies":[{"name":"wp","href":"https:\/\/api.w.org\/{rel}","templated":true}]}}