{"id":18073,"date":"2020-10-26T18:10:05","date_gmt":"2022-04-28T16:42:40","guid":{"rendered":"https:\/\/yvesfouquet.com\/repertoire-buffet-bf501\/"},"modified":"2022-04-28T19:42:40","modified_gmt":"2022-04-28T16:42:40","slug":"bufet-direktoriya-bf501-2","status":"publish","type":"product","link":"https:\/\/yvesfouquet.com\/fr\/produit\/bufet-direktoriya-bf501-2\/","title":{"rendered":"R\u00e9pertoire buffet BF501"},"content":{"rendered":"<p>Praticit\u00e9, polyvalence et retenue aristocratique du design distinguent le buffet en bois de l\u2019\u00e9poque du R\u00e9pertoire, cr\u00e9\u00e9 par les mains de ma\u00eetres talentueux de l\u2019usine de meubles Yves Fouquet. Les connaisseurs de l\u2019ancien style Fran\u00e7ais appr\u00e9cieront la haute qualit\u00e9 de l\u2019assemblage manuel et l\u2019utilisation de technologies de mobilier correspondant \u00e0 l\u2019\u00e9poque.<\/p>\n<p>Les portes battantes du buffet sont verrouill\u00e9es avec une cl\u00e9. Au-dessus d\u2019eux se trouvent deux larges tiroirs, chacun avec deux poign\u00e9es en laiton. \u00c0 l\u2019int\u00e9rieur des compartiments, il y a deux \u00e9tag\u00e8res r\u00e9glables. Le buffet est divis\u00e9 par un compartiment avec quatre tiroirs r\u00e9tractables avec bordure dor\u00e9e. Sous eux se trouve une sculpture \u00e0 la main en forme de deux branches crois\u00e9es de laurier.<\/p>\n<p>Le comptoir laqu\u00e9 est d\u00e9cor\u00e9 d\u2019un grand motif de parquet, sur lequel le d\u00e9cor int\u00e9rieur aura fi\u00e8re allure. Le charme historique du buffet est dot\u00e9 d\u2019accessoires \u00e9l\u00e9gants fabriqu\u00e9s en France, et l\u2019effet lumineux du vintage est obtenu par l\u2019utilisation habile des techniques de vieillissement.<\/p>\n<p>Le buffet est assembl\u00e9 sur commande parmi les meilleures vari\u00e9t\u00e9s de bois naturel. Sa conception se distingue par la s\u00e9v\u00e9rit\u00e9 des lignes et l\u2019absence de pr\u00e9tention excessive. La pr\u00e9venance du design et la haute fonctionnalit\u00e9 en font non seulement un beau d\u00e9tail de l\u2019int\u00e9rieur, mais un \u00e9l\u00e9ment tr\u00e8s pratique pour la vie quotidienne.<\/p>\n","protected":false},"excerpt":{"rendered":"<p><strong>Dimensions:<\/strong> L1650 x H920 x P530<\/p>\n<p><strong>Description:<\/strong> 2 portes, 1 \u00e9tag\u00e8re r\u00e9glable en hauteur, 2 tiroirs larges et 2 tiroirs \u00e9troits<\/p>\n","protected":false},"featured_media":15830,"template":"","meta":[],"product_cat":[155],"product_tag":[],"yoast_head":"<!-- This site is optimized with the Yoast SEO Premium plugin v20.7 (Yoast SEO v20.8) - https:\/\/yoast.com\/wordpress\/plugins\/seo\/ -->\n<title>Buffet en bois vintage dans la salle \u00e0 manger - Yves Fouquet<\/title>\n<meta name=\"description\" content=\"Mobilier exclusif dans le Fran\u00e7ais style R\u00e9pertoire \u00e0 commander. Buffet vintage en bois naturel assembl\u00e9 \u00e0 la main. Raccords en bronze France. Production en Ukraine usine Yves Fouquet\" \/>\n<meta name=\"robots\" content=\"index, follow, max-snippet:-1, max-image-preview:large, max-video-preview:-1\" \/>\n<link rel=\"canonical\" href=\"https:\/\/yvesfouquet.com\/fr\/produit\/bufet-direktoriya-bf501-2\/\" \/>\n<meta property=\"og:locale\" content=\"fr_FR\" \/>\n<meta property=\"og:type\" content=\"article\" \/>\n<meta property=\"og:title\" content=\"R\u00e9pertoire buffet BF501\" \/>\n<meta property=\"og:description\" content=\"Mobilier exclusif dans le Fran\u00e7ais style R\u00e9pertoire \u00e0 commander. Buffet vintage en bois naturel assembl\u00e9 \u00e0 la main. Raccords en bronze France. Production en Ukraine usine Yves Fouquet\" \/>\n<meta property=\"og:url\" content=\"https:\/\/yvesfouquet.com\/fr\/produit\/bufet-direktoriya-bf501-2\/\" \/>\n<meta property=\"og:site_name\" content=\"Yves Fouquet\" \/>\n<meta property=\"article:publisher\" content=\"https:\/\/www.facebook.com\/boutiueyvesfouquet\" \/>\n<meta property=\"og:image\" content=\"https:\/\/yvesfouquet.com\/wp-content\/uploads\/2020\/10\/bf501_3_1650x530x920.png\" \/>\n\t<meta property=\"og:image:width\" content=\"1080\" \/>\n\t<meta property=\"og:image:height\" content=\"1080\" \/>\n\t<meta property=\"og:image:type\" content=\"image\/png\" \/>\n<meta name=\"twitter:card\" content=\"summary_large_image\" \/>\n<meta name=\"twitter:label1\" content=\"Prix\" \/>\n\t<meta name=\"twitter:data1\" content=\"\" \/>\n\t<meta name=\"twitter:label2\" content=\"Disponibilit\u00e9\" \/>\n\t<meta name=\"twitter:data2\" content=\"En stock\" \/>\n<script type=\"application\/ld+json\" class=\"yoast-schema-graph\">{\"@context\":\"https:\/\/schema.org\",\"@graph\":[{\"@type\":[\"WebPage\",\"ItemPage\"],\"@id\":\"https:\/\/yvesfouquet.com\/fr\/produit\/bufet-direktoriya-bf501-2\/\",\"url\":\"https:\/\/yvesfouquet.com\/fr\/produit\/bufet-direktoriya-bf501-2\/\",\"name\":\"Buffet en bois vintage dans la salle \u00e0 manger - Yves Fouquet\",\"isPartOf\":{\"@id\":\"https:\/\/yvesfouquet.com\/#website\"},\"datePublished\":\"2022-04-28T16:42:40+00:00\",\"dateModified\":\"2022-04-28T16:42:40+00:00\",\"description\":\"Mobilier exclusif dans le Fran\u00e7ais style R\u00e9pertoire \u00e0 commander. Buffet vintage en bois naturel assembl\u00e9 \u00e0 la main. Raccords en bronze France. Production en Ukraine usine Yves Fouquet\",\"breadcrumb\":{\"@id\":\"https:\/\/yvesfouquet.com\/fr\/produit\/bufet-direktoriya-bf501-2\/#breadcrumb\"},\"inLanguage\":\"fr-FR\",\"potentialAction\":[{\"@type\":\"ReadAction\",\"target\":[\"https:\/\/yvesfouquet.com\/fr\/produit\/bufet-direktoriya-bf501-2\/\"]}]},{\"@type\":\"BreadcrumbList\",\"@id\":\"https:\/\/yvesfouquet.com\/fr\/produit\/bufet-direktoriya-bf501-2\/#breadcrumb\",\"itemListElement\":[{\"@type\":\"ListItem\",\"position\":1,\"name\":\"\u0413\u043b\u0430\u0432\u043d\u0430\u044f\",\"item\":\"https:\/\/yvesfouquet.com\/fr\/\"},{\"@type\":\"ListItem\",\"position\":2,\"name\":\"Collections\",\"item\":\"https:\/\/yvesfouquet.com\/fr\/collections\/\"},{\"@type\":\"ListItem\",\"position\":3,\"name\":\"R\u00e9pertoire buffet BF501\"}]},{\"@type\":\"WebSite\",\"@id\":\"https:\/\/yvesfouquet.com\/#website\",\"url\":\"https:\/\/yvesfouquet.com\/\",\"name\":\"Yves Fouquet\",\"description\":\"\u0424\u0440\u0430\u043d\u0446\u0443\u0437\u0441\u043a\u0430\u044f \u043c\u0435\u0431\u0435\u043b\u044c\",\"potentialAction\":[{\"@type\":\"SearchAction\",\"target\":{\"@type\":\"EntryPoint\",\"urlTemplate\":\"https:\/\/yvesfouquet.com\/?s={search_term_string}\"},\"query-input\":\"required name=search_term_string\"}],\"inLanguage\":\"fr-FR\"}]}<\/script>\n<meta property=\"product:price:amount\" content=\"0\" \/>\n<meta property=\"product:price:currency\" content=\"EUR\" \/>\n<meta property=\"og:availability\" content=\"instock\" \/>\n<meta property=\"product:availability\" content=\"instock\" \/>\n<meta property=\"product:retailer_item_id\" content=\"BF501\" \/>\n<meta property=\"product:condition\" content=\"new\" \/>\n<!-- \/ Yoast SEO Premium plugin. -->","yoast_head_json":{"title":"Buffet en bois vintage dans la salle \u00e0 manger - Yves Fouquet","description":"Mobilier exclusif dans le Fran\u00e7ais style R\u00e9pertoire \u00e0 commander. Buffet vintage en bois naturel assembl\u00e9 \u00e0 la main. Raccords en bronze France. Production en Ukraine usine Yves Fouquet","robots":{"index":"index","follow":"follow","max-snippet":"max-snippet:-1","max-image-preview":"max-image-preview:large","max-video-preview":"max-video-preview:-1"},"canonical":"https:\/\/yvesfouquet.com\/fr\/produit\/bufet-direktoriya-bf501-2\/","og_locale":"fr_FR","og_type":"article","og_title":"R\u00e9pertoire buffet BF501","og_description":"Mobilier exclusif dans le Fran\u00e7ais style R\u00e9pertoire \u00e0 commander. Buffet vintage en bois naturel assembl\u00e9 \u00e0 la main. Raccords en bronze France. Production en Ukraine usine Yves Fouquet","og_url":"https:\/\/yvesfouquet.com\/fr\/produit\/bufet-direktoriya-bf501-2\/","og_site_name":"Yves Fouquet","article_publisher":"https:\/\/www.facebook.com\/boutiueyvesfouquet","og_image":[{"width":1080,"height":1080,"url":"https:\/\/yvesfouquet.com\/wp-content\/uploads\/2020\/10\/bf501_3_1650x530x920.png","type":"image\/png"}],"twitter_card":"summary_large_image","twitter_misc":{"Prix":"","Disponibilit\u00e9":"En stock"},"schema":{"@context":"https:\/\/schema.org","@graph":[{"@type":["WebPage","ItemPage"],"@id":"https:\/\/yvesfouquet.com\/fr\/produit\/bufet-direktoriya-bf501-2\/","url":"https:\/\/yvesfouquet.com\/fr\/produit\/bufet-direktoriya-bf501-2\/","name":"Buffet en bois vintage dans la salle \u00e0 manger - Yves Fouquet","isPartOf":{"@id":"https:\/\/yvesfouquet.com\/#website"},"datePublished":"2022-04-28T16:42:40+00:00","dateModified":"2022-04-28T16:42:40+00:00","description":"Mobilier exclusif dans le Fran\u00e7ais style R\u00e9pertoire \u00e0 commander. Buffet vintage en bois naturel assembl\u00e9 \u00e0 la main. Raccords en bronze France. Production en Ukraine usine Yves Fouquet","breadcrumb":{"@id":"https:\/\/yvesfouquet.com\/fr\/produit\/bufet-direktoriya-bf501-2\/#breadcrumb"},"inLanguage":"fr-FR","potentialAction":[{"@type":"ReadAction","target":["https:\/\/yvesfouquet.com\/fr\/produit\/bufet-direktoriya-bf501-2\/"]}]},{"@type":"BreadcrumbList","@id":"https:\/\/yvesfouquet.com\/fr\/produit\/bufet-direktoriya-bf501-2\/#breadcrumb","itemListElement":[{"@type":"ListItem","position":1,"name":"\u0413\u043b\u0430\u0432\u043d\u0430\u044f","item":"https:\/\/yvesfouquet.com\/fr\/"},{"@type":"ListItem","position":2,"name":"Collections","item":"https:\/\/yvesfouquet.com\/fr\/collections\/"},{"@type":"ListItem","position":3,"name":"R\u00e9pertoire buffet BF501"}]},{"@type":"WebSite","@id":"https:\/\/yvesfouquet.com\/#website","url":"https:\/\/yvesfouquet.com\/","name":"Yves Fouquet","description":"\u0424\u0440\u0430\u043d\u0446\u0443\u0437\u0441\u043a\u0430\u044f \u043c\u0435\u0431\u0435\u043b\u044c","potentialAction":[{"@type":"SearchAction","target":{"@type":"EntryPoint","urlTemplate":"https:\/\/yvesfouquet.com\/?s={search_term_string}"},"query-input":"required name=search_term_string"}],"inLanguage":"fr-FR"}]},"product_price_currency":"EUR","og_availability":"instock","product_availability":"instock","product_retailer_item_id":"BF501","product_condition":"new"},"_links":{"self":[{"href":"https:\/\/yvesfouquet.com\/fr\/wp-json\/wp\/v2\/product\/18073"}],"collection":[{"href":"https:\/\/yvesfouquet.com\/fr\/wp-json\/wp\/v2\/product"}],"about":[{"href":"https:\/\/yvesfouquet.com\/fr\/wp-json\/wp\/v2\/types\/product"}],"version-history":[{"count":0,"href":"https:\/\/yvesfouquet.com\/fr\/wp-json\/wp\/v2\/product\/18073\/revisions"}],"wp:featuredmedia":[{"embeddable":true,"href":"https:\/\/yvesfouquet.com\/fr\/wp-json\/wp\/v2\/media\/15830"}],"wp:attachment":[{"href":"https:\/\/yvesfouquet.com\/fr\/wp-json\/wp\/v2\/media?parent=18073"}],"wp:term":[{"taxonomy":"product_cat","embeddable":true,"href":"https:\/\/yvesfouquet.com\/fr\/wp-json\/wp\/v2\/product_cat?post=18073"},{"taxonomy":"product_tag","embeddable":true,"href":"https:\/\/yvesfouquet.com\/fr\/wp-json\/wp\/v2\/product_tag?post=18073"}],"curies":[{"name":"wp","href":"https:\/\/api.w.org\/{rel}","templated":true}]}}