{"id":18076,"date":"2020-10-26T21:06:33","date_gmt":"2022-04-28T16:42:42","guid":{"rendered":"https:\/\/yvesfouquet.com\/commode-d-armoire-mm201\/"},"modified":"2022-04-28T19:42:42","modified_gmt":"2022-04-28T16:42:42","slug":"komod-dlya-rabochego-kabineta-mm201-2","status":"publish","type":"product","link":"https:\/\/yvesfouquet.com\/fr\/produit\/komod-dlya-rabochego-kabineta-mm201-2\/","title":{"rendered":"Commode d\u2019armoire MM201"},"content":{"rendered":"<p>\u00c9tant un meuble universel pour la maison, les commodes en bois ont fi\u00e8re allure dans un cadre professionnel. Un exemple frappant de ceci est la commode exclusive pour le bureau des ma\u00eetres de l\u2019usine de meubles Yves Fouquet. Un mod\u00e8le d\u2019auteur original et pratique d\u00e9corera votre int\u00e9rieur vintage.<\/p>\n<p>Dans son \u00e9quipement, la commode dispose de quatre tiroirs spacieux, qui accueillent commod\u00e9ment des dossiers avec des contrats et d\u2019autres documents commerciaux. Au sommet se trouve un rideau coulissant semi-circulaire. Derri\u00e8re elle se trouvent deux petits tiroirs, parfaits pour ranger la papeterie. Pour plus de commodit\u00e9, l\u2019espace utile de la commode peut \u00eatre agrandi \u00e0 l\u2019aide d\u2019une planche r\u00e9tractable.<\/p>\n<p>Comme il sied aux meubles d\u2019armoire, une commode en bois a l\u2019air officielle. C\u2019est exactement le design que vous vous attendez \u00e0 voir dans le bureau d\u2019un homme d\u2019affaires solide. Des formes strictes, des lignes claires, la praticit\u00e9 et la solidit\u00e9 du mod\u00e8le soulignent le statut du propri\u00e9taire et indiquent qu\u2019une telle personne peut se voir confier m\u00eame les cas les plus complexes.<\/p>\n<p>De magnifiques meubles pour antiquit\u00e9s sont fabriqu\u00e9s \u00e0 la main sur commande en utilisant des technologies anciennes d\u2019assemblage de meubles. Avec ses dimensions individuelles et son design personnalis\u00e9, la commode en bois massif s\u2019int\u00e8gre parfaitement dans votre environnement.<\/p>\n","protected":false},"excerpt":{"rendered":"<p>Largeur: 730<\/p>\n<p>Hauteur: 1450<\/p>\n<p>Profondeur: 425<\/p>\n","protected":false},"featured_media":20408,"template":"","meta":[],"product_cat":[158,140],"product_tag":[],"yoast_head":"<!-- This site is optimized with the Yoast SEO Premium plugin v20.7 (Yoast SEO v20.8) - https:\/\/yoast.com\/wordpress\/plugins\/seo\/ -->\n<title>Commode en bois vintage pour bureau - Yves Fouquet<\/title>\n<meta name=\"description\" content=\"Belle commode design au bureau. Meubles en bois exclusifs avec des antiquit\u00e9s sur commande. Assemblage manuel, mat\u00e9riaux de haute qualit\u00e9, appareils anciens, d\u00e9cor spectaculaire. Mobilier d\u2019auteur d\u2019\u00e9lite en Ukraine produit par Yves Fouquet\" \/>\n<meta name=\"robots\" content=\"index, follow, max-snippet:-1, max-image-preview:large, max-video-preview:-1\" \/>\n<link rel=\"canonical\" href=\"https:\/\/yvesfouquet.com\/fr\/produit\/komod-dlya-rabochego-kabineta-mm201-2\/\" \/>\n<meta property=\"og:locale\" content=\"fr_FR\" \/>\n<meta property=\"og:type\" content=\"article\" \/>\n<meta property=\"og:title\" content=\"Commode d\u2019armoire MM201\" \/>\n<meta property=\"og:description\" content=\"Belle commode design au bureau. Meubles en bois exclusifs avec des antiquit\u00e9s sur commande. Assemblage manuel, mat\u00e9riaux de haute qualit\u00e9, appareils anciens, d\u00e9cor spectaculaire. Mobilier d\u2019auteur d\u2019\u00e9lite en Ukraine produit par Yves Fouquet\" \/>\n<meta property=\"og:url\" content=\"https:\/\/yvesfouquet.com\/fr\/produit\/komod-dlya-rabochego-kabineta-mm201-2\/\" \/>\n<meta property=\"og:site_name\" content=\"Yves Fouquet\" \/>\n<meta property=\"article:publisher\" content=\"https:\/\/www.facebook.com\/boutiueyvesfouquet\" \/>\n<meta property=\"og:image\" content=\"https:\/\/yvesfouquet.com\/wp-content\/uploads\/2020\/10\/c572db_cb40f136f6714e1ba162d009219eced8-scaled-2.jpg\" \/>\n\t<meta property=\"og:image:width\" content=\"1066\" \/>\n\t<meta property=\"og:image:height\" content=\"1600\" \/>\n\t<meta property=\"og:image:type\" content=\"image\/jpeg\" \/>\n<meta name=\"twitter:card\" content=\"summary_large_image\" \/>\n<meta name=\"twitter:label1\" content=\"Prix\" \/>\n\t<meta name=\"twitter:data1\" content=\"\" \/>\n\t<meta name=\"twitter:label2\" content=\"Disponibilit\u00e9\" \/>\n\t<meta name=\"twitter:data2\" content=\"En stock\" \/>\n<script type=\"application\/ld+json\" class=\"yoast-schema-graph\">{\"@context\":\"https:\/\/schema.org\",\"@graph\":[{\"@type\":[\"WebPage\",\"ItemPage\"],\"@id\":\"https:\/\/yvesfouquet.com\/fr\/produit\/komod-dlya-rabochego-kabineta-mm201-2\/\",\"url\":\"https:\/\/yvesfouquet.com\/fr\/produit\/komod-dlya-rabochego-kabineta-mm201-2\/\",\"name\":\"Commode en bois vintage pour bureau - Yves Fouquet\",\"isPartOf\":{\"@id\":\"https:\/\/yvesfouquet.com\/#website\"},\"datePublished\":\"2022-04-28T16:42:42+00:00\",\"dateModified\":\"2022-04-28T16:42:42+00:00\",\"description\":\"Belle commode design au bureau. Meubles en bois exclusifs avec des antiquit\u00e9s sur commande. Assemblage manuel, mat\u00e9riaux de haute qualit\u00e9, appareils anciens, d\u00e9cor spectaculaire. Mobilier d\u2019auteur d\u2019\u00e9lite en Ukraine produit par Yves Fouquet\",\"breadcrumb\":{\"@id\":\"https:\/\/yvesfouquet.com\/fr\/produit\/komod-dlya-rabochego-kabineta-mm201-2\/#breadcrumb\"},\"inLanguage\":\"fr-FR\",\"potentialAction\":[{\"@type\":\"ReadAction\",\"target\":[\"https:\/\/yvesfouquet.com\/fr\/produit\/komod-dlya-rabochego-kabineta-mm201-2\/\"]}]},{\"@type\":\"BreadcrumbList\",\"@id\":\"https:\/\/yvesfouquet.com\/fr\/produit\/komod-dlya-rabochego-kabineta-mm201-2\/#breadcrumb\",\"itemListElement\":[{\"@type\":\"ListItem\",\"position\":1,\"name\":\"\u0413\u043b\u0430\u0432\u043d\u0430\u044f\",\"item\":\"https:\/\/yvesfouquet.com\/fr\/\"},{\"@type\":\"ListItem\",\"position\":2,\"name\":\"Collections\",\"item\":\"https:\/\/yvesfouquet.com\/fr\/collections\/\"},{\"@type\":\"ListItem\",\"position\":3,\"name\":\"Commode d\u2019armoire MM201\"}]},{\"@type\":\"WebSite\",\"@id\":\"https:\/\/yvesfouquet.com\/#website\",\"url\":\"https:\/\/yvesfouquet.com\/\",\"name\":\"Yves Fouquet\",\"description\":\"\u0424\u0440\u0430\u043d\u0446\u0443\u0437\u0441\u043a\u0430\u044f \u043c\u0435\u0431\u0435\u043b\u044c\",\"potentialAction\":[{\"@type\":\"SearchAction\",\"target\":{\"@type\":\"EntryPoint\",\"urlTemplate\":\"https:\/\/yvesfouquet.com\/?s={search_term_string}\"},\"query-input\":\"required name=search_term_string\"}],\"inLanguage\":\"fr-FR\"}]}<\/script>\n<meta property=\"product:price:amount\" content=\"0\" \/>\n<meta property=\"product:price:currency\" content=\"EUR\" \/>\n<meta property=\"og:availability\" content=\"instock\" \/>\n<meta property=\"product:availability\" content=\"instock\" \/>\n<meta property=\"product:retailer_item_id\" content=\"MM201\" \/>\n<meta property=\"product:condition\" content=\"new\" \/>\n<!-- \/ Yoast SEO Premium plugin. -->","yoast_head_json":{"title":"Commode en bois vintage pour bureau - Yves Fouquet","description":"Belle commode design au bureau. Meubles en bois exclusifs avec des antiquit\u00e9s sur commande. Assemblage manuel, mat\u00e9riaux de haute qualit\u00e9, appareils anciens, d\u00e9cor spectaculaire. Mobilier d\u2019auteur d\u2019\u00e9lite en Ukraine produit par Yves Fouquet","robots":{"index":"index","follow":"follow","max-snippet":"max-snippet:-1","max-image-preview":"max-image-preview:large","max-video-preview":"max-video-preview:-1"},"canonical":"https:\/\/yvesfouquet.com\/fr\/produit\/komod-dlya-rabochego-kabineta-mm201-2\/","og_locale":"fr_FR","og_type":"article","og_title":"Commode d\u2019armoire MM201","og_description":"Belle commode design au bureau. Meubles en bois exclusifs avec des antiquit\u00e9s sur commande. Assemblage manuel, mat\u00e9riaux de haute qualit\u00e9, appareils anciens, d\u00e9cor spectaculaire. Mobilier d\u2019auteur d\u2019\u00e9lite en Ukraine produit par Yves Fouquet","og_url":"https:\/\/yvesfouquet.com\/fr\/produit\/komod-dlya-rabochego-kabineta-mm201-2\/","og_site_name":"Yves Fouquet","article_publisher":"https:\/\/www.facebook.com\/boutiueyvesfouquet","og_image":[{"width":1066,"height":1600,"url":"https:\/\/yvesfouquet.com\/wp-content\/uploads\/2020\/10\/c572db_cb40f136f6714e1ba162d009219eced8-scaled-2.jpg","type":"image\/jpeg"}],"twitter_card":"summary_large_image","twitter_misc":{"Prix":"","Disponibilit\u00e9":"En stock"},"schema":{"@context":"https:\/\/schema.org","@graph":[{"@type":["WebPage","ItemPage"],"@id":"https:\/\/yvesfouquet.com\/fr\/produit\/komod-dlya-rabochego-kabineta-mm201-2\/","url":"https:\/\/yvesfouquet.com\/fr\/produit\/komod-dlya-rabochego-kabineta-mm201-2\/","name":"Commode en bois vintage pour bureau - Yves Fouquet","isPartOf":{"@id":"https:\/\/yvesfouquet.com\/#website"},"datePublished":"2022-04-28T16:42:42+00:00","dateModified":"2022-04-28T16:42:42+00:00","description":"Belle commode design au bureau. Meubles en bois exclusifs avec des antiquit\u00e9s sur commande. Assemblage manuel, mat\u00e9riaux de haute qualit\u00e9, appareils anciens, d\u00e9cor spectaculaire. Mobilier d\u2019auteur d\u2019\u00e9lite en Ukraine produit par Yves Fouquet","breadcrumb":{"@id":"https:\/\/yvesfouquet.com\/fr\/produit\/komod-dlya-rabochego-kabineta-mm201-2\/#breadcrumb"},"inLanguage":"fr-FR","potentialAction":[{"@type":"ReadAction","target":["https:\/\/yvesfouquet.com\/fr\/produit\/komod-dlya-rabochego-kabineta-mm201-2\/"]}]},{"@type":"BreadcrumbList","@id":"https:\/\/yvesfouquet.com\/fr\/produit\/komod-dlya-rabochego-kabineta-mm201-2\/#breadcrumb","itemListElement":[{"@type":"ListItem","position":1,"name":"\u0413\u043b\u0430\u0432\u043d\u0430\u044f","item":"https:\/\/yvesfouquet.com\/fr\/"},{"@type":"ListItem","position":2,"name":"Collections","item":"https:\/\/yvesfouquet.com\/fr\/collections\/"},{"@type":"ListItem","position":3,"name":"Commode d\u2019armoire MM201"}]},{"@type":"WebSite","@id":"https:\/\/yvesfouquet.com\/#website","url":"https:\/\/yvesfouquet.com\/","name":"Yves Fouquet","description":"\u0424\u0440\u0430\u043d\u0446\u0443\u0437\u0441\u043a\u0430\u044f \u043c\u0435\u0431\u0435\u043b\u044c","potentialAction":[{"@type":"SearchAction","target":{"@type":"EntryPoint","urlTemplate":"https:\/\/yvesfouquet.com\/?s={search_term_string}"},"query-input":"required name=search_term_string"}],"inLanguage":"fr-FR"}]},"product_price_currency":"EUR","og_availability":"instock","product_availability":"instock","product_retailer_item_id":"MM201","product_condition":"new"},"_links":{"self":[{"href":"https:\/\/yvesfouquet.com\/fr\/wp-json\/wp\/v2\/product\/18076"}],"collection":[{"href":"https:\/\/yvesfouquet.com\/fr\/wp-json\/wp\/v2\/product"}],"about":[{"href":"https:\/\/yvesfouquet.com\/fr\/wp-json\/wp\/v2\/types\/product"}],"version-history":[{"count":0,"href":"https:\/\/yvesfouquet.com\/fr\/wp-json\/wp\/v2\/product\/18076\/revisions"}],"wp:featuredmedia":[{"embeddable":true,"href":"https:\/\/yvesfouquet.com\/fr\/wp-json\/wp\/v2\/media\/20408"}],"wp:attachment":[{"href":"https:\/\/yvesfouquet.com\/fr\/wp-json\/wp\/v2\/media?parent=18076"}],"wp:term":[{"taxonomy":"product_cat","embeddable":true,"href":"https:\/\/yvesfouquet.com\/fr\/wp-json\/wp\/v2\/product_cat?post=18076"},{"taxonomy":"product_tag","embeddable":true,"href":"https:\/\/yvesfouquet.com\/fr\/wp-json\/wp\/v2\/product_tag?post=18076"}],"curies":[{"name":"wp","href":"https:\/\/api.w.org\/{rel}","templated":true}]}}