{"id":18083,"date":"2020-10-26T18:06:34","date_gmt":"2022-04-28T16:42:43","guid":{"rendered":"https:\/\/yvesfouquet.com\/table-d-appoint-directoire-bc001\/"},"modified":"2022-04-28T19:42:43","modified_gmt":"2022-04-28T16:42:43","slug":"stolik-pristavnoj-directoire-bc001-2","status":"publish","type":"product","link":"https:\/\/yvesfouquet.com\/fr\/produit\/stolik-pristavnoj-directoire-bc001-2\/","title":{"rendered":"Table d\u2019appoint Directoire BC001"},"content":{"rendered":"<p>Les amateurs de design d\u2019int\u00e9rieur pratique appr\u00e9cieront la table en bois attenante dans le style ancien Fran\u00e7ais du R\u00e9pertoire. Malgr\u00e9 la simplicit\u00e9 apparente, il pr\u00e9sente de nombreuses caract\u00e9ristiques int\u00e9ressantes qui transforment les meubles d\u00e9coratifs en un mobilier de maison indispensable.<\/p>\n<p>La table antique sur de longues jambes minces se distingue par la clart\u00e9 des lignes droites, soulign\u00e9es par des bordures contrast\u00e9es. La sculpture simple faite \u00e0 la main y ajoute de l\u2019\u00e9l\u00e9gance.<\/p>\n<p>Un set top a l\u2019air simple et strict. La sensation de chaleur de la maison lui donne la structure des fibres du bois naturel laqu\u00e9.<\/p>\n<p>Situ\u00e9 dans la partie inf\u00e9rieure du comptoir spacieux et dupliquant, vous verrez imm\u00e9diatement. Mais il est peu probable que l\u2019expansion de son panneau coulissant et de ses deux bo\u00eetes situ\u00e9es aux extr\u00e9mit\u00e9s le remarque. Ils sont distribu\u00e9s par des accessoires de style antique et des bordures, qui sont faciles \u00e0 prendre pour les \u00e9l\u00e9ments d\u00e9coratifs.<\/p>\n<p>Dans leur travail, les ma\u00eetres de l\u2019usine de meubles Yves Fouquet utilisent des m\u00e9thodes d\u2019assemblage anciennes &#8211; des clous en bois, une connexion \u00e0 rainure \u00e0 pointes et une queue d\u2019aronde. L\u2019intimit\u00e9 de la table est favorablement soulign\u00e9e par les techniques de vieillissement.<\/p>\n<p>Des meubles exclusifs fabriqu\u00e9s \u00e0 la main sont fabriqu\u00e9s sur commande, de sorte que vous pouvez changer leur taille, leur couleur, leur d\u00e9cor et leurs \u00e9l\u00e9ments de design.<\/p>\n","protected":false},"excerpt":{"rendered":"<p><strong>Dimensions:<\/strong> L700 x H700 x P400<\/p>\n<p><strong>Description:<\/strong> 2 tiroirs, 1 planche r\u00e9tractable, 1 \u00e9tag\u00e8re ouverte<\/p>\n<p><strong>Couleur:<\/strong> Sans peinture, peut \u00eatre fait dans n\u2019importe quelle couleur<\/p>\n","protected":false},"featured_media":15758,"template":"","meta":[],"product_cat":[165],"product_tag":[],"yoast_head":"<!-- This site is optimized with the Yoast SEO Premium plugin v20.7 (Yoast SEO v20.8) - https:\/\/yoast.com\/wordpress\/plugins\/seo\/ -->\n<title>Table d\u2019int\u00e9rieur faite \u00e0 la main dans - Yves Fouquet<\/title>\n<meta name=\"description\" content=\"Mobilier design exclusif en bois naturel sur commande. Production de l\u2019usine de meubles Yves Fouquet en Ukraine. Les meilleurs mat\u00e9riaux, des raccords Fran\u00e7ais d\u2019\u00e9lite, des technologies d\u2019assemblage anciennes\" \/>\n<meta name=\"robots\" content=\"index, follow, max-snippet:-1, max-image-preview:large, max-video-preview:-1\" \/>\n<link rel=\"canonical\" href=\"https:\/\/yvesfouquet.com\/fr\/produit\/stolik-pristavnoj-directoire-bc001-2\/\" \/>\n<meta property=\"og:locale\" content=\"fr_FR\" \/>\n<meta property=\"og:type\" content=\"article\" \/>\n<meta property=\"og:title\" content=\"Table d\u2019appoint Directoire BC001\" \/>\n<meta property=\"og:description\" content=\"Mobilier design exclusif en bois naturel sur commande. Production de l\u2019usine de meubles Yves Fouquet en Ukraine. Les meilleurs mat\u00e9riaux, des raccords Fran\u00e7ais d\u2019\u00e9lite, des technologies d\u2019assemblage anciennes\" \/>\n<meta property=\"og:url\" content=\"https:\/\/yvesfouquet.com\/fr\/produit\/stolik-pristavnoj-directoire-bc001-2\/\" \/>\n<meta property=\"og:site_name\" content=\"Yves Fouquet\" \/>\n<meta property=\"article:publisher\" content=\"https:\/\/www.facebook.com\/boutiueyvesfouquet\" \/>\n<meta property=\"og:image\" content=\"https:\/\/yvesfouquet.com\/wp-content\/uploads\/2020\/10\/bc001.png\" \/>\n\t<meta property=\"og:image:width\" content=\"1600\" \/>\n\t<meta property=\"og:image:height\" content=\"1600\" \/>\n\t<meta property=\"og:image:type\" content=\"image\/png\" \/>\n<meta name=\"twitter:card\" content=\"summary_large_image\" \/>\n<meta name=\"twitter:label1\" content=\"Prix\" \/>\n\t<meta name=\"twitter:data1\" content=\"\" \/>\n\t<meta name=\"twitter:label2\" content=\"Disponibilit\u00e9\" \/>\n\t<meta name=\"twitter:data2\" content=\"En r\u00e9assort\" \/>\n<script type=\"application\/ld+json\" class=\"yoast-schema-graph\">{\"@context\":\"https:\/\/schema.org\",\"@graph\":[{\"@type\":[\"WebPage\",\"ItemPage\"],\"@id\":\"https:\/\/yvesfouquet.com\/fr\/produit\/stolik-pristavnoj-directoire-bc001-2\/\",\"url\":\"https:\/\/yvesfouquet.com\/fr\/produit\/stolik-pristavnoj-directoire-bc001-2\/\",\"name\":\"Table d\u2019int\u00e9rieur faite \u00e0 la main dans - Yves Fouquet\",\"isPartOf\":{\"@id\":\"https:\/\/yvesfouquet.com\/#website\"},\"datePublished\":\"2022-04-28T16:42:43+00:00\",\"dateModified\":\"2022-04-28T16:42:43+00:00\",\"description\":\"Mobilier design exclusif en bois naturel sur commande. Production de l\u2019usine de meubles Yves Fouquet en Ukraine. Les meilleurs mat\u00e9riaux, des raccords Fran\u00e7ais d\u2019\u00e9lite, des technologies d\u2019assemblage anciennes\",\"breadcrumb\":{\"@id\":\"https:\/\/yvesfouquet.com\/fr\/produit\/stolik-pristavnoj-directoire-bc001-2\/#breadcrumb\"},\"inLanguage\":\"fr-FR\",\"potentialAction\":[{\"@type\":\"ReadAction\",\"target\":[\"https:\/\/yvesfouquet.com\/fr\/produit\/stolik-pristavnoj-directoire-bc001-2\/\"]}]},{\"@type\":\"BreadcrumbList\",\"@id\":\"https:\/\/yvesfouquet.com\/fr\/produit\/stolik-pristavnoj-directoire-bc001-2\/#breadcrumb\",\"itemListElement\":[{\"@type\":\"ListItem\",\"position\":1,\"name\":\"\u0413\u043b\u0430\u0432\u043d\u0430\u044f\",\"item\":\"https:\/\/yvesfouquet.com\/fr\/\"},{\"@type\":\"ListItem\",\"position\":2,\"name\":\"Collections\",\"item\":\"https:\/\/yvesfouquet.com\/fr\/collections\/\"},{\"@type\":\"ListItem\",\"position\":3,\"name\":\"Table d\u2019appoint Directoire BC001\"}]},{\"@type\":\"WebSite\",\"@id\":\"https:\/\/yvesfouquet.com\/#website\",\"url\":\"https:\/\/yvesfouquet.com\/\",\"name\":\"Yves Fouquet\",\"description\":\"\u0424\u0440\u0430\u043d\u0446\u0443\u0437\u0441\u043a\u0430\u044f \u043c\u0435\u0431\u0435\u043b\u044c\",\"potentialAction\":[{\"@type\":\"SearchAction\",\"target\":{\"@type\":\"EntryPoint\",\"urlTemplate\":\"https:\/\/yvesfouquet.com\/?s={search_term_string}\"},\"query-input\":\"required name=search_term_string\"}],\"inLanguage\":\"fr-FR\"}]}<\/script>\n<meta property=\"product:price:amount\" content=\"0\" \/>\n<meta property=\"product:price:currency\" content=\"EUR\" \/>\n<meta property=\"og:availability\" content=\"backorder\" \/>\n<meta property=\"product:availability\" content=\"available for order\" \/>\n<meta property=\"product:retailer_item_id\" content=\"BC001\" \/>\n<meta property=\"product:condition\" content=\"new\" \/>\n<!-- \/ Yoast SEO Premium plugin. -->","yoast_head_json":{"title":"Table d\u2019int\u00e9rieur faite \u00e0 la main dans - Yves Fouquet","description":"Mobilier design exclusif en bois naturel sur commande. Production de l\u2019usine de meubles Yves Fouquet en Ukraine. Les meilleurs mat\u00e9riaux, des raccords Fran\u00e7ais d\u2019\u00e9lite, des technologies d\u2019assemblage anciennes","robots":{"index":"index","follow":"follow","max-snippet":"max-snippet:-1","max-image-preview":"max-image-preview:large","max-video-preview":"max-video-preview:-1"},"canonical":"https:\/\/yvesfouquet.com\/fr\/produit\/stolik-pristavnoj-directoire-bc001-2\/","og_locale":"fr_FR","og_type":"article","og_title":"Table d\u2019appoint Directoire BC001","og_description":"Mobilier design exclusif en bois naturel sur commande. Production de l\u2019usine de meubles Yves Fouquet en Ukraine. Les meilleurs mat\u00e9riaux, des raccords Fran\u00e7ais d\u2019\u00e9lite, des technologies d\u2019assemblage anciennes","og_url":"https:\/\/yvesfouquet.com\/fr\/produit\/stolik-pristavnoj-directoire-bc001-2\/","og_site_name":"Yves Fouquet","article_publisher":"https:\/\/www.facebook.com\/boutiueyvesfouquet","og_image":[{"width":1600,"height":1600,"url":"https:\/\/yvesfouquet.com\/wp-content\/uploads\/2020\/10\/bc001.png","type":"image\/png"}],"twitter_card":"summary_large_image","twitter_misc":{"Prix":"","Disponibilit\u00e9":"En r\u00e9assort"},"schema":{"@context":"https:\/\/schema.org","@graph":[{"@type":["WebPage","ItemPage"],"@id":"https:\/\/yvesfouquet.com\/fr\/produit\/stolik-pristavnoj-directoire-bc001-2\/","url":"https:\/\/yvesfouquet.com\/fr\/produit\/stolik-pristavnoj-directoire-bc001-2\/","name":"Table d\u2019int\u00e9rieur faite \u00e0 la main dans - Yves Fouquet","isPartOf":{"@id":"https:\/\/yvesfouquet.com\/#website"},"datePublished":"2022-04-28T16:42:43+00:00","dateModified":"2022-04-28T16:42:43+00:00","description":"Mobilier design exclusif en bois naturel sur commande. Production de l\u2019usine de meubles Yves Fouquet en Ukraine. Les meilleurs mat\u00e9riaux, des raccords Fran\u00e7ais d\u2019\u00e9lite, des technologies d\u2019assemblage anciennes","breadcrumb":{"@id":"https:\/\/yvesfouquet.com\/fr\/produit\/stolik-pristavnoj-directoire-bc001-2\/#breadcrumb"},"inLanguage":"fr-FR","potentialAction":[{"@type":"ReadAction","target":["https:\/\/yvesfouquet.com\/fr\/produit\/stolik-pristavnoj-directoire-bc001-2\/"]}]},{"@type":"BreadcrumbList","@id":"https:\/\/yvesfouquet.com\/fr\/produit\/stolik-pristavnoj-directoire-bc001-2\/#breadcrumb","itemListElement":[{"@type":"ListItem","position":1,"name":"\u0413\u043b\u0430\u0432\u043d\u0430\u044f","item":"https:\/\/yvesfouquet.com\/fr\/"},{"@type":"ListItem","position":2,"name":"Collections","item":"https:\/\/yvesfouquet.com\/fr\/collections\/"},{"@type":"ListItem","position":3,"name":"Table d\u2019appoint Directoire BC001"}]},{"@type":"WebSite","@id":"https:\/\/yvesfouquet.com\/#website","url":"https:\/\/yvesfouquet.com\/","name":"Yves Fouquet","description":"\u0424\u0440\u0430\u043d\u0446\u0443\u0437\u0441\u043a\u0430\u044f \u043c\u0435\u0431\u0435\u043b\u044c","potentialAction":[{"@type":"SearchAction","target":{"@type":"EntryPoint","urlTemplate":"https:\/\/yvesfouquet.com\/?s={search_term_string}"},"query-input":"required name=search_term_string"}],"inLanguage":"fr-FR"}]},"product_price_currency":"EUR","og_availability":"backorder","product_availability":"available for order","product_retailer_item_id":"BC001","product_condition":"new"},"_links":{"self":[{"href":"https:\/\/yvesfouquet.com\/fr\/wp-json\/wp\/v2\/product\/18083"}],"collection":[{"href":"https:\/\/yvesfouquet.com\/fr\/wp-json\/wp\/v2\/product"}],"about":[{"href":"https:\/\/yvesfouquet.com\/fr\/wp-json\/wp\/v2\/types\/product"}],"version-history":[{"count":0,"href":"https:\/\/yvesfouquet.com\/fr\/wp-json\/wp\/v2\/product\/18083\/revisions"}],"wp:featuredmedia":[{"embeddable":true,"href":"https:\/\/yvesfouquet.com\/fr\/wp-json\/wp\/v2\/media\/15758"}],"wp:attachment":[{"href":"https:\/\/yvesfouquet.com\/fr\/wp-json\/wp\/v2\/media?parent=18083"}],"wp:term":[{"taxonomy":"product_cat","embeddable":true,"href":"https:\/\/yvesfouquet.com\/fr\/wp-json\/wp\/v2\/product_cat?post=18083"},{"taxonomy":"product_tag","embeddable":true,"href":"https:\/\/yvesfouquet.com\/fr\/wp-json\/wp\/v2\/product_tag?post=18083"}],"curies":[{"name":"wp","href":"https:\/\/api.w.org\/{rel}","templated":true}]}}