{"id":18085,"date":"2020-10-26T21:10:01","date_gmt":"2022-04-28T16:42:45","guid":{"rendered":"https:\/\/yvesfouquet.com\/coiffeuse-tm044\/"},"modified":"2022-04-28T19:42:45","modified_gmt":"2022-04-28T16:42:45","slug":"tualetnyj-stolik-tm044-2","status":"publish","type":"product","link":"https:\/\/yvesfouquet.com\/fr\/produit\/tualetnyj-stolik-tm044-2\/","title":{"rendered":"Coiffeuse TM044"},"content":{"rendered":"<p>Le mobilier design dans le style vintage n\u2019est pas seulement une d\u00e9coration int\u00e9rieure, mais aussi sa partie fonctionnelle importante. Assembl\u00e9 \u00e0 partir de vari\u00e9t\u00e9s de bois naturel de haute qualit\u00e9, la coiffeuse avec miroir appartient \u00e0 de tels meubles. Install\u00e9 dans la chambre \u00e0 coucher, il d\u00e9corera la situation et deviendra une chose indispensable dans la vie quotidienne de son propri\u00e9taire.<\/p>\n<p>\u00c9l\u00e9gante, compacte, d\u00e9cor\u00e9e avec des accessoires de Fran\u00e7ais \u00e9l\u00e9gants ou un motif floral original &#8211; cette magnifique table boudoir conquerra le c\u0153ur des femmes. Sans aucun doute, il s\u2019agit d\u2019un chef-d\u2019\u0153uvre antique de l\u2019art du mobilier dont vous r\u00eaviez. Maintenant, il prendra une place digne dans votre appartement et ravira par sa magnificence tous les jours.<\/p>\n<p>L\u2019\u00e9l\u00e9gante table de maquillage pour dames a un design int\u00e9ressant. Le couvercle sup\u00e9rieur de son comptoir est soulev\u00e9 et install\u00e9 \u00e0 la coiffeuse avec un miroir. \u00c0 l\u2019int\u00e9rieur, il y a un compartiment spacieux pour diverses choses pour femmes et un petit tiroir avec une poign\u00e9e. Une fois pli\u00e9e, il s\u2019agit d\u2019une petite table mignonne ordinaire, sur laquelle vous pouvez toujours installer un vase ou un autre d\u00e9cor int\u00e9rieur.<\/p>\n<p>Fabriqu\u00e9s dans le style ancien Fran\u00e7ais, les meubles anciens de l\u2019usine Yves Fouquet sont fabriqu\u00e9s \u00e0 la main sur commande. Vous pouvez toujours apporter vos propres ajustements \u00e0 sa conception et \u00e0 ses dimensions.<\/p>\n","protected":false},"excerpt":{"rendered":"<p>Dimensions: L790 x H860 x P500<\/p>\n<p><span class=\"Apple-converted-space\">Couvercle de levage avec miroir et 1 tiroir interne<\/span><\/p>\n<p>Couleur: Sans peinture, vous pouvez choisir la couleur.<\/p>\n","protected":false},"featured_media":16764,"template":"","meta":[],"product_cat":[176,165],"product_tag":[],"yoast_head":"<!-- This site is optimized with the Yoast SEO Premium plugin v20.7 (Yoast SEO v20.8) - https:\/\/yoast.com\/wordpress\/plugins\/seo\/ -->\n<title>Coiffeuse antique en bois naturel - Yves Fouquet<\/title>\n<meta name=\"description\" content=\"Table en bois vintage. Mobilier design unique fait \u00e0 la main sur commande. Production de l\u2019usine de meubles Yves Fouquet en Ukraine selon les technologies Fran\u00e7ais anciennes\" \/>\n<meta name=\"robots\" content=\"index, follow, max-snippet:-1, max-image-preview:large, max-video-preview:-1\" \/>\n<link rel=\"canonical\" href=\"https:\/\/yvesfouquet.com\/fr\/produit\/tualetnyj-stolik-tm044-2\/\" \/>\n<meta property=\"og:locale\" content=\"fr_FR\" \/>\n<meta property=\"og:type\" content=\"article\" \/>\n<meta property=\"og:title\" content=\"Coiffeuse TM044\" \/>\n<meta property=\"og:description\" content=\"Table en bois vintage. Mobilier design unique fait \u00e0 la main sur commande. Production de l\u2019usine de meubles Yves Fouquet en Ukraine selon les technologies Fran\u00e7ais anciennes\" \/>\n<meta property=\"og:url\" content=\"https:\/\/yvesfouquet.com\/fr\/produit\/tualetnyj-stolik-tm044-2\/\" \/>\n<meta property=\"og:site_name\" content=\"Yves Fouquet\" \/>\n<meta property=\"article:publisher\" content=\"https:\/\/www.facebook.com\/boutiueyvesfouquet\" \/>\n<meta property=\"og:image\" content=\"https:\/\/yvesfouquet.com\/wp-content\/uploads\/2020\/10\/tm044_2.png\" \/>\n\t<meta property=\"og:image:width\" content=\"1600\" \/>\n\t<meta property=\"og:image:height\" content=\"1600\" \/>\n\t<meta property=\"og:image:type\" content=\"image\/png\" \/>\n<meta name=\"twitter:card\" content=\"summary_large_image\" \/>\n<meta name=\"twitter:label1\" content=\"Prix\" \/>\n\t<meta name=\"twitter:data1\" content=\"\" \/>\n\t<meta name=\"twitter:label2\" content=\"Disponibilit\u00e9\" \/>\n\t<meta name=\"twitter:data2\" content=\"En r\u00e9assort\" \/>\n<script type=\"application\/ld+json\" class=\"yoast-schema-graph\">{\"@context\":\"https:\/\/schema.org\",\"@graph\":[{\"@type\":[\"WebPage\",\"ItemPage\"],\"@id\":\"https:\/\/yvesfouquet.com\/fr\/produit\/tualetnyj-stolik-tm044-2\/\",\"url\":\"https:\/\/yvesfouquet.com\/fr\/produit\/tualetnyj-stolik-tm044-2\/\",\"name\":\"Coiffeuse antique en bois naturel - Yves Fouquet\",\"isPartOf\":{\"@id\":\"https:\/\/yvesfouquet.com\/#website\"},\"datePublished\":\"2022-04-28T16:42:45+00:00\",\"dateModified\":\"2022-04-28T16:42:45+00:00\",\"description\":\"Table en bois vintage. Mobilier design unique fait \u00e0 la main sur commande. Production de l\u2019usine de meubles Yves Fouquet en Ukraine selon les technologies Fran\u00e7ais anciennes\",\"breadcrumb\":{\"@id\":\"https:\/\/yvesfouquet.com\/fr\/produit\/tualetnyj-stolik-tm044-2\/#breadcrumb\"},\"inLanguage\":\"fr-FR\",\"potentialAction\":[{\"@type\":\"ReadAction\",\"target\":[\"https:\/\/yvesfouquet.com\/fr\/produit\/tualetnyj-stolik-tm044-2\/\"]}]},{\"@type\":\"BreadcrumbList\",\"@id\":\"https:\/\/yvesfouquet.com\/fr\/produit\/tualetnyj-stolik-tm044-2\/#breadcrumb\",\"itemListElement\":[{\"@type\":\"ListItem\",\"position\":1,\"name\":\"\u0413\u043b\u0430\u0432\u043d\u0430\u044f\",\"item\":\"https:\/\/yvesfouquet.com\/fr\/\"},{\"@type\":\"ListItem\",\"position\":2,\"name\":\"Collections\",\"item\":\"https:\/\/yvesfouquet.com\/fr\/collections\/\"},{\"@type\":\"ListItem\",\"position\":3,\"name\":\"Coiffeuse TM044\"}]},{\"@type\":\"WebSite\",\"@id\":\"https:\/\/yvesfouquet.com\/#website\",\"url\":\"https:\/\/yvesfouquet.com\/\",\"name\":\"Yves Fouquet\",\"description\":\"\u0424\u0440\u0430\u043d\u0446\u0443\u0437\u0441\u043a\u0430\u044f \u043c\u0435\u0431\u0435\u043b\u044c\",\"potentialAction\":[{\"@type\":\"SearchAction\",\"target\":{\"@type\":\"EntryPoint\",\"urlTemplate\":\"https:\/\/yvesfouquet.com\/?s={search_term_string}\"},\"query-input\":\"required name=search_term_string\"}],\"inLanguage\":\"fr-FR\"}]}<\/script>\n<meta property=\"product:price:amount\" content=\"0\" \/>\n<meta property=\"product:price:currency\" content=\"EUR\" \/>\n<meta property=\"og:availability\" content=\"backorder\" \/>\n<meta property=\"product:availability\" content=\"available for order\" \/>\n<meta property=\"product:retailer_item_id\" content=\"TM044\" \/>\n<meta property=\"product:condition\" content=\"new\" \/>\n<!-- \/ Yoast SEO Premium plugin. -->","yoast_head_json":{"title":"Coiffeuse antique en bois naturel - Yves Fouquet","description":"Table en bois vintage. Mobilier design unique fait \u00e0 la main sur commande. Production de l\u2019usine de meubles Yves Fouquet en Ukraine selon les technologies Fran\u00e7ais anciennes","robots":{"index":"index","follow":"follow","max-snippet":"max-snippet:-1","max-image-preview":"max-image-preview:large","max-video-preview":"max-video-preview:-1"},"canonical":"https:\/\/yvesfouquet.com\/fr\/produit\/tualetnyj-stolik-tm044-2\/","og_locale":"fr_FR","og_type":"article","og_title":"Coiffeuse TM044","og_description":"Table en bois vintage. Mobilier design unique fait \u00e0 la main sur commande. Production de l\u2019usine de meubles Yves Fouquet en Ukraine selon les technologies Fran\u00e7ais anciennes","og_url":"https:\/\/yvesfouquet.com\/fr\/produit\/tualetnyj-stolik-tm044-2\/","og_site_name":"Yves Fouquet","article_publisher":"https:\/\/www.facebook.com\/boutiueyvesfouquet","og_image":[{"width":1600,"height":1600,"url":"https:\/\/yvesfouquet.com\/wp-content\/uploads\/2020\/10\/tm044_2.png","type":"image\/png"}],"twitter_card":"summary_large_image","twitter_misc":{"Prix":"","Disponibilit\u00e9":"En r\u00e9assort"},"schema":{"@context":"https:\/\/schema.org","@graph":[{"@type":["WebPage","ItemPage"],"@id":"https:\/\/yvesfouquet.com\/fr\/produit\/tualetnyj-stolik-tm044-2\/","url":"https:\/\/yvesfouquet.com\/fr\/produit\/tualetnyj-stolik-tm044-2\/","name":"Coiffeuse antique en bois naturel - Yves Fouquet","isPartOf":{"@id":"https:\/\/yvesfouquet.com\/#website"},"datePublished":"2022-04-28T16:42:45+00:00","dateModified":"2022-04-28T16:42:45+00:00","description":"Table en bois vintage. Mobilier design unique fait \u00e0 la main sur commande. Production de l\u2019usine de meubles Yves Fouquet en Ukraine selon les technologies Fran\u00e7ais anciennes","breadcrumb":{"@id":"https:\/\/yvesfouquet.com\/fr\/produit\/tualetnyj-stolik-tm044-2\/#breadcrumb"},"inLanguage":"fr-FR","potentialAction":[{"@type":"ReadAction","target":["https:\/\/yvesfouquet.com\/fr\/produit\/tualetnyj-stolik-tm044-2\/"]}]},{"@type":"BreadcrumbList","@id":"https:\/\/yvesfouquet.com\/fr\/produit\/tualetnyj-stolik-tm044-2\/#breadcrumb","itemListElement":[{"@type":"ListItem","position":1,"name":"\u0413\u043b\u0430\u0432\u043d\u0430\u044f","item":"https:\/\/yvesfouquet.com\/fr\/"},{"@type":"ListItem","position":2,"name":"Collections","item":"https:\/\/yvesfouquet.com\/fr\/collections\/"},{"@type":"ListItem","position":3,"name":"Coiffeuse TM044"}]},{"@type":"WebSite","@id":"https:\/\/yvesfouquet.com\/#website","url":"https:\/\/yvesfouquet.com\/","name":"Yves Fouquet","description":"\u0424\u0440\u0430\u043d\u0446\u0443\u0437\u0441\u043a\u0430\u044f \u043c\u0435\u0431\u0435\u043b\u044c","potentialAction":[{"@type":"SearchAction","target":{"@type":"EntryPoint","urlTemplate":"https:\/\/yvesfouquet.com\/?s={search_term_string}"},"query-input":"required name=search_term_string"}],"inLanguage":"fr-FR"}]},"product_price_currency":"EUR","og_availability":"backorder","product_availability":"available for order","product_retailer_item_id":"TM044","product_condition":"new"},"_links":{"self":[{"href":"https:\/\/yvesfouquet.com\/fr\/wp-json\/wp\/v2\/product\/18085"}],"collection":[{"href":"https:\/\/yvesfouquet.com\/fr\/wp-json\/wp\/v2\/product"}],"about":[{"href":"https:\/\/yvesfouquet.com\/fr\/wp-json\/wp\/v2\/types\/product"}],"version-history":[{"count":0,"href":"https:\/\/yvesfouquet.com\/fr\/wp-json\/wp\/v2\/product\/18085\/revisions"}],"wp:featuredmedia":[{"embeddable":true,"href":"https:\/\/yvesfouquet.com\/fr\/wp-json\/wp\/v2\/media\/16764"}],"wp:attachment":[{"href":"https:\/\/yvesfouquet.com\/fr\/wp-json\/wp\/v2\/media?parent=18085"}],"wp:term":[{"taxonomy":"product_cat","embeddable":true,"href":"https:\/\/yvesfouquet.com\/fr\/wp-json\/wp\/v2\/product_cat?post=18085"},{"taxonomy":"product_tag","embeddable":true,"href":"https:\/\/yvesfouquet.com\/fr\/wp-json\/wp\/v2\/product_tag?post=18085"}],"curies":[{"name":"wp","href":"https:\/\/api.w.org\/{rel}","templated":true}]}}