{"id":18089,"date":"2020-10-26T13:46:35","date_gmt":"2022-04-28T16:42:46","guid":{"rendered":"https:\/\/yvesfouquet.com\/coiffeuse\/"},"modified":"2022-04-28T19:42:46","modified_gmt":"2022-04-28T16:42:46","slug":"tualetnyj-stolik-2","status":"publish","type":"product","link":"https:\/\/yvesfouquet.com\/fr\/produit\/tualetnyj-stolik-2\/","title":{"rendered":"Coiffeuse"},"content":{"rendered":"<p>Bureau en bois \u00e9l\u00e9gant et aristocratique dans le style ancien Fran\u00e7ais des ma\u00eetres de l\u2019usine de meubles Yves Fouquet. Avec un l\u00e9ger mouvement de la main, il se transforme miraculeusement en une coiffeuse confortable avec un miroir de maquillage. \u00c9l\u00e9gant et raffin\u00e9, il aura l\u2019air merveilleux \u00e0 la fois dans le salon et dans la chambre \u00e0 coucher.<\/p>\n<p>Fonctionnel et multit\u00e2che, beau et authentique. Un mod\u00e8le exclusif de bureau fait \u00e0 la main sera une option id\u00e9ale pour l\u2019int\u00e9rieur d\u2019une maison moderne dans un style vintage.<\/p>\n<p>Les fines courbes des pieds s\u2019\u00e9l\u00e8vent vers une fa\u00e7ade finement sculpt\u00e9e avec cinq tiroirs de diff\u00e9rentes tailles. Les bordures dor\u00e9es et les magnifiques raccords Fran\u00e7ais conf\u00e8rent au produit un luxe et un chic particuliers.<\/p>\n<p>Le comptoir est parfait pour travailler sur un ordinateur portable et, si n\u00e9cessaire, se soul\u00e8ve facilement, se transformant en un miroir confortable. Sous le comptoir se cache une niche spacieuse, dans le coin le plus \u00e9loign\u00e9 de laquelle se trouve un petit tiroir secret verrouillable.<\/p>\n<p>Des meubles exclusifs de classe premium sont assembl\u00e9s sur commande, en tenant compte de tous les souhaits du client. La conception correspond pleinement \u00e0 l\u2019\u00e9poque historique. Une saveur sp\u00e9ciale est cr\u00e9\u00e9e gr\u00e2ce aux technologies d\u2019assemblage traditionnelles et aux techniques originales de vieillissement artificiel des meubles.<\/p>\n","protected":false},"excerpt":{"rendered":"<p><strong>Article:<\/strong> TD045<\/p>\n<p><strong>Dimensions: <\/strong>L1100 x H780 x P 400<\/p>\n<p><strong>Couvercle<\/strong> de levage avec miroir et 6 tiroirs<\/p>\n","protected":false},"featured_media":20329,"template":"","meta":[],"product_cat":[177,176],"product_tag":[],"yoast_head":"<!-- This site is optimized with the Yoast SEO Premium plugin v20.7 (Yoast SEO v20.8) - https:\/\/yoast.com\/wordpress\/plugins\/seo\/ -->\n<title>Bureau avec miroir dans l\u2019ancien style Fran\u00e7ais - Yves Fouquet<\/title>\n<meta name=\"description\" content=\"Le design exclusif de l\u2019auteur transforme le bureau en une \u00e9l\u00e9gante coiffeuse. D\u00e9cor sculpt\u00e9, anciennes technologies assembl\u00e9es \u00e0 la main, raccords en bronze. Achetez des meubles en bois de premi\u00e8re classe en Ukraine. Produit par Yves Fouquet\" \/>\n<meta name=\"robots\" content=\"index, follow, max-snippet:-1, max-image-preview:large, max-video-preview:-1\" \/>\n<link rel=\"canonical\" href=\"https:\/\/yvesfouquet.com\/fr\/produit\/tualetnyj-stolik-2\/\" \/>\n<meta property=\"og:locale\" content=\"fr_FR\" \/>\n<meta property=\"og:type\" content=\"article\" \/>\n<meta property=\"og:title\" content=\"Coiffeuse\" \/>\n<meta property=\"og:description\" content=\"Le design exclusif de l\u2019auteur transforme le bureau en une \u00e9l\u00e9gante coiffeuse. D\u00e9cor sculpt\u00e9, anciennes technologies assembl\u00e9es \u00e0 la main, raccords en bronze. Achetez des meubles en bois de premi\u00e8re classe en Ukraine. Produit par Yves Fouquet\" \/>\n<meta property=\"og:url\" content=\"https:\/\/yvesfouquet.com\/fr\/produit\/tualetnyj-stolik-2\/\" \/>\n<meta property=\"og:site_name\" content=\"Yves Fouquet\" \/>\n<meta property=\"article:publisher\" content=\"https:\/\/www.facebook.com\/boutiueyvesfouquet\" \/>\n<meta property=\"og:image\" content=\"https:\/\/yvesfouquet.com\/wp-content\/uploads\/2020\/10\/skv_0866-1-1-scaled-1.jpg\" \/>\n\t<meta property=\"og:image:width\" content=\"1600\" \/>\n\t<meta property=\"og:image:height\" content=\"1600\" \/>\n\t<meta property=\"og:image:type\" content=\"image\/jpeg\" \/>\n<meta name=\"twitter:card\" content=\"summary_large_image\" \/>\n<meta name=\"twitter:label1\" content=\"Prix\" \/>\n\t<meta name=\"twitter:data1\" content=\"\" \/>\n\t<meta name=\"twitter:label2\" content=\"Disponibilit\u00e9\" \/>\n\t<meta name=\"twitter:data2\" content=\"En stock\" \/>\n<script type=\"application\/ld+json\" class=\"yoast-schema-graph\">{\"@context\":\"https:\/\/schema.org\",\"@graph\":[{\"@type\":[\"WebPage\",\"ItemPage\"],\"@id\":\"https:\/\/yvesfouquet.com\/fr\/produit\/tualetnyj-stolik-2\/\",\"url\":\"https:\/\/yvesfouquet.com\/fr\/produit\/tualetnyj-stolik-2\/\",\"name\":\"Bureau avec miroir dans l\u2019ancien style Fran\u00e7ais - Yves Fouquet\",\"isPartOf\":{\"@id\":\"https:\/\/yvesfouquet.com\/#website\"},\"datePublished\":\"2022-04-28T16:42:46+00:00\",\"dateModified\":\"2022-04-28T16:42:46+00:00\",\"description\":\"Le design exclusif de l\u2019auteur transforme le bureau en une \u00e9l\u00e9gante coiffeuse. D\u00e9cor sculpt\u00e9, anciennes technologies assembl\u00e9es \u00e0 la main, raccords en bronze. Achetez des meubles en bois de premi\u00e8re classe en Ukraine. Produit par Yves Fouquet\",\"breadcrumb\":{\"@id\":\"https:\/\/yvesfouquet.com\/fr\/produit\/tualetnyj-stolik-2\/#breadcrumb\"},\"inLanguage\":\"fr-FR\",\"potentialAction\":[{\"@type\":\"ReadAction\",\"target\":[\"https:\/\/yvesfouquet.com\/fr\/produit\/tualetnyj-stolik-2\/\"]}]},{\"@type\":\"BreadcrumbList\",\"@id\":\"https:\/\/yvesfouquet.com\/fr\/produit\/tualetnyj-stolik-2\/#breadcrumb\",\"itemListElement\":[{\"@type\":\"ListItem\",\"position\":1,\"name\":\"\u0413\u043b\u0430\u0432\u043d\u0430\u044f\",\"item\":\"https:\/\/yvesfouquet.com\/fr\/\"},{\"@type\":\"ListItem\",\"position\":2,\"name\":\"Collections\",\"item\":\"https:\/\/yvesfouquet.com\/fr\/collections\/\"},{\"@type\":\"ListItem\",\"position\":3,\"name\":\"Coiffeuse\"}]},{\"@type\":\"WebSite\",\"@id\":\"https:\/\/yvesfouquet.com\/#website\",\"url\":\"https:\/\/yvesfouquet.com\/\",\"name\":\"Yves Fouquet\",\"description\":\"\u0424\u0440\u0430\u043d\u0446\u0443\u0437\u0441\u043a\u0430\u044f \u043c\u0435\u0431\u0435\u043b\u044c\",\"potentialAction\":[{\"@type\":\"SearchAction\",\"target\":{\"@type\":\"EntryPoint\",\"urlTemplate\":\"https:\/\/yvesfouquet.com\/?s={search_term_string}\"},\"query-input\":\"required name=search_term_string\"}],\"inLanguage\":\"fr-FR\"}]}<\/script>\n<meta property=\"product:price:amount\" content=\"0\" \/>\n<meta property=\"product:price:currency\" content=\"EUR\" \/>\n<meta property=\"og:availability\" content=\"instock\" \/>\n<meta property=\"product:availability\" content=\"instock\" \/>\n<meta property=\"product:retailer_item_id\" content=\"TD045\" \/>\n<meta property=\"product:condition\" content=\"new\" \/>\n<!-- \/ Yoast SEO Premium plugin. -->","yoast_head_json":{"title":"Bureau avec miroir dans l\u2019ancien style Fran\u00e7ais - Yves Fouquet","description":"Le design exclusif de l\u2019auteur transforme le bureau en une \u00e9l\u00e9gante coiffeuse. D\u00e9cor sculpt\u00e9, anciennes technologies assembl\u00e9es \u00e0 la main, raccords en bronze. Achetez des meubles en bois de premi\u00e8re classe en Ukraine. Produit par Yves Fouquet","robots":{"index":"index","follow":"follow","max-snippet":"max-snippet:-1","max-image-preview":"max-image-preview:large","max-video-preview":"max-video-preview:-1"},"canonical":"https:\/\/yvesfouquet.com\/fr\/produit\/tualetnyj-stolik-2\/","og_locale":"fr_FR","og_type":"article","og_title":"Coiffeuse","og_description":"Le design exclusif de l\u2019auteur transforme le bureau en une \u00e9l\u00e9gante coiffeuse. D\u00e9cor sculpt\u00e9, anciennes technologies assembl\u00e9es \u00e0 la main, raccords en bronze. Achetez des meubles en bois de premi\u00e8re classe en Ukraine. Produit par Yves Fouquet","og_url":"https:\/\/yvesfouquet.com\/fr\/produit\/tualetnyj-stolik-2\/","og_site_name":"Yves Fouquet","article_publisher":"https:\/\/www.facebook.com\/boutiueyvesfouquet","og_image":[{"width":1600,"height":1600,"url":"https:\/\/yvesfouquet.com\/wp-content\/uploads\/2020\/10\/skv_0866-1-1-scaled-1.jpg","type":"image\/jpeg"}],"twitter_card":"summary_large_image","twitter_misc":{"Prix":"","Disponibilit\u00e9":"En stock"},"schema":{"@context":"https:\/\/schema.org","@graph":[{"@type":["WebPage","ItemPage"],"@id":"https:\/\/yvesfouquet.com\/fr\/produit\/tualetnyj-stolik-2\/","url":"https:\/\/yvesfouquet.com\/fr\/produit\/tualetnyj-stolik-2\/","name":"Bureau avec miroir dans l\u2019ancien style Fran\u00e7ais - Yves Fouquet","isPartOf":{"@id":"https:\/\/yvesfouquet.com\/#website"},"datePublished":"2022-04-28T16:42:46+00:00","dateModified":"2022-04-28T16:42:46+00:00","description":"Le design exclusif de l\u2019auteur transforme le bureau en une \u00e9l\u00e9gante coiffeuse. D\u00e9cor sculpt\u00e9, anciennes technologies assembl\u00e9es \u00e0 la main, raccords en bronze. Achetez des meubles en bois de premi\u00e8re classe en Ukraine. Produit par Yves Fouquet","breadcrumb":{"@id":"https:\/\/yvesfouquet.com\/fr\/produit\/tualetnyj-stolik-2\/#breadcrumb"},"inLanguage":"fr-FR","potentialAction":[{"@type":"ReadAction","target":["https:\/\/yvesfouquet.com\/fr\/produit\/tualetnyj-stolik-2\/"]}]},{"@type":"BreadcrumbList","@id":"https:\/\/yvesfouquet.com\/fr\/produit\/tualetnyj-stolik-2\/#breadcrumb","itemListElement":[{"@type":"ListItem","position":1,"name":"\u0413\u043b\u0430\u0432\u043d\u0430\u044f","item":"https:\/\/yvesfouquet.com\/fr\/"},{"@type":"ListItem","position":2,"name":"Collections","item":"https:\/\/yvesfouquet.com\/fr\/collections\/"},{"@type":"ListItem","position":3,"name":"Coiffeuse"}]},{"@type":"WebSite","@id":"https:\/\/yvesfouquet.com\/#website","url":"https:\/\/yvesfouquet.com\/","name":"Yves Fouquet","description":"\u0424\u0440\u0430\u043d\u0446\u0443\u0437\u0441\u043a\u0430\u044f \u043c\u0435\u0431\u0435\u043b\u044c","potentialAction":[{"@type":"SearchAction","target":{"@type":"EntryPoint","urlTemplate":"https:\/\/yvesfouquet.com\/?s={search_term_string}"},"query-input":"required name=search_term_string"}],"inLanguage":"fr-FR"}]},"product_price_currency":"EUR","og_availability":"instock","product_availability":"instock","product_retailer_item_id":"TD045","product_condition":"new"},"_links":{"self":[{"href":"https:\/\/yvesfouquet.com\/fr\/wp-json\/wp\/v2\/product\/18089"}],"collection":[{"href":"https:\/\/yvesfouquet.com\/fr\/wp-json\/wp\/v2\/product"}],"about":[{"href":"https:\/\/yvesfouquet.com\/fr\/wp-json\/wp\/v2\/types\/product"}],"version-history":[{"count":0,"href":"https:\/\/yvesfouquet.com\/fr\/wp-json\/wp\/v2\/product\/18089\/revisions"}],"wp:featuredmedia":[{"embeddable":true,"href":"https:\/\/yvesfouquet.com\/fr\/wp-json\/wp\/v2\/media\/20329"}],"wp:attachment":[{"href":"https:\/\/yvesfouquet.com\/fr\/wp-json\/wp\/v2\/media?parent=18089"}],"wp:term":[{"taxonomy":"product_cat","embeddable":true,"href":"https:\/\/yvesfouquet.com\/fr\/wp-json\/wp\/v2\/product_cat?post=18089"},{"taxonomy":"product_tag","embeddable":true,"href":"https:\/\/yvesfouquet.com\/fr\/wp-json\/wp\/v2\/product_tag?post=18089"}],"curies":[{"name":"wp","href":"https:\/\/api.w.org\/{rel}","templated":true}]}}