{"id":18097,"date":"2020-10-26T21:06:57","date_gmt":"2022-04-28T16:42:48","guid":{"rendered":"https:\/\/yvesfouquet.com\/commode-directoire-mt171\/"},"modified":"2022-04-28T19:42:48","modified_gmt":"2022-04-28T16:42:48","slug":"komod-tumba-directoire-mt171-2","status":"publish","type":"product","link":"https:\/\/yvesfouquet.com\/fr\/produit\/komod-tumba-directoire-mt171-2\/","title":{"rendered":"Commode Directoire MT171"},"content":{"rendered":"<p>Placer commod\u00e9ment le t\u00e9l\u00e9viseur sans s\u2019\u00e9loigner du concept d\u2019un int\u00e9rieur ancien permettra une commode-armoire en bois dans le style du R\u00e9pertoire. Cr\u00e9\u00e9 par les ma\u00eetres de l\u2019usine Yves Fouquet, le mod\u00e8le de l\u2019auteur original est lumineux et authentique. Ces meubles design en bois naturel s\u2019int\u00e8grent harmonieusement dans l\u2019environnement de la maison.<\/p>\n<p>De nos jours, m\u00eame l\u2019int\u00e9rieur vintage le plus aust\u00e8re implique la pr\u00e9sence d\u2019appareils \u00e9lectroniques grand public modernes. Et une commode en bois exclusive pour les antiquit\u00e9s est id\u00e9ale pour son placement. Grand, fiable, fonctionnel, il aura fi\u00e8re allure dans le salon ou la chambre \u00e0 coucher dans le style ancien.<\/p>\n<p>La commode a deux niches ouvertes, un grand tiroir en bas et six petits tiroirs de forme carr\u00e9e sur les c\u00f4t\u00e9s. Vous pouvez agrandir l\u2019espace du comptoir du cadran \u00e0 l\u2019aide d\u2019une \u00e9tag\u00e8re r\u00e9tractable situ\u00e9e en dessous. Gr\u00e2ce \u00e0 la fonctionnalit\u00e9 bien pens\u00e9e, la commode antique vous permettra d\u2019organiser facilement l\u2019\u00e9lectronique domestique et bien d\u2019autres choses.<\/p>\n<p>Une commode exclusive en bois massif est fabriqu\u00e9e sur commande. Tous les travaux sont effectu\u00e9s manuellement, en tenant compte des souhaits individuels du client. Vous pouvez modifier la taille, la couleur, les accessoires et les \u00e9l\u00e9ments de d\u00e9coration des meubles en fonction des caract\u00e9ristiques de votre int\u00e9rieur.<\/p>\n","protected":false},"excerpt":{"rendered":"<p><strong>Dimensions:<\/strong> L1300 x H780 x P425<\/p>\n<p><strong>Description:<\/strong> 2 niches pour l\u2019\u00e9quipement, 1 planche r\u00e9tractable, 1 grand tiroir, 6 petits tiroirs<\/p>\n","protected":false},"featured_media":16598,"template":"","meta":[],"product_cat":[158,178],"product_tag":[],"yoast_head":"<!-- This site is optimized with the Yoast SEO Premium plugin v20.7 (Yoast SEO v20.8) - https:\/\/yoast.com\/wordpress\/plugins\/seo\/ -->\n<title>Commode Meuble TV en bois naturel - Yves Fouquet<\/title>\n<meta name=\"description\" content=\"Meubles anciens design exclusifs pour la maison. Commode int\u00e9rieure en bois avec tiroirs dans le salon. Montage manuel, raccords d\u2019\u00e9lite, d\u00e9cor d\u2019origine. Production en Ukraine usine Yves Fouquet\" \/>\n<meta name=\"robots\" content=\"index, follow, max-snippet:-1, max-image-preview:large, max-video-preview:-1\" \/>\n<link rel=\"canonical\" href=\"https:\/\/yvesfouquet.com\/fr\/produit\/komod-tumba-directoire-mt171-2\/\" \/>\n<meta property=\"og:locale\" content=\"fr_FR\" \/>\n<meta property=\"og:type\" content=\"article\" \/>\n<meta property=\"og:title\" content=\"Commode Directoire MT171\" \/>\n<meta property=\"og:description\" content=\"Meubles anciens design exclusifs pour la maison. Commode int\u00e9rieure en bois avec tiroirs dans le salon. Montage manuel, raccords d\u2019\u00e9lite, d\u00e9cor d\u2019origine. Production en Ukraine usine Yves Fouquet\" \/>\n<meta property=\"og:url\" content=\"https:\/\/yvesfouquet.com\/fr\/produit\/komod-tumba-directoire-mt171-2\/\" \/>\n<meta property=\"og:site_name\" content=\"Yves Fouquet\" \/>\n<meta property=\"article:publisher\" content=\"https:\/\/www.facebook.com\/boutiueyvesfouquet\" \/>\n<meta property=\"og:image\" content=\"https:\/\/yvesfouquet.com\/wp-content\/uploads\/2020\/10\/42-1-1.png\" \/>\n\t<meta property=\"og:image:width\" content=\"1080\" \/>\n\t<meta property=\"og:image:height\" content=\"1080\" \/>\n\t<meta property=\"og:image:type\" content=\"image\/png\" \/>\n<meta name=\"twitter:card\" content=\"summary_large_image\" \/>\n<meta name=\"twitter:label1\" content=\"Prix\" \/>\n\t<meta name=\"twitter:data1\" content=\"\" \/>\n\t<meta name=\"twitter:label2\" content=\"Disponibilit\u00e9\" \/>\n\t<meta name=\"twitter:data2\" content=\"En stock\" \/>\n<script type=\"application\/ld+json\" class=\"yoast-schema-graph\">{\"@context\":\"https:\/\/schema.org\",\"@graph\":[{\"@type\":[\"WebPage\",\"ItemPage\"],\"@id\":\"https:\/\/yvesfouquet.com\/fr\/produit\/komod-tumba-directoire-mt171-2\/\",\"url\":\"https:\/\/yvesfouquet.com\/fr\/produit\/komod-tumba-directoire-mt171-2\/\",\"name\":\"Commode Meuble TV en bois naturel - Yves Fouquet\",\"isPartOf\":{\"@id\":\"https:\/\/yvesfouquet.com\/#website\"},\"datePublished\":\"2022-04-28T16:42:48+00:00\",\"dateModified\":\"2022-04-28T16:42:48+00:00\",\"description\":\"Meubles anciens design exclusifs pour la maison. Commode int\u00e9rieure en bois avec tiroirs dans le salon. Montage manuel, raccords d\u2019\u00e9lite, d\u00e9cor d\u2019origine. Production en Ukraine usine Yves Fouquet\",\"breadcrumb\":{\"@id\":\"https:\/\/yvesfouquet.com\/fr\/produit\/komod-tumba-directoire-mt171-2\/#breadcrumb\"},\"inLanguage\":\"fr-FR\",\"potentialAction\":[{\"@type\":\"ReadAction\",\"target\":[\"https:\/\/yvesfouquet.com\/fr\/produit\/komod-tumba-directoire-mt171-2\/\"]}]},{\"@type\":\"BreadcrumbList\",\"@id\":\"https:\/\/yvesfouquet.com\/fr\/produit\/komod-tumba-directoire-mt171-2\/#breadcrumb\",\"itemListElement\":[{\"@type\":\"ListItem\",\"position\":1,\"name\":\"\u0413\u043b\u0430\u0432\u043d\u0430\u044f\",\"item\":\"https:\/\/yvesfouquet.com\/fr\/\"},{\"@type\":\"ListItem\",\"position\":2,\"name\":\"Collections\",\"item\":\"https:\/\/yvesfouquet.com\/fr\/collections\/\"},{\"@type\":\"ListItem\",\"position\":3,\"name\":\"Commode Directoire MT171\"}]},{\"@type\":\"WebSite\",\"@id\":\"https:\/\/yvesfouquet.com\/#website\",\"url\":\"https:\/\/yvesfouquet.com\/\",\"name\":\"Yves Fouquet\",\"description\":\"\u0424\u0440\u0430\u043d\u0446\u0443\u0437\u0441\u043a\u0430\u044f \u043c\u0435\u0431\u0435\u043b\u044c\",\"potentialAction\":[{\"@type\":\"SearchAction\",\"target\":{\"@type\":\"EntryPoint\",\"urlTemplate\":\"https:\/\/yvesfouquet.com\/?s={search_term_string}\"},\"query-input\":\"required name=search_term_string\"}],\"inLanguage\":\"fr-FR\"}]}<\/script>\n<meta property=\"product:price:amount\" content=\"0\" \/>\n<meta property=\"product:price:currency\" content=\"EUR\" \/>\n<meta property=\"og:availability\" content=\"instock\" \/>\n<meta property=\"product:availability\" content=\"instock\" \/>\n<meta property=\"product:retailer_item_id\" content=\"MT171\" \/>\n<meta property=\"product:condition\" content=\"new\" \/>\n<!-- \/ Yoast SEO Premium plugin. -->","yoast_head_json":{"title":"Commode Meuble TV en bois naturel - Yves Fouquet","description":"Meubles anciens design exclusifs pour la maison. Commode int\u00e9rieure en bois avec tiroirs dans le salon. Montage manuel, raccords d\u2019\u00e9lite, d\u00e9cor d\u2019origine. Production en Ukraine usine Yves Fouquet","robots":{"index":"index","follow":"follow","max-snippet":"max-snippet:-1","max-image-preview":"max-image-preview:large","max-video-preview":"max-video-preview:-1"},"canonical":"https:\/\/yvesfouquet.com\/fr\/produit\/komod-tumba-directoire-mt171-2\/","og_locale":"fr_FR","og_type":"article","og_title":"Commode Directoire MT171","og_description":"Meubles anciens design exclusifs pour la maison. Commode int\u00e9rieure en bois avec tiroirs dans le salon. Montage manuel, raccords d\u2019\u00e9lite, d\u00e9cor d\u2019origine. Production en Ukraine usine Yves Fouquet","og_url":"https:\/\/yvesfouquet.com\/fr\/produit\/komod-tumba-directoire-mt171-2\/","og_site_name":"Yves Fouquet","article_publisher":"https:\/\/www.facebook.com\/boutiueyvesfouquet","og_image":[{"width":1080,"height":1080,"url":"https:\/\/yvesfouquet.com\/wp-content\/uploads\/2020\/10\/42-1-1.png","type":"image\/png"}],"twitter_card":"summary_large_image","twitter_misc":{"Prix":"","Disponibilit\u00e9":"En stock"},"schema":{"@context":"https:\/\/schema.org","@graph":[{"@type":["WebPage","ItemPage"],"@id":"https:\/\/yvesfouquet.com\/fr\/produit\/komod-tumba-directoire-mt171-2\/","url":"https:\/\/yvesfouquet.com\/fr\/produit\/komod-tumba-directoire-mt171-2\/","name":"Commode Meuble TV en bois naturel - Yves Fouquet","isPartOf":{"@id":"https:\/\/yvesfouquet.com\/#website"},"datePublished":"2022-04-28T16:42:48+00:00","dateModified":"2022-04-28T16:42:48+00:00","description":"Meubles anciens design exclusifs pour la maison. Commode int\u00e9rieure en bois avec tiroirs dans le salon. Montage manuel, raccords d\u2019\u00e9lite, d\u00e9cor d\u2019origine. Production en Ukraine usine Yves Fouquet","breadcrumb":{"@id":"https:\/\/yvesfouquet.com\/fr\/produit\/komod-tumba-directoire-mt171-2\/#breadcrumb"},"inLanguage":"fr-FR","potentialAction":[{"@type":"ReadAction","target":["https:\/\/yvesfouquet.com\/fr\/produit\/komod-tumba-directoire-mt171-2\/"]}]},{"@type":"BreadcrumbList","@id":"https:\/\/yvesfouquet.com\/fr\/produit\/komod-tumba-directoire-mt171-2\/#breadcrumb","itemListElement":[{"@type":"ListItem","position":1,"name":"\u0413\u043b\u0430\u0432\u043d\u0430\u044f","item":"https:\/\/yvesfouquet.com\/fr\/"},{"@type":"ListItem","position":2,"name":"Collections","item":"https:\/\/yvesfouquet.com\/fr\/collections\/"},{"@type":"ListItem","position":3,"name":"Commode Directoire MT171"}]},{"@type":"WebSite","@id":"https:\/\/yvesfouquet.com\/#website","url":"https:\/\/yvesfouquet.com\/","name":"Yves Fouquet","description":"\u0424\u0440\u0430\u043d\u0446\u0443\u0437\u0441\u043a\u0430\u044f \u043c\u0435\u0431\u0435\u043b\u044c","potentialAction":[{"@type":"SearchAction","target":{"@type":"EntryPoint","urlTemplate":"https:\/\/yvesfouquet.com\/?s={search_term_string}"},"query-input":"required name=search_term_string"}],"inLanguage":"fr-FR"}]},"product_price_currency":"EUR","og_availability":"instock","product_availability":"instock","product_retailer_item_id":"MT171","product_condition":"new"},"_links":{"self":[{"href":"https:\/\/yvesfouquet.com\/fr\/wp-json\/wp\/v2\/product\/18097"}],"collection":[{"href":"https:\/\/yvesfouquet.com\/fr\/wp-json\/wp\/v2\/product"}],"about":[{"href":"https:\/\/yvesfouquet.com\/fr\/wp-json\/wp\/v2\/types\/product"}],"version-history":[{"count":0,"href":"https:\/\/yvesfouquet.com\/fr\/wp-json\/wp\/v2\/product\/18097\/revisions"}],"wp:featuredmedia":[{"embeddable":true,"href":"https:\/\/yvesfouquet.com\/fr\/wp-json\/wp\/v2\/media\/16598"}],"wp:attachment":[{"href":"https:\/\/yvesfouquet.com\/fr\/wp-json\/wp\/v2\/media?parent=18097"}],"wp:term":[{"taxonomy":"product_cat","embeddable":true,"href":"https:\/\/yvesfouquet.com\/fr\/wp-json\/wp\/v2\/product_cat?post=18097"},{"taxonomy":"product_tag","embeddable":true,"href":"https:\/\/yvesfouquet.com\/fr\/wp-json\/wp\/v2\/product_tag?post=18097"}],"curies":[{"name":"wp","href":"https:\/\/api.w.org\/{rel}","templated":true}]}}