{"id":18103,"date":"2020-10-26T18:10:05","date_gmt":"2022-04-28T16:42:52","guid":{"rendered":"https:\/\/yvesfouquet.com\/table-de-lampe-avec-frise-sculptee-bc008\/"},"modified":"2022-04-28T19:42:52","modified_gmt":"2022-04-28T16:42:52","slug":"stolik-pod-lampu-s-reznym-frizom-bc008-2","status":"publish","type":"product","link":"https:\/\/yvesfouquet.com\/fr\/produit\/stolik-pod-lampu-s-reznym-frizom-bc008-2\/","title":{"rendered":"Table de lampe avec frise sculpt\u00e9e BC008"},"content":{"rendered":"<p>Le confort se compose de bagatelles, bien qu\u2019il soit difficile d\u2019appeler une petite mais tr\u00e8s belle table en bois sous la lampe. C\u2019est exactement le petit mais tr\u00e8s mignon d\u00e9tail de l\u2019int\u00e9rieur de la maison, ce qui lui donne une chaleur et un confort particuliers. Une magnifique table design avec une frise sculpt\u00e9e des ma\u00eetres de l\u2019usine de meubles Yves Fouquet d\u00e9corera votre int\u00e9rieur.<\/p>\n<p>Une table carr\u00e9e forte, stable et fiable dans le style old Fran\u00e7ais a son charme et son charisme. Il est non seulement beau, mais aussi fonctionnel. En bas, ses pieds sont reli\u00e9s par une \u00e9tag\u00e8re, o\u00f9 il est pratique de placer une pile de livres ou de magazines. Sous le comptoir serti s\u2019affiche une large frise avec des diamants sculpt\u00e9s, derri\u00e8re laquelle se trouve un tiroir coulissant pour ranger diverses bagatelles.<\/p>\n<p>Fabriqu\u00e9e sous des antiquit\u00e9s, une table en bois naturel peut \u00eatre plac\u00e9e dans le salon pr\u00e8s de votre fauteuil pr\u00e9f\u00e9r\u00e9. Dans la chambre \u00e0 coucher, il remplira parfaitement les fonctions d\u2019une table de chevet. Pour que le produit s\u2019int\u00e8gre parfaitement dans votre mobilier, vous pouvez choisir la couleur et les \u00e9l\u00e9ments de d\u00e9coration adapt\u00e9s \u00e0 l\u2019int\u00e9rieur.<\/p>\n<p>Les meubles design exclusifs pour antiquit\u00e9s sont fabriqu\u00e9s manuellement sur commande \u00e0 l\u2019aide de technologies traditionnelles. Les artisans utilisent des connexions \u00e0 rainures \u00e0 pointes, des queues d\u2019aronde et des clous en bois. La couleur vive de l\u2019antiquit\u00e9 est habilement obtenue par les effets du vieillissement.<\/p>\n","protected":false},"excerpt":{"rendered":"<p><strong>Dimensions:<\/strong> L500 x H500 x P 500<\/p>\n<p><strong>Description:<\/strong> 1 tiroir<\/p>\n","protected":false},"featured_media":15820,"template":"","meta":[],"product_cat":[165,166],"product_tag":[],"yoast_head":"<!-- This site is optimized with the Yoast SEO Premium plugin v20.7 (Yoast SEO v20.8) - https:\/\/yoast.com\/wordpress\/plugins\/seo\/ -->\n<title>Armoire de table en bois avec d\u00e9cor sculpt\u00e9 sous la lampe - Yves Fouquet<\/title>\n<meta name=\"description\" content=\"Mobilier design exclusif pour antiquit\u00e9s fabriqu\u00e9es \u00e0 la main. Production Ukraine usine de meubles Yves Fouquet. Bois de qualit\u00e9, sculptures, accessoires de luxe\" \/>\n<meta name=\"robots\" content=\"index, follow, max-snippet:-1, max-image-preview:large, max-video-preview:-1\" \/>\n<link rel=\"canonical\" href=\"https:\/\/yvesfouquet.com\/fr\/produit\/stolik-pod-lampu-s-reznym-frizom-bc008-2\/\" \/>\n<meta property=\"og:locale\" content=\"fr_FR\" \/>\n<meta property=\"og:type\" content=\"article\" \/>\n<meta property=\"og:title\" content=\"Table de lampe avec frise sculpt\u00e9e BC008\" \/>\n<meta property=\"og:description\" content=\"Mobilier design exclusif pour antiquit\u00e9s fabriqu\u00e9es \u00e0 la main. Production Ukraine usine de meubles Yves Fouquet. Bois de qualit\u00e9, sculptures, accessoires de luxe\" \/>\n<meta property=\"og:url\" content=\"https:\/\/yvesfouquet.com\/fr\/produit\/stolik-pod-lampu-s-reznym-frizom-bc008-2\/\" \/>\n<meta property=\"og:site_name\" content=\"Yves Fouquet\" \/>\n<meta property=\"article:publisher\" content=\"https:\/\/www.facebook.com\/boutiueyvesfouquet\" \/>\n<meta property=\"og:image\" content=\"https:\/\/yvesfouquet.com\/wp-content\/uploads\/2020\/10\/bc008.png\" \/>\n\t<meta property=\"og:image:width\" content=\"1920\" \/>\n\t<meta property=\"og:image:height\" content=\"1920\" \/>\n\t<meta property=\"og:image:type\" content=\"image\/png\" \/>\n<meta name=\"twitter:card\" content=\"summary_large_image\" \/>\n<meta name=\"twitter:label1\" content=\"Prix\" \/>\n\t<meta name=\"twitter:data1\" content=\"\" \/>\n\t<meta name=\"twitter:label2\" content=\"Disponibilit\u00e9\" \/>\n\t<meta name=\"twitter:data2\" content=\"En stock\" \/>\n<script type=\"application\/ld+json\" class=\"yoast-schema-graph\">{\"@context\":\"https:\/\/schema.org\",\"@graph\":[{\"@type\":[\"WebPage\",\"ItemPage\"],\"@id\":\"https:\/\/yvesfouquet.com\/fr\/produit\/stolik-pod-lampu-s-reznym-frizom-bc008-2\/\",\"url\":\"https:\/\/yvesfouquet.com\/fr\/produit\/stolik-pod-lampu-s-reznym-frizom-bc008-2\/\",\"name\":\"Armoire de table en bois avec d\u00e9cor sculpt\u00e9 sous la lampe - Yves Fouquet\",\"isPartOf\":{\"@id\":\"https:\/\/yvesfouquet.com\/#website\"},\"datePublished\":\"2022-04-28T16:42:52+00:00\",\"dateModified\":\"2022-04-28T16:42:52+00:00\",\"description\":\"Mobilier design exclusif pour antiquit\u00e9s fabriqu\u00e9es \u00e0 la main. Production Ukraine usine de meubles Yves Fouquet. Bois de qualit\u00e9, sculptures, accessoires de luxe\",\"breadcrumb\":{\"@id\":\"https:\/\/yvesfouquet.com\/fr\/produit\/stolik-pod-lampu-s-reznym-frizom-bc008-2\/#breadcrumb\"},\"inLanguage\":\"fr-FR\",\"potentialAction\":[{\"@type\":\"ReadAction\",\"target\":[\"https:\/\/yvesfouquet.com\/fr\/produit\/stolik-pod-lampu-s-reznym-frizom-bc008-2\/\"]}]},{\"@type\":\"BreadcrumbList\",\"@id\":\"https:\/\/yvesfouquet.com\/fr\/produit\/stolik-pod-lampu-s-reznym-frizom-bc008-2\/#breadcrumb\",\"itemListElement\":[{\"@type\":\"ListItem\",\"position\":1,\"name\":\"\u0413\u043b\u0430\u0432\u043d\u0430\u044f\",\"item\":\"https:\/\/yvesfouquet.com\/fr\/\"},{\"@type\":\"ListItem\",\"position\":2,\"name\":\"Collections\",\"item\":\"https:\/\/yvesfouquet.com\/fr\/collections\/\"},{\"@type\":\"ListItem\",\"position\":3,\"name\":\"Table de lampe avec frise sculpt\u00e9e BC008\"}]},{\"@type\":\"WebSite\",\"@id\":\"https:\/\/yvesfouquet.com\/#website\",\"url\":\"https:\/\/yvesfouquet.com\/\",\"name\":\"Yves Fouquet\",\"description\":\"\u0424\u0440\u0430\u043d\u0446\u0443\u0437\u0441\u043a\u0430\u044f \u043c\u0435\u0431\u0435\u043b\u044c\",\"potentialAction\":[{\"@type\":\"SearchAction\",\"target\":{\"@type\":\"EntryPoint\",\"urlTemplate\":\"https:\/\/yvesfouquet.com\/?s={search_term_string}\"},\"query-input\":\"required name=search_term_string\"}],\"inLanguage\":\"fr-FR\"}]}<\/script>\n<meta property=\"product:price:amount\" content=\"0\" \/>\n<meta property=\"product:price:currency\" content=\"EUR\" \/>\n<meta property=\"og:availability\" content=\"instock\" \/>\n<meta property=\"product:availability\" content=\"instock\" \/>\n<meta property=\"product:retailer_item_id\" content=\"BC008\" \/>\n<meta property=\"product:condition\" content=\"new\" \/>\n<!-- \/ Yoast SEO Premium plugin. -->","yoast_head_json":{"title":"Armoire de table en bois avec d\u00e9cor sculpt\u00e9 sous la lampe - Yves Fouquet","description":"Mobilier design exclusif pour antiquit\u00e9s fabriqu\u00e9es \u00e0 la main. Production Ukraine usine de meubles Yves Fouquet. Bois de qualit\u00e9, sculptures, accessoires de luxe","robots":{"index":"index","follow":"follow","max-snippet":"max-snippet:-1","max-image-preview":"max-image-preview:large","max-video-preview":"max-video-preview:-1"},"canonical":"https:\/\/yvesfouquet.com\/fr\/produit\/stolik-pod-lampu-s-reznym-frizom-bc008-2\/","og_locale":"fr_FR","og_type":"article","og_title":"Table de lampe avec frise sculpt\u00e9e BC008","og_description":"Mobilier design exclusif pour antiquit\u00e9s fabriqu\u00e9es \u00e0 la main. Production Ukraine usine de meubles Yves Fouquet. Bois de qualit\u00e9, sculptures, accessoires de luxe","og_url":"https:\/\/yvesfouquet.com\/fr\/produit\/stolik-pod-lampu-s-reznym-frizom-bc008-2\/","og_site_name":"Yves Fouquet","article_publisher":"https:\/\/www.facebook.com\/boutiueyvesfouquet","og_image":[{"width":1920,"height":1920,"url":"https:\/\/yvesfouquet.com\/wp-content\/uploads\/2020\/10\/bc008.png","type":"image\/png"}],"twitter_card":"summary_large_image","twitter_misc":{"Prix":"","Disponibilit\u00e9":"En stock"},"schema":{"@context":"https:\/\/schema.org","@graph":[{"@type":["WebPage","ItemPage"],"@id":"https:\/\/yvesfouquet.com\/fr\/produit\/stolik-pod-lampu-s-reznym-frizom-bc008-2\/","url":"https:\/\/yvesfouquet.com\/fr\/produit\/stolik-pod-lampu-s-reznym-frizom-bc008-2\/","name":"Armoire de table en bois avec d\u00e9cor sculpt\u00e9 sous la lampe - Yves Fouquet","isPartOf":{"@id":"https:\/\/yvesfouquet.com\/#website"},"datePublished":"2022-04-28T16:42:52+00:00","dateModified":"2022-04-28T16:42:52+00:00","description":"Mobilier design exclusif pour antiquit\u00e9s fabriqu\u00e9es \u00e0 la main. Production Ukraine usine de meubles Yves Fouquet. Bois de qualit\u00e9, sculptures, accessoires de luxe","breadcrumb":{"@id":"https:\/\/yvesfouquet.com\/fr\/produit\/stolik-pod-lampu-s-reznym-frizom-bc008-2\/#breadcrumb"},"inLanguage":"fr-FR","potentialAction":[{"@type":"ReadAction","target":["https:\/\/yvesfouquet.com\/fr\/produit\/stolik-pod-lampu-s-reznym-frizom-bc008-2\/"]}]},{"@type":"BreadcrumbList","@id":"https:\/\/yvesfouquet.com\/fr\/produit\/stolik-pod-lampu-s-reznym-frizom-bc008-2\/#breadcrumb","itemListElement":[{"@type":"ListItem","position":1,"name":"\u0413\u043b\u0430\u0432\u043d\u0430\u044f","item":"https:\/\/yvesfouquet.com\/fr\/"},{"@type":"ListItem","position":2,"name":"Collections","item":"https:\/\/yvesfouquet.com\/fr\/collections\/"},{"@type":"ListItem","position":3,"name":"Table de lampe avec frise sculpt\u00e9e BC008"}]},{"@type":"WebSite","@id":"https:\/\/yvesfouquet.com\/#website","url":"https:\/\/yvesfouquet.com\/","name":"Yves Fouquet","description":"\u0424\u0440\u0430\u043d\u0446\u0443\u0437\u0441\u043a\u0430\u044f \u043c\u0435\u0431\u0435\u043b\u044c","potentialAction":[{"@type":"SearchAction","target":{"@type":"EntryPoint","urlTemplate":"https:\/\/yvesfouquet.com\/?s={search_term_string}"},"query-input":"required name=search_term_string"}],"inLanguage":"fr-FR"}]},"product_price_currency":"EUR","og_availability":"instock","product_availability":"instock","product_retailer_item_id":"BC008","product_condition":"new"},"_links":{"self":[{"href":"https:\/\/yvesfouquet.com\/fr\/wp-json\/wp\/v2\/product\/18103"}],"collection":[{"href":"https:\/\/yvesfouquet.com\/fr\/wp-json\/wp\/v2\/product"}],"about":[{"href":"https:\/\/yvesfouquet.com\/fr\/wp-json\/wp\/v2\/types\/product"}],"version-history":[{"count":0,"href":"https:\/\/yvesfouquet.com\/fr\/wp-json\/wp\/v2\/product\/18103\/revisions"}],"wp:featuredmedia":[{"embeddable":true,"href":"https:\/\/yvesfouquet.com\/fr\/wp-json\/wp\/v2\/media\/15820"}],"wp:attachment":[{"href":"https:\/\/yvesfouquet.com\/fr\/wp-json\/wp\/v2\/media?parent=18103"}],"wp:term":[{"taxonomy":"product_cat","embeddable":true,"href":"https:\/\/yvesfouquet.com\/fr\/wp-json\/wp\/v2\/product_cat?post=18103"},{"taxonomy":"product_tag","embeddable":true,"href":"https:\/\/yvesfouquet.com\/fr\/wp-json\/wp\/v2\/product_tag?post=18103"}],"curies":[{"name":"wp","href":"https:\/\/api.w.org\/{rel}","templated":true}]}}