{"id":18109,"date":"2020-10-26T21:06:33","date_gmt":"2022-04-28T16:43:14","guid":{"rendered":"https:\/\/yvesfouquet.com\/commode-d-armoire-mm202\/"},"modified":"2022-04-28T19:43:14","modified_gmt":"2022-04-28T16:43:14","slug":"komod-dlya-rabochego-kabineta-mm202-2","status":"publish","type":"product","link":"https:\/\/yvesfouquet.com\/fr\/produit\/komod-dlya-rabochego-kabineta-mm202-2\/","title":{"rendered":"Commode d\u2019armoire MM202"},"content":{"rendered":"<p>La commode est un meuble pratique universel indispensable pour la maison et id\u00e9al pour les environnements professionnels. \u00c9l\u00e9gant et repr\u00e9sentatif a l\u2019air commode en bois pour le bureau dans le style ancien. Cr\u00e9\u00e9 par les ma\u00eetres de l\u2019usine Yves Fouquet, le magnifique mod\u00e8le de design deviendra non seulement une d\u00e9coration int\u00e9rieure, mais aussi son important composant fonctionnel.<\/p>\n<p>La commode en bois vintage est \u00e9quip\u00e9e de quatre grands tiroirs s\u00e9par\u00e9s par des lattes de cadre. Dans sa partie sup\u00e9rieure, il y a un rideau semi-circulaire, derri\u00e8re lequel dans une rang\u00e9e il y a quatre petites bo\u00eetes pour les petites choses et la papeterie. L\u2019agrandissement pratique de l\u2019espace de travail permet la carte r\u00e9tractable int\u00e9gr\u00e9e.<\/p>\n<p>Le design strict et la praticit\u00e9 sont des caract\u00e9ristiques des meubles d\u2019armoire. Une commode vintage \u00e9l\u00e9gante et authentique en bois massif ne sera pas seulement un d\u00e9tail lumineux de l\u2019environnement int\u00e9rieur, mais soulignera \u00e9galement le statut et la position d\u2019un homme d\u2019affaires.<\/p>\n<p>Le mod\u00e8le exclusif fait \u00e0 la main est assembl\u00e9 \u00e0 l\u2019aide d\u2019accessoires en bronze Fran\u00e7ais et de la technologie de mobilier traditionnelle. Son style historique sp\u00e9cial est cr\u00e9\u00e9 par une combinaison habile de techniques de vieillissement qui conf\u00e8rent au produit une saveur originale brillante. Une commode en bois sur mesure s\u2019int\u00e9grera harmonieusement dans votre mobilier.<\/p>\n","protected":false},"excerpt":{"rendered":"<p>Largeur: 1080<\/p>\n<p>Hauteur: 930<\/p>\n<p>Profondeur: 450<\/p>\n","protected":false},"featured_media":16540,"template":"","meta":[],"product_cat":[158,140],"product_tag":[],"yoast_head":"<!-- This site is optimized with the Yoast SEO Premium plugin v20.7 (Yoast SEO v20.8) - https:\/\/yoast.com\/wordpress\/plugins\/seo\/ -->\n<title>Commode pour papiers. Meubles d\u2019armoire en bois - Yves Fouquet<\/title>\n<meta name=\"description\" content=\"Commode en bois pour le bureau \u00e0 l\u2019ancienne. Les meubles d\u2019int\u00e9rieur \u00e0 commander en Ukraine sont produits par l\u2019usine d\u2019Yves Fouquet. Design exclusif, assemblage manuel, technologies traditionnelles\" \/>\n<meta name=\"robots\" content=\"index, follow, max-snippet:-1, max-image-preview:large, max-video-preview:-1\" \/>\n<link rel=\"canonical\" href=\"https:\/\/yvesfouquet.com\/fr\/produit\/komod-dlya-rabochego-kabineta-mm202-2\/\" \/>\n<meta property=\"og:locale\" content=\"fr_FR\" \/>\n<meta property=\"og:type\" content=\"article\" \/>\n<meta property=\"og:title\" content=\"Commode d\u2019armoire MM202\" \/>\n<meta property=\"og:description\" content=\"Commode en bois pour le bureau \u00e0 l\u2019ancienne. Les meubles d\u2019int\u00e9rieur \u00e0 commander en Ukraine sont produits par l\u2019usine d\u2019Yves Fouquet. Design exclusif, assemblage manuel, technologies traditionnelles\" \/>\n<meta property=\"og:url\" content=\"https:\/\/yvesfouquet.com\/fr\/produit\/komod-dlya-rabochego-kabineta-mm202-2\/\" \/>\n<meta property=\"og:site_name\" content=\"Yves Fouquet\" \/>\n<meta property=\"article:publisher\" content=\"https:\/\/www.facebook.com\/boutiueyvesfouquet\" \/>\n<meta property=\"og:image\" content=\"https:\/\/yvesfouquet.com\/wp-content\/uploads\/2020\/10\/c572db_e5b1115415d44f9faa56f243feaa44ac-scaled-2.jpg\" \/>\n\t<meta property=\"og:image:width\" content=\"1600\" \/>\n\t<meta property=\"og:image:height\" content=\"1353\" \/>\n\t<meta property=\"og:image:type\" content=\"image\/jpeg\" \/>\n<meta name=\"twitter:card\" content=\"summary_large_image\" \/>\n<meta name=\"twitter:label1\" content=\"Prix\" \/>\n\t<meta name=\"twitter:data1\" content=\"\" \/>\n\t<meta name=\"twitter:label2\" content=\"Disponibilit\u00e9\" \/>\n\t<meta name=\"twitter:data2\" content=\"En stock\" \/>\n<script type=\"application\/ld+json\" class=\"yoast-schema-graph\">{\"@context\":\"https:\/\/schema.org\",\"@graph\":[{\"@type\":[\"WebPage\",\"ItemPage\"],\"@id\":\"https:\/\/yvesfouquet.com\/fr\/produit\/komod-dlya-rabochego-kabineta-mm202-2\/\",\"url\":\"https:\/\/yvesfouquet.com\/fr\/produit\/komod-dlya-rabochego-kabineta-mm202-2\/\",\"name\":\"Commode pour papiers. Meubles d\u2019armoire en bois - Yves Fouquet\",\"isPartOf\":{\"@id\":\"https:\/\/yvesfouquet.com\/#website\"},\"datePublished\":\"2022-04-28T16:43:14+00:00\",\"dateModified\":\"2022-04-28T16:43:14+00:00\",\"description\":\"Commode en bois pour le bureau \u00e0 l\u2019ancienne. Les meubles d\u2019int\u00e9rieur \u00e0 commander en Ukraine sont produits par l\u2019usine d\u2019Yves Fouquet. Design exclusif, assemblage manuel, technologies traditionnelles\",\"breadcrumb\":{\"@id\":\"https:\/\/yvesfouquet.com\/fr\/produit\/komod-dlya-rabochego-kabineta-mm202-2\/#breadcrumb\"},\"inLanguage\":\"fr-FR\",\"potentialAction\":[{\"@type\":\"ReadAction\",\"target\":[\"https:\/\/yvesfouquet.com\/fr\/produit\/komod-dlya-rabochego-kabineta-mm202-2\/\"]}]},{\"@type\":\"BreadcrumbList\",\"@id\":\"https:\/\/yvesfouquet.com\/fr\/produit\/komod-dlya-rabochego-kabineta-mm202-2\/#breadcrumb\",\"itemListElement\":[{\"@type\":\"ListItem\",\"position\":1,\"name\":\"\u0413\u043b\u0430\u0432\u043d\u0430\u044f\",\"item\":\"https:\/\/yvesfouquet.com\/fr\/\"},{\"@type\":\"ListItem\",\"position\":2,\"name\":\"Collections\",\"item\":\"https:\/\/yvesfouquet.com\/fr\/collections\/\"},{\"@type\":\"ListItem\",\"position\":3,\"name\":\"Commode d\u2019armoire MM202\"}]},{\"@type\":\"WebSite\",\"@id\":\"https:\/\/yvesfouquet.com\/#website\",\"url\":\"https:\/\/yvesfouquet.com\/\",\"name\":\"Yves Fouquet\",\"description\":\"\u0424\u0440\u0430\u043d\u0446\u0443\u0437\u0441\u043a\u0430\u044f \u043c\u0435\u0431\u0435\u043b\u044c\",\"potentialAction\":[{\"@type\":\"SearchAction\",\"target\":{\"@type\":\"EntryPoint\",\"urlTemplate\":\"https:\/\/yvesfouquet.com\/?s={search_term_string}\"},\"query-input\":\"required name=search_term_string\"}],\"inLanguage\":\"fr-FR\"}]}<\/script>\n<meta property=\"product:price:amount\" content=\"0\" \/>\n<meta property=\"product:price:currency\" content=\"EUR\" \/>\n<meta property=\"og:availability\" content=\"instock\" \/>\n<meta property=\"product:availability\" content=\"instock\" \/>\n<meta property=\"product:retailer_item_id\" content=\"MM202\" \/>\n<meta property=\"product:condition\" content=\"new\" \/>\n<!-- \/ Yoast SEO Premium plugin. -->","yoast_head_json":{"title":"Commode pour papiers. Meubles d\u2019armoire en bois - Yves Fouquet","description":"Commode en bois pour le bureau \u00e0 l\u2019ancienne. Les meubles d\u2019int\u00e9rieur \u00e0 commander en Ukraine sont produits par l\u2019usine d\u2019Yves Fouquet. Design exclusif, assemblage manuel, technologies traditionnelles","robots":{"index":"index","follow":"follow","max-snippet":"max-snippet:-1","max-image-preview":"max-image-preview:large","max-video-preview":"max-video-preview:-1"},"canonical":"https:\/\/yvesfouquet.com\/fr\/produit\/komod-dlya-rabochego-kabineta-mm202-2\/","og_locale":"fr_FR","og_type":"article","og_title":"Commode d\u2019armoire MM202","og_description":"Commode en bois pour le bureau \u00e0 l\u2019ancienne. Les meubles d\u2019int\u00e9rieur \u00e0 commander en Ukraine sont produits par l\u2019usine d\u2019Yves Fouquet. Design exclusif, assemblage manuel, technologies traditionnelles","og_url":"https:\/\/yvesfouquet.com\/fr\/produit\/komod-dlya-rabochego-kabineta-mm202-2\/","og_site_name":"Yves Fouquet","article_publisher":"https:\/\/www.facebook.com\/boutiueyvesfouquet","og_image":[{"width":1600,"height":1353,"url":"https:\/\/yvesfouquet.com\/wp-content\/uploads\/2020\/10\/c572db_e5b1115415d44f9faa56f243feaa44ac-scaled-2.jpg","type":"image\/jpeg"}],"twitter_card":"summary_large_image","twitter_misc":{"Prix":"","Disponibilit\u00e9":"En stock"},"schema":{"@context":"https:\/\/schema.org","@graph":[{"@type":["WebPage","ItemPage"],"@id":"https:\/\/yvesfouquet.com\/fr\/produit\/komod-dlya-rabochego-kabineta-mm202-2\/","url":"https:\/\/yvesfouquet.com\/fr\/produit\/komod-dlya-rabochego-kabineta-mm202-2\/","name":"Commode pour papiers. Meubles d\u2019armoire en bois - Yves Fouquet","isPartOf":{"@id":"https:\/\/yvesfouquet.com\/#website"},"datePublished":"2022-04-28T16:43:14+00:00","dateModified":"2022-04-28T16:43:14+00:00","description":"Commode en bois pour le bureau \u00e0 l\u2019ancienne. Les meubles d\u2019int\u00e9rieur \u00e0 commander en Ukraine sont produits par l\u2019usine d\u2019Yves Fouquet. Design exclusif, assemblage manuel, technologies traditionnelles","breadcrumb":{"@id":"https:\/\/yvesfouquet.com\/fr\/produit\/komod-dlya-rabochego-kabineta-mm202-2\/#breadcrumb"},"inLanguage":"fr-FR","potentialAction":[{"@type":"ReadAction","target":["https:\/\/yvesfouquet.com\/fr\/produit\/komod-dlya-rabochego-kabineta-mm202-2\/"]}]},{"@type":"BreadcrumbList","@id":"https:\/\/yvesfouquet.com\/fr\/produit\/komod-dlya-rabochego-kabineta-mm202-2\/#breadcrumb","itemListElement":[{"@type":"ListItem","position":1,"name":"\u0413\u043b\u0430\u0432\u043d\u0430\u044f","item":"https:\/\/yvesfouquet.com\/fr\/"},{"@type":"ListItem","position":2,"name":"Collections","item":"https:\/\/yvesfouquet.com\/fr\/collections\/"},{"@type":"ListItem","position":3,"name":"Commode d\u2019armoire MM202"}]},{"@type":"WebSite","@id":"https:\/\/yvesfouquet.com\/#website","url":"https:\/\/yvesfouquet.com\/","name":"Yves Fouquet","description":"\u0424\u0440\u0430\u043d\u0446\u0443\u0437\u0441\u043a\u0430\u044f \u043c\u0435\u0431\u0435\u043b\u044c","potentialAction":[{"@type":"SearchAction","target":{"@type":"EntryPoint","urlTemplate":"https:\/\/yvesfouquet.com\/?s={search_term_string}"},"query-input":"required name=search_term_string"}],"inLanguage":"fr-FR"}]},"product_price_currency":"EUR","og_availability":"instock","product_availability":"instock","product_retailer_item_id":"MM202","product_condition":"new"},"_links":{"self":[{"href":"https:\/\/yvesfouquet.com\/fr\/wp-json\/wp\/v2\/product\/18109"}],"collection":[{"href":"https:\/\/yvesfouquet.com\/fr\/wp-json\/wp\/v2\/product"}],"about":[{"href":"https:\/\/yvesfouquet.com\/fr\/wp-json\/wp\/v2\/types\/product"}],"version-history":[{"count":0,"href":"https:\/\/yvesfouquet.com\/fr\/wp-json\/wp\/v2\/product\/18109\/revisions"}],"wp:featuredmedia":[{"embeddable":true,"href":"https:\/\/yvesfouquet.com\/fr\/wp-json\/wp\/v2\/media\/16540"}],"wp:attachment":[{"href":"https:\/\/yvesfouquet.com\/fr\/wp-json\/wp\/v2\/media?parent=18109"}],"wp:term":[{"taxonomy":"product_cat","embeddable":true,"href":"https:\/\/yvesfouquet.com\/fr\/wp-json\/wp\/v2\/product_cat?post=18109"},{"taxonomy":"product_tag","embeddable":true,"href":"https:\/\/yvesfouquet.com\/fr\/wp-json\/wp\/v2\/product_tag?post=18109"}],"curies":[{"name":"wp","href":"https:\/\/api.w.org\/{rel}","templated":true}]}}