{"id":18113,"date":"2020-10-26T21:04:28","date_gmt":"2022-04-28T16:43:16","guid":{"rendered":"https:\/\/yvesfouquet.com\/commode-louis-xvi-cm143\/"},"modified":"2022-04-28T19:43:16","modified_gmt":"2022-04-28T16:43:16","slug":"komod-louis-xvi-cm143-2","status":"publish","type":"product","link":"https:\/\/yvesfouquet.com\/fr\/produit\/komod-louis-xvi-cm143-2\/","title":{"rendered":"Commode Louis XVi CM143"},"content":{"rendered":"<p>Une commode en bois est un meuble universel qui a fi\u00e8re allure \u00e0 l\u2019int\u00e9rieur et qui convient \u00e0 n\u2019importe quelle partie de la maison. Ce mod\u00e8le de design exclusif dans le style de Louis XVI est un autre exemple du travail de l\u2019auteur des ma\u00eetres de l\u2019usine de meubles Yves Fouquet.<\/p>\n<p>Une commode antique \u00e0 six tiroirs est id\u00e9ale pour la cuisine. Pratique et spacieux, il vous permettra de placer facilement des couverts et des textiles. Le mod\u00e8le est id\u00e9al pour ranger diverses petites choses, il peut donc \u00e9galement \u00eatre install\u00e9 dans la chambre \u00e0 coucher, le salon ou le couloir.<\/p>\n<p>La fa\u00e7ade de la commode a des s\u00e9parateurs dans le style des colonnes antiques. Dans le m\u00eame esprit, ses jambes sculpt\u00e9es sont fabriqu\u00e9es. Un raccord en bronze exclusif s\u00e9lectionn\u00e9 de mani\u00e8re int\u00e9ressante &#8211; sur deux grandes bo\u00eetes, il y a des poign\u00e9es en forme d\u2019anneau, les poign\u00e9es de quatre tiroirs lat\u00e9raux ont la forme de rideaux.<\/p>\n<p>Les lignes claires et les motifs antiques de la commode en bois correspondent aux tendances du mobilier de l\u2019\u00e9poque Louis. Sa simplicit\u00e9 et sa praticit\u00e9 sont efficacement combin\u00e9es avec \u00e9l\u00e9gance et style aristocratique. Les effets du vieillissement et des technologies traditionnelles d\u2019assemblage de meubles conf\u00e8rent au produit un charme historique particulier.<\/p>\n<p>Les meubles en bois sur mesure dans le style ancien Fran\u00e7ais fabriqu\u00e9s par nos ma\u00eetres deviendront une partie lumineuse de votre mobilier.<\/p>\n","protected":false},"excerpt":{"rendered":"<p><strong>Dimensions:<\/strong> L950 x H640 x P450<\/p>\n<p><strong> 6 tiroirs r\u00e9tractables<\/strong><\/p>\n","protected":false},"featured_media":16378,"template":"","meta":[],"product_cat":[158],"product_tag":[],"yoast_head":"<!-- This site is optimized with the Yoast SEO Premium plugin v20.7 (Yoast SEO v20.8) - https:\/\/yoast.com\/wordpress\/plugins\/seo\/ -->\n<title>Commode vintage en bois dans la cuisine \u00e0 commander - Yves Fouquet<\/title>\n<meta name=\"description\" content=\"Meubles d\u2019auteur exclusifs faits \u00e0 la main pour les antiquit\u00e9s. Commode \u00e0 six tiroirs dans l\u2019ancien style de Louis XVI. Acheter des meubles en bois naturel du fabricant Yves Fouquet en Ukraine\" \/>\n<meta name=\"robots\" content=\"index, follow, max-snippet:-1, max-image-preview:large, max-video-preview:-1\" \/>\n<link rel=\"canonical\" href=\"https:\/\/yvesfouquet.com\/fr\/produit\/komod-louis-xvi-cm143-2\/\" \/>\n<meta property=\"og:locale\" content=\"fr_FR\" \/>\n<meta property=\"og:type\" content=\"article\" \/>\n<meta property=\"og:title\" content=\"Commode Louis XVi CM143\" \/>\n<meta property=\"og:description\" content=\"Meubles d\u2019auteur exclusifs faits \u00e0 la main pour les antiquit\u00e9s. Commode \u00e0 six tiroirs dans l\u2019ancien style de Louis XVI. Acheter des meubles en bois naturel du fabricant Yves Fouquet en Ukraine\" \/>\n<meta property=\"og:url\" content=\"https:\/\/yvesfouquet.com\/fr\/produit\/komod-louis-xvi-cm143-2\/\" \/>\n<meta property=\"og:site_name\" content=\"Yves Fouquet\" \/>\n<meta property=\"article:publisher\" content=\"https:\/\/www.facebook.com\/boutiueyvesfouquet\" \/>\n<meta property=\"og:image\" content=\"https:\/\/yvesfouquet.com\/wp-content\/uploads\/2020\/10\/24-2.png\" \/>\n\t<meta property=\"og:image:width\" content=\"1080\" \/>\n\t<meta property=\"og:image:height\" content=\"1080\" \/>\n\t<meta property=\"og:image:type\" content=\"image\/png\" \/>\n<meta name=\"twitter:card\" content=\"summary_large_image\" \/>\n<meta name=\"twitter:label1\" content=\"Prix\" \/>\n\t<meta name=\"twitter:data1\" content=\"\" \/>\n\t<meta name=\"twitter:label2\" content=\"Disponibilit\u00e9\" \/>\n\t<meta name=\"twitter:data2\" content=\"En stock\" \/>\n<script type=\"application\/ld+json\" class=\"yoast-schema-graph\">{\"@context\":\"https:\/\/schema.org\",\"@graph\":[{\"@type\":[\"WebPage\",\"ItemPage\"],\"@id\":\"https:\/\/yvesfouquet.com\/fr\/produit\/komod-louis-xvi-cm143-2\/\",\"url\":\"https:\/\/yvesfouquet.com\/fr\/produit\/komod-louis-xvi-cm143-2\/\",\"name\":\"Commode vintage en bois dans la cuisine \u00e0 commander - Yves Fouquet\",\"isPartOf\":{\"@id\":\"https:\/\/yvesfouquet.com\/#website\"},\"datePublished\":\"2022-04-28T16:43:16+00:00\",\"dateModified\":\"2022-04-28T16:43:16+00:00\",\"description\":\"Meubles d\u2019auteur exclusifs faits \u00e0 la main pour les antiquit\u00e9s. Commode \u00e0 six tiroirs dans l\u2019ancien style de Louis XVI. Acheter des meubles en bois naturel du fabricant Yves Fouquet en Ukraine\",\"breadcrumb\":{\"@id\":\"https:\/\/yvesfouquet.com\/fr\/produit\/komod-louis-xvi-cm143-2\/#breadcrumb\"},\"inLanguage\":\"fr-FR\",\"potentialAction\":[{\"@type\":\"ReadAction\",\"target\":[\"https:\/\/yvesfouquet.com\/fr\/produit\/komod-louis-xvi-cm143-2\/\"]}]},{\"@type\":\"BreadcrumbList\",\"@id\":\"https:\/\/yvesfouquet.com\/fr\/produit\/komod-louis-xvi-cm143-2\/#breadcrumb\",\"itemListElement\":[{\"@type\":\"ListItem\",\"position\":1,\"name\":\"\u0413\u043b\u0430\u0432\u043d\u0430\u044f\",\"item\":\"https:\/\/yvesfouquet.com\/fr\/\"},{\"@type\":\"ListItem\",\"position\":2,\"name\":\"Collections\",\"item\":\"https:\/\/yvesfouquet.com\/fr\/collections\/\"},{\"@type\":\"ListItem\",\"position\":3,\"name\":\"Commode Louis XVi CM143\"}]},{\"@type\":\"WebSite\",\"@id\":\"https:\/\/yvesfouquet.com\/#website\",\"url\":\"https:\/\/yvesfouquet.com\/\",\"name\":\"Yves Fouquet\",\"description\":\"\u0424\u0440\u0430\u043d\u0446\u0443\u0437\u0441\u043a\u0430\u044f \u043c\u0435\u0431\u0435\u043b\u044c\",\"potentialAction\":[{\"@type\":\"SearchAction\",\"target\":{\"@type\":\"EntryPoint\",\"urlTemplate\":\"https:\/\/yvesfouquet.com\/?s={search_term_string}\"},\"query-input\":\"required name=search_term_string\"}],\"inLanguage\":\"fr-FR\"}]}<\/script>\n<meta property=\"product:price:amount\" content=\"0\" \/>\n<meta property=\"product:price:currency\" content=\"EUR\" \/>\n<meta property=\"og:availability\" content=\"instock\" \/>\n<meta property=\"product:availability\" content=\"instock\" \/>\n<meta property=\"product:retailer_item_id\" content=\"CM143\" \/>\n<meta property=\"product:condition\" content=\"new\" \/>\n<!-- \/ Yoast SEO Premium plugin. -->","yoast_head_json":{"title":"Commode vintage en bois dans la cuisine \u00e0 commander - Yves Fouquet","description":"Meubles d\u2019auteur exclusifs faits \u00e0 la main pour les antiquit\u00e9s. Commode \u00e0 six tiroirs dans l\u2019ancien style de Louis XVI. Acheter des meubles en bois naturel du fabricant Yves Fouquet en Ukraine","robots":{"index":"index","follow":"follow","max-snippet":"max-snippet:-1","max-image-preview":"max-image-preview:large","max-video-preview":"max-video-preview:-1"},"canonical":"https:\/\/yvesfouquet.com\/fr\/produit\/komod-louis-xvi-cm143-2\/","og_locale":"fr_FR","og_type":"article","og_title":"Commode Louis XVi CM143","og_description":"Meubles d\u2019auteur exclusifs faits \u00e0 la main pour les antiquit\u00e9s. Commode \u00e0 six tiroirs dans l\u2019ancien style de Louis XVI. Acheter des meubles en bois naturel du fabricant Yves Fouquet en Ukraine","og_url":"https:\/\/yvesfouquet.com\/fr\/produit\/komod-louis-xvi-cm143-2\/","og_site_name":"Yves Fouquet","article_publisher":"https:\/\/www.facebook.com\/boutiueyvesfouquet","og_image":[{"width":1080,"height":1080,"url":"https:\/\/yvesfouquet.com\/wp-content\/uploads\/2020\/10\/24-2.png","type":"image\/png"}],"twitter_card":"summary_large_image","twitter_misc":{"Prix":"","Disponibilit\u00e9":"En stock"},"schema":{"@context":"https:\/\/schema.org","@graph":[{"@type":["WebPage","ItemPage"],"@id":"https:\/\/yvesfouquet.com\/fr\/produit\/komod-louis-xvi-cm143-2\/","url":"https:\/\/yvesfouquet.com\/fr\/produit\/komod-louis-xvi-cm143-2\/","name":"Commode vintage en bois dans la cuisine \u00e0 commander - Yves Fouquet","isPartOf":{"@id":"https:\/\/yvesfouquet.com\/#website"},"datePublished":"2022-04-28T16:43:16+00:00","dateModified":"2022-04-28T16:43:16+00:00","description":"Meubles d\u2019auteur exclusifs faits \u00e0 la main pour les antiquit\u00e9s. Commode \u00e0 six tiroirs dans l\u2019ancien style de Louis XVI. Acheter des meubles en bois naturel du fabricant Yves Fouquet en Ukraine","breadcrumb":{"@id":"https:\/\/yvesfouquet.com\/fr\/produit\/komod-louis-xvi-cm143-2\/#breadcrumb"},"inLanguage":"fr-FR","potentialAction":[{"@type":"ReadAction","target":["https:\/\/yvesfouquet.com\/fr\/produit\/komod-louis-xvi-cm143-2\/"]}]},{"@type":"BreadcrumbList","@id":"https:\/\/yvesfouquet.com\/fr\/produit\/komod-louis-xvi-cm143-2\/#breadcrumb","itemListElement":[{"@type":"ListItem","position":1,"name":"\u0413\u043b\u0430\u0432\u043d\u0430\u044f","item":"https:\/\/yvesfouquet.com\/fr\/"},{"@type":"ListItem","position":2,"name":"Collections","item":"https:\/\/yvesfouquet.com\/fr\/collections\/"},{"@type":"ListItem","position":3,"name":"Commode Louis XVi CM143"}]},{"@type":"WebSite","@id":"https:\/\/yvesfouquet.com\/#website","url":"https:\/\/yvesfouquet.com\/","name":"Yves Fouquet","description":"\u0424\u0440\u0430\u043d\u0446\u0443\u0437\u0441\u043a\u0430\u044f \u043c\u0435\u0431\u0435\u043b\u044c","potentialAction":[{"@type":"SearchAction","target":{"@type":"EntryPoint","urlTemplate":"https:\/\/yvesfouquet.com\/?s={search_term_string}"},"query-input":"required name=search_term_string"}],"inLanguage":"fr-FR"}]},"product_price_currency":"EUR","og_availability":"instock","product_availability":"instock","product_retailer_item_id":"CM143","product_condition":"new"},"_links":{"self":[{"href":"https:\/\/yvesfouquet.com\/fr\/wp-json\/wp\/v2\/product\/18113"}],"collection":[{"href":"https:\/\/yvesfouquet.com\/fr\/wp-json\/wp\/v2\/product"}],"about":[{"href":"https:\/\/yvesfouquet.com\/fr\/wp-json\/wp\/v2\/types\/product"}],"version-history":[{"count":0,"href":"https:\/\/yvesfouquet.com\/fr\/wp-json\/wp\/v2\/product\/18113\/revisions"}],"wp:featuredmedia":[{"embeddable":true,"href":"https:\/\/yvesfouquet.com\/fr\/wp-json\/wp\/v2\/media\/16378"}],"wp:attachment":[{"href":"https:\/\/yvesfouquet.com\/fr\/wp-json\/wp\/v2\/media?parent=18113"}],"wp:term":[{"taxonomy":"product_cat","embeddable":true,"href":"https:\/\/yvesfouquet.com\/fr\/wp-json\/wp\/v2\/product_cat?post=18113"},{"taxonomy":"product_tag","embeddable":true,"href":"https:\/\/yvesfouquet.com\/fr\/wp-json\/wp\/v2\/product_tag?post=18113"}],"curies":[{"name":"wp","href":"https:\/\/api.w.org\/{rel}","templated":true}]}}