{"id":18114,"date":"2020-10-26T21:04:06","date_gmt":"2022-04-28T16:43:16","guid":{"rendered":"https:\/\/yvesfouquet.com\/commode-avec-motif-d-auteur-cm130e\/"},"modified":"2022-04-28T19:43:16","modified_gmt":"2022-04-28T16:43:16","slug":"komod-s-avtorskim-risunkom-cm130e-2","status":"publish","type":"product","link":"https:\/\/yvesfouquet.com\/fr\/produit\/komod-s-avtorskim-risunkom-cm130e-2\/","title":{"rendered":"Commode avec motif d\u2019auteur CM130E"},"content":{"rendered":"<p>Une commode exclusive en bois naturel avec un motif d\u2019auteur original \u00e9l\u00e8ve le th\u00e8me de l\u2019art du mobilier \u00e0 l\u2019int\u00e9rieur \u00e0 un nouveau niveau. Cr\u00e9\u00e9 par les artisans talentueux de l\u2019usine Yves Fouquet mod\u00e8le a l\u2019air lumineux et authentique. Ce magnifique produit deviendra sans aucun doute une merveilleuse d\u00e9coration de votre maison.<\/p>\n<p>La commode en bois est \u00e9quip\u00e9e de trois tiroirs. Son point culminant est la fa\u00e7ade bleue peinte avec des branches de fleurs de cerisier en fleurs. Il peut s\u2019agir d\u2019une grande branche \u00e9tal\u00e9e couvrant tout l\u2019espace ou d\u2019une petite brindille \u00e9l\u00e9gante dans le coin m\u00eame. S\u2019\u00e9levant jusqu\u2019au comptoir laqu\u00e9 de l\u2019ensemble, les pieds blancs ressemblent \u00e0 un cadre en bambou encadrant l\u2019image.<\/p>\n<p>Les fleurs de lavande vibrantes entrelac\u00e9es de verdure auront l\u2019air brillantes et douces &#8211; une autre version du dessin de l\u2019auteur pour la fa\u00e7ade d\u2019une commode classique. Toute cette beaut\u00e9 est id\u00e9ale pour l\u2019ameublement dans le style populaire de Fran\u00e7ais Provence.<\/p>\n<p>Une commode unique est fabriqu\u00e9e manuellement sur commande. Dans son assemblage, des technologies de meubles anciennes sont utilis\u00e9es. La couleur et l\u2019atmosph\u00e8re du produit sont ajout\u00e9es par des techniques de vieillissement artificiel. Gr\u00e2ce \u00e0 une approche individuelle et \u00e0 une attention aux d\u00e9tails, une luxueuse commode en bois s\u2019int\u00e9grera parfaitement dans l\u2019environnement de design que vous avez cr\u00e9\u00e9.<\/p>\n","protected":false},"excerpt":{"rendered":"<p><strong>Dimensions:<\/strong> L1350 x H840 x P530<\/p>\n<p><strong>Remarque:<\/strong> 2-3 semaines de production dans n\u2019importe quelle couleur<\/p>\n<p><strong> 3 tiroirs r\u00e9tractables<\/strong><\/p>\n","protected":false},"featured_media":16346,"template":"","meta":[],"product_cat":[158,150],"product_tag":[],"yoast_head":"<!-- This site is optimized with the Yoast SEO Premium plugin v20.7 (Yoast SEO v20.8) - https:\/\/yoast.com\/wordpress\/plugins\/seo\/ -->\n<title>Commode en bois design avec un d\u00e9cor unique - Yves Fouquet<\/title>\n<meta name=\"description\" content=\"Commode en bois exclusive avec deux tiroirs anciens. Motif d\u00e9coratif de l\u2019auteur sur la fa\u00e7ade, fait \u00e0 la main, Fran\u00e7ais accessoires. Meubles Elite Yves Fouquet \u00e0 commander en Ukraine\" \/>\n<meta name=\"robots\" content=\"index, follow, max-snippet:-1, max-image-preview:large, max-video-preview:-1\" \/>\n<link rel=\"canonical\" href=\"https:\/\/yvesfouquet.com\/fr\/produit\/komod-s-avtorskim-risunkom-cm130e-2\/\" \/>\n<meta property=\"og:locale\" content=\"fr_FR\" \/>\n<meta property=\"og:type\" content=\"article\" \/>\n<meta property=\"og:title\" content=\"Commode avec motif d\u2019auteur CM130E\" \/>\n<meta property=\"og:description\" content=\"Commode en bois exclusive avec deux tiroirs anciens. Motif d\u00e9coratif de l\u2019auteur sur la fa\u00e7ade, fait \u00e0 la main, Fran\u00e7ais accessoires. Meubles Elite Yves Fouquet \u00e0 commander en Ukraine\" \/>\n<meta property=\"og:url\" content=\"https:\/\/yvesfouquet.com\/fr\/produit\/komod-s-avtorskim-risunkom-cm130e-2\/\" \/>\n<meta property=\"og:site_name\" content=\"Yves Fouquet\" \/>\n<meta property=\"article:publisher\" content=\"https:\/\/www.facebook.com\/boutiueyvesfouquet\" \/>\n<meta property=\"og:image\" content=\"https:\/\/yvesfouquet.com\/wp-content\/uploads\/2020\/10\/40-1.png\" \/>\n\t<meta property=\"og:image:width\" content=\"1080\" \/>\n\t<meta property=\"og:image:height\" content=\"1080\" \/>\n\t<meta property=\"og:image:type\" content=\"image\/png\" \/>\n<meta name=\"twitter:card\" content=\"summary_large_image\" \/>\n<meta name=\"twitter:label1\" content=\"Prix\" \/>\n\t<meta name=\"twitter:data1\" content=\"\" \/>\n\t<meta name=\"twitter:label2\" content=\"Disponibilit\u00e9\" \/>\n\t<meta name=\"twitter:data2\" content=\"En stock\" \/>\n<script type=\"application\/ld+json\" class=\"yoast-schema-graph\">{\"@context\":\"https:\/\/schema.org\",\"@graph\":[{\"@type\":[\"WebPage\",\"ItemPage\"],\"@id\":\"https:\/\/yvesfouquet.com\/fr\/produit\/komod-s-avtorskim-risunkom-cm130e-2\/\",\"url\":\"https:\/\/yvesfouquet.com\/fr\/produit\/komod-s-avtorskim-risunkom-cm130e-2\/\",\"name\":\"Commode en bois design avec un d\u00e9cor unique - Yves Fouquet\",\"isPartOf\":{\"@id\":\"https:\/\/yvesfouquet.com\/#website\"},\"datePublished\":\"2022-04-28T16:43:16+00:00\",\"dateModified\":\"2022-04-28T16:43:16+00:00\",\"description\":\"Commode en bois exclusive avec deux tiroirs anciens. Motif d\u00e9coratif de l\u2019auteur sur la fa\u00e7ade, fait \u00e0 la main, Fran\u00e7ais accessoires. Meubles Elite Yves Fouquet \u00e0 commander en Ukraine\",\"breadcrumb\":{\"@id\":\"https:\/\/yvesfouquet.com\/fr\/produit\/komod-s-avtorskim-risunkom-cm130e-2\/#breadcrumb\"},\"inLanguage\":\"fr-FR\",\"potentialAction\":[{\"@type\":\"ReadAction\",\"target\":[\"https:\/\/yvesfouquet.com\/fr\/produit\/komod-s-avtorskim-risunkom-cm130e-2\/\"]}]},{\"@type\":\"BreadcrumbList\",\"@id\":\"https:\/\/yvesfouquet.com\/fr\/produit\/komod-s-avtorskim-risunkom-cm130e-2\/#breadcrumb\",\"itemListElement\":[{\"@type\":\"ListItem\",\"position\":1,\"name\":\"\u0413\u043b\u0430\u0432\u043d\u0430\u044f\",\"item\":\"https:\/\/yvesfouquet.com\/fr\/\"},{\"@type\":\"ListItem\",\"position\":2,\"name\":\"Collections\",\"item\":\"https:\/\/yvesfouquet.com\/fr\/collections\/\"},{\"@type\":\"ListItem\",\"position\":3,\"name\":\"Commode avec motif d\u2019auteur CM130E\"}]},{\"@type\":\"WebSite\",\"@id\":\"https:\/\/yvesfouquet.com\/#website\",\"url\":\"https:\/\/yvesfouquet.com\/\",\"name\":\"Yves Fouquet\",\"description\":\"\u0424\u0440\u0430\u043d\u0446\u0443\u0437\u0441\u043a\u0430\u044f \u043c\u0435\u0431\u0435\u043b\u044c\",\"potentialAction\":[{\"@type\":\"SearchAction\",\"target\":{\"@type\":\"EntryPoint\",\"urlTemplate\":\"https:\/\/yvesfouquet.com\/?s={search_term_string}\"},\"query-input\":\"required name=search_term_string\"}],\"inLanguage\":\"fr-FR\"}]}<\/script>\n<meta property=\"product:price:amount\" content=\"0\" \/>\n<meta property=\"product:price:currency\" content=\"EUR\" \/>\n<meta property=\"og:availability\" content=\"instock\" \/>\n<meta property=\"product:availability\" content=\"instock\" \/>\n<meta property=\"product:retailer_item_id\" content=\"CM130\" \/>\n<meta property=\"product:condition\" content=\"new\" \/>\n<!-- \/ Yoast SEO Premium plugin. -->","yoast_head_json":{"title":"Commode en bois design avec un d\u00e9cor unique - Yves Fouquet","description":"Commode en bois exclusive avec deux tiroirs anciens. Motif d\u00e9coratif de l\u2019auteur sur la fa\u00e7ade, fait \u00e0 la main, Fran\u00e7ais accessoires. Meubles Elite Yves Fouquet \u00e0 commander en Ukraine","robots":{"index":"index","follow":"follow","max-snippet":"max-snippet:-1","max-image-preview":"max-image-preview:large","max-video-preview":"max-video-preview:-1"},"canonical":"https:\/\/yvesfouquet.com\/fr\/produit\/komod-s-avtorskim-risunkom-cm130e-2\/","og_locale":"fr_FR","og_type":"article","og_title":"Commode avec motif d\u2019auteur CM130E","og_description":"Commode en bois exclusive avec deux tiroirs anciens. Motif d\u00e9coratif de l\u2019auteur sur la fa\u00e7ade, fait \u00e0 la main, Fran\u00e7ais accessoires. Meubles Elite Yves Fouquet \u00e0 commander en Ukraine","og_url":"https:\/\/yvesfouquet.com\/fr\/produit\/komod-s-avtorskim-risunkom-cm130e-2\/","og_site_name":"Yves Fouquet","article_publisher":"https:\/\/www.facebook.com\/boutiueyvesfouquet","og_image":[{"width":1080,"height":1080,"url":"https:\/\/yvesfouquet.com\/wp-content\/uploads\/2020\/10\/40-1.png","type":"image\/png"}],"twitter_card":"summary_large_image","twitter_misc":{"Prix":"","Disponibilit\u00e9":"En stock"},"schema":{"@context":"https:\/\/schema.org","@graph":[{"@type":["WebPage","ItemPage"],"@id":"https:\/\/yvesfouquet.com\/fr\/produit\/komod-s-avtorskim-risunkom-cm130e-2\/","url":"https:\/\/yvesfouquet.com\/fr\/produit\/komod-s-avtorskim-risunkom-cm130e-2\/","name":"Commode en bois design avec un d\u00e9cor unique - Yves Fouquet","isPartOf":{"@id":"https:\/\/yvesfouquet.com\/#website"},"datePublished":"2022-04-28T16:43:16+00:00","dateModified":"2022-04-28T16:43:16+00:00","description":"Commode en bois exclusive avec deux tiroirs anciens. Motif d\u00e9coratif de l\u2019auteur sur la fa\u00e7ade, fait \u00e0 la main, Fran\u00e7ais accessoires. Meubles Elite Yves Fouquet \u00e0 commander en Ukraine","breadcrumb":{"@id":"https:\/\/yvesfouquet.com\/fr\/produit\/komod-s-avtorskim-risunkom-cm130e-2\/#breadcrumb"},"inLanguage":"fr-FR","potentialAction":[{"@type":"ReadAction","target":["https:\/\/yvesfouquet.com\/fr\/produit\/komod-s-avtorskim-risunkom-cm130e-2\/"]}]},{"@type":"BreadcrumbList","@id":"https:\/\/yvesfouquet.com\/fr\/produit\/komod-s-avtorskim-risunkom-cm130e-2\/#breadcrumb","itemListElement":[{"@type":"ListItem","position":1,"name":"\u0413\u043b\u0430\u0432\u043d\u0430\u044f","item":"https:\/\/yvesfouquet.com\/fr\/"},{"@type":"ListItem","position":2,"name":"Collections","item":"https:\/\/yvesfouquet.com\/fr\/collections\/"},{"@type":"ListItem","position":3,"name":"Commode avec motif d\u2019auteur CM130E"}]},{"@type":"WebSite","@id":"https:\/\/yvesfouquet.com\/#website","url":"https:\/\/yvesfouquet.com\/","name":"Yves Fouquet","description":"\u0424\u0440\u0430\u043d\u0446\u0443\u0437\u0441\u043a\u0430\u044f \u043c\u0435\u0431\u0435\u043b\u044c","potentialAction":[{"@type":"SearchAction","target":{"@type":"EntryPoint","urlTemplate":"https:\/\/yvesfouquet.com\/?s={search_term_string}"},"query-input":"required name=search_term_string"}],"inLanguage":"fr-FR"}]},"product_price_currency":"EUR","og_availability":"instock","product_availability":"instock","product_retailer_item_id":"CM130","product_condition":"new"},"_links":{"self":[{"href":"https:\/\/yvesfouquet.com\/fr\/wp-json\/wp\/v2\/product\/18114"}],"collection":[{"href":"https:\/\/yvesfouquet.com\/fr\/wp-json\/wp\/v2\/product"}],"about":[{"href":"https:\/\/yvesfouquet.com\/fr\/wp-json\/wp\/v2\/types\/product"}],"version-history":[{"count":0,"href":"https:\/\/yvesfouquet.com\/fr\/wp-json\/wp\/v2\/product\/18114\/revisions"}],"wp:featuredmedia":[{"embeddable":true,"href":"https:\/\/yvesfouquet.com\/fr\/wp-json\/wp\/v2\/media\/16346"}],"wp:attachment":[{"href":"https:\/\/yvesfouquet.com\/fr\/wp-json\/wp\/v2\/media?parent=18114"}],"wp:term":[{"taxonomy":"product_cat","embeddable":true,"href":"https:\/\/yvesfouquet.com\/fr\/wp-json\/wp\/v2\/product_cat?post=18114"},{"taxonomy":"product_tag","embeddable":true,"href":"https:\/\/yvesfouquet.com\/fr\/wp-json\/wp\/v2\/product_tag?post=18114"}],"curies":[{"name":"wp","href":"https:\/\/api.w.org\/{rel}","templated":true}]}}