{"id":18115,"date":"2020-10-26T21:04:06","date_gmt":"2022-04-28T16:43:17","guid":{"rendered":"https:\/\/yvesfouquet.com\/commode-louis-xv-cm124\/"},"modified":"2022-04-28T19:43:17","modified_gmt":"2022-04-28T16:43:17","slug":"komod-louis-xv-cm124-2","status":"publish","type":"product","link":"https:\/\/yvesfouquet.com\/fr\/produit\/komod-louis-xv-cm124-2\/","title":{"rendered":"Commode Louis XV CM124"},"content":{"rendered":"<p>Vous pouvez ajouter de l\u2019originalit\u00e9 aux appartements modernes \u00e0 l\u2019aide d\u2019une commode exclusive en bois naturel dans le style de Louis XV. Assembl\u00e9 \u00e0 la main par des technologies anciennes \u00e0 partir des meilleures vari\u00e9t\u00e9s de bois, il a l\u2019air \u00e9l\u00e9gant et r\u00e9solument aristocratique. Une telle commode antique magnifique deviendra certainement une d\u00e9coration de la situation.<\/p>\n<p>Des courbes l\u00e9g\u00e8res de pieds minces, de douces vagues de sculpture sur la fa\u00e7ade et les flancs, des lignes lisses des extr\u00e9mit\u00e9s du comptoir &#8211; une commode en bois sous les antiquit\u00e9s correspond pleinement au style de l\u2019\u00e9poque Louis. L\u2019\u00e9l\u00e9gance de son design est ajout\u00e9e par les raccords en bronze d\u2019\u00e9lite fabriqu\u00e9s en France. Les fines courbes des poign\u00e9es et les motifs floraux des coussinets sur les trous de serrure sont magnifiques.<\/p>\n<p>Le produit est \u00e9quip\u00e9 de trois tiroirs fabriqu\u00e9s par la technologie de la queue d\u2019aronde. Lors de l\u2019assemblage du bo\u00eetier, la technique traditionnelle du goujons-rainures pour les meubles anciens est utilis\u00e9e. La couleur subtile des si\u00e8cles pass\u00e9s est habilement cr\u00e9\u00e9e par l\u2019application manuelle d\u2019effets sp\u00e9ciaux de vieillissement. Ils donnent aux meubles un charme antique particulier.<\/p>\n<p>Tous les produits de l\u2019usine de meubles ukrainienne-Fran\u00e7ais Yves Fouquet sont fabriqu\u00e9s individuellement. Des artisans exp\u00e9riment\u00e9s assemblent des meubles sur commande exclusivement \u00e0 la main et en pleine conformit\u00e9 avec les souhaits du client.<\/p>\n","protected":false},"excerpt":{"rendered":"<p><strong>Dimensions:<\/strong> L1200 x H880 x P560<\/p>\n<p><strong> 3 tiroirs r\u00e9tractables<\/strong><\/p>\n","protected":false},"featured_media":16302,"template":"","meta":[],"product_cat":[158],"product_tag":[],"yoast_head":"<!-- This site is optimized with the Yoast SEO Premium plugin v20.7 (Yoast SEO v20.8) - https:\/\/yoast.com\/wordpress\/plugins\/seo\/ -->\n<title>Commode en bois \u00e0 l\u2019ancienne command\u00e9e - Yves Fouquet<\/title>\n<meta name=\"description\" content=\"Meubles d\u2019auteur fabriqu\u00e9s \u00e0 la main en bois massif. Design unique, technologies traditionnelles, effets de vieillissement, raccords en bronze d\u2019\u00e9lite. Commode int\u00e9rieure pour la production d\u2019antiquit\u00e9s de l\u2019usine de meubles Yves Fouquet en Ukraine\" \/>\n<meta name=\"robots\" content=\"index, follow, max-snippet:-1, max-image-preview:large, max-video-preview:-1\" \/>\n<link rel=\"canonical\" href=\"https:\/\/yvesfouquet.com\/fr\/produit\/komod-louis-xv-cm124-2\/\" \/>\n<meta property=\"og:locale\" content=\"fr_FR\" \/>\n<meta property=\"og:type\" content=\"article\" \/>\n<meta property=\"og:title\" content=\"Commode Louis XV CM124\" \/>\n<meta property=\"og:description\" content=\"Meubles d\u2019auteur fabriqu\u00e9s \u00e0 la main en bois massif. Design unique, technologies traditionnelles, effets de vieillissement, raccords en bronze d\u2019\u00e9lite. Commode int\u00e9rieure pour la production d\u2019antiquit\u00e9s de l\u2019usine de meubles Yves Fouquet en Ukraine\" \/>\n<meta property=\"og:url\" content=\"https:\/\/yvesfouquet.com\/fr\/produit\/komod-louis-xv-cm124-2\/\" \/>\n<meta property=\"og:site_name\" content=\"Yves Fouquet\" \/>\n<meta property=\"article:publisher\" content=\"https:\/\/www.facebook.com\/boutiueyvesfouquet\" \/>\n<meta property=\"og:image\" content=\"https:\/\/yvesfouquet.com\/wp-content\/uploads\/2020\/10\/12-2.png\" \/>\n\t<meta property=\"og:image:width\" content=\"1080\" \/>\n\t<meta property=\"og:image:height\" content=\"1080\" \/>\n\t<meta property=\"og:image:type\" content=\"image\/png\" \/>\n<meta name=\"twitter:card\" content=\"summary_large_image\" \/>\n<meta name=\"twitter:label1\" content=\"Prix\" \/>\n\t<meta name=\"twitter:data1\" content=\"\" \/>\n\t<meta name=\"twitter:label2\" content=\"Disponibilit\u00e9\" \/>\n\t<meta name=\"twitter:data2\" content=\"En stock\" \/>\n<script type=\"application\/ld+json\" class=\"yoast-schema-graph\">{\"@context\":\"https:\/\/schema.org\",\"@graph\":[{\"@type\":[\"WebPage\",\"ItemPage\"],\"@id\":\"https:\/\/yvesfouquet.com\/fr\/produit\/komod-louis-xv-cm124-2\/\",\"url\":\"https:\/\/yvesfouquet.com\/fr\/produit\/komod-louis-xv-cm124-2\/\",\"name\":\"Commode en bois \u00e0 l\u2019ancienne command\u00e9e - Yves Fouquet\",\"isPartOf\":{\"@id\":\"https:\/\/yvesfouquet.com\/#website\"},\"datePublished\":\"2022-04-28T16:43:17+00:00\",\"dateModified\":\"2022-04-28T16:43:17+00:00\",\"description\":\"Meubles d\u2019auteur fabriqu\u00e9s \u00e0 la main en bois massif. Design unique, technologies traditionnelles, effets de vieillissement, raccords en bronze d\u2019\u00e9lite. Commode int\u00e9rieure pour la production d\u2019antiquit\u00e9s de l\u2019usine de meubles Yves Fouquet en Ukraine\",\"breadcrumb\":{\"@id\":\"https:\/\/yvesfouquet.com\/fr\/produit\/komod-louis-xv-cm124-2\/#breadcrumb\"},\"inLanguage\":\"fr-FR\",\"potentialAction\":[{\"@type\":\"ReadAction\",\"target\":[\"https:\/\/yvesfouquet.com\/fr\/produit\/komod-louis-xv-cm124-2\/\"]}]},{\"@type\":\"BreadcrumbList\",\"@id\":\"https:\/\/yvesfouquet.com\/fr\/produit\/komod-louis-xv-cm124-2\/#breadcrumb\",\"itemListElement\":[{\"@type\":\"ListItem\",\"position\":1,\"name\":\"\u0413\u043b\u0430\u0432\u043d\u0430\u044f\",\"item\":\"https:\/\/yvesfouquet.com\/fr\/\"},{\"@type\":\"ListItem\",\"position\":2,\"name\":\"Collections\",\"item\":\"https:\/\/yvesfouquet.com\/fr\/collections\/\"},{\"@type\":\"ListItem\",\"position\":3,\"name\":\"Commode Louis XV CM124\"}]},{\"@type\":\"WebSite\",\"@id\":\"https:\/\/yvesfouquet.com\/#website\",\"url\":\"https:\/\/yvesfouquet.com\/\",\"name\":\"Yves Fouquet\",\"description\":\"\u0424\u0440\u0430\u043d\u0446\u0443\u0437\u0441\u043a\u0430\u044f \u043c\u0435\u0431\u0435\u043b\u044c\",\"potentialAction\":[{\"@type\":\"SearchAction\",\"target\":{\"@type\":\"EntryPoint\",\"urlTemplate\":\"https:\/\/yvesfouquet.com\/?s={search_term_string}\"},\"query-input\":\"required name=search_term_string\"}],\"inLanguage\":\"fr-FR\"}]}<\/script>\n<meta property=\"product:price:amount\" content=\"0\" \/>\n<meta property=\"product:price:currency\" content=\"EUR\" \/>\n<meta property=\"og:availability\" content=\"instock\" \/>\n<meta property=\"product:availability\" content=\"instock\" \/>\n<meta property=\"product:retailer_item_id\" content=\"CM124\" \/>\n<meta property=\"product:condition\" content=\"new\" \/>\n<!-- \/ Yoast SEO Premium plugin. -->","yoast_head_json":{"title":"Commode en bois \u00e0 l\u2019ancienne command\u00e9e - Yves Fouquet","description":"Meubles d\u2019auteur fabriqu\u00e9s \u00e0 la main en bois massif. Design unique, technologies traditionnelles, effets de vieillissement, raccords en bronze d\u2019\u00e9lite. Commode int\u00e9rieure pour la production d\u2019antiquit\u00e9s de l\u2019usine de meubles Yves Fouquet en Ukraine","robots":{"index":"index","follow":"follow","max-snippet":"max-snippet:-1","max-image-preview":"max-image-preview:large","max-video-preview":"max-video-preview:-1"},"canonical":"https:\/\/yvesfouquet.com\/fr\/produit\/komod-louis-xv-cm124-2\/","og_locale":"fr_FR","og_type":"article","og_title":"Commode Louis XV CM124","og_description":"Meubles d\u2019auteur fabriqu\u00e9s \u00e0 la main en bois massif. Design unique, technologies traditionnelles, effets de vieillissement, raccords en bronze d\u2019\u00e9lite. Commode int\u00e9rieure pour la production d\u2019antiquit\u00e9s de l\u2019usine de meubles Yves Fouquet en Ukraine","og_url":"https:\/\/yvesfouquet.com\/fr\/produit\/komod-louis-xv-cm124-2\/","og_site_name":"Yves Fouquet","article_publisher":"https:\/\/www.facebook.com\/boutiueyvesfouquet","og_image":[{"width":1080,"height":1080,"url":"https:\/\/yvesfouquet.com\/wp-content\/uploads\/2020\/10\/12-2.png","type":"image\/png"}],"twitter_card":"summary_large_image","twitter_misc":{"Prix":"","Disponibilit\u00e9":"En stock"},"schema":{"@context":"https:\/\/schema.org","@graph":[{"@type":["WebPage","ItemPage"],"@id":"https:\/\/yvesfouquet.com\/fr\/produit\/komod-louis-xv-cm124-2\/","url":"https:\/\/yvesfouquet.com\/fr\/produit\/komod-louis-xv-cm124-2\/","name":"Commode en bois \u00e0 l\u2019ancienne command\u00e9e - Yves Fouquet","isPartOf":{"@id":"https:\/\/yvesfouquet.com\/#website"},"datePublished":"2022-04-28T16:43:17+00:00","dateModified":"2022-04-28T16:43:17+00:00","description":"Meubles d\u2019auteur fabriqu\u00e9s \u00e0 la main en bois massif. Design unique, technologies traditionnelles, effets de vieillissement, raccords en bronze d\u2019\u00e9lite. Commode int\u00e9rieure pour la production d\u2019antiquit\u00e9s de l\u2019usine de meubles Yves Fouquet en Ukraine","breadcrumb":{"@id":"https:\/\/yvesfouquet.com\/fr\/produit\/komod-louis-xv-cm124-2\/#breadcrumb"},"inLanguage":"fr-FR","potentialAction":[{"@type":"ReadAction","target":["https:\/\/yvesfouquet.com\/fr\/produit\/komod-louis-xv-cm124-2\/"]}]},{"@type":"BreadcrumbList","@id":"https:\/\/yvesfouquet.com\/fr\/produit\/komod-louis-xv-cm124-2\/#breadcrumb","itemListElement":[{"@type":"ListItem","position":1,"name":"\u0413\u043b\u0430\u0432\u043d\u0430\u044f","item":"https:\/\/yvesfouquet.com\/fr\/"},{"@type":"ListItem","position":2,"name":"Collections","item":"https:\/\/yvesfouquet.com\/fr\/collections\/"},{"@type":"ListItem","position":3,"name":"Commode Louis XV CM124"}]},{"@type":"WebSite","@id":"https:\/\/yvesfouquet.com\/#website","url":"https:\/\/yvesfouquet.com\/","name":"Yves Fouquet","description":"\u0424\u0440\u0430\u043d\u0446\u0443\u0437\u0441\u043a\u0430\u044f \u043c\u0435\u0431\u0435\u043b\u044c","potentialAction":[{"@type":"SearchAction","target":{"@type":"EntryPoint","urlTemplate":"https:\/\/yvesfouquet.com\/?s={search_term_string}"},"query-input":"required name=search_term_string"}],"inLanguage":"fr-FR"}]},"product_price_currency":"EUR","og_availability":"instock","product_availability":"instock","product_retailer_item_id":"CM124","product_condition":"new"},"_links":{"self":[{"href":"https:\/\/yvesfouquet.com\/fr\/wp-json\/wp\/v2\/product\/18115"}],"collection":[{"href":"https:\/\/yvesfouquet.com\/fr\/wp-json\/wp\/v2\/product"}],"about":[{"href":"https:\/\/yvesfouquet.com\/fr\/wp-json\/wp\/v2\/types\/product"}],"version-history":[{"count":0,"href":"https:\/\/yvesfouquet.com\/fr\/wp-json\/wp\/v2\/product\/18115\/revisions"}],"wp:featuredmedia":[{"embeddable":true,"href":"https:\/\/yvesfouquet.com\/fr\/wp-json\/wp\/v2\/media\/16302"}],"wp:attachment":[{"href":"https:\/\/yvesfouquet.com\/fr\/wp-json\/wp\/v2\/media?parent=18115"}],"wp:term":[{"taxonomy":"product_cat","embeddable":true,"href":"https:\/\/yvesfouquet.com\/fr\/wp-json\/wp\/v2\/product_cat?post=18115"},{"taxonomy":"product_tag","embeddable":true,"href":"https:\/\/yvesfouquet.com\/fr\/wp-json\/wp\/v2\/product_tag?post=18115"}],"curies":[{"name":"wp","href":"https:\/\/api.w.org\/{rel}","templated":true}]}}