{"id":18117,"date":"2020-10-26T21:04:27","date_gmt":"2022-04-28T16:43:18","guid":{"rendered":"https:\/\/yvesfouquet.com\/commode-regence-cm132\/"},"modified":"2022-04-28T19:43:18","modified_gmt":"2022-04-28T16:43:18","slug":"komod-regence-cm132-2","status":"publish","type":"product","link":"https:\/\/yvesfouquet.com\/fr\/produit\/komod-regence-cm132-2\/","title":{"rendered":"Commode Regence CM132"},"content":{"rendered":"<p>Les meubles de style r\u00e9tro conviennent \u00e0 n\u2019importe quelle partie de la maison. Une commode en bois avec quatre tiroirs multicolores a l\u2019air lumineuse et positive. Gr\u00e2ce \u00e0 la palette de couleurs inhabituelle, il s\u2019int\u00e9grera parfaitement dans l\u2019atmosph\u00e8re de la p\u00e9pini\u00e8re. Confortable et spacieux, il d\u00e9corera non seulement l\u2019int\u00e9rieur, mais aussi quotidiennement fera parfaitement face \u00e0 sa fonctionnalit\u00e9.<\/p>\n<p>La conception de la commode en bois naturel est faite dans le style Fran\u00e7ais antique de la R\u00e9gence. Ses trois tiroirs sup\u00e9rieurs sont s\u00e9par\u00e9s du quatri\u00e8me par une barre de cadre. La s\u00e9paration met l\u2019accent non seulement sur la couleur, mais aussi sur les raccords en bronze d\u2019origine.<\/p>\n<p>Les courbes des petits pieds forts s\u2019\u00e9coulent doucement dans les lignes sculpt\u00e9es de la partie inf\u00e9rieure de la fa\u00e7ade. La chaleur et le confort de la maison sont ajout\u00e9s au mod\u00e8le par un comptoir laqu\u00e9, sur lequel vous pouvez placer vos jouets pour enfants pr\u00e9f\u00e9r\u00e9s, des livres ou un vase de fruits.<\/p>\n<p>La couleur authentique des meubles en bois de l\u2019auteur est soulign\u00e9e par les effets de vieillissement appliqu\u00e9s \u00e0 la main. D\u2019anciennes techniques d\u2019assemblage sont \u00e9galement utilis\u00e9es ici &#8211; clous en bois, connexions \u00e0 rainures \u00e0 pointes et queue d\u2019aronde.<\/p>\n<p>Tous les meubles d\u2019int\u00e9rieur de style vintage sont assembl\u00e9s sur commande par les ma\u00eetres de l\u2019usine Yves Fouquet. Nous sommes aussi attentifs que possible \u00e0 tous les d\u00e9tails, de sorte que nos produits r\u00e9pondent toujours aux attentes des clients les plus stricts.<\/p>\n","protected":false},"excerpt":{"rendered":"<p><strong>Dimensions:<\/strong> L710 x H800 x P410<\/p>\n<p><strong> 4 tiroirs r\u00e9tractables<\/strong><\/p>\n","protected":false},"featured_media":16376,"template":"","meta":[],"product_cat":[158],"product_tag":[],"yoast_head":"<!-- This site is optimized with the Yoast SEO Premium plugin v20.7 (Yoast SEO v20.8) - https:\/\/yoast.com\/wordpress\/plugins\/seo\/ -->\n<title>Commode design dans la p\u00e9pini\u00e8re avec quatre tiroirs - Yves Fouquet<\/title>\n<meta name=\"description\" content=\"Commode en bois faite de mat\u00e9riaux \u00e9cologiques de haute qualit\u00e9. Montage manuel, raccords Fran\u00e7ais, design original, d\u00e9cor sculpt\u00e9. Production individuelle sur commande en Ukraine. Usine de meubles Yves Fouquet\" \/>\n<meta name=\"robots\" content=\"index, follow, max-snippet:-1, max-image-preview:large, max-video-preview:-1\" \/>\n<link rel=\"canonical\" href=\"https:\/\/yvesfouquet.com\/fr\/produit\/komod-regence-cm132-2\/\" \/>\n<meta property=\"og:locale\" content=\"fr_FR\" \/>\n<meta property=\"og:type\" content=\"article\" \/>\n<meta property=\"og:title\" content=\"Commode Regence CM132\" \/>\n<meta property=\"og:description\" content=\"Commode en bois faite de mat\u00e9riaux \u00e9cologiques de haute qualit\u00e9. Montage manuel, raccords Fran\u00e7ais, design original, d\u00e9cor sculpt\u00e9. Production individuelle sur commande en Ukraine. Usine de meubles Yves Fouquet\" \/>\n<meta property=\"og:url\" content=\"https:\/\/yvesfouquet.com\/fr\/produit\/komod-regence-cm132-2\/\" \/>\n<meta property=\"og:site_name\" content=\"Yves Fouquet\" \/>\n<meta property=\"article:publisher\" content=\"https:\/\/www.facebook.com\/boutiueyvesfouquet\" \/>\n<meta property=\"og:image\" content=\"https:\/\/yvesfouquet.com\/wp-content\/uploads\/2020\/10\/cm132.png\" \/>\n\t<meta property=\"og:image:width\" content=\"1280\" \/>\n\t<meta property=\"og:image:height\" content=\"1280\" \/>\n\t<meta property=\"og:image:type\" content=\"image\/png\" \/>\n<meta name=\"twitter:card\" content=\"summary_large_image\" \/>\n<meta name=\"twitter:label1\" content=\"Prix\" \/>\n\t<meta name=\"twitter:data1\" content=\"\" \/>\n\t<meta name=\"twitter:label2\" content=\"Disponibilit\u00e9\" \/>\n\t<meta name=\"twitter:data2\" content=\"En stock\" \/>\n<script type=\"application\/ld+json\" class=\"yoast-schema-graph\">{\"@context\":\"https:\/\/schema.org\",\"@graph\":[{\"@type\":[\"WebPage\",\"ItemPage\"],\"@id\":\"https:\/\/yvesfouquet.com\/fr\/produit\/komod-regence-cm132-2\/\",\"url\":\"https:\/\/yvesfouquet.com\/fr\/produit\/komod-regence-cm132-2\/\",\"name\":\"Commode design dans la p\u00e9pini\u00e8re avec quatre tiroirs - Yves Fouquet\",\"isPartOf\":{\"@id\":\"https:\/\/yvesfouquet.com\/#website\"},\"datePublished\":\"2022-04-28T16:43:18+00:00\",\"dateModified\":\"2022-04-28T16:43:18+00:00\",\"description\":\"Commode en bois faite de mat\u00e9riaux \u00e9cologiques de haute qualit\u00e9. Montage manuel, raccords Fran\u00e7ais, design original, d\u00e9cor sculpt\u00e9. Production individuelle sur commande en Ukraine. Usine de meubles Yves Fouquet\",\"breadcrumb\":{\"@id\":\"https:\/\/yvesfouquet.com\/fr\/produit\/komod-regence-cm132-2\/#breadcrumb\"},\"inLanguage\":\"fr-FR\",\"potentialAction\":[{\"@type\":\"ReadAction\",\"target\":[\"https:\/\/yvesfouquet.com\/fr\/produit\/komod-regence-cm132-2\/\"]}]},{\"@type\":\"BreadcrumbList\",\"@id\":\"https:\/\/yvesfouquet.com\/fr\/produit\/komod-regence-cm132-2\/#breadcrumb\",\"itemListElement\":[{\"@type\":\"ListItem\",\"position\":1,\"name\":\"\u0413\u043b\u0430\u0432\u043d\u0430\u044f\",\"item\":\"https:\/\/yvesfouquet.com\/fr\/\"},{\"@type\":\"ListItem\",\"position\":2,\"name\":\"Collections\",\"item\":\"https:\/\/yvesfouquet.com\/fr\/collections\/\"},{\"@type\":\"ListItem\",\"position\":3,\"name\":\"Commode Regence CM132\"}]},{\"@type\":\"WebSite\",\"@id\":\"https:\/\/yvesfouquet.com\/#website\",\"url\":\"https:\/\/yvesfouquet.com\/\",\"name\":\"Yves Fouquet\",\"description\":\"\u0424\u0440\u0430\u043d\u0446\u0443\u0437\u0441\u043a\u0430\u044f \u043c\u0435\u0431\u0435\u043b\u044c\",\"potentialAction\":[{\"@type\":\"SearchAction\",\"target\":{\"@type\":\"EntryPoint\",\"urlTemplate\":\"https:\/\/yvesfouquet.com\/?s={search_term_string}\"},\"query-input\":\"required name=search_term_string\"}],\"inLanguage\":\"fr-FR\"}]}<\/script>\n<meta property=\"product:price:amount\" content=\"0\" \/>\n<meta property=\"product:price:currency\" content=\"EUR\" \/>\n<meta property=\"og:availability\" content=\"instock\" \/>\n<meta property=\"product:availability\" content=\"instock\" \/>\n<meta property=\"product:retailer_item_id\" content=\"CM132\" \/>\n<meta property=\"product:condition\" content=\"new\" \/>\n<!-- \/ Yoast SEO Premium plugin. -->","yoast_head_json":{"title":"Commode design dans la p\u00e9pini\u00e8re avec quatre tiroirs - Yves Fouquet","description":"Commode en bois faite de mat\u00e9riaux \u00e9cologiques de haute qualit\u00e9. Montage manuel, raccords Fran\u00e7ais, design original, d\u00e9cor sculpt\u00e9. Production individuelle sur commande en Ukraine. Usine de meubles Yves Fouquet","robots":{"index":"index","follow":"follow","max-snippet":"max-snippet:-1","max-image-preview":"max-image-preview:large","max-video-preview":"max-video-preview:-1"},"canonical":"https:\/\/yvesfouquet.com\/fr\/produit\/komod-regence-cm132-2\/","og_locale":"fr_FR","og_type":"article","og_title":"Commode Regence CM132","og_description":"Commode en bois faite de mat\u00e9riaux \u00e9cologiques de haute qualit\u00e9. Montage manuel, raccords Fran\u00e7ais, design original, d\u00e9cor sculpt\u00e9. Production individuelle sur commande en Ukraine. Usine de meubles Yves Fouquet","og_url":"https:\/\/yvesfouquet.com\/fr\/produit\/komod-regence-cm132-2\/","og_site_name":"Yves Fouquet","article_publisher":"https:\/\/www.facebook.com\/boutiueyvesfouquet","og_image":[{"width":1280,"height":1280,"url":"https:\/\/yvesfouquet.com\/wp-content\/uploads\/2020\/10\/cm132.png","type":"image\/png"}],"twitter_card":"summary_large_image","twitter_misc":{"Prix":"","Disponibilit\u00e9":"En stock"},"schema":{"@context":"https:\/\/schema.org","@graph":[{"@type":["WebPage","ItemPage"],"@id":"https:\/\/yvesfouquet.com\/fr\/produit\/komod-regence-cm132-2\/","url":"https:\/\/yvesfouquet.com\/fr\/produit\/komod-regence-cm132-2\/","name":"Commode design dans la p\u00e9pini\u00e8re avec quatre tiroirs - Yves Fouquet","isPartOf":{"@id":"https:\/\/yvesfouquet.com\/#website"},"datePublished":"2022-04-28T16:43:18+00:00","dateModified":"2022-04-28T16:43:18+00:00","description":"Commode en bois faite de mat\u00e9riaux \u00e9cologiques de haute qualit\u00e9. Montage manuel, raccords Fran\u00e7ais, design original, d\u00e9cor sculpt\u00e9. Production individuelle sur commande en Ukraine. Usine de meubles Yves Fouquet","breadcrumb":{"@id":"https:\/\/yvesfouquet.com\/fr\/produit\/komod-regence-cm132-2\/#breadcrumb"},"inLanguage":"fr-FR","potentialAction":[{"@type":"ReadAction","target":["https:\/\/yvesfouquet.com\/fr\/produit\/komod-regence-cm132-2\/"]}]},{"@type":"BreadcrumbList","@id":"https:\/\/yvesfouquet.com\/fr\/produit\/komod-regence-cm132-2\/#breadcrumb","itemListElement":[{"@type":"ListItem","position":1,"name":"\u0413\u043b\u0430\u0432\u043d\u0430\u044f","item":"https:\/\/yvesfouquet.com\/fr\/"},{"@type":"ListItem","position":2,"name":"Collections","item":"https:\/\/yvesfouquet.com\/fr\/collections\/"},{"@type":"ListItem","position":3,"name":"Commode Regence CM132"}]},{"@type":"WebSite","@id":"https:\/\/yvesfouquet.com\/#website","url":"https:\/\/yvesfouquet.com\/","name":"Yves Fouquet","description":"\u0424\u0440\u0430\u043d\u0446\u0443\u0437\u0441\u043a\u0430\u044f \u043c\u0435\u0431\u0435\u043b\u044c","potentialAction":[{"@type":"SearchAction","target":{"@type":"EntryPoint","urlTemplate":"https:\/\/yvesfouquet.com\/?s={search_term_string}"},"query-input":"required name=search_term_string"}],"inLanguage":"fr-FR"}]},"product_price_currency":"EUR","og_availability":"instock","product_availability":"instock","product_retailer_item_id":"CM132","product_condition":"new"},"_links":{"self":[{"href":"https:\/\/yvesfouquet.com\/fr\/wp-json\/wp\/v2\/product\/18117"}],"collection":[{"href":"https:\/\/yvesfouquet.com\/fr\/wp-json\/wp\/v2\/product"}],"about":[{"href":"https:\/\/yvesfouquet.com\/fr\/wp-json\/wp\/v2\/types\/product"}],"version-history":[{"count":0,"href":"https:\/\/yvesfouquet.com\/fr\/wp-json\/wp\/v2\/product\/18117\/revisions"}],"wp:featuredmedia":[{"embeddable":true,"href":"https:\/\/yvesfouquet.com\/fr\/wp-json\/wp\/v2\/media\/16376"}],"wp:attachment":[{"href":"https:\/\/yvesfouquet.com\/fr\/wp-json\/wp\/v2\/media?parent=18117"}],"wp:term":[{"taxonomy":"product_cat","embeddable":true,"href":"https:\/\/yvesfouquet.com\/fr\/wp-json\/wp\/v2\/product_cat?post=18117"},{"taxonomy":"product_tag","embeddable":true,"href":"https:\/\/yvesfouquet.com\/fr\/wp-json\/wp\/v2\/product_tag?post=18117"}],"curies":[{"name":"wp","href":"https:\/\/api.w.org\/{rel}","templated":true}]}}