{"id":18118,"date":"2020-10-26T21:04:06","date_gmt":"2022-04-28T16:43:20","guid":{"rendered":"https:\/\/yvesfouquet.com\/commode-chiffonnier-mandala-cm126\/"},"modified":"2022-04-28T19:43:20","modified_gmt":"2022-04-28T16:43:20","slug":"komod-shifoner-mandala-cm126-2","status":"publish","type":"product","link":"https:\/\/yvesfouquet.com\/fr\/produit\/komod-shifoner-mandala-cm126-2\/","title":{"rendered":"Commode Chiffonnier Mandala CM126"},"content":{"rendered":"<p>Commode exclusive Mandala des ma\u00eetres de l\u2019usine de meubles ukrainienne Yves Fouquet est une variation originale sur le th\u00e8me des c\u00e9l\u00e8bres mandalas bouddhistes. Ce mod\u00e8le color\u00e9 \u00e0 sept tiroirs prendra une place digne de ce nom dans votre appartement.<\/p>\n<p>Assembl\u00e9e selon les technologies anciennes, la commode en bois est d\u00e9cor\u00e9e de magnifiques sculptures \u00e0 la main. Gr\u00e2ce \u00e0 elle, les meubles design \u00e9l\u00e9gants sous l\u2019antique ont l\u2019air lumineux et authentique. Situ\u00e9 au centre de la fa\u00e7ade, un grand motif sculpt\u00e9 recouvre compl\u00e8tement les trois bo\u00eetes. Les deux sup\u00e9rieurs et inf\u00e9rieurs divisent le motif de mandala en deux.<\/p>\n<p>Une commode chic en bois naturel ressemble \u00e0 une \u0153uvre d\u2019art. Pieds ronds inhabituels, comme s\u2019ils servaient de support pour un grand panneau de bois. Dans le m\u00eame temps, les meubles d\u2019int\u00e9rieur exquis sont fonctionnels. Sept tiroirs spacieux d\u2019une commode haute vous permettront d\u2019y placer facilement des v\u00eatements et des textiles de maison.<\/p>\n<p>Les meubles d\u2019auteur uniques en bois massif sont fabriqu\u00e9s sur commande selon les tailles individuelles. Pour son assemblage, on utilise des clous traditionnels en queue d\u2019aronde, \u00e0 rainure \u00e0 pointes et en bois. Un style sp\u00e9cial du produit se pose en raison de l\u2019utilisation d\u2019effets de vieillissement. Ils donnent aux meubles d\u2019int\u00e9rieur une saveur lumineuse des ann\u00e9es pass\u00e9es.<\/p>\n","protected":false},"excerpt":{"rendered":"<p><strong>Dimensions:<\/strong> L620 x H1345 x P500<\/p>\n<p><strong> 7 tiroirs r\u00e9tractables<\/strong><\/p>\n","protected":false},"featured_media":16316,"template":"","meta":[],"product_cat":[158],"product_tag":[],"yoast_head":"<!-- This site is optimized with the Yoast SEO Premium plugin v20.7 (Yoast SEO v20.8) - https:\/\/yoast.com\/wordpress\/plugins\/seo\/ -->\n<title>Commode Chiffonnier Mandala CM126 - Yves Fouquet<\/title>\n<meta name=\"robots\" content=\"index, follow, max-snippet:-1, max-image-preview:large, max-video-preview:-1\" \/>\n<link rel=\"canonical\" href=\"https:\/\/yvesfouquet.com\/fr\/produit\/komod-shifoner-mandala-cm126-2\/\" \/>\n<meta property=\"og:locale\" content=\"fr_FR\" \/>\n<meta property=\"og:type\" content=\"article\" \/>\n<meta property=\"og:title\" content=\"Commode Chiffonnier Mandala CM126\" \/>\n<meta property=\"og:description\" content=\"Dimensions: L620 x H1345 x P500  7 tiroirs r\u00e9tractables\" \/>\n<meta property=\"og:url\" content=\"https:\/\/yvesfouquet.com\/fr\/produit\/komod-shifoner-mandala-cm126-2\/\" \/>\n<meta property=\"og:site_name\" content=\"Yves Fouquet\" \/>\n<meta property=\"article:publisher\" content=\"https:\/\/www.facebook.com\/boutiueyvesfouquet\" \/>\n<meta property=\"og:image\" content=\"https:\/\/yvesfouquet.com\/wp-content\/uploads\/2020\/10\/17-2.png\" \/>\n\t<meta property=\"og:image:width\" content=\"1080\" \/>\n\t<meta property=\"og:image:height\" content=\"1080\" \/>\n\t<meta property=\"og:image:type\" content=\"image\/png\" \/>\n<meta name=\"twitter:card\" content=\"summary_large_image\" \/>\n<meta name=\"twitter:label1\" content=\"Prix\" \/>\n\t<meta name=\"twitter:data1\" content=\"\" \/>\n\t<meta name=\"twitter:label2\" content=\"Disponibilit\u00e9\" \/>\n\t<meta name=\"twitter:data2\" content=\"En stock\" \/>\n<script type=\"application\/ld+json\" class=\"yoast-schema-graph\">{\"@context\":\"https:\/\/schema.org\",\"@graph\":[{\"@type\":[\"WebPage\",\"ItemPage\"],\"@id\":\"https:\/\/yvesfouquet.com\/fr\/produit\/komod-shifoner-mandala-cm126-2\/\",\"url\":\"https:\/\/yvesfouquet.com\/fr\/produit\/komod-shifoner-mandala-cm126-2\/\",\"name\":\"Commode Chiffonnier Mandala CM126 - Yves Fouquet\",\"isPartOf\":{\"@id\":\"https:\/\/yvesfouquet.com\/#website\"},\"datePublished\":\"2022-04-28T16:43:20+00:00\",\"dateModified\":\"2022-04-28T16:43:20+00:00\",\"breadcrumb\":{\"@id\":\"https:\/\/yvesfouquet.com\/fr\/produit\/komod-shifoner-mandala-cm126-2\/#breadcrumb\"},\"inLanguage\":\"fr-FR\",\"potentialAction\":[{\"@type\":\"ReadAction\",\"target\":[\"https:\/\/yvesfouquet.com\/fr\/produit\/komod-shifoner-mandala-cm126-2\/\"]}]},{\"@type\":\"BreadcrumbList\",\"@id\":\"https:\/\/yvesfouquet.com\/fr\/produit\/komod-shifoner-mandala-cm126-2\/#breadcrumb\",\"itemListElement\":[{\"@type\":\"ListItem\",\"position\":1,\"name\":\"\u0413\u043b\u0430\u0432\u043d\u0430\u044f\",\"item\":\"https:\/\/yvesfouquet.com\/fr\/\"},{\"@type\":\"ListItem\",\"position\":2,\"name\":\"Collections\",\"item\":\"https:\/\/yvesfouquet.com\/fr\/collections\/\"},{\"@type\":\"ListItem\",\"position\":3,\"name\":\"Commode Chiffonnier Mandala CM126\"}]},{\"@type\":\"WebSite\",\"@id\":\"https:\/\/yvesfouquet.com\/#website\",\"url\":\"https:\/\/yvesfouquet.com\/\",\"name\":\"Yves Fouquet\",\"description\":\"\u0424\u0440\u0430\u043d\u0446\u0443\u0437\u0441\u043a\u0430\u044f \u043c\u0435\u0431\u0435\u043b\u044c\",\"potentialAction\":[{\"@type\":\"SearchAction\",\"target\":{\"@type\":\"EntryPoint\",\"urlTemplate\":\"https:\/\/yvesfouquet.com\/?s={search_term_string}\"},\"query-input\":\"required name=search_term_string\"}],\"inLanguage\":\"fr-FR\"}]}<\/script>\n<meta property=\"product:price:amount\" content=\"0\" \/>\n<meta property=\"product:price:currency\" content=\"EUR\" \/>\n<meta property=\"og:availability\" content=\"instock\" \/>\n<meta property=\"product:availability\" content=\"instock\" \/>\n<meta property=\"product:retailer_item_id\" content=\"CM126\" \/>\n<meta property=\"product:condition\" content=\"new\" \/>\n<!-- \/ Yoast SEO Premium plugin. -->","yoast_head_json":{"title":"Commode Chiffonnier Mandala CM126 - Yves Fouquet","robots":{"index":"index","follow":"follow","max-snippet":"max-snippet:-1","max-image-preview":"max-image-preview:large","max-video-preview":"max-video-preview:-1"},"canonical":"https:\/\/yvesfouquet.com\/fr\/produit\/komod-shifoner-mandala-cm126-2\/","og_locale":"fr_FR","og_type":"article","og_title":"Commode Chiffonnier Mandala CM126","og_description":"Dimensions: L620 x H1345 x P500  7 tiroirs r\u00e9tractables","og_url":"https:\/\/yvesfouquet.com\/fr\/produit\/komod-shifoner-mandala-cm126-2\/","og_site_name":"Yves Fouquet","article_publisher":"https:\/\/www.facebook.com\/boutiueyvesfouquet","og_image":[{"width":1080,"height":1080,"url":"https:\/\/yvesfouquet.com\/wp-content\/uploads\/2020\/10\/17-2.png","type":"image\/png"}],"twitter_card":"summary_large_image","twitter_misc":{"Prix":"","Disponibilit\u00e9":"En stock"},"schema":{"@context":"https:\/\/schema.org","@graph":[{"@type":["WebPage","ItemPage"],"@id":"https:\/\/yvesfouquet.com\/fr\/produit\/komod-shifoner-mandala-cm126-2\/","url":"https:\/\/yvesfouquet.com\/fr\/produit\/komod-shifoner-mandala-cm126-2\/","name":"Commode Chiffonnier Mandala CM126 - Yves Fouquet","isPartOf":{"@id":"https:\/\/yvesfouquet.com\/#website"},"datePublished":"2022-04-28T16:43:20+00:00","dateModified":"2022-04-28T16:43:20+00:00","breadcrumb":{"@id":"https:\/\/yvesfouquet.com\/fr\/produit\/komod-shifoner-mandala-cm126-2\/#breadcrumb"},"inLanguage":"fr-FR","potentialAction":[{"@type":"ReadAction","target":["https:\/\/yvesfouquet.com\/fr\/produit\/komod-shifoner-mandala-cm126-2\/"]}]},{"@type":"BreadcrumbList","@id":"https:\/\/yvesfouquet.com\/fr\/produit\/komod-shifoner-mandala-cm126-2\/#breadcrumb","itemListElement":[{"@type":"ListItem","position":1,"name":"\u0413\u043b\u0430\u0432\u043d\u0430\u044f","item":"https:\/\/yvesfouquet.com\/fr\/"},{"@type":"ListItem","position":2,"name":"Collections","item":"https:\/\/yvesfouquet.com\/fr\/collections\/"},{"@type":"ListItem","position":3,"name":"Commode Chiffonnier Mandala CM126"}]},{"@type":"WebSite","@id":"https:\/\/yvesfouquet.com\/#website","url":"https:\/\/yvesfouquet.com\/","name":"Yves Fouquet","description":"\u0424\u0440\u0430\u043d\u0446\u0443\u0437\u0441\u043a\u0430\u044f \u043c\u0435\u0431\u0435\u043b\u044c","potentialAction":[{"@type":"SearchAction","target":{"@type":"EntryPoint","urlTemplate":"https:\/\/yvesfouquet.com\/?s={search_term_string}"},"query-input":"required name=search_term_string"}],"inLanguage":"fr-FR"}]},"product_price_currency":"EUR","og_availability":"instock","product_availability":"instock","product_retailer_item_id":"CM126","product_condition":"new"},"_links":{"self":[{"href":"https:\/\/yvesfouquet.com\/fr\/wp-json\/wp\/v2\/product\/18118"}],"collection":[{"href":"https:\/\/yvesfouquet.com\/fr\/wp-json\/wp\/v2\/product"}],"about":[{"href":"https:\/\/yvesfouquet.com\/fr\/wp-json\/wp\/v2\/types\/product"}],"version-history":[{"count":0,"href":"https:\/\/yvesfouquet.com\/fr\/wp-json\/wp\/v2\/product\/18118\/revisions"}],"wp:featuredmedia":[{"embeddable":true,"href":"https:\/\/yvesfouquet.com\/fr\/wp-json\/wp\/v2\/media\/16316"}],"wp:attachment":[{"href":"https:\/\/yvesfouquet.com\/fr\/wp-json\/wp\/v2\/media?parent=18118"}],"wp:term":[{"taxonomy":"product_cat","embeddable":true,"href":"https:\/\/yvesfouquet.com\/fr\/wp-json\/wp\/v2\/product_cat?post=18118"},{"taxonomy":"product_tag","embeddable":true,"href":"https:\/\/yvesfouquet.com\/fr\/wp-json\/wp\/v2\/product_tag?post=18118"}],"curies":[{"name":"wp","href":"https:\/\/api.w.org\/{rel}","templated":true}]}}