{"id":18125,"date":"2020-10-26T21:06:10","date_gmt":"2022-04-28T16:43:25","guid":{"rendered":"https:\/\/yvesfouquet.com\/commode-dos-d-ane-louis-xvi-ew363\/"},"modified":"2024-05-01T10:53:54","modified_gmt":"2024-05-01T07:53:54","slug":"komod-sekreter-dos-dane-louis-xvi-ew363-2-2","status":"publish","type":"product","link":"https:\/\/yvesfouquet.com\/fr\/produit\/komod-sekreter-dos-dane-louis-xvi-ew363-2-2\/","title":{"rendered":"Commode dos d\u2019ane Louis XVi ew363"},"content":{"rendered":"<p>Un accent de design color\u00e9 du bureau sera une commode vintage-s\u00e9cr\u00e9taire en bois naturel dans le style de Louis XVI. Des meubles exclusifs faits \u00e0 la main par les ma\u00eetres de l\u2019usine Yves Fouquet d\u00e9coreront l\u2019atmosph\u00e8re et seront utiles avec une fonctionnalit\u00e9 de travail bien pens\u00e9e.<\/p>\n<p>La commode vintage a un d\u00e9cor luxuriant et un look tr\u00e8s repr\u00e9sentatif. Dans son \u00e9quipement: deux grands tiroirs, unis par des bordures en or; une bo\u00eete moyenne avec des sculptures \u00e9l\u00e9gantes et deux petites bo\u00eetes sur les c\u00f4t\u00e9s d\u00e9cor\u00e9es de lignes dor\u00e9es. Le style professionnel du mobilier est harmonieusement accentu\u00e9 par des accessoires Fran\u00e7ais d\u2019\u00e9lite.<\/p>\n<p>Le couvercle \u00e0 charni\u00e8re verrouill\u00e9 par cl\u00e9 de la secr\u00e9taire se transforme en une table \u00e0 charni\u00e8re confortable et rembourr\u00e9e de cuir. \u00c0 l\u2019int\u00e9rieur, il y a six petites \u00e9tag\u00e8res r\u00e9tractables et un rideau. Fabriqu\u00e9 selon des technologies anciennes, le design est bien pens\u00e9 et facile \u00e0 utiliser. La saveur historique y est ajout\u00e9e par des doublures \u00e9l\u00e9gantes, des sculptures \u00e0 la main et des techniques de vieillissement d\u00e9coratives.<\/p>\n<p>Ces meubles d\u2019auteur uniques en bois naturel prendront certainement une place digne \u00e0 l\u2019int\u00e9rieur d\u2019un bureau d\u2019affaires moderne. Tous les mod\u00e8les sont fabriqu\u00e9s sur commande, de sorte que vous pouvez faire vos propres changements dans la taille, la couleur et le d\u00e9cor de la commode antique.<\/p>\n","protected":false},"excerpt":{"rendered":"<p><strong>Dimensions:<\/strong> L920 x H1110 x P500<\/p>\n<p><strong>Couvercle: <\/strong>Dresser &#8211; secretary dos d&rsquo;ane louis xvi. 5 drawers in the lower part, 6 small drawers in the upper part. 1 secret drawer, hinged door with leather-covered writing surface. The body is black, the drawers inside are light blue, the small drawers in the upper part, as well as natural cherry carving. Bronze decorative fittings. On the folding lid, the writing surface is black leatherDresser &#8211; secretary dos d&rsquo;ane louis xvi. 5 drawers in the lower part, 6 small drawers in the upper part. 1 secret drawer, hinged door with leather-covered writing surface. The body is black, the drawers inside are light blue, the small drawers in the upper part, as well as natural cherry carving. Bronze decorative fittings. On the folding lid, the writing surface is black leather<br \/>\narticul\u00e9 avec surface d\u2019\u00e9criture avec insert en cuir<\/p>\n<p>6 tiroirs r\u00e9tractables internes<\/p>\n<p>1 tiroir arri\u00e8re int\u00e9rieur<\/p>\n<p>5 tiroirs<\/p>\n","protected":false},"featured_media":16510,"template":"","meta":[],"product_cat":[158,140,150],"product_tag":[],"yoast_head":"<!-- This site is optimized with the Yoast SEO Premium plugin v20.7 (Yoast SEO v20.8) - https:\/\/yoast.com\/wordpress\/plugins\/seo\/ -->\n<title>Commode antique dans l\u2019ancien style Fran\u00e7ais - Yves Fouquet<\/title>\n<meta name=\"description\" content=\"Meubles d\u2019int\u00e9rieur Elite fabriqu\u00e9s \u00e0 la main sur commande. Technologies uniques, effets de vieillissement, raccords Fran\u00e7ais. Production en Ukraine usine de meubles Yves Fouquet\" \/>\n<meta name=\"robots\" content=\"index, follow, max-snippet:-1, max-image-preview:large, max-video-preview:-1\" \/>\n<link rel=\"canonical\" href=\"https:\/\/yvesfouquet.com\/fr\/produit\/komod-sekreter-dos-dane-louis-xvi-ew363-2-2\/\" \/>\n<meta property=\"og:locale\" content=\"fr_FR\" \/>\n<meta property=\"og:type\" content=\"article\" \/>\n<meta property=\"og:title\" content=\"Commode dos d\u2019ane Louis XVi ew363\" \/>\n<meta property=\"og:description\" content=\"Meubles d\u2019int\u00e9rieur Elite fabriqu\u00e9s \u00e0 la main sur commande. Technologies uniques, effets de vieillissement, raccords Fran\u00e7ais. Production en Ukraine usine de meubles Yves Fouquet\" \/>\n<meta property=\"og:url\" content=\"https:\/\/yvesfouquet.com\/fr\/produit\/komod-sekreter-dos-dane-louis-xvi-ew363-2-2\/\" \/>\n<meta property=\"og:site_name\" content=\"Yves Fouquet\" \/>\n<meta property=\"article:publisher\" content=\"https:\/\/www.facebook.com\/boutiueyvesfouquet\" \/>\n<meta property=\"article:modified_time\" content=\"2024-05-01T07:53:54+00:00\" \/>\n<meta property=\"og:image\" content=\"https:\/\/yvesfouquet.com\/wp-content\/uploads\/2020\/10\/ew363_2-1.png\" \/>\n\t<meta property=\"og:image:width\" content=\"1000\" \/>\n\t<meta property=\"og:image:height\" content=\"1000\" \/>\n\t<meta property=\"og:image:type\" content=\"image\/png\" \/>\n<meta name=\"twitter:card\" content=\"summary_large_image\" \/>\n<meta name=\"twitter:label1\" content=\"Prix\" \/>\n\t<meta name=\"twitter:data1\" content=\"\" \/>\n\t<meta name=\"twitter:label2\" content=\"Disponibilit\u00e9\" \/>\n\t<meta name=\"twitter:data2\" content=\"En stock\" \/>\n<script type=\"application\/ld+json\" class=\"yoast-schema-graph\">{\"@context\":\"https:\/\/schema.org\",\"@graph\":[{\"@type\":[\"WebPage\",\"ItemPage\"],\"@id\":\"https:\/\/yvesfouquet.com\/fr\/produit\/komod-sekreter-dos-dane-louis-xvi-ew363-2-2\/\",\"url\":\"https:\/\/yvesfouquet.com\/fr\/produit\/komod-sekreter-dos-dane-louis-xvi-ew363-2-2\/\",\"name\":\"Commode antique dans l\u2019ancien style Fran\u00e7ais - Yves Fouquet\",\"isPartOf\":{\"@id\":\"https:\/\/yvesfouquet.com\/#website\"},\"datePublished\":\"2022-04-28T16:43:25+00:00\",\"dateModified\":\"2024-05-01T07:53:54+00:00\",\"description\":\"Meubles d\u2019int\u00e9rieur Elite fabriqu\u00e9s \u00e0 la main sur commande. Technologies uniques, effets de vieillissement, raccords Fran\u00e7ais. Production en Ukraine usine de meubles Yves Fouquet\",\"breadcrumb\":{\"@id\":\"https:\/\/yvesfouquet.com\/fr\/produit\/komod-sekreter-dos-dane-louis-xvi-ew363-2-2\/#breadcrumb\"},\"inLanguage\":\"fr-FR\",\"potentialAction\":[{\"@type\":\"ReadAction\",\"target\":[\"https:\/\/yvesfouquet.com\/fr\/produit\/komod-sekreter-dos-dane-louis-xvi-ew363-2-2\/\"]}]},{\"@type\":\"BreadcrumbList\",\"@id\":\"https:\/\/yvesfouquet.com\/fr\/produit\/komod-sekreter-dos-dane-louis-xvi-ew363-2-2\/#breadcrumb\",\"itemListElement\":[{\"@type\":\"ListItem\",\"position\":1,\"name\":\"\u0413\u043b\u0430\u0432\u043d\u0430\u044f\",\"item\":\"https:\/\/yvesfouquet.com\/fr\/\"},{\"@type\":\"ListItem\",\"position\":2,\"name\":\"Collections\",\"item\":\"https:\/\/yvesfouquet.com\/fr\/collections\/\"},{\"@type\":\"ListItem\",\"position\":3,\"name\":\"Commode dos d\u2019ane Louis XVi ew363\"}]},{\"@type\":\"WebSite\",\"@id\":\"https:\/\/yvesfouquet.com\/#website\",\"url\":\"https:\/\/yvesfouquet.com\/\",\"name\":\"Yves Fouquet\",\"description\":\"\u0424\u0440\u0430\u043d\u0446\u0443\u0437\u0441\u043a\u0430\u044f \u043c\u0435\u0431\u0435\u043b\u044c\",\"potentialAction\":[{\"@type\":\"SearchAction\",\"target\":{\"@type\":\"EntryPoint\",\"urlTemplate\":\"https:\/\/yvesfouquet.com\/?s={search_term_string}\"},\"query-input\":\"required name=search_term_string\"}],\"inLanguage\":\"fr-FR\"}]}<\/script>\n<meta property=\"product:price:amount\" content=\"0\" \/>\n<meta property=\"product:price:currency\" content=\"EUR\" \/>\n<meta property=\"og:availability\" content=\"instock\" \/>\n<meta property=\"product:availability\" content=\"instock\" \/>\n<meta property=\"product:retailer_item_id\" content=\"EW363-1\" \/>\n<meta property=\"product:condition\" content=\"new\" \/>\n<!-- \/ Yoast SEO Premium plugin. -->","yoast_head_json":{"title":"Commode antique dans l\u2019ancien style Fran\u00e7ais - Yves Fouquet","description":"Meubles d\u2019int\u00e9rieur Elite fabriqu\u00e9s \u00e0 la main sur commande. Technologies uniques, effets de vieillissement, raccords Fran\u00e7ais. Production en Ukraine usine de meubles Yves Fouquet","robots":{"index":"index","follow":"follow","max-snippet":"max-snippet:-1","max-image-preview":"max-image-preview:large","max-video-preview":"max-video-preview:-1"},"canonical":"https:\/\/yvesfouquet.com\/fr\/produit\/komod-sekreter-dos-dane-louis-xvi-ew363-2-2\/","og_locale":"fr_FR","og_type":"article","og_title":"Commode dos d\u2019ane Louis XVi ew363","og_description":"Meubles d\u2019int\u00e9rieur Elite fabriqu\u00e9s \u00e0 la main sur commande. Technologies uniques, effets de vieillissement, raccords Fran\u00e7ais. Production en Ukraine usine de meubles Yves Fouquet","og_url":"https:\/\/yvesfouquet.com\/fr\/produit\/komod-sekreter-dos-dane-louis-xvi-ew363-2-2\/","og_site_name":"Yves Fouquet","article_publisher":"https:\/\/www.facebook.com\/boutiueyvesfouquet","article_modified_time":"2024-05-01T07:53:54+00:00","og_image":[{"width":1000,"height":1000,"url":"https:\/\/yvesfouquet.com\/wp-content\/uploads\/2020\/10\/ew363_2-1.png","type":"image\/png"}],"twitter_card":"summary_large_image","twitter_misc":{"Prix":"","Disponibilit\u00e9":"En stock"},"schema":{"@context":"https:\/\/schema.org","@graph":[{"@type":["WebPage","ItemPage"],"@id":"https:\/\/yvesfouquet.com\/fr\/produit\/komod-sekreter-dos-dane-louis-xvi-ew363-2-2\/","url":"https:\/\/yvesfouquet.com\/fr\/produit\/komod-sekreter-dos-dane-louis-xvi-ew363-2-2\/","name":"Commode antique dans l\u2019ancien style Fran\u00e7ais - Yves Fouquet","isPartOf":{"@id":"https:\/\/yvesfouquet.com\/#website"},"datePublished":"2022-04-28T16:43:25+00:00","dateModified":"2024-05-01T07:53:54+00:00","description":"Meubles d\u2019int\u00e9rieur Elite fabriqu\u00e9s \u00e0 la main sur commande. Technologies uniques, effets de vieillissement, raccords Fran\u00e7ais. Production en Ukraine usine de meubles Yves Fouquet","breadcrumb":{"@id":"https:\/\/yvesfouquet.com\/fr\/produit\/komod-sekreter-dos-dane-louis-xvi-ew363-2-2\/#breadcrumb"},"inLanguage":"fr-FR","potentialAction":[{"@type":"ReadAction","target":["https:\/\/yvesfouquet.com\/fr\/produit\/komod-sekreter-dos-dane-louis-xvi-ew363-2-2\/"]}]},{"@type":"BreadcrumbList","@id":"https:\/\/yvesfouquet.com\/fr\/produit\/komod-sekreter-dos-dane-louis-xvi-ew363-2-2\/#breadcrumb","itemListElement":[{"@type":"ListItem","position":1,"name":"\u0413\u043b\u0430\u0432\u043d\u0430\u044f","item":"https:\/\/yvesfouquet.com\/fr\/"},{"@type":"ListItem","position":2,"name":"Collections","item":"https:\/\/yvesfouquet.com\/fr\/collections\/"},{"@type":"ListItem","position":3,"name":"Commode dos d\u2019ane Louis XVi ew363"}]},{"@type":"WebSite","@id":"https:\/\/yvesfouquet.com\/#website","url":"https:\/\/yvesfouquet.com\/","name":"Yves Fouquet","description":"\u0424\u0440\u0430\u043d\u0446\u0443\u0437\u0441\u043a\u0430\u044f \u043c\u0435\u0431\u0435\u043b\u044c","potentialAction":[{"@type":"SearchAction","target":{"@type":"EntryPoint","urlTemplate":"https:\/\/yvesfouquet.com\/?s={search_term_string}"},"query-input":"required name=search_term_string"}],"inLanguage":"fr-FR"}]},"product_price_currency":"EUR","og_availability":"instock","product_availability":"instock","product_retailer_item_id":"EW363-1","product_condition":"new"},"_links":{"self":[{"href":"https:\/\/yvesfouquet.com\/fr\/wp-json\/wp\/v2\/product\/18125"}],"collection":[{"href":"https:\/\/yvesfouquet.com\/fr\/wp-json\/wp\/v2\/product"}],"about":[{"href":"https:\/\/yvesfouquet.com\/fr\/wp-json\/wp\/v2\/types\/product"}],"version-history":[{"count":2,"href":"https:\/\/yvesfouquet.com\/fr\/wp-json\/wp\/v2\/product\/18125\/revisions"}],"predecessor-version":[{"id":24687,"href":"https:\/\/yvesfouquet.com\/fr\/wp-json\/wp\/v2\/product\/18125\/revisions\/24687"}],"wp:featuredmedia":[{"embeddable":true,"href":"https:\/\/yvesfouquet.com\/fr\/wp-json\/wp\/v2\/media\/16510"}],"wp:attachment":[{"href":"https:\/\/yvesfouquet.com\/fr\/wp-json\/wp\/v2\/media?parent=18125"}],"wp:term":[{"taxonomy":"product_cat","embeddable":true,"href":"https:\/\/yvesfouquet.com\/fr\/wp-json\/wp\/v2\/product_cat?post=18125"},{"taxonomy":"product_tag","embeddable":true,"href":"https:\/\/yvesfouquet.com\/fr\/wp-json\/wp\/v2\/product_tag?post=18125"}],"curies":[{"name":"wp","href":"https:\/\/api.w.org\/{rel}","templated":true}]}}