{"id":18129,"date":"2020-10-26T21:04:53","date_gmt":"2022-04-28T16:43:26","guid":{"rendered":"https:\/\/yvesfouquet.com\/commode-chiffonnier-cm145\/"},"modified":"2022-04-28T19:43:26","modified_gmt":"2022-04-28T16:43:26","slug":"komod-shifoner-cm145-2","status":"publish","type":"product","link":"https:\/\/yvesfouquet.com\/fr\/produit\/komod-shifoner-cm145-2\/","title":{"rendered":"Commode Chiffonnier CM145"},"content":{"rendered":"<p>\u00c9l\u00e9gante et \u00e9l\u00e9gante commode int\u00e9rieure avec quatre tiroirs. Le magnifique travail des ma\u00eetres de l\u2019usine de meubles Yves Fouquet s\u2019int\u00e9grera harmonieusement dans votre environnement. Des meubles exclusifs fabriqu\u00e9s \u00e0 partir des meilleurs types de bois sont assembl\u00e9s \u00e0 la main sur commande et r\u00e9pondent toujours parfaitement aux attentes des clients.<\/p>\n<p>Exquis, de haute qualit\u00e9, pratique &#8211; c\u2019est ainsi que vous pouvez caract\u00e9riser ce magnifique mod\u00e8le de design. Gr\u00e2ce \u00e0 la pr\u00e9venance de tous les d\u00e9tails, la commode en mousseline vintage vous permettra de placer facilement le linge de lit, les textiles, les v\u00eatements. Et son magnifique comptoir est un endroit id\u00e9al pour la d\u00e9coration int\u00e9rieure, les horloges, les vases, les cadres photo ou les piles de vos livres pr\u00e9f\u00e9r\u00e9s.<\/p>\n<p>Un point culminant sp\u00e9cial du d\u00e9cor est un motif g\u00e9om\u00e9trique sculpt\u00e9 avec des \u0153illets en laiton, couvrant compl\u00e8tement la fa\u00e7ade de la commode. Il est harmonieusement compl\u00e9t\u00e9 par des poign\u00e9es originales sous forme de bagues &#8211; accessoires d\u2019\u00e9lite fabriqu\u00e9s en France. La finesse est ajout\u00e9e par de fines jambes incurv\u00e9es et un fond sculpt\u00e9. Assembl\u00e9s en une seule composition, tous ces \u00e9l\u00e9ments conf\u00e8rent \u00e0 la commode en bois \u00e9l\u00e9gance, sophistication et charme aristocratique.<\/p>\n<p>Les meubles pour la maison en bois naturel sont assembl\u00e9s selon des technologies anciennes. L\u2019atmosph\u00e8re historique et l\u2019authenticit\u00e9 lui sont donn\u00e9es par les effets originaux du vieillissement artificiel.<\/p>\n","protected":false},"excerpt":{"rendered":"<p><strong>Dimensions:<\/strong> L930 x H1120 x P450<\/p>\n<p><strong> 4 tiroirs r\u00e9tractables<\/strong><\/p>\n","protected":false},"featured_media":16398,"template":"","meta":[],"product_cat":[158],"product_tag":[],"yoast_head":"<!-- This site is optimized with the Yoast SEO Premium plugin v20.7 (Yoast SEO v20.8) - https:\/\/yoast.com\/wordpress\/plugins\/seo\/ -->\n<title>Commode chiffonnier en bois \u00e0 l\u2019ancienne - Yves Fouquet<\/title>\n<meta name=\"description\" content=\"Meubles d\u2019int\u00e9rieur haut de gamme faits \u00e0 la main sous la commande en Ukraine. Usine de meubles de production Yves Fouquet. Conception de l\u2019auteur, technologies anciennes, assemblage manuel, raccords d\u2019\u00e9lite France\" \/>\n<meta name=\"robots\" content=\"index, follow, max-snippet:-1, max-image-preview:large, max-video-preview:-1\" \/>\n<link rel=\"canonical\" href=\"https:\/\/yvesfouquet.com\/fr\/produit\/komod-shifoner-cm145-2\/\" \/>\n<meta property=\"og:locale\" content=\"fr_FR\" \/>\n<meta property=\"og:type\" content=\"article\" \/>\n<meta property=\"og:title\" content=\"Commode Chiffonnier CM145\" \/>\n<meta property=\"og:description\" content=\"Meubles d\u2019int\u00e9rieur haut de gamme faits \u00e0 la main sous la commande en Ukraine. Usine de meubles de production Yves Fouquet. Conception de l\u2019auteur, technologies anciennes, assemblage manuel, raccords d\u2019\u00e9lite France\" \/>\n<meta property=\"og:url\" content=\"https:\/\/yvesfouquet.com\/fr\/produit\/komod-shifoner-cm145-2\/\" \/>\n<meta property=\"og:site_name\" content=\"Yves Fouquet\" \/>\n<meta property=\"article:publisher\" content=\"https:\/\/www.facebook.com\/boutiueyvesfouquet\" \/>\n<meta property=\"og:image\" content=\"https:\/\/yvesfouquet.com\/wp-content\/uploads\/2020\/10\/29.png\" \/>\n\t<meta property=\"og:image:width\" content=\"1080\" \/>\n\t<meta property=\"og:image:height\" content=\"1080\" \/>\n\t<meta property=\"og:image:type\" content=\"image\/png\" \/>\n<meta name=\"twitter:card\" content=\"summary_large_image\" \/>\n<meta name=\"twitter:label1\" content=\"Prix\" \/>\n\t<meta name=\"twitter:data1\" content=\"\" \/>\n\t<meta name=\"twitter:label2\" content=\"Disponibilit\u00e9\" \/>\n\t<meta name=\"twitter:data2\" content=\"En stock\" \/>\n<script type=\"application\/ld+json\" class=\"yoast-schema-graph\">{\"@context\":\"https:\/\/schema.org\",\"@graph\":[{\"@type\":[\"WebPage\",\"ItemPage\"],\"@id\":\"https:\/\/yvesfouquet.com\/fr\/produit\/komod-shifoner-cm145-2\/\",\"url\":\"https:\/\/yvesfouquet.com\/fr\/produit\/komod-shifoner-cm145-2\/\",\"name\":\"Commode chiffonnier en bois \u00e0 l\u2019ancienne - Yves Fouquet\",\"isPartOf\":{\"@id\":\"https:\/\/yvesfouquet.com\/#website\"},\"datePublished\":\"2022-04-28T16:43:26+00:00\",\"dateModified\":\"2022-04-28T16:43:26+00:00\",\"description\":\"Meubles d\u2019int\u00e9rieur haut de gamme faits \u00e0 la main sous la commande en Ukraine. Usine de meubles de production Yves Fouquet. Conception de l\u2019auteur, technologies anciennes, assemblage manuel, raccords d\u2019\u00e9lite France\",\"breadcrumb\":{\"@id\":\"https:\/\/yvesfouquet.com\/fr\/produit\/komod-shifoner-cm145-2\/#breadcrumb\"},\"inLanguage\":\"fr-FR\",\"potentialAction\":[{\"@type\":\"ReadAction\",\"target\":[\"https:\/\/yvesfouquet.com\/fr\/produit\/komod-shifoner-cm145-2\/\"]}]},{\"@type\":\"BreadcrumbList\",\"@id\":\"https:\/\/yvesfouquet.com\/fr\/produit\/komod-shifoner-cm145-2\/#breadcrumb\",\"itemListElement\":[{\"@type\":\"ListItem\",\"position\":1,\"name\":\"\u0413\u043b\u0430\u0432\u043d\u0430\u044f\",\"item\":\"https:\/\/yvesfouquet.com\/fr\/\"},{\"@type\":\"ListItem\",\"position\":2,\"name\":\"Collections\",\"item\":\"https:\/\/yvesfouquet.com\/fr\/collections\/\"},{\"@type\":\"ListItem\",\"position\":3,\"name\":\"Commode Chiffonnier CM145\"}]},{\"@type\":\"WebSite\",\"@id\":\"https:\/\/yvesfouquet.com\/#website\",\"url\":\"https:\/\/yvesfouquet.com\/\",\"name\":\"Yves Fouquet\",\"description\":\"\u0424\u0440\u0430\u043d\u0446\u0443\u0437\u0441\u043a\u0430\u044f \u043c\u0435\u0431\u0435\u043b\u044c\",\"potentialAction\":[{\"@type\":\"SearchAction\",\"target\":{\"@type\":\"EntryPoint\",\"urlTemplate\":\"https:\/\/yvesfouquet.com\/?s={search_term_string}\"},\"query-input\":\"required name=search_term_string\"}],\"inLanguage\":\"fr-FR\"}]}<\/script>\n<meta property=\"product:price:amount\" content=\"0\" \/>\n<meta property=\"product:price:currency\" content=\"EUR\" \/>\n<meta property=\"og:availability\" content=\"instock\" \/>\n<meta property=\"product:availability\" content=\"instock\" \/>\n<meta property=\"product:retailer_item_id\" content=\"CM145\" \/>\n<meta property=\"product:condition\" content=\"new\" \/>\n<!-- \/ Yoast SEO Premium plugin. -->","yoast_head_json":{"title":"Commode chiffonnier en bois \u00e0 l\u2019ancienne - Yves Fouquet","description":"Meubles d\u2019int\u00e9rieur haut de gamme faits \u00e0 la main sous la commande en Ukraine. Usine de meubles de production Yves Fouquet. Conception de l\u2019auteur, technologies anciennes, assemblage manuel, raccords d\u2019\u00e9lite France","robots":{"index":"index","follow":"follow","max-snippet":"max-snippet:-1","max-image-preview":"max-image-preview:large","max-video-preview":"max-video-preview:-1"},"canonical":"https:\/\/yvesfouquet.com\/fr\/produit\/komod-shifoner-cm145-2\/","og_locale":"fr_FR","og_type":"article","og_title":"Commode Chiffonnier CM145","og_description":"Meubles d\u2019int\u00e9rieur haut de gamme faits \u00e0 la main sous la commande en Ukraine. Usine de meubles de production Yves Fouquet. Conception de l\u2019auteur, technologies anciennes, assemblage manuel, raccords d\u2019\u00e9lite France","og_url":"https:\/\/yvesfouquet.com\/fr\/produit\/komod-shifoner-cm145-2\/","og_site_name":"Yves Fouquet","article_publisher":"https:\/\/www.facebook.com\/boutiueyvesfouquet","og_image":[{"width":1080,"height":1080,"url":"https:\/\/yvesfouquet.com\/wp-content\/uploads\/2020\/10\/29.png","type":"image\/png"}],"twitter_card":"summary_large_image","twitter_misc":{"Prix":"","Disponibilit\u00e9":"En stock"},"schema":{"@context":"https:\/\/schema.org","@graph":[{"@type":["WebPage","ItemPage"],"@id":"https:\/\/yvesfouquet.com\/fr\/produit\/komod-shifoner-cm145-2\/","url":"https:\/\/yvesfouquet.com\/fr\/produit\/komod-shifoner-cm145-2\/","name":"Commode chiffonnier en bois \u00e0 l\u2019ancienne - Yves Fouquet","isPartOf":{"@id":"https:\/\/yvesfouquet.com\/#website"},"datePublished":"2022-04-28T16:43:26+00:00","dateModified":"2022-04-28T16:43:26+00:00","description":"Meubles d\u2019int\u00e9rieur haut de gamme faits \u00e0 la main sous la commande en Ukraine. Usine de meubles de production Yves Fouquet. Conception de l\u2019auteur, technologies anciennes, assemblage manuel, raccords d\u2019\u00e9lite France","breadcrumb":{"@id":"https:\/\/yvesfouquet.com\/fr\/produit\/komod-shifoner-cm145-2\/#breadcrumb"},"inLanguage":"fr-FR","potentialAction":[{"@type":"ReadAction","target":["https:\/\/yvesfouquet.com\/fr\/produit\/komod-shifoner-cm145-2\/"]}]},{"@type":"BreadcrumbList","@id":"https:\/\/yvesfouquet.com\/fr\/produit\/komod-shifoner-cm145-2\/#breadcrumb","itemListElement":[{"@type":"ListItem","position":1,"name":"\u0413\u043b\u0430\u0432\u043d\u0430\u044f","item":"https:\/\/yvesfouquet.com\/fr\/"},{"@type":"ListItem","position":2,"name":"Collections","item":"https:\/\/yvesfouquet.com\/fr\/collections\/"},{"@type":"ListItem","position":3,"name":"Commode Chiffonnier CM145"}]},{"@type":"WebSite","@id":"https:\/\/yvesfouquet.com\/#website","url":"https:\/\/yvesfouquet.com\/","name":"Yves Fouquet","description":"\u0424\u0440\u0430\u043d\u0446\u0443\u0437\u0441\u043a\u0430\u044f \u043c\u0435\u0431\u0435\u043b\u044c","potentialAction":[{"@type":"SearchAction","target":{"@type":"EntryPoint","urlTemplate":"https:\/\/yvesfouquet.com\/?s={search_term_string}"},"query-input":"required name=search_term_string"}],"inLanguage":"fr-FR"}]},"product_price_currency":"EUR","og_availability":"instock","product_availability":"instock","product_retailer_item_id":"CM145","product_condition":"new"},"_links":{"self":[{"href":"https:\/\/yvesfouquet.com\/fr\/wp-json\/wp\/v2\/product\/18129"}],"collection":[{"href":"https:\/\/yvesfouquet.com\/fr\/wp-json\/wp\/v2\/product"}],"about":[{"href":"https:\/\/yvesfouquet.com\/fr\/wp-json\/wp\/v2\/types\/product"}],"version-history":[{"count":0,"href":"https:\/\/yvesfouquet.com\/fr\/wp-json\/wp\/v2\/product\/18129\/revisions"}],"wp:featuredmedia":[{"embeddable":true,"href":"https:\/\/yvesfouquet.com\/fr\/wp-json\/wp\/v2\/media\/16398"}],"wp:attachment":[{"href":"https:\/\/yvesfouquet.com\/fr\/wp-json\/wp\/v2\/media?parent=18129"}],"wp:term":[{"taxonomy":"product_cat","embeddable":true,"href":"https:\/\/yvesfouquet.com\/fr\/wp-json\/wp\/v2\/product_cat?post=18129"},{"taxonomy":"product_tag","embeddable":true,"href":"https:\/\/yvesfouquet.com\/fr\/wp-json\/wp\/v2\/product_tag?post=18129"}],"curies":[{"name":"wp","href":"https:\/\/api.w.org\/{rel}","templated":true}]}}