{"id":18132,"date":"2020-10-26T21:04:06","date_gmt":"2022-04-28T16:43:27","guid":{"rendered":"https:\/\/yvesfouquet.com\/commode-chiffonniere-louis-xv-cm128\/"},"modified":"2023-11-21T12:56:41","modified_gmt":"2023-11-21T09:56:41","slug":"komod-shifoner-louis-xv-cm128-2","status":"publish","type":"product","link":"https:\/\/yvesfouquet.com\/fr\/produit\/komod-shifoner-louis-xv-cm128-2\/","title":{"rendered":"Commode Chiffonni\u00e8re Louis XV CM128"},"content":{"rendered":"<p>Les meubles en bois dans le style Louis XV jouissent d\u2019un amour particulier parmi les connaisseurs d\u2019int\u00e9rieurs anciens Fran\u00e7ais. Commode exclusive faite \u00e0 la main par les ma\u00eetres de l\u2019usine de meubles ukrainienne Yves Fouquet refl\u00e8te parfaitement le style de cette \u00e9poque historique.<\/p>\n<p>Le magnifique mod\u00e8le en bois naturel a quatre tiroirs sculpt\u00e9s de diff\u00e9rentes tailles. Chacune d\u2019entre elles est d\u00e9cor\u00e9e avec des accessoires Fran\u00e7ais et d\u2019\u00e9l\u00e9gantes sculptures \u00e0 la main sous forme de pots de fleurs avec des plantes. Les dimensions et la complexit\u00e9 de la sculpture sont compar\u00e9es aux dimensions des bo\u00eetes elles-m\u00eames, de sorte que le motif le plus grand et le plus satur\u00e9 est situ\u00e9 en bas.<\/p>\n<p>Les petites jambes incurv\u00e9es ont l\u2019air \u00e9l\u00e9gantes et gracieuses, dont les courbes passent doucement dans un fond sculpt\u00e9 et bord\u00e9. Le style et l\u2019aristocratie du produit sont ajout\u00e9s par un comptoir fixe, dont la beaut\u00e9 naturelle du bois est efficacement soulign\u00e9e par un vernis l\u00e9ger de qualit\u00e9 parfaite.<\/p>\n<p>La commode Chiffonnier en bois massif est assembl\u00e9e individuellement sur commande. Les techniques traditionnelles d\u2019assemblage manuel et les effets originaux du vieillissement artificiel lui conf\u00e8rent un caract\u00e8re et une saveur historique unique. Enti\u00e8rement conforme aux souhaits du client, le mod\u00e8le unique s\u2019int\u00e9grera parfaitement dans n\u2019importe quel cadre de conception.<\/p>\n","protected":false},"excerpt":{"rendered":"<p><strong>Possibilit\u00e9 de choisir une couleur<\/p>\n<p>Dimensions:<\/strong> L930 x H1120 x P450<\/p>\n<p><strong> 4 tiroirs r\u00e9tractables<\/strong><\/p>\n","protected":false},"featured_media":16324,"template":"","meta":[],"product_cat":[158,150],"product_tag":[],"yoast_head":"<!-- This site is optimized with the Yoast SEO Premium plugin v20.7 (Yoast SEO v20.8) - https:\/\/yoast.com\/wordpress\/plugins\/seo\/ -->\n<title>Commode int\u00e9rieure en bois dans le style louis XV - Yves Fouquet<\/title>\n<meta name=\"description\" content=\"Meubles d\u2019\u00e9lite pour la maison en bois naturel pour les antiquit\u00e9s en Ukraine. Design unique, raccords en bronze, sculpture \u00e0 la main, technologie d\u2019assemblage vintage. Usine de production Yves Fouquet sur commande\" \/>\n<meta name=\"robots\" content=\"index, follow, max-snippet:-1, max-image-preview:large, max-video-preview:-1\" \/>\n<link rel=\"canonical\" href=\"https:\/\/yvesfouquet.com\/fr\/produit\/komod-shifoner-louis-xv-cm128-2\/\" \/>\n<meta property=\"og:locale\" content=\"fr_FR\" \/>\n<meta property=\"og:type\" content=\"article\" \/>\n<meta property=\"og:title\" content=\"Commode Chiffonni\u00e8re Louis XV CM128\" \/>\n<meta property=\"og:description\" content=\"Meubles d\u2019\u00e9lite pour la maison en bois naturel pour les antiquit\u00e9s en Ukraine. Design unique, raccords en bronze, sculpture \u00e0 la main, technologie d\u2019assemblage vintage. Usine de production Yves Fouquet sur commande\" \/>\n<meta property=\"og:url\" content=\"https:\/\/yvesfouquet.com\/fr\/produit\/komod-shifoner-louis-xv-cm128-2\/\" \/>\n<meta property=\"og:site_name\" content=\"Yves Fouquet\" \/>\n<meta property=\"article:publisher\" content=\"https:\/\/www.facebook.com\/boutiueyvesfouquet\" \/>\n<meta property=\"article:modified_time\" content=\"2023-11-21T09:56:41+00:00\" \/>\n<meta property=\"og:image\" content=\"https:\/\/yvesfouquet.com\/wp-content\/uploads\/2020\/10\/23-1.png\" \/>\n\t<meta property=\"og:image:width\" content=\"1080\" \/>\n\t<meta property=\"og:image:height\" content=\"1080\" \/>\n\t<meta property=\"og:image:type\" content=\"image\/png\" \/>\n<meta name=\"twitter:card\" content=\"summary_large_image\" \/>\n<meta name=\"twitter:label1\" content=\"Prix\" \/>\n\t<meta name=\"twitter:data1\" content=\"\" \/>\n\t<meta name=\"twitter:label2\" content=\"Disponibilit\u00e9\" \/>\n\t<meta name=\"twitter:data2\" content=\"En stock\" \/>\n<script type=\"application\/ld+json\" class=\"yoast-schema-graph\">{\"@context\":\"https:\/\/schema.org\",\"@graph\":[{\"@type\":[\"WebPage\",\"ItemPage\"],\"@id\":\"https:\/\/yvesfouquet.com\/fr\/produit\/komod-shifoner-louis-xv-cm128-2\/\",\"url\":\"https:\/\/yvesfouquet.com\/fr\/produit\/komod-shifoner-louis-xv-cm128-2\/\",\"name\":\"Commode int\u00e9rieure en bois dans le style louis XV - Yves Fouquet\",\"isPartOf\":{\"@id\":\"https:\/\/yvesfouquet.com\/#website\"},\"datePublished\":\"2022-04-28T16:43:27+00:00\",\"dateModified\":\"2023-11-21T09:56:41+00:00\",\"description\":\"Meubles d\u2019\u00e9lite pour la maison en bois naturel pour les antiquit\u00e9s en Ukraine. Design unique, raccords en bronze, sculpture \u00e0 la main, technologie d\u2019assemblage vintage. Usine de production Yves Fouquet sur commande\",\"breadcrumb\":{\"@id\":\"https:\/\/yvesfouquet.com\/fr\/produit\/komod-shifoner-louis-xv-cm128-2\/#breadcrumb\"},\"inLanguage\":\"fr-FR\",\"potentialAction\":[{\"@type\":\"ReadAction\",\"target\":[\"https:\/\/yvesfouquet.com\/fr\/produit\/komod-shifoner-louis-xv-cm128-2\/\"]}]},{\"@type\":\"BreadcrumbList\",\"@id\":\"https:\/\/yvesfouquet.com\/fr\/produit\/komod-shifoner-louis-xv-cm128-2\/#breadcrumb\",\"itemListElement\":[{\"@type\":\"ListItem\",\"position\":1,\"name\":\"\u0413\u043b\u0430\u0432\u043d\u0430\u044f\",\"item\":\"https:\/\/yvesfouquet.com\/fr\/\"},{\"@type\":\"ListItem\",\"position\":2,\"name\":\"Collections\",\"item\":\"https:\/\/yvesfouquet.com\/fr\/collections\/\"},{\"@type\":\"ListItem\",\"position\":3,\"name\":\"Commode Chiffonni\u00e8re Louis XV CM128\"}]},{\"@type\":\"WebSite\",\"@id\":\"https:\/\/yvesfouquet.com\/#website\",\"url\":\"https:\/\/yvesfouquet.com\/\",\"name\":\"Yves Fouquet\",\"description\":\"\u0424\u0440\u0430\u043d\u0446\u0443\u0437\u0441\u043a\u0430\u044f \u043c\u0435\u0431\u0435\u043b\u044c\",\"potentialAction\":[{\"@type\":\"SearchAction\",\"target\":{\"@type\":\"EntryPoint\",\"urlTemplate\":\"https:\/\/yvesfouquet.com\/?s={search_term_string}\"},\"query-input\":\"required name=search_term_string\"}],\"inLanguage\":\"fr-FR\"}]}<\/script>\n<meta property=\"product:price:amount\" content=\"0\" \/>\n<meta property=\"product:price:currency\" content=\"EUR\" \/>\n<meta property=\"og:availability\" content=\"instock\" \/>\n<meta property=\"product:availability\" content=\"instock\" \/>\n<meta property=\"product:retailer_item_id\" content=\"CM128\" \/>\n<meta property=\"product:condition\" content=\"new\" \/>\n<!-- \/ Yoast SEO Premium plugin. -->","yoast_head_json":{"title":"Commode int\u00e9rieure en bois dans le style louis XV - Yves Fouquet","description":"Meubles d\u2019\u00e9lite pour la maison en bois naturel pour les antiquit\u00e9s en Ukraine. Design unique, raccords en bronze, sculpture \u00e0 la main, technologie d\u2019assemblage vintage. Usine de production Yves Fouquet sur commande","robots":{"index":"index","follow":"follow","max-snippet":"max-snippet:-1","max-image-preview":"max-image-preview:large","max-video-preview":"max-video-preview:-1"},"canonical":"https:\/\/yvesfouquet.com\/fr\/produit\/komod-shifoner-louis-xv-cm128-2\/","og_locale":"fr_FR","og_type":"article","og_title":"Commode Chiffonni\u00e8re Louis XV CM128","og_description":"Meubles d\u2019\u00e9lite pour la maison en bois naturel pour les antiquit\u00e9s en Ukraine. Design unique, raccords en bronze, sculpture \u00e0 la main, technologie d\u2019assemblage vintage. Usine de production Yves Fouquet sur commande","og_url":"https:\/\/yvesfouquet.com\/fr\/produit\/komod-shifoner-louis-xv-cm128-2\/","og_site_name":"Yves Fouquet","article_publisher":"https:\/\/www.facebook.com\/boutiueyvesfouquet","article_modified_time":"2023-11-21T09:56:41+00:00","og_image":[{"width":1080,"height":1080,"url":"https:\/\/yvesfouquet.com\/wp-content\/uploads\/2020\/10\/23-1.png","type":"image\/png"}],"twitter_card":"summary_large_image","twitter_misc":{"Prix":"","Disponibilit\u00e9":"En stock"},"schema":{"@context":"https:\/\/schema.org","@graph":[{"@type":["WebPage","ItemPage"],"@id":"https:\/\/yvesfouquet.com\/fr\/produit\/komod-shifoner-louis-xv-cm128-2\/","url":"https:\/\/yvesfouquet.com\/fr\/produit\/komod-shifoner-louis-xv-cm128-2\/","name":"Commode int\u00e9rieure en bois dans le style louis XV - Yves Fouquet","isPartOf":{"@id":"https:\/\/yvesfouquet.com\/#website"},"datePublished":"2022-04-28T16:43:27+00:00","dateModified":"2023-11-21T09:56:41+00:00","description":"Meubles d\u2019\u00e9lite pour la maison en bois naturel pour les antiquit\u00e9s en Ukraine. Design unique, raccords en bronze, sculpture \u00e0 la main, technologie d\u2019assemblage vintage. Usine de production Yves Fouquet sur commande","breadcrumb":{"@id":"https:\/\/yvesfouquet.com\/fr\/produit\/komod-shifoner-louis-xv-cm128-2\/#breadcrumb"},"inLanguage":"fr-FR","potentialAction":[{"@type":"ReadAction","target":["https:\/\/yvesfouquet.com\/fr\/produit\/komod-shifoner-louis-xv-cm128-2\/"]}]},{"@type":"BreadcrumbList","@id":"https:\/\/yvesfouquet.com\/fr\/produit\/komod-shifoner-louis-xv-cm128-2\/#breadcrumb","itemListElement":[{"@type":"ListItem","position":1,"name":"\u0413\u043b\u0430\u0432\u043d\u0430\u044f","item":"https:\/\/yvesfouquet.com\/fr\/"},{"@type":"ListItem","position":2,"name":"Collections","item":"https:\/\/yvesfouquet.com\/fr\/collections\/"},{"@type":"ListItem","position":3,"name":"Commode Chiffonni\u00e8re Louis XV CM128"}]},{"@type":"WebSite","@id":"https:\/\/yvesfouquet.com\/#website","url":"https:\/\/yvesfouquet.com\/","name":"Yves Fouquet","description":"\u0424\u0440\u0430\u043d\u0446\u0443\u0437\u0441\u043a\u0430\u044f \u043c\u0435\u0431\u0435\u043b\u044c","potentialAction":[{"@type":"SearchAction","target":{"@type":"EntryPoint","urlTemplate":"https:\/\/yvesfouquet.com\/?s={search_term_string}"},"query-input":"required name=search_term_string"}],"inLanguage":"fr-FR"}]},"product_price_currency":"EUR","og_availability":"instock","product_availability":"instock","product_retailer_item_id":"CM128","product_condition":"new"},"_links":{"self":[{"href":"https:\/\/yvesfouquet.com\/fr\/wp-json\/wp\/v2\/product\/18132"}],"collection":[{"href":"https:\/\/yvesfouquet.com\/fr\/wp-json\/wp\/v2\/product"}],"about":[{"href":"https:\/\/yvesfouquet.com\/fr\/wp-json\/wp\/v2\/types\/product"}],"version-history":[{"count":1,"href":"https:\/\/yvesfouquet.com\/fr\/wp-json\/wp\/v2\/product\/18132\/revisions"}],"predecessor-version":[{"id":24125,"href":"https:\/\/yvesfouquet.com\/fr\/wp-json\/wp\/v2\/product\/18132\/revisions\/24125"}],"wp:featuredmedia":[{"embeddable":true,"href":"https:\/\/yvesfouquet.com\/fr\/wp-json\/wp\/v2\/media\/16324"}],"wp:attachment":[{"href":"https:\/\/yvesfouquet.com\/fr\/wp-json\/wp\/v2\/media?parent=18132"}],"wp:term":[{"taxonomy":"product_cat","embeddable":true,"href":"https:\/\/yvesfouquet.com\/fr\/wp-json\/wp\/v2\/product_cat?post=18132"},{"taxonomy":"product_tag","embeddable":true,"href":"https:\/\/yvesfouquet.com\/fr\/wp-json\/wp\/v2\/product_tag?post=18132"}],"curies":[{"name":"wp","href":"https:\/\/api.w.org\/{rel}","templated":true}]}}