{"id":18136,"date":"2020-10-26T21:04:06","date_gmt":"2022-04-28T16:43:29","guid":{"rendered":"https:\/\/yvesfouquet.com\/commode-louis-xiv-cm122\/"},"modified":"2022-04-28T19:43:29","modified_gmt":"2022-04-28T16:43:29","slug":"komod-louis-xiv-cm122-2","status":"publish","type":"product","link":"https:\/\/yvesfouquet.com\/fr\/produit\/komod-louis-xiv-cm122-2\/","title":{"rendered":"Commode Louis XIV CM122"},"content":{"rendered":"<p>Un autre superbe mod\u00e8le de mobilier pour antiquit\u00e9s de la collection d\u2019\u0153uvres des ma\u00eetres de l\u2019usine Yves Fouquet. Une commode en bois chic dans le style de Louis XIV est con\u00e7ue pour briller dans les luxueux appartements design. \u00c9l\u00e9gant et pratique, il a non seulement fi\u00e8re allure \u00e0 l\u2019int\u00e9rieur, mais il ex\u00e9cute \u00e9galement parfaitement sa fonctionnalit\u00e9.<\/p>\n<p>Tous nos meubles en bois naturel sont exclusifs et sont assembl\u00e9s selon les technologies anciennes sur commande. Cr\u00e9\u00e9 exclusivement \u00e0 la main, il r\u00e9pond pleinement aux exigences du client, il s\u2019adapte donc parfaitement \u00e0 toutes les situations.<\/p>\n<p>La commode vintage de l\u2019\u00e9poque Louis est \u00e9quip\u00e9e de trois tiroirs incurv\u00e9s et gaufr\u00e9s sculpt\u00e9s le long de la fa\u00e7ade. Son fond et ses c\u00f4t\u00e9s sont d\u00e9cor\u00e9s de sculptures simples. Les formes extraordinaires de la fa\u00e7ade sont compl\u00e9t\u00e9es par des raccords en bronze d\u2019\u00e9lite de Fran\u00e7ais production. Les motifs floraux \u00e9l\u00e9gants des poign\u00e9es et des coussinets sur les trous de serrure ont l\u2019air aristocratiques et \u00e9l\u00e9gants.<\/p>\n<p>Des meubles design dans le style old Fran\u00e7ais donnent \u00e0 l\u2019int\u00e9rieur une saveur historique unique. L\u2019atmosph\u00e8re des si\u00e8cles pass\u00e9s est cr\u00e9\u00e9e par l\u2019utilisation habile de techniques de vieillissement artificiel. Et gr\u00e2ce \u00e0 l\u2019utilisation de mat\u00e9riaux modernes de haute qualit\u00e9, vous utiliserez nos produits pendant de nombreuses ann\u00e9es \u00e0 venir.<\/p>\n","protected":false},"excerpt":{"rendered":"<p><strong>Dimensions:<\/strong> L1340 x H900 x P500<\/p>\n<p><strong> 3 tiroirs r\u00e9tractables<\/strong><\/p>\n","protected":false},"featured_media":16278,"template":"","meta":[],"product_cat":[158],"product_tag":[],"yoast_head":"<!-- This site is optimized with the Yoast SEO Premium plugin v20.7 (Yoast SEO v20.8) - https:\/\/yoast.com\/wordpress\/plugins\/seo\/ -->\n<title>Commode en bois pour antiquit\u00e9s faites \u00e0 la main - Yves Fouquet<\/title>\n<meta name=\"description\" content=\"Mobilier exclusif dans le style ancien de Louis XIV. Assemblage manuel, raccords Fran\u00e7ais, technologies traditionnelles, conception individuelle sur commande. Usine de meubles Yves Fouquet en Ukraine\" \/>\n<meta name=\"robots\" content=\"index, follow, max-snippet:-1, max-image-preview:large, max-video-preview:-1\" \/>\n<link rel=\"canonical\" href=\"https:\/\/yvesfouquet.com\/fr\/produit\/komod-louis-xiv-cm122-2\/\" \/>\n<meta property=\"og:locale\" content=\"fr_FR\" \/>\n<meta property=\"og:type\" content=\"article\" \/>\n<meta property=\"og:title\" content=\"Commode Louis XIV CM122\" \/>\n<meta property=\"og:description\" content=\"Mobilier exclusif dans le style ancien de Louis XIV. Assemblage manuel, raccords Fran\u00e7ais, technologies traditionnelles, conception individuelle sur commande. Usine de meubles Yves Fouquet en Ukraine\" \/>\n<meta property=\"og:url\" content=\"https:\/\/yvesfouquet.com\/fr\/produit\/komod-louis-xiv-cm122-2\/\" \/>\n<meta property=\"og:site_name\" content=\"Yves Fouquet\" \/>\n<meta property=\"article:publisher\" content=\"https:\/\/www.facebook.com\/boutiueyvesfouquet\" \/>\n<meta property=\"og:image\" content=\"https:\/\/yvesfouquet.com\/wp-content\/uploads\/2020\/10\/6-2.png\" \/>\n\t<meta property=\"og:image:width\" content=\"1080\" \/>\n\t<meta property=\"og:image:height\" content=\"1080\" \/>\n\t<meta property=\"og:image:type\" content=\"image\/png\" \/>\n<meta name=\"twitter:card\" content=\"summary_large_image\" \/>\n<meta name=\"twitter:label1\" content=\"Prix\" \/>\n\t<meta name=\"twitter:data1\" content=\"\" \/>\n\t<meta name=\"twitter:label2\" content=\"Disponibilit\u00e9\" \/>\n\t<meta name=\"twitter:data2\" content=\"En stock\" \/>\n<script type=\"application\/ld+json\" class=\"yoast-schema-graph\">{\"@context\":\"https:\/\/schema.org\",\"@graph\":[{\"@type\":[\"WebPage\",\"ItemPage\"],\"@id\":\"https:\/\/yvesfouquet.com\/fr\/produit\/komod-louis-xiv-cm122-2\/\",\"url\":\"https:\/\/yvesfouquet.com\/fr\/produit\/komod-louis-xiv-cm122-2\/\",\"name\":\"Commode en bois pour antiquit\u00e9s faites \u00e0 la main - Yves Fouquet\",\"isPartOf\":{\"@id\":\"https:\/\/yvesfouquet.com\/#website\"},\"datePublished\":\"2022-04-28T16:43:29+00:00\",\"dateModified\":\"2022-04-28T16:43:29+00:00\",\"description\":\"Mobilier exclusif dans le style ancien de Louis XIV. Assemblage manuel, raccords Fran\u00e7ais, technologies traditionnelles, conception individuelle sur commande. Usine de meubles Yves Fouquet en Ukraine\",\"breadcrumb\":{\"@id\":\"https:\/\/yvesfouquet.com\/fr\/produit\/komod-louis-xiv-cm122-2\/#breadcrumb\"},\"inLanguage\":\"fr-FR\",\"potentialAction\":[{\"@type\":\"ReadAction\",\"target\":[\"https:\/\/yvesfouquet.com\/fr\/produit\/komod-louis-xiv-cm122-2\/\"]}]},{\"@type\":\"BreadcrumbList\",\"@id\":\"https:\/\/yvesfouquet.com\/fr\/produit\/komod-louis-xiv-cm122-2\/#breadcrumb\",\"itemListElement\":[{\"@type\":\"ListItem\",\"position\":1,\"name\":\"\u0413\u043b\u0430\u0432\u043d\u0430\u044f\",\"item\":\"https:\/\/yvesfouquet.com\/fr\/\"},{\"@type\":\"ListItem\",\"position\":2,\"name\":\"Collections\",\"item\":\"https:\/\/yvesfouquet.com\/fr\/collections\/\"},{\"@type\":\"ListItem\",\"position\":3,\"name\":\"Commode Louis XIV CM122\"}]},{\"@type\":\"WebSite\",\"@id\":\"https:\/\/yvesfouquet.com\/#website\",\"url\":\"https:\/\/yvesfouquet.com\/\",\"name\":\"Yves Fouquet\",\"description\":\"\u0424\u0440\u0430\u043d\u0446\u0443\u0437\u0441\u043a\u0430\u044f \u043c\u0435\u0431\u0435\u043b\u044c\",\"potentialAction\":[{\"@type\":\"SearchAction\",\"target\":{\"@type\":\"EntryPoint\",\"urlTemplate\":\"https:\/\/yvesfouquet.com\/?s={search_term_string}\"},\"query-input\":\"required name=search_term_string\"}],\"inLanguage\":\"fr-FR\"}]}<\/script>\n<meta property=\"product:price:amount\" content=\"0\" \/>\n<meta property=\"product:price:currency\" content=\"EUR\" \/>\n<meta property=\"og:availability\" content=\"instock\" \/>\n<meta property=\"product:availability\" content=\"instock\" \/>\n<meta property=\"product:retailer_item_id\" content=\"CM122\" \/>\n<meta property=\"product:condition\" content=\"new\" \/>\n<!-- \/ Yoast SEO Premium plugin. -->","yoast_head_json":{"title":"Commode en bois pour antiquit\u00e9s faites \u00e0 la main - Yves Fouquet","description":"Mobilier exclusif dans le style ancien de Louis XIV. Assemblage manuel, raccords Fran\u00e7ais, technologies traditionnelles, conception individuelle sur commande. Usine de meubles Yves Fouquet en Ukraine","robots":{"index":"index","follow":"follow","max-snippet":"max-snippet:-1","max-image-preview":"max-image-preview:large","max-video-preview":"max-video-preview:-1"},"canonical":"https:\/\/yvesfouquet.com\/fr\/produit\/komod-louis-xiv-cm122-2\/","og_locale":"fr_FR","og_type":"article","og_title":"Commode Louis XIV CM122","og_description":"Mobilier exclusif dans le style ancien de Louis XIV. Assemblage manuel, raccords Fran\u00e7ais, technologies traditionnelles, conception individuelle sur commande. Usine de meubles Yves Fouquet en Ukraine","og_url":"https:\/\/yvesfouquet.com\/fr\/produit\/komod-louis-xiv-cm122-2\/","og_site_name":"Yves Fouquet","article_publisher":"https:\/\/www.facebook.com\/boutiueyvesfouquet","og_image":[{"width":1080,"height":1080,"url":"https:\/\/yvesfouquet.com\/wp-content\/uploads\/2020\/10\/6-2.png","type":"image\/png"}],"twitter_card":"summary_large_image","twitter_misc":{"Prix":"","Disponibilit\u00e9":"En stock"},"schema":{"@context":"https:\/\/schema.org","@graph":[{"@type":["WebPage","ItemPage"],"@id":"https:\/\/yvesfouquet.com\/fr\/produit\/komod-louis-xiv-cm122-2\/","url":"https:\/\/yvesfouquet.com\/fr\/produit\/komod-louis-xiv-cm122-2\/","name":"Commode en bois pour antiquit\u00e9s faites \u00e0 la main - Yves Fouquet","isPartOf":{"@id":"https:\/\/yvesfouquet.com\/#website"},"datePublished":"2022-04-28T16:43:29+00:00","dateModified":"2022-04-28T16:43:29+00:00","description":"Mobilier exclusif dans le style ancien de Louis XIV. Assemblage manuel, raccords Fran\u00e7ais, technologies traditionnelles, conception individuelle sur commande. Usine de meubles Yves Fouquet en Ukraine","breadcrumb":{"@id":"https:\/\/yvesfouquet.com\/fr\/produit\/komod-louis-xiv-cm122-2\/#breadcrumb"},"inLanguage":"fr-FR","potentialAction":[{"@type":"ReadAction","target":["https:\/\/yvesfouquet.com\/fr\/produit\/komod-louis-xiv-cm122-2\/"]}]},{"@type":"BreadcrumbList","@id":"https:\/\/yvesfouquet.com\/fr\/produit\/komod-louis-xiv-cm122-2\/#breadcrumb","itemListElement":[{"@type":"ListItem","position":1,"name":"\u0413\u043b\u0430\u0432\u043d\u0430\u044f","item":"https:\/\/yvesfouquet.com\/fr\/"},{"@type":"ListItem","position":2,"name":"Collections","item":"https:\/\/yvesfouquet.com\/fr\/collections\/"},{"@type":"ListItem","position":3,"name":"Commode Louis XIV CM122"}]},{"@type":"WebSite","@id":"https:\/\/yvesfouquet.com\/#website","url":"https:\/\/yvesfouquet.com\/","name":"Yves Fouquet","description":"\u0424\u0440\u0430\u043d\u0446\u0443\u0437\u0441\u043a\u0430\u044f \u043c\u0435\u0431\u0435\u043b\u044c","potentialAction":[{"@type":"SearchAction","target":{"@type":"EntryPoint","urlTemplate":"https:\/\/yvesfouquet.com\/?s={search_term_string}"},"query-input":"required name=search_term_string"}],"inLanguage":"fr-FR"}]},"product_price_currency":"EUR","og_availability":"instock","product_availability":"instock","product_retailer_item_id":"CM122","product_condition":"new"},"_links":{"self":[{"href":"https:\/\/yvesfouquet.com\/fr\/wp-json\/wp\/v2\/product\/18136"}],"collection":[{"href":"https:\/\/yvesfouquet.com\/fr\/wp-json\/wp\/v2\/product"}],"about":[{"href":"https:\/\/yvesfouquet.com\/fr\/wp-json\/wp\/v2\/types\/product"}],"version-history":[{"count":0,"href":"https:\/\/yvesfouquet.com\/fr\/wp-json\/wp\/v2\/product\/18136\/revisions"}],"wp:featuredmedia":[{"embeddable":true,"href":"https:\/\/yvesfouquet.com\/fr\/wp-json\/wp\/v2\/media\/16278"}],"wp:attachment":[{"href":"https:\/\/yvesfouquet.com\/fr\/wp-json\/wp\/v2\/media?parent=18136"}],"wp:term":[{"taxonomy":"product_cat","embeddable":true,"href":"https:\/\/yvesfouquet.com\/fr\/wp-json\/wp\/v2\/product_cat?post=18136"},{"taxonomy":"product_tag","embeddable":true,"href":"https:\/\/yvesfouquet.com\/fr\/wp-json\/wp\/v2\/product_tag?post=18136"}],"curies":[{"name":"wp","href":"https:\/\/api.w.org\/{rel}","templated":true}]}}