{"id":18138,"date":"2020-10-26T21:04:06","date_gmt":"2022-04-28T16:43:31","guid":{"rendered":"https:\/\/yvesfouquet.com\/commode-cm127\/"},"modified":"2022-04-28T19:43:31","modified_gmt":"2022-04-28T16:43:31","slug":"komod-cm127-2","status":"publish","type":"product","link":"https:\/\/yvesfouquet.com\/fr\/produit\/komod-cm127-2\/","title":{"rendered":"Commode CM127"},"content":{"rendered":"<p>Les meubles anciens sont particuli\u00e8rement demand\u00e9s par les connaisseurs de designs \u00e9l\u00e9gants. La commode vintage originale en bois naturel de haute qualit\u00e9 sera un excellent ajout \u00e0 l\u2019int\u00e9rieur de votre auteur. Recueilli dans les meilleures traditions des ma\u00eetres des si\u00e8cles pass\u00e9s, il deviendra un point culminant lumineux de l\u2019environnement domestique.<\/p>\n<p>L\u2019\u00e9l\u00e9gante commode pli\u00e9e avec deux tiroirs a de belles formes l\u00e9g\u00e8rement arrondies. Les courbes des pieds fins se poursuivent harmonieusement dans des lignes de fil lisses faites \u00e0 la main. L\u2019\u00e9l\u00e9gance est ajout\u00e9e par l\u2019\u00e9lite Fran\u00e7ais raccords. Le motif de diamants noirs et blancs a l\u2019air \u00e9l\u00e9gant et original, ce qui ajoutera certainement encore plus d\u2019unicit\u00e9 \u00e0 votre int\u00e9rieur.<\/p>\n<p>La commode en bois confortable et spacieuse est polyvalente. Il compl\u00e9tera de mani\u00e8re int\u00e9ressante la d\u00e9coration du salon, prendra une place digne dans la chambre \u00e0 coucher et fera revivre l\u2019int\u00e9rieur de la p\u00e9pini\u00e8re. Son design antique \u00e9l\u00e9gant a fi\u00e8re allure \u00e0 la fois dans l\u2019ancien entourage et dans le cadre moderne.<\/p>\n<p>Les meubles Elite en bois massif sont produits individuellement \u00e0 l\u2019usine Yves Fouquet, en tenant compte de tous les souhaits du client. Assembl\u00e9 \u00e0 la main selon les technologies anciennes, il a fi\u00e8re allure \u00e0 l\u2019int\u00e9rieur, soulignant \u00e9l\u00e9gamment son exclusivit\u00e9 et son style unique.<\/p>\n","protected":false},"excerpt":{"rendered":"<p><strong>Dimensions:<\/strong> L1190 x H900 x P570<\/p>\n<p><strong> 2 tiroirs r\u00e9tractables<\/strong><\/p>\n","protected":false},"featured_media":16320,"template":"","meta":[],"product_cat":[158],"product_tag":[],"yoast_head":"<!-- This site is optimized with the Yoast SEO Premium plugin v20.7 (Yoast SEO v20.8) - https:\/\/yoast.com\/wordpress\/plugins\/seo\/ -->\n<title>Commode en bois naturel dans le style de retro - Yves Fouquet<\/title>\n<meta name=\"description\" content=\"Commode int\u00e9rieure en bois avec un motif dans le salon \u00e0 commander. Assemblage manuel de haute qualit\u00e9, design \u00e9l\u00e9gant, Fran\u00e7ais accessoires en bronze. Acheter des meubles vintage chez le fabricant Yves Fouquet en Ukraine\" \/>\n<meta name=\"robots\" content=\"index, follow, max-snippet:-1, max-image-preview:large, max-video-preview:-1\" \/>\n<link rel=\"canonical\" href=\"https:\/\/yvesfouquet.com\/fr\/produit\/komod-cm127-2\/\" \/>\n<meta property=\"og:locale\" content=\"fr_FR\" \/>\n<meta property=\"og:type\" content=\"article\" \/>\n<meta property=\"og:title\" content=\"Commode CM127\" \/>\n<meta property=\"og:description\" content=\"Commode int\u00e9rieure en bois avec un motif dans le salon \u00e0 commander. Assemblage manuel de haute qualit\u00e9, design \u00e9l\u00e9gant, Fran\u00e7ais accessoires en bronze. Acheter des meubles vintage chez le fabricant Yves Fouquet en Ukraine\" \/>\n<meta property=\"og:url\" content=\"https:\/\/yvesfouquet.com\/fr\/produit\/komod-cm127-2\/\" \/>\n<meta property=\"og:site_name\" content=\"Yves Fouquet\" \/>\n<meta property=\"article:publisher\" content=\"https:\/\/www.facebook.com\/boutiueyvesfouquet\" \/>\n<meta property=\"og:image\" content=\"https:\/\/yvesfouquet.com\/wp-content\/uploads\/2020\/10\/18-2.png\" \/>\n\t<meta property=\"og:image:width\" content=\"1080\" \/>\n\t<meta property=\"og:image:height\" content=\"1080\" \/>\n\t<meta property=\"og:image:type\" content=\"image\/png\" \/>\n<meta name=\"twitter:card\" content=\"summary_large_image\" \/>\n<meta name=\"twitter:label1\" content=\"Prix\" \/>\n\t<meta name=\"twitter:data1\" content=\"\" \/>\n\t<meta name=\"twitter:label2\" content=\"Disponibilit\u00e9\" \/>\n\t<meta name=\"twitter:data2\" content=\"En stock\" \/>\n<script type=\"application\/ld+json\" class=\"yoast-schema-graph\">{\"@context\":\"https:\/\/schema.org\",\"@graph\":[{\"@type\":[\"WebPage\",\"ItemPage\"],\"@id\":\"https:\/\/yvesfouquet.com\/fr\/produit\/komod-cm127-2\/\",\"url\":\"https:\/\/yvesfouquet.com\/fr\/produit\/komod-cm127-2\/\",\"name\":\"Commode en bois naturel dans le style de retro - Yves Fouquet\",\"isPartOf\":{\"@id\":\"https:\/\/yvesfouquet.com\/#website\"},\"datePublished\":\"2022-04-28T16:43:31+00:00\",\"dateModified\":\"2022-04-28T16:43:31+00:00\",\"description\":\"Commode int\u00e9rieure en bois avec un motif dans le salon \u00e0 commander. Assemblage manuel de haute qualit\u00e9, design \u00e9l\u00e9gant, Fran\u00e7ais accessoires en bronze. Acheter des meubles vintage chez le fabricant Yves Fouquet en Ukraine\",\"breadcrumb\":{\"@id\":\"https:\/\/yvesfouquet.com\/fr\/produit\/komod-cm127-2\/#breadcrumb\"},\"inLanguage\":\"fr-FR\",\"potentialAction\":[{\"@type\":\"ReadAction\",\"target\":[\"https:\/\/yvesfouquet.com\/fr\/produit\/komod-cm127-2\/\"]}]},{\"@type\":\"BreadcrumbList\",\"@id\":\"https:\/\/yvesfouquet.com\/fr\/produit\/komod-cm127-2\/#breadcrumb\",\"itemListElement\":[{\"@type\":\"ListItem\",\"position\":1,\"name\":\"\u0413\u043b\u0430\u0432\u043d\u0430\u044f\",\"item\":\"https:\/\/yvesfouquet.com\/fr\/\"},{\"@type\":\"ListItem\",\"position\":2,\"name\":\"Collections\",\"item\":\"https:\/\/yvesfouquet.com\/fr\/collections\/\"},{\"@type\":\"ListItem\",\"position\":3,\"name\":\"Commode CM127\"}]},{\"@type\":\"WebSite\",\"@id\":\"https:\/\/yvesfouquet.com\/#website\",\"url\":\"https:\/\/yvesfouquet.com\/\",\"name\":\"Yves Fouquet\",\"description\":\"\u0424\u0440\u0430\u043d\u0446\u0443\u0437\u0441\u043a\u0430\u044f \u043c\u0435\u0431\u0435\u043b\u044c\",\"potentialAction\":[{\"@type\":\"SearchAction\",\"target\":{\"@type\":\"EntryPoint\",\"urlTemplate\":\"https:\/\/yvesfouquet.com\/?s={search_term_string}\"},\"query-input\":\"required name=search_term_string\"}],\"inLanguage\":\"fr-FR\"}]}<\/script>\n<meta property=\"product:price:amount\" content=\"0\" \/>\n<meta property=\"product:price:currency\" content=\"EUR\" \/>\n<meta property=\"og:availability\" content=\"instock\" \/>\n<meta property=\"product:availability\" content=\"instock\" \/>\n<meta property=\"product:retailer_item_id\" content=\"CM127\" \/>\n<meta property=\"product:condition\" content=\"new\" \/>\n<!-- \/ Yoast SEO Premium plugin. -->","yoast_head_json":{"title":"Commode en bois naturel dans le style de retro - Yves Fouquet","description":"Commode int\u00e9rieure en bois avec un motif dans le salon \u00e0 commander. Assemblage manuel de haute qualit\u00e9, design \u00e9l\u00e9gant, Fran\u00e7ais accessoires en bronze. Acheter des meubles vintage chez le fabricant Yves Fouquet en Ukraine","robots":{"index":"index","follow":"follow","max-snippet":"max-snippet:-1","max-image-preview":"max-image-preview:large","max-video-preview":"max-video-preview:-1"},"canonical":"https:\/\/yvesfouquet.com\/fr\/produit\/komod-cm127-2\/","og_locale":"fr_FR","og_type":"article","og_title":"Commode CM127","og_description":"Commode int\u00e9rieure en bois avec un motif dans le salon \u00e0 commander. Assemblage manuel de haute qualit\u00e9, design \u00e9l\u00e9gant, Fran\u00e7ais accessoires en bronze. Acheter des meubles vintage chez le fabricant Yves Fouquet en Ukraine","og_url":"https:\/\/yvesfouquet.com\/fr\/produit\/komod-cm127-2\/","og_site_name":"Yves Fouquet","article_publisher":"https:\/\/www.facebook.com\/boutiueyvesfouquet","og_image":[{"width":1080,"height":1080,"url":"https:\/\/yvesfouquet.com\/wp-content\/uploads\/2020\/10\/18-2.png","type":"image\/png"}],"twitter_card":"summary_large_image","twitter_misc":{"Prix":"","Disponibilit\u00e9":"En stock"},"schema":{"@context":"https:\/\/schema.org","@graph":[{"@type":["WebPage","ItemPage"],"@id":"https:\/\/yvesfouquet.com\/fr\/produit\/komod-cm127-2\/","url":"https:\/\/yvesfouquet.com\/fr\/produit\/komod-cm127-2\/","name":"Commode en bois naturel dans le style de retro - Yves Fouquet","isPartOf":{"@id":"https:\/\/yvesfouquet.com\/#website"},"datePublished":"2022-04-28T16:43:31+00:00","dateModified":"2022-04-28T16:43:31+00:00","description":"Commode int\u00e9rieure en bois avec un motif dans le salon \u00e0 commander. Assemblage manuel de haute qualit\u00e9, design \u00e9l\u00e9gant, Fran\u00e7ais accessoires en bronze. Acheter des meubles vintage chez le fabricant Yves Fouquet en Ukraine","breadcrumb":{"@id":"https:\/\/yvesfouquet.com\/fr\/produit\/komod-cm127-2\/#breadcrumb"},"inLanguage":"fr-FR","potentialAction":[{"@type":"ReadAction","target":["https:\/\/yvesfouquet.com\/fr\/produit\/komod-cm127-2\/"]}]},{"@type":"BreadcrumbList","@id":"https:\/\/yvesfouquet.com\/fr\/produit\/komod-cm127-2\/#breadcrumb","itemListElement":[{"@type":"ListItem","position":1,"name":"\u0413\u043b\u0430\u0432\u043d\u0430\u044f","item":"https:\/\/yvesfouquet.com\/fr\/"},{"@type":"ListItem","position":2,"name":"Collections","item":"https:\/\/yvesfouquet.com\/fr\/collections\/"},{"@type":"ListItem","position":3,"name":"Commode CM127"}]},{"@type":"WebSite","@id":"https:\/\/yvesfouquet.com\/#website","url":"https:\/\/yvesfouquet.com\/","name":"Yves Fouquet","description":"\u0424\u0440\u0430\u043d\u0446\u0443\u0437\u0441\u043a\u0430\u044f \u043c\u0435\u0431\u0435\u043b\u044c","potentialAction":[{"@type":"SearchAction","target":{"@type":"EntryPoint","urlTemplate":"https:\/\/yvesfouquet.com\/?s={search_term_string}"},"query-input":"required name=search_term_string"}],"inLanguage":"fr-FR"}]},"product_price_currency":"EUR","og_availability":"instock","product_availability":"instock","product_retailer_item_id":"CM127","product_condition":"new"},"_links":{"self":[{"href":"https:\/\/yvesfouquet.com\/fr\/wp-json\/wp\/v2\/product\/18138"}],"collection":[{"href":"https:\/\/yvesfouquet.com\/fr\/wp-json\/wp\/v2\/product"}],"about":[{"href":"https:\/\/yvesfouquet.com\/fr\/wp-json\/wp\/v2\/types\/product"}],"version-history":[{"count":0,"href":"https:\/\/yvesfouquet.com\/fr\/wp-json\/wp\/v2\/product\/18138\/revisions"}],"wp:featuredmedia":[{"embeddable":true,"href":"https:\/\/yvesfouquet.com\/fr\/wp-json\/wp\/v2\/media\/16320"}],"wp:attachment":[{"href":"https:\/\/yvesfouquet.com\/fr\/wp-json\/wp\/v2\/media?parent=18138"}],"wp:term":[{"taxonomy":"product_cat","embeddable":true,"href":"https:\/\/yvesfouquet.com\/fr\/wp-json\/wp\/v2\/product_cat?post=18138"},{"taxonomy":"product_tag","embeddable":true,"href":"https:\/\/yvesfouquet.com\/fr\/wp-json\/wp\/v2\/product_tag?post=18138"}],"curies":[{"name":"wp","href":"https:\/\/api.w.org\/{rel}","templated":true}]}}